{"id":953,"date":"2016-06-07T08:54:49","date_gmt":"2016-06-07T07:54:49","guid":{"rendered":"http:\/\/www.jetcarrier.com\/cms\/?page_id=953"},"modified":"2025-07-28T09:09:44","modified_gmt":"2025-07-28T08:09:44","slug":"brevpakke","status":"publish","type":"page","link":"https:\/\/www.jetcarrier.com\/cms\/tjenester\/club-jc\/brevpakke\/","title":{"rendered":"Club JC Parcel"},"content":{"rendered":"<p>JetCarrier produktet\u00a0<strong>Club JC parcel<\/strong> er v\u00e5r\u00a0aller rimligste pakkel\u00f8sning.<\/p>\n<p><strong>For kun kroner 149 bes\u00f8rger vi:<\/strong><strong><img loading=\"lazy\" decoding=\"async\" class=\"wp-image-957 size-medium alignleft\" src=\"http:\/\/www.jetcarrier.com\/cms\/wp-content\/uploads\/2016\/04\/pakke-leveres-i-postkasse-270x300.jpg\" alt=\"pakke-leveres-i-postkasse\" width=\"270\" height=\"300\" srcset=\"https:\/\/www.jetcarrier.com\/cms\/wp-content\/uploads\/2016\/04\/pakke-leveres-i-postkasse-270x300.jpg 270w, https:\/\/www.jetcarrier.com\/cms\/wp-content\/uploads\/2016\/04\/pakke-leveres-i-postkasse.jpg 450w\" sizes=\"auto, (max-width: 270px) 100vw, 270px\" \/><\/strong><br \/>\u2022 signering og mottak i USA<br \/>\u2022 frakt til Norge inkl. fortolling *<br \/>\u2022 frakt hjem til din n\u00e6rmeste pakkeautomat.<\/p>\n<p>For \u00e5 benytte deg av denne tjenesten m\u00e5 du har et gyldig\u00a0<a href=\"http:\/\/www.jetcarrier.com\/cms\/tjenester\/club-jc\/\">Club JC medlemskap.<\/a><br \/>Da vil du kunne krysse av n\u00e5r du booker en pakke i systemet v\u00e5rt at du \u00f8nsker pakken tilsendt som Club JC Parcel.<\/p>\n<p><strong><br \/>Det er noen krav og vilk\u00e5r knyttet til produktet som\u00a0du b\u00f8r vite om.<\/strong><br \/>1) Club JC Parcel leveres kun som pakkeautomat produkt.<br \/>2) Pakken kan ha disse maksimumsverdiene for \u00e5 kvalifisere til \u00e5 bli sendt som Club JC Parcel.<br \/>Vekt max. 3 kg, max volum 13,5 dm3. Ytterm\u00e5l max: 60 x 42 x 49 cm, men volumet kan ikke overstige 13,5 dm3, ytterm\u00e5lene er kun maks m\u00e5lene til pakkeautomater. <br \/>Er pakken din st\u00f8rre eller tyngre vil den bli gjort om til vanlig pakkepost og blir da priset iht. prislisten v\u00e5r.<br \/>3) Club JC Parcel er forel\u00f8pig kun tilgjengelig for levering til norske og svenske adresser.<br \/>5) Kolliavgift fra og med pakke nummer 2 i samme forsendelse\/batch gjelder ogs\u00e5 for dette produktet.<br \/>6) Prisen for Club JC Parcel gjelder pr. onhand, alts\u00e5 for hver unike pakke. Om vi ifbm. utsendelse av pakker i Norge, etter at de er tollbehandlet velger \u00e5 sampakke 2 pakker til en Club JC Parcel (eller til en MyPack) s\u00e5 vil du fortsatt m\u00e5tte betale for 2 x Club JC Parcel &#8211; evt. det som blir rimeligst iht. v\u00e5re prislister.<\/p>\n<p>*Kostnadsfri fortolling gjelder kun varer som kan fortolles p\u00e5 forenklet metode (samlefortolling). <br \/>Alle varer som m\u00e5 fortolles direkte p\u00e5 kunde eller firmakunder m\u00e5 betale fortollingsgebyr etter gjeldende priser.<\/p>\n\n\n<p><\/p>\n","protected":false},"excerpt":{"rendered":"<p>JetCarrier produktet\u00a0Club JC parcel er v\u00e5r\u00a0aller rimligste pakkel\u00f8sning. For kun kroner 149 bes\u00f8rger vi:\u2022 signering og mottak i USA\u2022 frakt til Norge inkl. fortolling *\u2022 frakt hjem til din n\u00e6rmeste pakkeautomat. For \u00e5 benytte deg av denne tjenesten m\u00e5 du har et gyldig\u00a0Club JC medlemskap.Da vil du kunne krysse av n\u00e5r du booker en pakke [&hellip;]<\/p>\n","protected":false},"author":2,"featured_media":0,"parent":28,"menu_order":4,"comment_status":"closed","ping_status":"closed","template":"","meta":{"footnotes":"","_links_to":"","_links_to_target":""},"class_list":["post-953","page","type-page","status-publish","hentry"],"_links":{"self":[{"href":"https:\/\/www.jetcarrier.com\/cms\/wp-json\/wp\/v2\/pages\/953","targetHints":{"allow":["GET"]}}],"collection":[{"href":"https:\/\/www.jetcarrier.com\/cms\/wp-json\/wp\/v2\/pages"}],"about":[{"href":"https:\/\/www.jetcarrier.com\/cms\/wp-json\/wp\/v2\/types\/page"}],"author":[{"embeddable":true,"href":"https:\/\/www.jetcarrier.com\/cms\/wp-json\/wp\/v2\/users\/2"}],"replies":[{"embeddable":true,"href":"https:\/\/www.jetcarrier.com\/cms\/wp-json\/wp\/v2\/comments?post=953"}],"version-history":[{"count":25,"href":"https:\/\/www.jetcarrier.com\/cms\/wp-json\/wp\/v2\/pages\/953\/revisions"}],"predecessor-version":[{"id":5194,"href":"https:\/\/www.jetcarrier.com\/cms\/wp-json\/wp\/v2\/pages\/953\/revisions\/5194"}],"up":[{"embeddable":true,"href":"https:\/\/www.jetcarrier.com\/cms\/wp-json\/wp\/v2\/pages\/28"}],"wp:attachment":[{"href":"https:\/\/www.jetcarrier.com\/cms\/wp-json\/wp\/v2\/media?parent=953"}],"curies":[{"name":"wp","href":"https:\/\/api.w.org\/{rel}","templated":true}]}}