{"id":92,"date":"2015-03-03T11:48:07","date_gmt":"2015-03-03T10:48:07","guid":{"rendered":"http:\/\/www.jetcarrier.com\/cms\/?page_id=92"},"modified":"2022-06-27T18:16:19","modified_gmt":"2022-06-27T17:16:19","slug":"kontakt-oss","status":"publish","type":"page","link":"https:\/\/www.jetcarrier.com\/cms\/support\/kontakt-oss\/","title":{"rendered":"Kontakt oss"},"content":{"rendered":"<p>Det kan v\u00e6re lurt \u00e5 sjekke v\u00e5r <a href=\"http:\/\/www.jetcarrier.net\/support\/index.php?\/Knowledgebase\/List\" target=\"_blank\" rel=\"noopener noreferrer\">FAQ<\/a> f\u00f8r du kontakter oss, ofte finner du svar der. Sjekk ogs\u00e5 v\u00e5re driftsmeldinger <a href=\"http:\/\/www.jetcarrier.com\/cms\/driftsmeldinger\/\">her<\/a> og p\u00e5 <a href=\"https:\/\/www.facebook.com\/JetCarrier\" target=\"_blank\" rel=\"noopener noreferrer\">Facebook <\/a>om du lurer p\u00e5 konkret info om en sending.<\/p>\n<p>Vi er lokalisert i Halden, ca. 2 km fra E6\u00a0og ca. 8\u00a0km fra svenskegrensen p\u00e5 Svinesund. Terminalen er ogs\u00e5 transitmottak for svenske og danske kunder.<\/p>\n<p><span style=\"color: #800000;\"><strong>Kontaktskjema<\/strong><\/span><br \/>\nFyll ut <a href=\"http:\/\/www.jetcarrier.net\/support\/index.php?\/Tickets\/Submit\" target=\"_blank\" rel=\"noopener noreferrer\"><b>dette skjemaet<\/b><\/a> om du \u00f8nsker \u00e5 kontakte oss pr. e-mail.<\/p>\n<p><strong><img loading=\"lazy\" decoding=\"async\" class=\" size-medium wp-image-534 alignnone\" src=\"http:\/\/www.jetcarrier.com\/cms\/wp-content\/uploads\/2015\/03\/isebakkeveien75-300x200.jpg\" alt=\"isebakkeveien75\" width=\"300\" height=\"200\" srcset=\"https:\/\/www.jetcarrier.com\/cms\/wp-content\/uploads\/2015\/03\/isebakkeveien75-300x200.jpg 300w, https:\/\/www.jetcarrier.com\/cms\/wp-content\/uploads\/2015\/03\/isebakkeveien75.jpg 600w\" sizes=\"auto, (max-width: 300px) 100vw, 300px\" \/><br \/>\nAdresse<\/strong><br \/>\nJetCarrier AS<br \/>\nIsebakkeveien 75\u00a0(<a href=\"http:\/\/kart.gulesider.no\/m\/kYbZz\" target=\"_blank\" rel=\"noopener noreferrer\">klikk for kart<\/a>)<br \/>\n1788\u00a0Halden<\/p>\n<p><strong>Telefontider og numre<\/strong><\/p>\n<p><strong>\u00c5pningstider p\u00e5 sentralbordet<\/strong><br \/>\nMandag &#8211; fredag:<br \/>\n10:00 &#8211; 11:30<br \/>\nog<br \/>\n12:00 &#8211; 14:00<\/p>\n<p>Fra Norge: (+47) 69 18 40 30<br \/>\nFra Sverige &amp; Danmark: (+46) 0526 659 800<\/p>\n<p><strong>\u00c5pningstider for henting av pakker<\/strong><br \/>\nTirsdag:\u00a014:00 &#8211; 15:30<br \/>\nTorsdag: 14:00 &#8211; 15:30<\/p>\n","protected":false},"excerpt":{"rendered":"<p>Det kan v\u00e6re lurt \u00e5 sjekke v\u00e5r FAQ f\u00f8r du kontakter oss, ofte finner du svar der. Sjekk ogs\u00e5 v\u00e5re driftsmeldinger her og p\u00e5 Facebook om du lurer p\u00e5 konkret info om en sending. Vi er lokalisert i Halden, ca. 2 km fra E6\u00a0og ca. 8\u00a0km fra svenskegrensen p\u00e5 Svinesund. Terminalen er ogs\u00e5 transitmottak for [&hellip;]<\/p>\n","protected":false},"author":2,"featured_media":0,"parent":84,"menu_order":2,"comment_status":"closed","ping_status":"closed","template":"","meta":{"footnotes":"","_links_to":"","_links_to_target":""},"class_list":["post-92","page","type-page","status-publish","hentry"],"_links":{"self":[{"href":"https:\/\/www.jetcarrier.com\/cms\/wp-json\/wp\/v2\/pages\/92","targetHints":{"allow":["GET"]}}],"collection":[{"href":"https:\/\/www.jetcarrier.com\/cms\/wp-json\/wp\/v2\/pages"}],"about":[{"href":"https:\/\/www.jetcarrier.com\/cms\/wp-json\/wp\/v2\/types\/page"}],"author":[{"embeddable":true,"href":"https:\/\/www.jetcarrier.com\/cms\/wp-json\/wp\/v2\/users\/2"}],"replies":[{"embeddable":true,"href":"https:\/\/www.jetcarrier.com\/cms\/wp-json\/wp\/v2\/comments?post=92"}],"version-history":[{"count":22,"href":"https:\/\/www.jetcarrier.com\/cms\/wp-json\/wp\/v2\/pages\/92\/revisions"}],"predecessor-version":[{"id":4633,"href":"https:\/\/www.jetcarrier.com\/cms\/wp-json\/wp\/v2\/pages\/92\/revisions\/4633"}],"up":[{"embeddable":true,"href":"https:\/\/www.jetcarrier.com\/cms\/wp-json\/wp\/v2\/pages\/84"}],"wp:attachment":[{"href":"https:\/\/www.jetcarrier.com\/cms\/wp-json\/wp\/v2\/media?parent=92"}],"curies":[{"name":"wp","href":"https:\/\/api.w.org\/{rel}","templated":true}]}}