{"id":86,"date":"2015-03-03T11:29:46","date_gmt":"2015-03-03T10:29:46","guid":{"rendered":"http:\/\/www.jetcarrier.com\/cms\/?page_id=86"},"modified":"2015-03-03T11:34:20","modified_gmt":"2015-03-03T10:34:20","slug":"helpdesk","status":"publish","type":"page","link":"https:\/\/www.jetcarrier.com\/cms\/support\/helpdesk\/","title":{"rendered":"Helpdesk og FAQ"},"content":{"rendered":"<p><strong>Bruk v\u00e5r helpdesk<\/strong> n\u00e5r du vil legge inn en henvendelse til oss via web. Du<strong>\u00a0trenger ikke<\/strong> registrere deg for \u00e5 bruke denne tjenesten, men \u00f8nsker du \u00e5 kunne se over dine henvendelser, samt svar du har f\u00e5tt direkte p\u00e5 web og ikke i ditt e-post program kan du gj\u00f8re dette. Alle henvendelser vil g\u00e5 frem og tilbake til mellom deg og JetCarrier som e-mail direkte til den e-post.<\/p>\n<p><strong>NB!<\/strong> Hvis du velger \u00e5 registrere en bruker p\u00e5 v\u00e5r helpdesk, s\u00e5 er <strong>ikke<\/strong> dette den samme som du\u00a0har n\u00e5r du sender pakker!<\/p>\n<p><strong>Direktelinker<\/strong><br \/>\n<a href=\"http:\/\/www.jetcarrier.net\/support\" target=\"_blank\">Helpdesk hovedside<\/a><br \/>\n<a href=\"http:\/\/www.jetcarrier.net\/support\/index.php?\/Tickets\/Submit\" target=\"_blank\">Legg inn en henvendelse<\/a><\/p>\n<p><strong>Hva er en FAQ?<br \/>\n<\/strong>FAQ = frequently asked questions = ofte stilte sp\u00f8rsm\u00e5l. I v\u00e5r <a href=\"http:\/\/www.jetcarrier.net\/support\/index.php?\/Knowledgebase\/List\" target=\"_blank\">FAQ <\/a>vil du finne\u00a0svar p\u00e5 sp\u00f8rsm\u00e5l vi ofte f\u00e5r. Det kan v\u00e6re lurt \u00e5 sjekke denne etter svaret du leter etter f\u00f8r du kontakter oss.<\/p>\n<p><a href=\"http:\/\/www.jetcarrier.net\/support\/index.php?\/Knowledgebase\/List\" target=\"_blank\">FAQ hovedside<\/a><\/p>\n","protected":false},"excerpt":{"rendered":"<p>Bruk v\u00e5r helpdesk n\u00e5r du vil legge inn en henvendelse til oss via web. Du\u00a0trenger ikke registrere deg for \u00e5 bruke denne tjenesten, men \u00f8nsker du \u00e5 kunne se over dine henvendelser, samt svar du har f\u00e5tt direkte p\u00e5 web og ikke i ditt e-post program kan du gj\u00f8re dette. Alle henvendelser vil g\u00e5 frem [&hellip;]<\/p>\n","protected":false},"author":2,"featured_media":0,"parent":84,"menu_order":1,"comment_status":"closed","ping_status":"closed","template":"","meta":{"footnotes":"","_links_to":"","_links_to_target":""},"class_list":["post-86","page","type-page","status-publish","hentry"],"_links":{"self":[{"href":"https:\/\/www.jetcarrier.com\/cms\/wp-json\/wp\/v2\/pages\/86","targetHints":{"allow":["GET"]}}],"collection":[{"href":"https:\/\/www.jetcarrier.com\/cms\/wp-json\/wp\/v2\/pages"}],"about":[{"href":"https:\/\/www.jetcarrier.com\/cms\/wp-json\/wp\/v2\/types\/page"}],"author":[{"embeddable":true,"href":"https:\/\/www.jetcarrier.com\/cms\/wp-json\/wp\/v2\/users\/2"}],"replies":[{"embeddable":true,"href":"https:\/\/www.jetcarrier.com\/cms\/wp-json\/wp\/v2\/comments?post=86"}],"version-history":[{"count":5,"href":"https:\/\/www.jetcarrier.com\/cms\/wp-json\/wp\/v2\/pages\/86\/revisions"}],"predecessor-version":[{"id":91,"href":"https:\/\/www.jetcarrier.com\/cms\/wp-json\/wp\/v2\/pages\/86\/revisions\/91"}],"up":[{"embeddable":true,"href":"https:\/\/www.jetcarrier.com\/cms\/wp-json\/wp\/v2\/pages\/84"}],"wp:attachment":[{"href":"https:\/\/www.jetcarrier.com\/cms\/wp-json\/wp\/v2\/media?parent=86"}],"curies":[{"name":"wp","href":"https:\/\/api.w.org\/{rel}","templated":true}]}}