{"id":84,"date":"2015-03-03T11:23:48","date_gmt":"2015-03-03T10:23:48","guid":{"rendered":"http:\/\/www.jetcarrier.com\/cms\/?page_id=84"},"modified":"2016-04-15T08:53:09","modified_gmt":"2016-04-15T07:53:09","slug":"support","status":"publish","type":"page","link":"https:\/\/www.jetcarrier.com\/cms\/support\/","title":{"rendered":"Kontakt oss"},"content":{"rendered":"<p>Vi kan hjelpe deg med s\u00e5 mangt, noen ganger holder det med \u00e5 lese en enkel guide, mens andre ganger vil du kontakte oss via web eller telefon. P\u00e5 supportsidene v\u00e5re finner du mye informasjon som kan v\u00e6re verdt \u00e5 lese gjennom f\u00f8r du kontakter oss.<\/p>\n<p>Velg fra menyen eller klikk p\u00e5 linkene under.<br \/>\n<a href=\"http:\/\/www.jetcarrier.com\/cms\/support\/helpdesk\/\">Helpdesk og FAQ<\/a> &#8211; <a href=\"http:\/\/www.jetcarrier.com\/cms\/support\/kontakt-oss\/\">Kontakt oss<\/a><\/p>\n","protected":false},"excerpt":{"rendered":"<p>Vi kan hjelpe deg med s\u00e5 mangt, noen ganger holder det med \u00e5 lese en enkel guide, mens andre ganger vil du kontakte oss via web eller telefon. P\u00e5 supportsidene v\u00e5re finner du mye informasjon som kan v\u00e6re verdt \u00e5 lese gjennom f\u00f8r du kontakter oss. Velg fra menyen eller klikk p\u00e5 linkene under. Helpdesk [&hellip;]<\/p>\n","protected":false},"author":2,"featured_media":0,"parent":0,"menu_order":4,"comment_status":"closed","ping_status":"closed","template":"","meta":{"footnotes":"","_links_to":"","_links_to_target":""},"class_list":["post-84","page","type-page","status-publish","hentry"],"_links":{"self":[{"href":"https:\/\/www.jetcarrier.com\/cms\/wp-json\/wp\/v2\/pages\/84","targetHints":{"allow":["GET"]}}],"collection":[{"href":"https:\/\/www.jetcarrier.com\/cms\/wp-json\/wp\/v2\/pages"}],"about":[{"href":"https:\/\/www.jetcarrier.com\/cms\/wp-json\/wp\/v2\/types\/page"}],"author":[{"embeddable":true,"href":"https:\/\/www.jetcarrier.com\/cms\/wp-json\/wp\/v2\/users\/2"}],"replies":[{"embeddable":true,"href":"https:\/\/www.jetcarrier.com\/cms\/wp-json\/wp\/v2\/comments?post=84"}],"version-history":[{"count":3,"href":"https:\/\/www.jetcarrier.com\/cms\/wp-json\/wp\/v2\/pages\/84\/revisions"}],"predecessor-version":[{"id":945,"href":"https:\/\/www.jetcarrier.com\/cms\/wp-json\/wp\/v2\/pages\/84\/revisions\/945"}],"wp:attachment":[{"href":"https:\/\/www.jetcarrier.com\/cms\/wp-json\/wp\/v2\/media?parent=84"}],"curies":[{"name":"wp","href":"https:\/\/api.w.org\/{rel}","templated":true}]}}