{"id":767,"date":"2015-09-04T12:09:29","date_gmt":"2015-09-04T11:09:29","guid":{"rendered":"http:\/\/www.jetcarrier.com\/cms\/?page_id=767"},"modified":"2018-11-12T15:21:44","modified_gmt":"2018-11-12T14:21:44","slug":"shop-4-you","status":"publish","type":"page","link":"https:\/\/www.jetcarrier.com\/cms\/tjenester\/club-jc\/shop-4-you\/","title":{"rendered":"Shop 4 You"},"content":{"rendered":"<p>Som Club JC medlem f\u00e5r du tilgang til tjenesten Shop4You fra din konto n\u00e5r du er p\u00e5logget.\u00a0Finner du varer i USA og du vil at vi skal ordne med betaling, s\u00e5 unders\u00f8ker v\u00e5r agent i USA pris og tilgjenglighet for deg og gir deg en tilbakemelding p\u00e5 en totalpris inkl. frakt til Norge\/Sverige\/Danmark.<\/p>\n<blockquote><p>Shop4you tjenesten kan <strong>ikke<\/strong> benyttes ved kj\u00f8p av enkelte kjemikaler, v\u00e5pen eller v\u00e5pendeler, matvarer, alkohol, tobakk, legemidler og kosttilskudd.<\/p><\/blockquote>\n<p><a href=\"http:\/\/www.jetcarrier.com\/cms\/wp-content\/uploads\/2015\/09\/Shop4you-handlevogn.jpg\"><img loading=\"lazy\" decoding=\"async\" class=\"alignleft size-full wp-image-806\" src=\"http:\/\/www.jetcarrier.com\/cms\/wp-content\/uploads\/2015\/09\/Shop4you-handlevogn.jpg\" alt=\"Shop4you-handlevogn\" width=\"373\" height=\"387\" srcset=\"https:\/\/www.jetcarrier.com\/cms\/wp-content\/uploads\/2015\/09\/Shop4you-handlevogn.jpg 373w, https:\/\/www.jetcarrier.com\/cms\/wp-content\/uploads\/2015\/09\/Shop4you-handlevogn-289x300.jpg 289w\" sizes=\"auto, (max-width: 373px) 100vw, 373px\" \/><\/a><\/p>\n<p>Du b\u00f8r ta hensyn til f\u00f8lgende punkter hvis du vil at vi skal s\u00f8rge for betalingen.<\/p>\n<ul>\n<li>Oppgi s\u00e5 god informasjon som mulig, s\u00e5 gir vi deg et uforpliktende tilbud.<\/li>\n<li><strong>Ebay<\/strong> &#8211; vi kan kun by p\u00e5 s\u00e5kalte &laquo;buy-it-now&raquo; auksjoner med en fastpris, v\u00e5r agent kan ikke delta i budrunder. <strong>Unntak<\/strong>: hvis du har avtalt en max budpris kan vi fortsatt by p\u00e5 varen, men vil da kun legge inn bud en gang og legge inn din makspris som &laquo;autobud&raquo;. Om budrunden bare s\u00e5vidt g\u00e5r over din makspris og du egentlig var villig til \u00e5 strekke deg litt lengre s\u00e5 kan vi ikke endre din makspris.<\/li>\n<li>Vi iverksetter ingen bestilling av varer f\u00f8r betalingen er registrert inn p\u00e5 v\u00e5r agents konto.<\/li>\n<li>JetCarrier Norge garanterer for dine overf\u00f8rte midler og det er s\u00e5ledes en trygg m\u00e5te \u00e5 handle i USA p\u00e5. Varen selges av JetCarrier INC i NJ og reklamasjoner eller garantisaker behandles som en vanlig online-bestilling fra USA fra feks Amazon eller Sears etc.<\/li>\n<\/ul>\n<p>Vi gj\u00f8r oppmerksom p\u00e5 at evt. sales tax vil bli fakturert i ettertid da vi ofte ikke vet om dette tilkommer f\u00f8r i det \u00f8yeblikket vi skal iverksette en ordre. Vi har heller ingen garanti for at vi klarer \u00e5 bestille varene da enkelte nettsider (Apple, Nike etc) er vanskligere \u00e5 f\u00e5 igjennom ordre p\u00e5 enn andre, hvis din ordre ikke kan bestilles i l\u00f8pet av 30 dager fra mottatt betaling s\u00e5 vil du f\u00e5 refundert innbetalt quote-bel\u00f8p. Selve Club JC medlemskapet omfatter andre tjenester enn bare shop4you og er ikke refunderbart. Det er JetCarrier Inc i USA som leverer tjenesten og som handterer inn\/utbetalinger.<\/p>\n<p>Alle varer m\u00e5 kunne bestilles og til en viss grad betales online, vi kan derfor ikke ringe rundt til forskjellige butikker eller selgere som ikke tilbyr online handel med handlekurv el.l. Det finnes unntak fra denne regelen, men da skal det v\u00e6re ordre som er av en viss st\u00f8rrelse (fra USD 2500 og oppover).<\/p>\n<p>Det er kunden sitt ansvar \u00e5 sjekke f\u00f8lgende F\u00d8R man iverksetter en shop4you ordre ved \u00e5 betale den inn:<\/p>\n<ul>\n<li>Om varen(e) er lovlig \u00e5 importere til Norge.<\/li>\n<li>Om ordren inneholder produkter som gj\u00f8r at den m\u00e5 sendes som farlig gods.<\/li>\n<li>At varen(e) vil fungere i Norge, eller norske forhold.<\/li>\n<\/ul>\n<p>Selv om du f\u00e5r et shop4you tilbud, m\u00e5 du fortsatt sjekke puktene over for \u00e5 sjekke om varen(e) du vil ha er i samsvar med dette. Det kan hende du f\u00e5r tilbud p\u00e5 et kj\u00f8p som senere viser seg \u00e5 v\u00e6re i konflikt med lover og regler n\u00e5r de ankommer Norge og s\u00e5ledes vil bli holdt igjen i tollen. Varer som krever tilpassing\/registrering etc. til norske forhold (Motorsykler, ATVer, el-artikler etc.) er det ogs\u00e5 kundens ansvar \u00e5 sjekke opp regelverk p\u00e5 forh\u00e5nd. F.eks. kan det v\u00e6re komplisert \u00e5 importere MCer av nyere \u00e5rgang enn 2003 pga. s\u00e6rnorske regler.<\/p>\n","protected":false},"excerpt":{"rendered":"<p>Som Club JC medlem f\u00e5r du tilgang til tjenesten Shop4You fra din konto n\u00e5r du er p\u00e5logget.\u00a0Finner du varer i USA og du vil at vi skal ordne med betaling, s\u00e5 unders\u00f8ker v\u00e5r agent i USA pris og tilgjenglighet for deg og gir deg en tilbakemelding p\u00e5 en totalpris inkl. frakt til Norge\/Sverige\/Danmark. Shop4you tjenesten [&hellip;]<\/p>\n","protected":false},"author":2,"featured_media":0,"parent":28,"menu_order":2,"comment_status":"closed","ping_status":"closed","template":"","meta":{"footnotes":"","_links_to":"","_links_to_target":""},"class_list":["post-767","page","type-page","status-publish","hentry"],"_links":{"self":[{"href":"https:\/\/www.jetcarrier.com\/cms\/wp-json\/wp\/v2\/pages\/767","targetHints":{"allow":["GET"]}}],"collection":[{"href":"https:\/\/www.jetcarrier.com\/cms\/wp-json\/wp\/v2\/pages"}],"about":[{"href":"https:\/\/www.jetcarrier.com\/cms\/wp-json\/wp\/v2\/types\/page"}],"author":[{"embeddable":true,"href":"https:\/\/www.jetcarrier.com\/cms\/wp-json\/wp\/v2\/users\/2"}],"replies":[{"embeddable":true,"href":"https:\/\/www.jetcarrier.com\/cms\/wp-json\/wp\/v2\/comments?post=767"}],"version-history":[{"count":5,"href":"https:\/\/www.jetcarrier.com\/cms\/wp-json\/wp\/v2\/pages\/767\/revisions"}],"predecessor-version":[{"id":2677,"href":"https:\/\/www.jetcarrier.com\/cms\/wp-json\/wp\/v2\/pages\/767\/revisions\/2677"}],"up":[{"embeddable":true,"href":"https:\/\/www.jetcarrier.com\/cms\/wp-json\/wp\/v2\/pages\/28"}],"wp:attachment":[{"href":"https:\/\/www.jetcarrier.com\/cms\/wp-json\/wp\/v2\/media?parent=767"}],"curies":[{"name":"wp","href":"https:\/\/api.w.org\/{rel}","templated":true}]}}