{"id":745,"date":"2015-09-04T11:15:38","date_gmt":"2015-09-04T10:15:38","guid":{"rendered":"http:\/\/www.jetcarrier.com\/cms\/?page_id=745"},"modified":"2017-01-09T15:04:49","modified_gmt":"2017-01-09T14:04:49","slug":"standby-booking","status":"publish","type":"page","link":"https:\/\/www.jetcarrier.com\/cms\/tjenester\/club-jc\/standby-booking\/","title":{"rendered":"StandBy booking"},"content":{"rendered":"<p><a href=\"http:\/\/www.jetcarrier.com\/cms\/wp-content\/uploads\/2015\/09\/shapeimage_2.png\"><img loading=\"lazy\" decoding=\"async\" class=\"size-full wp-image-747 alignnone\" src=\"http:\/\/www.jetcarrier.com\/cms\/wp-content\/uploads\/2015\/09\/shapeimage_2.png\" alt=\"shapeimage_2\" width=\"641\" height=\"432\" srcset=\"https:\/\/www.jetcarrier.com\/cms\/wp-content\/uploads\/2015\/09\/shapeimage_2.png 641w, https:\/\/www.jetcarrier.com\/cms\/wp-content\/uploads\/2015\/09\/shapeimage_2-300x202.png 300w, https:\/\/www.jetcarrier.com\/cms\/wp-content\/uploads\/2015\/09\/shapeimage_2-624x421.png 624w\" sizes=\"auto, (max-width: 641px) 100vw, 641px\" \/><\/a><\/p>\n<h3>Hva er det, hvordan fungerer det og hvor mye koster det?<\/h3>\n<p class=\"paragraph_style\"><strong>Hva er det?<\/strong><br \/>\nStandBy booking er en tjeneste fra JetCarrier\u2122 for v\u00e5re Club JC medlemmer. N\u00e5r du booker en StandBy pakke s\u00e5 velger du at vi skal holde igjen pakken din i USA. Dette kan v\u00e6re praktisk hvis du venter inn flere pakker fra samme leverand\u00f8r, eller \u00f8nsker \u00e5 samle opp s\u00e5 mange pakker som mulig for \u00e5 f\u00e5 lavest mulig fraktpris.<\/p>\n<p class=\"Body\"><span class=\"style_1\"><strong>Hvordan fungerer det?<\/strong><br \/>\n<\/span>\u00c5 booke en StandBy pakke er like enkelt som \u00e5 booke en vanlig pakke. Du vil se at det finnes et valg som heter \u00abStandBy\u00bb i bookingpanelet, krysser du av i feltet vil vi holde igjen pakken din inntil du gir oss beskjed om at du vil ha den tilsendt. Du kan booke flere StandBy pakker om gangen, og du kan ha StandBy pakker b\u00e5de p\u00e5 FLY og SJ\u00d8 samtidig.<\/p>\n<p class=\"Body\"><span class=\"style_2\"><strong>NB!<\/strong>\u00a0<\/span><em>StandBy pakken er din\u00a0<span class=\"style_2\">eneste<\/span>\u00a0mulighet til \u00e5 holde igjen pakker p\u00e5\u00a0<span class=\"style_2\">sj\u00f8<\/span>. Etter at denne tjenesten ble lansert opererer vi med prinsippet \u00abwhat comes in, goes out\u00bb det betyr at vi sender containere n\u00e5r de er fulle og ikke basert p\u00e5 \u00abcut-off\u00bb datoer.<\/em><\/p>\n<p class=\"Body\"><span class=\"style_1\"><strong>Hvor mye koster det?<\/strong><br \/>\n<\/span>Prisliste SJ\u00d8 og FLY-pakker<br \/>\n<span class=\"Punkttegn\">\u2022<\/span>FLY StandBy:<br \/>\nL\u00f8pende kostnader: 0,25 USD pr. pakke pr. dag.<br \/>\nEngangskostnader: 0,05 USD pr. dm3 + 1 USD pr. pakke.<br \/>\n<span class=\"Punkttegn\">\u2022<\/span>SJ\u00d8 StandBy:<br \/>\nL\u00f8pende kostnader: 0,1 USD pr. pakke pr. dag.<br \/>\nEngangskostnader: 0,05 USD pr. dm3 + 1 USD pr. pakke.<\/p>\n<p class=\"paragraph_style_3\">Vi har utarbeidet et sett med regler for \u00e5 h\u00e5ndtere StandBy pakker, pass p\u00e5 at du gj\u00f8r deg godt kjent med de.\u00a0<a href=\"http:\/\/www.jetcarrier.com\/cms\/tjenester\/club-jc\/standby-booking\/standby-rules\/\">Du kan lese mer om dette her<\/a>\u00a0(kun engelsk versjon). <strong>OBS:<\/strong> Eksempel 1 og 2 er basert p\u00e5 priser pr. 1.1.2015 og kan forandre seg, sjekk derfor ogs\u00e5 alltid v\u00e5r <a href=\"http:\/\/www.jetcarrier.com\/cms\/priser\/prislister\/\">prisliste<\/a>.<\/p>\n<p><em>Eksempel 1:<\/em><br \/>\n<b><\/b>Du har valgt \u00e5 booke inn 5 StandBy pakker p\u00e5 <b>fly<\/b>. 2 pakker kommer fra Amazon, 1 kommer fra Backcountry og 2 kommer fra Summit Racing. Pakkene ankommer med 10 dagers mellomrom fra den f\u00f8rste til den siste er mottatt. Pakkene har f\u00f8lgende vekt og volum:<\/p>\n<p>Pakke 1, dag 1: 12 kg, 66 dm3<br \/>\nPakke 2, dag 5: 1 kg, 3 dm3<br \/>\nPakke 3, dag 5: 8 kg, 40 dm3<br \/>\nPakke 4, dag 8: 14 kg, 42 dm3<br \/>\nPakke 5, dag 10: 2 kg, 19 dm3<br \/>\n<b>Totalt 37 kg, 170 dm3<\/b><\/p>\n<p>Dette vil koste deg f\u00f8lgende StandBy-kostnader:<br \/>\nPakke 1, dag 1: 1 USD<br \/>\n+ 0,25 x 10 dager = 2,5 USD<br \/>\n+ 0,05 x 66 dm3 = 3,3 USD<br \/>\n= 6,8 USD<\/p>\n<p>Pakke 2, dag 5: 1 USD<br \/>\n+ 0,25 x 5 dager = 1,25 USD<br \/>\n+ 0,05 x 3 dm3 = 0,15 USD<br \/>\n= 2,4 USD<\/p>\n<p>Pakke 3, dag 5: 1 USD<br \/>\n+ 0,25 x 5 dager = 1,25 USD<br \/>\n+ 0,05 x 40 dm3 = 2 USD<br \/>\n= 4,25 USD<\/p>\n<p>Pakke 4, dag 8: 1 USD<br \/>\n+ 0,25 x 2 dager = 0,50 USD<br \/>\n+ 0,05 x 42 dm3 = 2,1 USD<br \/>\n= 3,6 USD<\/p>\n<p>Pakke 5, dag 10: 1 USD<br \/>\n+ 0,25 x 1 dag = 0,25 USD<br \/>\n+ 0,05 x 19 dm3 = 0,95 USD<br \/>\n= 2,2 USD<br \/>\n<b>Totalt 19,25 USD<\/b><\/p>\n<p>I tillegg kommer flyfrakten og kolliavgiften.<br \/>\nFlyfrakt 37 kg\/266 dm3: 1352 NOK<br \/>\nKolliavgift (45 pr. pakke): 180 NOK<br \/>\nTotalt vil det koste deg 1532 NOK og 15,8 USD \u00e5 bruke StandBy booking.<\/p>\n<p>Hadde du <b>ikke<\/b> brukt StandBy booking, men bare sendt pakker fortl\u00f8pende ville dette kommet i 2 forskjellige flysendinger. Hvis vi sier at pakke 1, 2 og 3 kom i uke 1 og pakke 4 og 5 kom i uke 2 ville regnestykket blitt slik:<br \/>\nFraktpris uke 1: 1100 NOK<br \/>\nFraktpris uke 2: 965 NOK<br \/>\nTotalt 2065 NOK<\/p>\n<p>I dette eksempelet ville du spart 443 NOK p\u00e5 \u00e5 bruke StandBy pakken hvis vi bruker en dollarkurs p\u00e5 5,7. <b>Dette er en besparelse p\u00e5 nesten 20% !<\/b><\/p>\n<p><em>Eksempel 2<br \/>\n<\/em>Du har valgt \u00e5 booke inn 12 StandBy pakker p\u00e5 <b>sj\u00f8<\/b>. 3 pakker kommer fra Summit Racing, 9 pakker kommer fra Garrys Autoparts. Pakkene ankommer med 24 dagers mellomrom fra den f\u00f8rste til den siste er mottatt. Pakkene har f\u00f8lgende vekt og volum:<\/p>\n<p>Pakke 1-5: 22 kg, 120 dm3 x 5<br \/>\nPakke 6: 3 kg, 12 dm3<br \/>\nPakke 7: 2 kg, 40 dm3<br \/>\nPakke 8-11: 16 kg, 250 dm3 x 4<br \/>\nPakke 12: 252 kg, 650 dm3<br \/>\n<b>Totalt 431 kg, 2302 dm3<\/b><\/p>\n<p>Dette vil koste deg f\u00f8lgende StandBy-kostnader:<br \/>\nPakke 1-5, dag 1: 5 USD<br \/>\n+ 0,1 x 24 dager = 2,4 USD<br \/>\n+ 0,05 x 600 = 30 USD<br \/>\n= 37,9 USD<\/p>\n<p>Pakke 6, dag 5: 1 USD<br \/>\n+ 0,1 x 19 = 1,9 USD<br \/>\n+ 0,05 x 12 = 0,6 USD<br \/>\n= 3,5 USD<\/p>\n<p>Pakke 7, dag 8: 1 USD<br \/>\n+ 0,1 x 16 = 1,6 USD<br \/>\n+ 0,05 x 40 = 2 USD<br \/>\n= 4,6 USD<\/p>\n<p>Pakke 8-11, dag 14: 4 USD<br \/>\n+ 0,1 x 10 = 1 USD<br \/>\n+ 0,05 x 1000 = 50 USD<br \/>\n= 55 USD<\/p>\n<p>Pakke 12, dag 24: 1 USD<br \/>\n+ 0,25 x 1 = 0,1 USD<br \/>\n+ 0,05 x 650 = 32,5 USD<br \/>\n= 33,6 USD<br \/>\n<b>Totalt 134,6 USD<\/b><\/p>\n<p>I tillegg kommer sj\u00f8frakten og kolliavgiften.<br \/>\nSj\u00f8frakt 431 kg\/2302 dm3: 4098 NOK<br \/>\nKolliavgift (45 pr. pakke): 495 NOK<\/p>\n<p>Totalt vil det koste deg 4593 NOK og 134,6 USD \u00e5 bruke StandBy booking.<\/p>\n<p>Hadde du <b>ikke<\/b> brukt StandBy booking, men bare sendt pakker fortl\u00f8pende ville dette kommet i 3 forskjellige sj\u00f8sendinger. Hvis vi sier at pakke 1-5 kom i uke 1, pakke 6-8 kom i uke 3 og pakke 9-12 kom i uke 4 ville regnestyket blitt slik:<\/p>\n<p>Fraktpris uke 1: 1755 NOK<br \/>\nFraktpris uke 3: 999 NOK<br \/>\nFraktpris uke 4: 3295 NOK<br \/>\nTotalt 6049 NOK<\/p>\n<p>I dette eksempelet ville du spart 689 NOK p\u00e5 \u00e5 bruke StandBy pakken hvis vi bruker en dollarkurs p\u00e5 5,7. <b>Dette er en besparelse p\u00e5 over 10% !<\/b><\/p>\n","protected":false},"excerpt":{"rendered":"<p>Hva er det, hvordan fungerer det og hvor mye koster det? Hva er det? StandBy booking er en tjeneste fra JetCarrier\u2122 for v\u00e5re Club JC medlemmer. N\u00e5r du booker en StandBy pakke s\u00e5 velger du at vi skal holde igjen pakken din i USA. Dette kan v\u00e6re praktisk hvis du venter inn flere pakker fra [&hellip;]<\/p>\n","protected":false},"author":2,"featured_media":0,"parent":28,"menu_order":1,"comment_status":"closed","ping_status":"closed","template":"","meta":{"footnotes":"","_links_to":"","_links_to_target":""},"class_list":["post-745","page","type-page","status-publish","hentry"],"_links":{"self":[{"href":"https:\/\/www.jetcarrier.com\/cms\/wp-json\/wp\/v2\/pages\/745","targetHints":{"allow":["GET"]}}],"collection":[{"href":"https:\/\/www.jetcarrier.com\/cms\/wp-json\/wp\/v2\/pages"}],"about":[{"href":"https:\/\/www.jetcarrier.com\/cms\/wp-json\/wp\/v2\/types\/page"}],"author":[{"embeddable":true,"href":"https:\/\/www.jetcarrier.com\/cms\/wp-json\/wp\/v2\/users\/2"}],"replies":[{"embeddable":true,"href":"https:\/\/www.jetcarrier.com\/cms\/wp-json\/wp\/v2\/comments?post=745"}],"version-history":[{"count":7,"href":"https:\/\/www.jetcarrier.com\/cms\/wp-json\/wp\/v2\/pages\/745\/revisions"}],"predecessor-version":[{"id":1075,"href":"https:\/\/www.jetcarrier.com\/cms\/wp-json\/wp\/v2\/pages\/745\/revisions\/1075"}],"up":[{"embeddable":true,"href":"https:\/\/www.jetcarrier.com\/cms\/wp-json\/wp\/v2\/pages\/28"}],"wp:attachment":[{"href":"https:\/\/www.jetcarrier.com\/cms\/wp-json\/wp\/v2\/media?parent=745"}],"curies":[{"name":"wp","href":"https:\/\/api.w.org\/{rel}","templated":true}]}}