{"id":739,"date":"2015-09-03T10:13:59","date_gmt":"2015-09-03T09:13:59","guid":{"rendered":"http:\/\/www.jetcarrier.com\/cms\/?page_id=739"},"modified":"2025-09-23T11:22:03","modified_gmt":"2025-09-23T10:22:03","slug":"om-oss","status":"publish","type":"page","link":"https:\/\/www.jetcarrier.com\/cms\/support\/om-oss\/","title":{"rendered":"Om oss"},"content":{"rendered":"<p>\u00a0<\/p>\n<p><strong>Jetcarrier AS startet<\/strong> med sine f\u00f8rste forsendelser fra USA allerede i \u00e5r 2000 og var en pion\u00e9r p\u00e5 det som senere blir godt kjent som freight forwarding, dvs. at man mottar ordre\u00a0som man videresender. Selv om v\u00e5rt juridiske navn den gang var Magnum NO AS er vi nok best kjent som JetCarrier. Siden 2019 har vi v\u00e6rt Jetcarrier AS.<\/p>\n<p><strong><a href=\"http:\/\/www.jetcarrier.com\/cms\/wp-content\/uploads\/2015\/09\/scanner-station.jpg\"><img loading=\"lazy\" decoding=\"async\" class=\"alignleft wp-image-743 size-medium\" src=\"http:\/\/www.jetcarrier.com\/cms\/wp-content\/uploads\/2015\/09\/scanner-station-300x225.jpg\" alt=\"scanner-station\" width=\"300\" height=\"225\" srcset=\"https:\/\/www.jetcarrier.com\/cms\/wp-content\/uploads\/2015\/09\/scanner-station-300x225.jpg 300w, https:\/\/www.jetcarrier.com\/cms\/wp-content\/uploads\/2015\/09\/scanner-station.jpg 600w\" sizes=\"auto, (max-width: 300px) 100vw, 300px\" \/><\/a>Vi s\u00e5 tidlig<\/strong> behovet for denne tjenesten og\u00a0har fra den spede start hjulpet titusenvis av Skandinaviere med \u00e5 f\u00e5\u00a0rask, fleksibel og \u00f8konomisk frakt fra USA. I begynnelsen var det kun flyfrakt som ble tilbydd, men etter stor p\u00e5gang fra v\u00e5re kunder i 2005 fikk vi programmert inn en l\u00f8sning som ogs\u00e5 dekket sj\u00f8frakt. Den f\u00f8rste sj\u00f8sendingen gikk fra USA i 2006 og har v\u00e6rt en stor suksess fra dag 1. Ved \u00e5 benytte seg av sj\u00f8frakt s\u00e5 kan v\u00e5re kunder f\u00e5 tak i varer, som i utgangspunktet er\u00a0for store eller dyre til \u00e5\u00a0frakte med flyfrakt. Sj\u00f8frakten ble et rimlig og popul\u00e6rt tilskudd til den noe dyrere flyfrakten.<\/p>\n<p><strong>Vi har fortsatt<\/strong> \u00e5 utvikle tjenestene v\u00e5re og tilbyr komplette l\u00f8sninger p\u00e5 alle dine fraktbehov. Vi har i 2015 over\u00a0110 000 registrerte brukere av tjenesten og veksten er god.<\/p>\n<p><strong>I dag finner du oss<\/strong> p\u00e5 Isebakke,\u00a0ca. 10 minutter utenfor Halden sentrum, og kun ca. 4 minutter fra E6. Fra v\u00e5r moderne terminal betjener vi\u00a0v\u00e5re skandinaviske kunder og spesielt den strategiske beliggenheten med n\u00e6rheten til Svinesund og svenskegrensen bidrar til at vi klarer \u00e5 \u00a0\u00a0holde raske transporttider inn til EU.<\/p>\n<p><strong>Les hva andre skriver om oss:<\/strong><br \/>Dagbladet: <a href=\"http:\/\/www.dagbladet.no\/2009\/05\/29\/kultur\/tekno\/kindle\/amazon\/eboker\/6424986\/\" target=\"_blank\" rel=\"noopener noreferrer\">Kindle<\/a>, <a href=\"http:\/\/www.dagbladet.no\/2012\/02\/06\/kultur\/tv_og_medier\/lilyhammer\/tv-serier\/netflix\/20101717\/\" target=\"_blank\" rel=\"noopener noreferrer\">Lilyhammer<\/a><br \/>Dinside.no: <a href=\"https:\/\/dinside.dagbladet.no\/okonomi\/jetcarrier-redder-netthandel-fra-usa\/61438846\" target=\"_blank\" rel=\"noopener noreferrer\">Fikser netthandelen<\/a>, <a href=\"https:\/\/dinside.dagbladet.no\/okonomi\/slik-far-du-varen-hjem-til-norge\/61531683\" target=\"_blank\" rel=\"noopener noreferrer\">Slik f\u00e5r du varene hjem<br \/><\/a>Tek.no: <a href=\"https:\/\/www.tek.no\/artikkel\/i\/awyxL2\/slik-skaffer-du-rimelige-varer-fra-usa\" target=\"_blank\" rel=\"noopener noreferrer\">Rimelige varer<\/a><br \/>KK.no: <a href=\"https:\/\/www.kk.no\/mote\/slik-lurer-du-nettbutikkene\/67957856\" target=\"_blank\" rel=\"noopener noreferrer\">Slik lurer du nettbutikkene<\/a><\/p>\n\n\n<p><\/p>\n","protected":false},"excerpt":{"rendered":"<p>\u00a0 Jetcarrier AS startet med sine f\u00f8rste forsendelser fra USA allerede i \u00e5r 2000 og var en pion\u00e9r p\u00e5 det som senere blir godt kjent som freight forwarding, dvs. at man mottar ordre\u00a0som man videresender. Selv om v\u00e5rt juridiske navn den gang var Magnum NO AS er vi nok best kjent som JetCarrier. Siden 2019 [&hellip;]<\/p>\n","protected":false},"author":2,"featured_media":0,"parent":84,"menu_order":4,"comment_status":"closed","ping_status":"closed","template":"","meta":{"footnotes":"","_links_to":"","_links_to_target":""},"class_list":["post-739","page","type-page","status-publish","hentry"],"_links":{"self":[{"href":"https:\/\/www.jetcarrier.com\/cms\/wp-json\/wp\/v2\/pages\/739","targetHints":{"allow":["GET"]}}],"collection":[{"href":"https:\/\/www.jetcarrier.com\/cms\/wp-json\/wp\/v2\/pages"}],"about":[{"href":"https:\/\/www.jetcarrier.com\/cms\/wp-json\/wp\/v2\/types\/page"}],"author":[{"embeddable":true,"href":"https:\/\/www.jetcarrier.com\/cms\/wp-json\/wp\/v2\/users\/2"}],"replies":[{"embeddable":true,"href":"https:\/\/www.jetcarrier.com\/cms\/wp-json\/wp\/v2\/comments?post=739"}],"version-history":[{"count":6,"href":"https:\/\/www.jetcarrier.com\/cms\/wp-json\/wp\/v2\/pages\/739\/revisions"}],"predecessor-version":[{"id":5253,"href":"https:\/\/www.jetcarrier.com\/cms\/wp-json\/wp\/v2\/pages\/739\/revisions\/5253"}],"up":[{"embeddable":true,"href":"https:\/\/www.jetcarrier.com\/cms\/wp-json\/wp\/v2\/pages\/84"}],"wp:attachment":[{"href":"https:\/\/www.jetcarrier.com\/cms\/wp-json\/wp\/v2\/media?parent=739"}],"curies":[{"name":"wp","href":"https:\/\/api.w.org\/{rel}","templated":true}]}}