{"id":61,"date":"2015-03-02T17:58:11","date_gmt":"2015-03-02T16:58:11","guid":{"rendered":"http:\/\/www.jetcarrier.com\/cms\/?page_id=61"},"modified":"2026-03-16T12:02:35","modified_gmt":"2026-03-16T11:02:35","slug":"prisliste-tilleggstjenester","status":"publish","type":"page","link":"https:\/\/www.jetcarrier.com\/cms\/priser\/prisliste-tilleggstjenester\/","title":{"rendered":"Prisliste tilleggstjenester"},"content":{"rendered":"<p><strong>JetCarrier<\/strong> fors\u00f8ker s\u00e5 langt det er \u00f8konomisk forsvarlig \u00e5 gi en pris som er &laquo;all inclusive&raquo;. Helt vanlige pakker med &laquo;normalt&raquo; innhold til privatpersoner er som regel fri for alle tillegg som du finner p\u00e5 denne siden.<\/p>\n<p><em>Det gj\u00f8r det enkelt for<\/em><br \/>\n<em>: oss \u00e5 fakturere<\/em><br \/>\n<em>: deg \u00e5 kontrollere<\/em><\/p>\n<p>Det er dessverre endel unntak hvor vi er n\u00f8dt til \u00e5 beregne et pristillegg, de er listet opp her og ber\u00f8rer i snitt under 5% av all frakt vi har i l\u00f8pet av ett \u00e5r. Pristilleggene kommer i tillegg til vanlig fraktsatser.<\/p>\n<p><strong>Prisene er oppdatert pr. 6.2.2025<br \/>\n<\/strong>Kj\u00f8ret\u00f8y:<br \/>\nFortolling av biler: <strong>995 NOK<\/strong> inkl registreringskort (pris per bil).<br \/>\nFortolling av MC, ATV, Sn\u00f8scooter, vannscooter o.l.: <strong>995 NOK<\/strong> inkl registreringskort (pris per kj\u00f8ret\u00f8y\/rammenummer).<br \/>\nUtleggsprovisjon for private ifbm import av kj\u00f8ret\u00f8y:<strong>\u00a04,0% <\/strong>av utlegget, min 45 NOK.<br \/>\nTillegg for non-stackable kj\u00f8ret\u00f8y varierer basert p\u00e5 containerh\u00f8yde. Tillegget beregnes basert p\u00e5 hvor mye luft over gjenstanden det ikke er mulig \u00e5 utnytte pga. at det ikke kan stables gjenstander oppe p\u00e5 det.\u00a0<strong><br \/>\n<\/strong><\/p>\n<p>Utlegg for firma uten tollkreditt:<strong>\u00a04,0% <\/strong>av\u00a0tollutlegget, min 45 NOK.<br \/>\nUtlegg for firma som ikke er MVA registrert:<strong>\u00a04,0% <\/strong>av\u00a0toll\/momsutlegget, min 75 NOK.<br \/>\nOpphenting av gods i USA: minste startkostnad<strong> 125 USD<br \/>\n<\/strong>Fortolling for bedriftskunder:<strong> 155 NOK <\/strong>(som regel) og opptil<strong> 790 NOK <\/strong>(stor fortolling).<br \/>\nTillegg for fortolling av n\u00e6ringsmidler: <strong>250 NOK<\/strong> (kommer i tillegg til prisen over)<\/p>\n<p>Fortolling av v\u00e5pendeler<strong>****<\/strong>: <strong>290 NOK<\/strong> (pipe &amp; glidestykke\/sleide samt bolter i noen tilfeller)<br \/>\nFortolling av v\u00e5penrelaterte produkter<strong>****<\/strong>: <strong>290 NOK<\/strong>\u00a0(reloading, brass, deler, tilbeh\u00f8r m.m.)<br \/>\nFortolling av godteri eller matvarer: <strong>250 NOK<\/strong>.<br \/>\nFortolling av godteri eller matvarer: <strong>95 NOK<\/strong>\u00a0(for Club JC medlemmer) max 5 varelinjer.<br \/>\nFortolling av s\u00f8lv\/gull o.l. edle metaller, samt frimerker og gyldige bet. midler (f.eks. frimerker, gavekort osv): <strong>250 NOK<\/strong>.<\/p>\n<p>Fortolling av korrigert vareverdi:\u00a0<strong>290 NOK<\/strong>\u00a0gjelder i de tilfellene det er avvik mellom opplastede dokumenter og\u00a0dokumenter som f\u00f8lger pakken, eller hvor tollvesenet har underkjent verdien p\u00e5 opplastet dokument.<br \/>\nFortolling mot proformafaktura:\u00a0<strong>290 NOK<\/strong> gjelder i de tilfellene der det er private avsendere og hvor eneste grunnlag for verdi er en proformafaktura signert av avsender. Gjelder ogs\u00e5 for fortollinger som m\u00e5 gj\u00f8res basert p\u00e5 unntak som f.eks identiske varer.<br \/>\nFortolling av flyttegods: <strong>495 NOK<\/strong>.<br \/>\nFortolling av gavesendinger fra privat &#8211; privat: <strong>290 NOK<\/strong>.<br \/>\nFortolling av alkohol<strong>*<\/strong>: <strong>290 NOK<\/strong>.<br \/>\nKollitillegg for pakker med alkoholholdig drikkevarer: fra\u00a0<strong>173-651 NOK<\/strong> pr. kolli avhengig av sone, <a href=\"https:\/\/www.jetcarrier.com\/cms\/wp-content\/uploads\/2021\/12\/Alkohol-og-soner.pdf\">se egen tabell<\/a> for pristillegget til din sone.<br \/>\nMaks vekt pr. kolli er 30 kg.<br \/>\nSpedisjonsavgift tollkontroll: <strong>125 NOK<\/strong> gjelder i de tilfellene en pakke blir plukket ut til tollkontroll.<br \/>\nDokumentgebyr: <strong>115 NOK<\/strong>\u00a0pr. pakke hvor fortollingsunderlaget ikke er lastet opp i forkant av at pakken er scannet inn i Norge eller befinner seg i plastlomme utenp\u00e5 selve pakken.<br \/>\nKontrollgebyr: <strong>85 NOK<\/strong> pr. pakke i de tilfellene mottaker \u00f8nsker at vi \u00e5pner pakken for \u00e5 verifisere innholdet. Max 3 gjenstander, pris pr stk over 3 = grunnpris + 20 NOK pr. stk.<br \/>\nMomsrefusjoner: <strong>125 NOK<\/strong> varer med verdi under kr 500 vil det ikke l\u00f8nne seg \u00e5 s\u00f8ke momsrefusjon for.<strong><br \/>\n<\/strong>Tollrefusjoner<strong>: 495 NOK<br \/>\n<\/strong>Omberegning av en fortolling: <strong>390 NOK\u00a0<\/strong><br \/>\nReturfrakt: <strong>200 NOK<\/strong> ink. mva pr. pakke, \u00f8nskes pakken sendt ut p\u00e5 nytt er prisen <strong>400 NOK<\/strong> totalt (ink. mva) pr. pakke for pakker inntil 30 kg\/150 dm<sup>3<\/sup>. St\u00f8rre gods prises separat.<br \/>\nReturnere pakke i USA<strong>*****<\/strong>: <strong>250 NOK<\/strong> + evt. returkostander om dette ikke dekkes av avsender. Gjelder kun pakker <strong>som er p\u00e5 vei inn<\/strong> til terminalen i USA, men som mottaker i Norge allikevel ikke \u00f8nsker tilsendt.<br \/>\nReturnere mottatt pall i USA<strong>*****<\/strong>: <strong>750 NOK<\/strong>\u00a0+ evt. returkostander om dette ikke dekkes av avsender. Gjelder kun paller som er mottatt p\u00e5 terminalen i USA men som mottaker i Norge allikevel ikke \u00f8nsker tilsendt.<br \/>\nTUK avgift: <strong>451 NOK<\/strong> eks. mva, gjelder for gods som blir levert etter avtale og hvor mottaker ikke er tilstede ved levering fra PostNord, da blir dette et tillegg for ny utkj\u00f8ring.<br \/>\nDestruksjonsavgift <strong>Norge<\/strong>: pakker inntil 35 kg \/ 250 dm3 <strong>200 NOK<\/strong> + kr 3 per kg.<br \/>\nPaller <strong>1400 NOK <\/strong>per pall + kr 3 per kg. Destruksjonspriser er inkl. mva.<br \/>\nDestruksjonsavgift <strong>USA<\/strong>: pakker inntil 35 kg \/ 250 dm3 <strong>40 USD<\/strong> + usd 1 per kg. Paller kan ikke sendes til destruksjon i USA.<br \/>\nAES filing i USA: <strong>95 USD<\/strong>\u00a0pr. gjenstand (gjelder bl.a. antikviteter som er mer enn 100 \u00e5r gamle, enkelte v\u00e5pendeler m.m.)<\/p>\n<p>Frakt til milit\u00e6r feltpost: <strong>350 NOK<\/strong> (inkl. ompakking, max 5 kg pr. kolli)<br \/>\nFrakt til Svalbard: <strong>500 NOK<\/strong> ekstra pr. kolli.<br \/>\nSpesialgods Sj\u00f8frakt (L-B-H over 240 cm): <strong>inntil 100%<\/strong> prisp\u00e5slag p\u00e5 frakten.<br \/>\nSpesialgods lengde over 120 cm: <strong>175 NOK<\/strong> prisp\u00e5slag p\u00e5 frakten(MyPack Collect).<br \/>\nSpesialgods lengde over 240 cm: <strong>695 NOK<\/strong> prisp\u00e5slag p\u00e5 frakten(MyPack Collect\/Home).<br \/>\nSpesialgods Flyfrakt (L-B over 240 cm, H over 150 cm): <strong>inntil 300%<\/strong> prisp\u00e5slag p\u00e5 frakten. Kontakt oss for pristilbud om du har spesialgods p\u00e5 fly.<br \/>\nTunggods, over 1000kg\/pall\/enhet: opp til\u00a0<strong>40%<\/strong>\u00a0prisp\u00e5slag p\u00e5 frakt.<br \/>\nLagerleie<strong>**<\/strong> normallager: <strong>100 NOK<\/strong> pr. uke pr. m<sup>3<\/sup>, min. 25 NOK<br \/>\nLagerleie<strong>**<\/strong> tollager: <strong>200 NOK<\/strong>\u00a0pr. uke pr. m<sup>3<\/sup>, min. 50\u00a0NOK<\/p>\n<p>Kj\u00f8pshjelp p\u00e5 bil, MC og annet: fra <strong>495\u00a0USD<\/strong>\u00a0og opptil<strong>\u00a0995 USD\u00a0<\/strong>&#8211; prisen kommer an p\u00e5 hvor komplisert oppdraget er, ta kontakt for mer info og tilbud.<\/p>\n<p>Avslutte Club JC medlemskap<strong>***<\/strong>: <strong>4\u00a0USD<\/strong> pr. p\u00e5begynte m\u00e5ned samt <strong>10 USD<\/strong> i administration fee. Du m\u00e5 gi oss beskjed n\u00e5r du har avsluttet medlemskapet p\u00e5 paypal (<a href=\"https:\/\/www.jetcarrier.net\/support\/staff\/index.php?\/Knowledgebase\/ViewKnowledgebase\/Article\/266\/1\">les mer her<\/a>), dette gj\u00f8res enklest p\u00e5 v\u00e5r <a href=\"https:\/\/www.jetcarrier.net\/support\/index.php?\/Tickets\/Submit\">helpdesk<\/a>.<\/p>\n<p><strong>*<\/strong> Pakker med alkoholholdig innhold krever 18 eller 20 \u00e5rs aldersgrense ved utlevering. Disse pakkene kan ogs\u00e5 kun utleveres i samme tidsrom som det er lov \u00e5 selge alkohol i butikkene. Befrakter bes\u00f8rger at reglene om utlevering overholdes. Etter at vi flyttet terminalen til Delaware i 2020 er det ikke mulig \u00e5 f\u00e5 bestilt ordre med alkoholholdig drikke til v\u00e5re nye terminal.<\/p>\n<p><strong>**<\/strong> Vanlige kunder har 7 dager fri oppbevaring p\u00e5 vanlig lager, mens Club JC medlemmer har 30 dagers fri oppbevaring p\u00e5 vanlig lager. For tollager er prisen den samme for alle kunder og det ytes ikke noen fri lagringstid. Lagerleie faktureres kun p\u00e5 hele uker. Det betyr at 1-7 dager over tiden = 1 uke, 8-14 dager = 2 uker osv.<\/p>\n<p><strong>***<\/strong> Sier du selv opp ditt Club JC medlemskap p\u00e5 PayPal innen det fornyes s\u00e5 tilkommer ikke disse avgiftene. Det er kun om du \u00f8nsker \u00e5 kansellere det etter at det er automatisk fornyet.<\/p>\n<p><strong>****<\/strong> Du m\u00e5 selv s\u00f8rge for at selgeren ordner <a href=\"http:\/\/www.ecfr.gov\/cgi-bin\/text-idx?SID=86008bdffd1fb2e79cc5df41a180750a&amp;node=22:1.0.1.13.58&amp;rgn=div5\" target=\"_blank\" rel=\"noopener noreferrer\">export license<\/a> p\u00e5 produktet og at vi mottar dette f\u00f8r pakken kommer til terminalen i USA. Har vi ikke dette n\u00e5r pakken kommer blir den sendt i retur.<\/p>\n<p><strong>****<\/strong> Vi tilbyr ingen garanti for at vi kan returnere pakker og paller som er p\u00e5 vei inn til terminalen i USA. Pakker som allerede er mottatt tilbyr vi ingen returmuligheter for, de er som regel allerede skannet inn, og pakket p\u00e5 pall for videre forsendelse til EU. Vi splitter ikke opp X antall ferdig paller for \u00e5 lete etter enkeltpakker. Paller kan vi returnere etter mottak USA, da de er enklere \u00e5 finne, men det gis ingen garantier for dette. \u00d8nsker du \u00e5 returnere en vare du har bestilt f\u00f8r vi har mottatt den, er det best \u00e5 kontakte selgeren asap slik at de kontakter innenlands befrakter i USA og ber om retur f\u00f8r pakken kommer til oss.<\/p>\n","protected":false},"excerpt":{"rendered":"<p>JetCarrier fors\u00f8ker s\u00e5 langt det er \u00f8konomisk forsvarlig \u00e5 gi en pris som er &laquo;all inclusive&raquo;. Helt vanlige pakker med &laquo;normalt&raquo; innhold til privatpersoner er som regel fri for alle tillegg som du finner p\u00e5 denne siden. Det gj\u00f8r det enkelt for : oss \u00e5 fakturere : deg \u00e5 kontrollere Det er dessverre endel unntak [&hellip;]<\/p>\n","protected":false},"author":2,"featured_media":0,"parent":46,"menu_order":5,"comment_status":"closed","ping_status":"closed","template":"","meta":{"footnotes":"","_links_to":"","_links_to_target":""},"class_list":["post-61","page","type-page","status-publish","hentry"],"_links":{"self":[{"href":"https:\/\/www.jetcarrier.com\/cms\/wp-json\/wp\/v2\/pages\/61","targetHints":{"allow":["GET"]}}],"collection":[{"href":"https:\/\/www.jetcarrier.com\/cms\/wp-json\/wp\/v2\/pages"}],"about":[{"href":"https:\/\/www.jetcarrier.com\/cms\/wp-json\/wp\/v2\/types\/page"}],"author":[{"embeddable":true,"href":"https:\/\/www.jetcarrier.com\/cms\/wp-json\/wp\/v2\/users\/2"}],"replies":[{"embeddable":true,"href":"https:\/\/www.jetcarrier.com\/cms\/wp-json\/wp\/v2\/comments?post=61"}],"version-history":[{"count":101,"href":"https:\/\/www.jetcarrier.com\/cms\/wp-json\/wp\/v2\/pages\/61\/revisions"}],"predecessor-version":[{"id":5326,"href":"https:\/\/www.jetcarrier.com\/cms\/wp-json\/wp\/v2\/pages\/61\/revisions\/5326"}],"up":[{"embeddable":true,"href":"https:\/\/www.jetcarrier.com\/cms\/wp-json\/wp\/v2\/pages\/46"}],"wp:attachment":[{"href":"https:\/\/www.jetcarrier.com\/cms\/wp-json\/wp\/v2\/media?parent=61"}],"curies":[{"name":"wp","href":"https:\/\/api.w.org\/{rel}","templated":true}]}}