{"id":48,"date":"2015-02-26T15:57:43","date_gmt":"2015-02-26T14:57:43","guid":{"rendered":"http:\/\/www.jetcarrier.com\/cms\/?page_id=48"},"modified":"2026-04-17T10:30:02","modified_gmt":"2026-04-17T09:30:02","slug":"prislister","status":"publish","type":"page","link":"https:\/\/www.jetcarrier.com\/cms\/priser\/prislister\/","title":{"rendered":"Prislister"},"content":{"rendered":"\n<p>Denne siden inneholder de fleste av v\u00e5re prislister. Det er egne tabeller for fly- og sj\u00f8frakt samt egen liste for tilleggstjenester. Mange synes at det er vanskelig \u00e5 forholde seg til b\u00e5de vekt og volum, derfor har vi lagd til en egen forklaring p\u00e5 dette <strong><span style=\"color: #ff00ff;\"><a href=\"http:\/\/www.jetcarrier.com\/cms\/priser\/vekt-og-volum\/\">her<\/a><\/span><\/strong>.<\/p>\n\n\n\n<p><strong>Flyfrakt prisliste<\/strong><\/p>\n\n\n\n<table id=\"tablepress-1\" class=\"tablepress tablepress-id-1\">\n<thead>\n<tr class=\"row-1\">\n\t<td class=\"column-1\"><\/td><td class=\"column-2\"><\/td><td class=\"column-3\"><\/td><th class=\"column-4\">NORWAY<\/th><th class=\"column-5\">SWEDEN<\/th><th class=\"column-6\">DENMARK<\/th><th class=\"column-7\">FINLAND<\/th>\n<\/tr>\n<\/thead>\n<tbody class=\"row-striping row-hover\">\n<tr class=\"row-2\">\n\t<td class=\"column-1\">Weight (kg)<\/td><td class=\"column-2\">To Weight (kg)<\/td><td class=\"column-3\">Max Volume (dm3)<\/td><td class=\"column-4\">Price NOK<\/td><td class=\"column-5\">Price SEK<\/td><td class=\"column-6\">Price DKK<\/td><td class=\"column-7\">Price EUR<\/td>\n<\/tr>\n<tr class=\"row-3\">\n\t<td class=\"column-1\">0<\/td><td class=\"column-2\">3<\/td><td class=\"column-3\">13,5<\/td><td class=\"column-4\"><a href=\"https:\/\/www.jetcarrier.com\/cms\/tjenester\/club-jc\/brevpakke\/\">149**<\/a><\/td><td class=\"column-5\"><a href=\"https:\/\/www.jetcarrier.com\/cms\/wp-admin\/post.php?post=1244&amp;action=edit&amp;lang=sv\">149**<\/a><\/td><td class=\"column-6\">Not available<\/td><td class=\"column-7\">Not available<\/td>\n<\/tr>\n<tr class=\"row-4\">\n\t<td class=\"column-1\">0<\/td><td class=\"column-2\">1<\/td><td class=\"column-3\">4,5<\/td><td class=\"column-4\">215<\/td><td class=\"column-5\">215<\/td><td class=\"column-6\">175<\/td><td class=\"column-7\">24<\/td>\n<\/tr>\n<tr class=\"row-5\">\n\t<td class=\"column-1\">1<\/td><td class=\"column-2\">2<\/td><td class=\"column-3\">9<\/td><td class=\"column-4\">325<\/td><td class=\"column-5\">325<\/td><td class=\"column-6\">269<\/td><td class=\"column-7\">32<\/td>\n<\/tr>\n<tr class=\"row-6\">\n\t<td class=\"column-1\">2<\/td><td class=\"column-2\">3<\/td><td class=\"column-3\">13,5<\/td><td class=\"column-4\">395<\/td><td class=\"column-5\">395<\/td><td class=\"column-6\">319<\/td><td class=\"column-7\">42<\/td>\n<\/tr>\n<tr class=\"row-7\">\n\t<td class=\"column-1\">3<\/td><td class=\"column-2\">4<\/td><td class=\"column-3\">18<\/td><td class=\"column-4\">450<\/td><td class=\"column-5\">450<\/td><td class=\"column-6\">369<\/td><td class=\"column-7\">49<\/td>\n<\/tr>\n<tr class=\"row-8\">\n\t<td class=\"column-1\">4<\/td><td class=\"column-2\">5<\/td><td class=\"column-3\">22,5<\/td><td class=\"column-4\">495<\/td><td class=\"column-5\">495<\/td><td class=\"column-6\">412<\/td><td class=\"column-7\">57<\/td>\n<\/tr>\n<tr class=\"row-9\">\n\t<td class=\"column-1\">5<\/td><td class=\"column-2\">7<\/td><td class=\"column-3\">31,5<\/td><td class=\"column-4\">575<\/td><td class=\"column-5\">575<\/td><td class=\"column-6\">525<\/td><td class=\"column-7\">64<\/td>\n<\/tr>\n<tr class=\"row-10\">\n\t<td class=\"column-1\">7<\/td><td class=\"column-2\">10<\/td><td class=\"column-3\">45<\/td><td class=\"column-4\">680<\/td><td class=\"column-5\">680<\/td><td class=\"column-6\">599<\/td><td class=\"column-7\">72<\/td>\n<\/tr>\n<tr class=\"row-11\">\n\t<td class=\"column-1\">10<\/td><td class=\"column-2\">12<\/td><td class=\"column-3\">54<\/td><td class=\"column-4\">820<\/td><td class=\"column-5\">820<\/td><td class=\"column-6\">725<\/td><td class=\"column-7\">86<\/td>\n<\/tr>\n<tr class=\"row-12\">\n\t<td class=\"column-1\">12<\/td><td class=\"column-2\">15<\/td><td class=\"column-3\">67,5<\/td><td class=\"column-4\">1010<\/td><td class=\"column-5\">1010<\/td><td class=\"column-6\">820<\/td><td class=\"column-7\">99<\/td>\n<\/tr>\n<tr class=\"row-13\">\n\t<td class=\"column-1\">15<\/td><td class=\"column-2\">20<\/td><td class=\"column-3\">90<\/td><td class=\"column-4\">1150<\/td><td class=\"column-5\">1150<\/td><td class=\"column-6\">965<\/td><td class=\"column-7\">110<\/td>\n<\/tr>\n<tr class=\"row-14\">\n\t<td class=\"column-1\">20<\/td><td class=\"column-2\">25<\/td><td class=\"column-3\">112,5<\/td><td class=\"column-4\">1290<\/td><td class=\"column-5\">1290<\/td><td class=\"column-6\">1110<\/td><td class=\"column-7\">128<\/td>\n<\/tr>\n<tr class=\"row-15\">\n\t<td class=\"column-1\">25<\/td><td class=\"column-2\">30<\/td><td class=\"column-3\">135<\/td><td class=\"column-4\">1480<\/td><td class=\"column-5\">1480<\/td><td class=\"column-6\">1199<\/td><td class=\"column-7\">138<\/td>\n<\/tr>\n<tr class=\"row-16\">\n\t<td class=\"column-1\">30<\/td><td class=\"column-2\">35<\/td><td class=\"column-3\">157,5<\/td><td class=\"column-4\">1690<\/td><td class=\"column-5\">1690<\/td><td class=\"column-6\">1300<\/td><td class=\"column-7\">149<\/td>\n<\/tr>\n<tr class=\"row-17\">\n\t<td class=\"column-1\">35+ *<\/td><td class=\"column-2\">100 000 *<\/td><td class=\"column-3\">4,5 *<\/td><td class=\"column-4\">47 *<\/td><td class=\"column-5\">47 *<\/td><td class=\"column-6\">39 *<\/td><td class=\"column-7\">5 *<br \/>\n<\/td>\n<\/tr>\n<\/tbody>\n<\/table>\n<!-- #tablepress-1 from cache -->\n\n\n<p>* The price is per kg\/4,5 dm3 above 35 kg, whichever is the largest.<br>** The 149 NOK\/SEK parcel is only available in Norway and Sweden for Club JC members.<\/p>\n\n\n\n<p><strong><b>Informasjon flyfrakt<\/b><br><\/strong>Vi opererer med en&nbsp;&nbsp;vekt\/volumberegning. Her&nbsp;brukes faktoren 4,5. Dette betyr at pakken din kan ha 4,5 ganger s\u00e5 stort volum som vekt. Overstiges dette blir fraktprisen&nbsp;beregnet etter volum.<br><em>Eksempel: en pakke veier 10 kg og er p\u00e5 50 liter, da vil den bli betraktet som en 11 kilos pakke (50 \/ 4,5 = 11,11).<br>Mer info om flyfrakt finner du&nbsp;<a href=\"http:\/\/www.jetcarrier.com\/cms\/tjenester\/flyfrakt\/\">her<\/a>.<br><\/em><\/p>\n\n\n\n<p><strong>Sj\u00f8frakt prisliste<\/strong><\/p>\n\n\n\n<table id=\"tablepress-2\" class=\"tablepress tablepress-id-2\">\n<thead>\n<tr class=\"row-1\">\n\t<td class=\"column-1\"><\/td><td class=\"column-2\"><\/td><td class=\"column-3\"><\/td><th class=\"column-4\">NORWAY<\/th><th class=\"column-5\">SWEDEN<\/th><th class=\"column-6\">DENMARK<\/th><th class=\"column-7\">FINLAND<\/th>\n<\/tr>\n<\/thead>\n<tbody class=\"row-striping row-hover\">\n<tr class=\"row-2\">\n\t<td class=\"column-1\">Weight (kg)<\/td><td class=\"column-2\">To Weight (kg)<\/td><td class=\"column-3\">Max Volume (dm3)<\/td><td class=\"column-4\">Price NOK<\/td><td class=\"column-5\">Price SEK<\/td><td class=\"column-6\">Price DKK<\/td><td class=\"column-7\">Price EUR<\/td>\n<\/tr>\n<tr class=\"row-3\">\n\t<td class=\"column-1\">0<\/td><td class=\"column-2\">3<\/td><td class=\"column-3\">13,5<\/td><td class=\"column-4\"><a href=\"https:\/\/www.jetcarrier.com\/cms\/tjenester\/club-jc\/brevpakke\/\">149****<\/a><\/td><td class=\"column-5\"><a href=\"https:\/\/www.jetcarrier.com\/cms\/wp-admin\/post.php?post=1244&amp;action=edit&amp;lang=sv\">149****<\/a><\/td><td class=\"column-6\">Not available<\/td><td class=\"column-7\">Not available<\/td>\n<\/tr>\n<tr class=\"row-4\">\n\t<td class=\"column-1\">0<\/td><td class=\"column-2\">1<\/td><td class=\"column-3\">10<\/td><td class=\"column-4\">210 *<\/td><td class=\"column-5\">210 *<\/td><td class=\"column-6\">190 *<\/td><td class=\"column-7\">20 *<\/td>\n<\/tr>\n<tr class=\"row-5\">\n\t<td class=\"column-1\">1<\/td><td class=\"column-2\">2<\/td><td class=\"column-3\">20<\/td><td class=\"column-4\">280 *<\/td><td class=\"column-5\">280 *<\/td><td class=\"column-6\">250 *<\/td><td class=\"column-7\">25 *<\/td>\n<\/tr>\n<tr class=\"row-6\">\n\t<td class=\"column-1\">2<\/td><td class=\"column-2\">5<\/td><td class=\"column-3\">50<\/td><td class=\"column-4\">330 *<\/td><td class=\"column-5\">330 *<\/td><td class=\"column-6\">280 *<\/td><td class=\"column-7\">28 *<\/td>\n<\/tr>\n<tr class=\"row-7\">\n\t<td class=\"column-1\">5<\/td><td class=\"column-2\">25<\/td><td class=\"column-3\">100<\/td><td class=\"column-4\">399 **<\/td><td class=\"column-5\">399 **<\/td><td class=\"column-6\">350 **<\/td><td class=\"column-7\">35 **<\/td>\n<\/tr>\n<tr class=\"row-8\">\n\t<td class=\"column-1\">25<\/td><td class=\"column-2\">50<\/td><td class=\"column-3\">125<\/td><td class=\"column-4\">470 **<\/td><td class=\"column-5\">470 **<\/td><td class=\"column-6\">432 **<\/td><td class=\"column-7\">43 **<\/td>\n<\/tr>\n<tr class=\"row-9\">\n\t<td class=\"column-1\">50<\/td><td class=\"column-2\">75<\/td><td class=\"column-3\">150<\/td><td class=\"column-4\">567 **<\/td><td class=\"column-5\">567 **<\/td><td class=\"column-6\">490 **<\/td><td class=\"column-7\">49 **<\/td>\n<\/tr>\n<tr class=\"row-10\">\n\t<td class=\"column-1\">75<\/td><td class=\"column-2\">100<\/td><td class=\"column-3\">175<\/td><td class=\"column-4\">630 **<\/td><td class=\"column-5\">630 **<\/td><td class=\"column-6\">540 **<\/td><td class=\"column-7\">54 **<\/td>\n<\/tr>\n<tr class=\"row-11\">\n\t<td class=\"column-1\">100<\/td><td class=\"column-2\">200<\/td><td class=\"column-3\">200<\/td><td class=\"column-4\">905 **<\/td><td class=\"column-5\">905 **<\/td><td class=\"column-6\">770 **<\/td><td class=\"column-7\">77 **<\/td>\n<\/tr>\n<tr class=\"row-12\">\n\t<td class=\"column-1\">200<\/td><td class=\"column-2\">250<\/td><td class=\"column-3\">250<\/td><td class=\"column-4\">1060 **<\/td><td class=\"column-5\">1060 **<\/td><td class=\"column-6\">940 **<\/td><td class=\"column-7\">92 **<\/td>\n<\/tr>\n<tr class=\"row-13\">\n\t<td class=\"column-1\">250<\/td><td class=\"column-2\">300<\/td><td class=\"column-3\">300<\/td><td class=\"column-4\">1242 **<\/td><td class=\"column-5\">1242 **<\/td><td class=\"column-6\">1026 **<\/td><td class=\"column-7\">99 **<\/td>\n<\/tr>\n<tr class=\"row-14\">\n\t<td class=\"column-1\">300<\/td><td class=\"column-2\">500<\/td><td class=\"column-3\">500<\/td><td class=\"column-4\">3 ***<\/td><td class=\"column-5\">3 ***<\/td><td class=\"column-6\">2,8 ***<\/td><td class=\"column-7\">0,3 ***<\/td>\n<\/tr>\n<tr class=\"row-15\">\n\t<td class=\"column-1\">500<\/td><td class=\"column-2\">1000<\/td><td class=\"column-3\">1000<\/td><td class=\"column-4\">2,9<\/td><td class=\"column-5\">2,9<\/td><td class=\"column-6\">2,7<\/td><td class=\"column-7\">0,29<\/td>\n<\/tr>\n<tr class=\"row-16\">\n\t<td class=\"column-1\">1000<\/td><td class=\"column-2\">1500<\/td><td class=\"column-3\">1500<\/td><td class=\"column-4\">2,7<\/td><td class=\"column-5\">2,7<\/td><td class=\"column-6\">2,5<\/td><td class=\"column-7\">0,27<\/td>\n<\/tr>\n<tr class=\"row-17\">\n\t<td class=\"column-1\">1500<\/td><td class=\"column-2\">2000<\/td><td class=\"column-3\">2000<\/td><td class=\"column-4\">2,5<\/td><td class=\"column-5\">2,5<\/td><td class=\"column-6\">2,3<\/td><td class=\"column-7\">0,25<\/td>\n<\/tr>\n<tr class=\"row-18\">\n\t<td class=\"column-1\">2000<\/td><td class=\"column-2\">3000<\/td><td class=\"column-3\">3000<\/td><td class=\"column-4\">2,3<\/td><td class=\"column-5\">2,3<\/td><td class=\"column-6\">2,1<\/td><td class=\"column-7\">0,23<\/td>\n<\/tr>\n<tr class=\"row-19\">\n\t<td class=\"column-1\">3000<\/td><td class=\"column-2\">5000<\/td><td class=\"column-3\">5000<\/td><td class=\"column-4\">2,1<\/td><td class=\"column-5\">2,1<\/td><td class=\"column-6\">1,9<\/td><td class=\"column-7\">0,22<\/td>\n<\/tr>\n<tr class=\"row-20\">\n\t<td class=\"column-1\">5000<\/td><td class=\"column-2\">7500<\/td><td class=\"column-3\">7500<\/td><td class=\"column-4\">2<\/td><td class=\"column-5\">2<\/td><td class=\"column-6\">1,8<\/td><td class=\"column-7\">0,21<\/td>\n<\/tr>\n<tr class=\"row-21\">\n\t<td class=\"column-1\">7500<\/td><td class=\"column-2\">10000<\/td><td class=\"column-3\">10000<\/td><td class=\"column-4\">1,9<\/td><td class=\"column-5\">1,9<\/td><td class=\"column-6\">1,6<\/td><td class=\"column-7\">0,19<\/td>\n<\/tr>\n<tr class=\"row-22\">\n\t<td class=\"column-1\">10000<\/td><td class=\"column-2\">20000<\/td><td class=\"column-3\">20000<\/td><td class=\"column-4\">1,7<\/td><td class=\"column-5\">1,7<\/td><td class=\"column-6\">1,5<\/td><td class=\"column-7\">0,17<\/td>\n<\/tr>\n<tr class=\"row-23\">\n\t<td class=\"column-1\">20000<\/td><td class=\"column-2\">50000<\/td><td class=\"column-3\">50000<\/td><td class=\"column-4\">1,6<\/td><td class=\"column-5\">1,6<\/td><td class=\"column-6\">1,3<\/td><td class=\"column-7\">0,14<\/td>\n<\/tr>\n<tr class=\"row-24\">\n\t<td class=\"column-1\">50000<\/td><td class=\"column-2\">100000<\/td><td class=\"column-3\">100000<\/td><td class=\"column-4\">1,5<\/td><td class=\"column-5\">1,5<\/td><td class=\"column-6\">1,3<\/td><td class=\"column-7\">0,13<\/td>\n<\/tr>\n<\/tbody>\n<\/table>\n<!-- #tablepress-2 from cache -->\n\n\n<p>* Inland rate included.<br>** Fixed rate intervals<br>*** from 300kg\/300dm3 price per kg\/dm3 whichever is largest.<br>**** The 149 NOK\/SEK parcel is only available in Norway and Sweden for Club JC members.<\/p>\n\n\n\n<p><b>Informasjon sj\u00f8frakt<br><\/b>Sj\u00f8ratene i tabellen er til Halden, Norge. Du vil f\u00e5 pris p\u00e5 frakt helt hjem til deg n\u00e5r vi har f\u00e5tt veid og m\u00e5lt varene dine. Om du har egen transport\u00f8r kan godset st\u00e5 7 dager p\u00e5 terminalen f\u00f8r ukesleie p\u00e5l\u00f8per.<br><br>1) De tre minste sj\u00f8produktene (maks 5 kilo \/ 50 dm3) er inkl levering til ditt postkontor og gjelder kun ved ett enkelt kolli. <br>Pakken din kan fortsatt f\u00e5 tillegg som ikke er inkludert i prisen (f.eks. hvis den er over 120 cm). Se v\u00e5r prisliste for tilleggstjenester for komplett oversikt.<br>** Pakkeproduktet til 99 kroner gjelder kun pakker som kvalifiserer til&nbsp;<a href=\"http:\/\/www.jetcarrier.com\/cms\/tjenester\/club-jc\/brevpakke\/\">Brevpakke&nbsp;<\/a>produktet v\u00e5rt.<\/p>\n\n\n\n<p>Faktor for vekt og volum er 1 til 1, og for \u00e5 finne prisen p\u00e5 en sending m\u00e5 du vite vekt og volum p\u00e5 sendingen din. Det st\u00f8rste tallet vil v\u00e6re avgj\u00f8rende for prisen.<br>Mer info om sj\u00f8frakt finner du&nbsp;<a href=\"http:\/\/www.jetcarrier.com\/cms\/tjenester\/sjofrakt\/\">her<\/a>.<\/p>\n\n\n\n<p><strong>Pris pr. ekstra kolli og for &laquo;lange&raquo; pakker.<\/strong><br>Vi har et fast tillegg p\u00e5 65 NOK pr. ekstra kolli du mottar i l\u00f8pet av samme forsendelse (batch). Tillegget er likt for b\u00e5de fly og sj\u00f8. Tillegget dekker registrering og h\u00e5ndtering.<br>Pakker med en side over 120 cm kan f\u00e5 et pristillegg, <a href=\"http:\/\/www.jetcarrier.com\/cms\/priser\/prisliste-tilleggstjenester\/\">sjekk her for mer info<\/a>.<\/p>\n\n\n\n<p><strong>Fordeler ved samfakturering<\/strong><br>Alle pakker du mottar innefor samme forsendelse (batch) faktureres samlet. Vi skiller p\u00e5 fly- og sj\u00f8batcher, disse faktureres selvf\u00f8lgelig separat fra hverandre.&nbsp;Vi beregner da en samlet vekt\/volum for alle dine pakker, og det er den prisen du skal betale i frakt. For deg som kunde s\u00e5 er dette en stor fordel hvis du klarer \u00e5 samle flest mulig pakker i samme sending.<\/p>\n\n\n\n<p><em>Eksempel:<\/em> <em>du mottar 3 pakker i samme flysending. Pakke 1 er p\u00e5 1 kg\/4,5 dm3, pakke 2 er p\u00e5 5 kg\/40 dm3 og pakke 3 er p\u00e5 9 kg\/65 dm3. Av tabellen ser vi at pakkene hver for seg skulle ha&nbsp;kostet:<\/em><br><em>Pakke 1: 198 nok<\/em><br><em>Pakke 2: 580 nok<\/em><br><em>Pakke 3: 855 nok<\/em><br><em>Totalt: 1633 NOK<\/em><br><em>Her beregner vi i steden alle de 3 pakkene samlet og da blir totalvekt\/volum 15 kg \/ 109,5 dm3. Av tabellen ser vi at volumet er st\u00f8rst og totalprisen for disse 3 pakkene blir i steden 1140 NOK + to ganger 65 NOK i kolliavgift, Total 1270 NOK. <strong>En besparelse p\u00e5 ca 25%!<\/strong><\/em><\/p>\n\n\n\n<p><\/p>\n","protected":false},"excerpt":{"rendered":"<p>Denne siden inneholder de fleste av v\u00e5re prislister. Det er egne tabeller for fly- og sj\u00f8frakt samt egen liste for tilleggstjenester. Mange synes at det er vanskelig \u00e5 forholde seg til b\u00e5de vekt og volum, derfor har vi lagd til en egen forklaring p\u00e5 dette her. Flyfrakt prisliste * The price is per kg\/4,5 dm3 [&hellip;]<\/p>\n","protected":false},"author":2,"featured_media":0,"parent":46,"menu_order":1,"comment_status":"closed","ping_status":"closed","template":"","meta":{"footnotes":"","_links_to":"","_links_to_target":""},"class_list":["post-48","page","type-page","status-publish","hentry"],"_links":{"self":[{"href":"https:\/\/www.jetcarrier.com\/cms\/wp-json\/wp\/v2\/pages\/48","targetHints":{"allow":["GET"]}}],"collection":[{"href":"https:\/\/www.jetcarrier.com\/cms\/wp-json\/wp\/v2\/pages"}],"about":[{"href":"https:\/\/www.jetcarrier.com\/cms\/wp-json\/wp\/v2\/types\/page"}],"author":[{"embeddable":true,"href":"https:\/\/www.jetcarrier.com\/cms\/wp-json\/wp\/v2\/users\/2"}],"replies":[{"embeddable":true,"href":"https:\/\/www.jetcarrier.com\/cms\/wp-json\/wp\/v2\/comments?post=48"}],"version-history":[{"count":58,"href":"https:\/\/www.jetcarrier.com\/cms\/wp-json\/wp\/v2\/pages\/48\/revisions"}],"predecessor-version":[{"id":5345,"href":"https:\/\/www.jetcarrier.com\/cms\/wp-json\/wp\/v2\/pages\/48\/revisions\/5345"}],"up":[{"embeddable":true,"href":"https:\/\/www.jetcarrier.com\/cms\/wp-json\/wp\/v2\/pages\/46"}],"wp:attachment":[{"href":"https:\/\/www.jetcarrier.com\/cms\/wp-json\/wp\/v2\/media?parent=48"}],"curies":[{"name":"wp","href":"https:\/\/api.w.org\/{rel}","templated":true}]}}