{"id":46,"date":"2015-02-26T14:57:06","date_gmt":"2015-02-26T13:57:06","guid":{"rendered":"http:\/\/www.jetcarrier.com\/cms\/?page_id=46"},"modified":"2016-04-15T09:51:11","modified_gmt":"2016-04-15T08:51:11","slug":"priser","status":"publish","type":"page","link":"https:\/\/www.jetcarrier.com\/cms\/priser\/","title":{"rendered":"Priser &#038; vilk\u00e5r"},"content":{"rendered":"<p>P\u00e5 disse sidene vil du finne mer informasjon om priser og vilk\u00e5r. Du vil ogs\u00e5 finne fraktkalkulatorer og andre hjelpemidler. Velg fra menyen eller klikk p\u00e5 linkene nedenfor.<\/p>\n<p><a title=\"Prislister\" href=\"http:\/\/www.jetcarrier.com\/cms\/?page_id=48\">Prislister <\/a>&#8211; <a title=\"Prisliste tilleggstjenester\" href=\"http:\/\/www.jetcarrier.com\/cms\/?page_id=61\">Prislister tilleggstjenester<\/a> &#8211; <a title=\"Vekt og volum?\" href=\"http:\/\/www.jetcarrier.com\/cms\/?page_id=72\">Vekt og volum<\/a> &#8211; <a title=\"Vilk\u00e5r\" href=\"http:\/\/www.jetcarrier.com\/cms\/?page_id=111\">Vilk\u00e5r<\/a><\/p>\n","protected":false},"excerpt":{"rendered":"<p>P\u00e5 disse sidene vil du finne mer informasjon om priser og vilk\u00e5r. Du vil ogs\u00e5 finne fraktkalkulatorer og andre hjelpemidler. Velg fra menyen eller klikk p\u00e5 linkene nedenfor. Prislister &#8211; Prislister tilleggstjenester &#8211; Vekt og volum &#8211; Vilk\u00e5r<\/p>\n","protected":false},"author":2,"featured_media":0,"parent":0,"menu_order":2,"comment_status":"closed","ping_status":"closed","template":"","meta":{"footnotes":"","_links_to":"","_links_to_target":""},"class_list":["post-46","page","type-page","status-publish","hentry"],"_links":{"self":[{"href":"https:\/\/www.jetcarrier.com\/cms\/wp-json\/wp\/v2\/pages\/46","targetHints":{"allow":["GET"]}}],"collection":[{"href":"https:\/\/www.jetcarrier.com\/cms\/wp-json\/wp\/v2\/pages"}],"about":[{"href":"https:\/\/www.jetcarrier.com\/cms\/wp-json\/wp\/v2\/types\/page"}],"author":[{"embeddable":true,"href":"https:\/\/www.jetcarrier.com\/cms\/wp-json\/wp\/v2\/users\/2"}],"replies":[{"embeddable":true,"href":"https:\/\/www.jetcarrier.com\/cms\/wp-json\/wp\/v2\/comments?post=46"}],"version-history":[{"count":4,"href":"https:\/\/www.jetcarrier.com\/cms\/wp-json\/wp\/v2\/pages\/46\/revisions"}],"predecessor-version":[{"id":319,"href":"https:\/\/www.jetcarrier.com\/cms\/wp-json\/wp\/v2\/pages\/46\/revisions\/319"}],"wp:attachment":[{"href":"https:\/\/www.jetcarrier.com\/cms\/wp-json\/wp\/v2\/media?parent=46"}],"curies":[{"name":"wp","href":"https:\/\/api.w.org\/{rel}","templated":true}]}}