{"id":38,"date":"2015-02-26T14:41:14","date_gmt":"2015-02-26T13:41:14","guid":{"rendered":"http:\/\/www.jetcarrier.com\/cms\/?page_id=38"},"modified":"2026-03-05T08:36:15","modified_gmt":"2026-03-05T07:36:15","slug":"mc-frakt","status":"publish","type":"page","link":"https:\/\/www.jetcarrier.com\/cms\/tjenester\/mc-frakt\/","title":{"rendered":"MC frakt"},"content":{"rendered":"<p>Det er gode penger \u00e5 spare p\u00e5 \u00e5 importere din egen MC fra USA og spesiellt gode &laquo;dealer&raquo; p\u00e5 Harley Davidson sykler da disse er produsert i USA. I tillegg kan du finne akkurat den unike MC-en som kanskje bare du kommer til \u00e5 ha i Norge.<\/p>\n<p><strong>Hva kan vi hjelpe deg med?<\/strong><br \/>\nOpphenting av MC i 48 stater (ikke Alaska eller Hawai).<br \/>\nEksport arbeidet med \u00e5 f\u00e5 klarert MC ut av USA.<br \/>\nCrating av MC p\u00e5 oversj\u00f8isk frakt.<\/p>\n<p>Vi kan ogs\u00e5 tilby kj\u00f8ps- og betalingshjelp p\u00e5\u00a0MC slik at du ikke trenger \u00e5 organisere dette selv. Dette er en ekstratjeneste og priser finner du <a href=\"http:\/\/www.jetcarrier.com\/cms\/priser\/prisliste-tilleggstjenester\/\">her<\/a>.<\/p>\n<p><img loading=\"lazy\" decoding=\"async\" class=\"alignnone wp-image-151 size-full\" src=\"http:\/\/www.jetcarrier.com\/cms\/wp-content\/uploads\/2015\/02\/building-a-crate.jpg\" alt=\"building-a-crate\" width=\"800\" height=\"131\" srcset=\"https:\/\/www.jetcarrier.com\/cms\/wp-content\/uploads\/2015\/02\/building-a-crate.jpg 800w, https:\/\/www.jetcarrier.com\/cms\/wp-content\/uploads\/2015\/02\/building-a-crate-300x49.jpg 300w, https:\/\/www.jetcarrier.com\/cms\/wp-content\/uploads\/2015\/02\/building-a-crate-624x102.jpg 624w\" sizes=\"auto, (max-width: 800px) 100vw, 800px\" \/><\/p>\n<p>Alle MCer med 2 hjul har en fastpris p\u00e5 sj\u00f8frakt til <strong>NOK 15 000 inklusive crating<\/strong>.<br \/>\nVi sender <strong>ikke<\/strong> MCer som ikke er cratet.<\/p>\n<p>Prisen er fast og gjelder for MC opp til standard Harley Davidson st\u00f8rrelse, f.eks. HD Fatboy. Prisen forutsetter at bensintanken er tom og batteriet er frakoblet.<br \/>\nPris for t\u00f8mming av bensin og frakobling av batteri tilkommer med <strong>NOK 2500<\/strong> om ikke selger har ordnet dette ved opphenting eller levering.<\/p>\n<p>Alle MCer m\u00e5 &laquo;crates&raquo; ved sj\u00f8frakt, med &laquo;crating&raquo; mener vi at det bygges en kasse rundt MC-en for \u00e5 hindre at den kan velte eller at annet gods kan skade den under frakt. Kommer ikke sykkelen ferdig cratet s\u00e5 er dette en tjeneste vi utf\u00f8rer i USA.<br \/>\nDenne tilleggstjenesten blir fakturert av JetCarrier INC i USA, pris finner du <a href=\"https:\/\/www.jetcarrier.com\/cms\/priser\/prisliste-tilleggstjenester\/\">her<\/a>.<\/p>\n<p><strong>Viktige dokumenter ved export<\/strong><br \/>\nF\u00f8lgende dokumenter m\u00e5 v\u00e6re p\u00e5 plass f\u00f8r vi kan exportere MC ut av USA. Mangler vi en eller flere dokumenter m\u00e5 MC st\u00e5 p\u00e5 lager inntil dette er p\u00e5 plass. Mottatt MC kan fritt st\u00e5 p\u00e5 lager i USA inntil 14 dager i p\u00e5vente av at dokumenter kommer inn, etter 14 dager p\u00e5l\u00f8per det lagerleie iht. prislisten v\u00e5r.<br \/>\n\u2022 Original title. Eiernavnet p\u00e5 title m\u00e5 v\u00e6re det samme som selgeren p\u00e5 bill of sale. Kopi av title kan ikke brukes.<br \/>\n\u2022 Bill of sale (BOS) m\u00e5 v\u00e6re dataskrevet, og m\u00e5 i tillegg v\u00e6re <a href=\"https:\/\/en.wikipedia.org\/wiki\/Notary_public\">notarized<\/a>.\u00a0Har ikke selgeren dette, s\u00e5 kan du laste ned en du kan bruke <a href=\"http:\/\/www.dmv.org\/images\/bill-of-sale.pdf\" target=\"_blank\" rel=\"noopener noreferrer\">her<\/a>.<br \/>\n\u2022 Dokumentasjon p\u00e5 pengeoverf\u00f8ringen. Bankutskrift, PayPal utskrift eller lignende. Har du f\u00f8rst betalt depositum og deretter en bankoverf\u00f8ring trenger vi begge.<br \/>\n\u2022 Power of attorney m\u00e5 fylles ut og sendes til oss, sammen med en kopi av den siden i passet ditt som identifiserer deg. Klikk her for \u00e5 laste ned v\u00e5r <a href=\"http:\/\/www.jetcarrier.com\/cms\/wp-content\/uploads\/2018\/06\/JC-POA.pdf\">power of attorney<\/a>.<\/p>\n<p><strong>OBS!<\/strong> grunnet eksport- og dokumentasjonsmengden som skal redegj\u00f8res for hver eneste eksport av MC og lignende kj\u00f8ret\u00f8y s\u00e5 m\u00e5 det p\u00e5regnes <strong>10-18 uker total frakttid<\/strong> fra kj\u00f8ret\u00f8yet ankommer terminalen i USA. Ofte sitter amerikanske tollmyndigheter p\u00e5 papirene i 3-4 uker.<\/p>\n<p><strong>Opphenting av MC<\/strong><br \/>\n<a href=\"https:\/\/www.jetcarrier.net\/support\/index.php?\/Tickets\/Submit\">Kontakt oss for et tilbud<\/a> p\u00e5 opphenting av MC, vi trenger \u00e5 vite hvor MC st\u00e5r (adresse og ZIP kode) for \u00e5 gi deg en pris p\u00e5 opphentingen. Det kan\u00a0i enkelte tilfeller tilkomme ekstra kostnader vi ikke har kontroll p\u00e5 ved innhenting av pristilbudet, men da kun hvis MC-en vise seg \u00e5 v\u00e6re vanskelig \u00e5 f\u00e5 flyttet p\u00e5, eller hvis opphentingsplassen er langt utenfor normale transportruter, tilleggskostander blir da etterfakturert. <strong>NB!<\/strong> pristilbudet du f\u00e5r gjelder for MC-er med hjulbase opptil 270 cm (se tegning).<\/p>\n<p><a href=\"http:\/\/www.jetcarrier.com\/cms\/wp-content\/uploads\/2015\/06\/wheelbase-MC.jpg\"><img loading=\"lazy\" decoding=\"async\" class=\"alignleft size-full wp-image-791\" src=\"http:\/\/www.jetcarrier.com\/cms\/wp-content\/uploads\/2015\/06\/wheelbase-MC.jpg\" alt=\"wheelbase-MC\" width=\"372\" height=\"227\" srcset=\"https:\/\/www.jetcarrier.com\/cms\/wp-content\/uploads\/2015\/06\/wheelbase-MC.jpg 372w, https:\/\/www.jetcarrier.com\/cms\/wp-content\/uploads\/2015\/06\/wheelbase-MC-300x183.jpg 300w\" sizes=\"auto, (max-width: 372px) 100vw, 372px\" \/><\/a><\/p>\n","protected":false},"excerpt":{"rendered":"<p>Det er gode penger \u00e5 spare p\u00e5 \u00e5 importere din egen MC fra USA og spesiellt gode &laquo;dealer&raquo; p\u00e5 Harley Davidson sykler da disse er produsert i USA. I tillegg kan du finne akkurat den unike MC-en som kanskje bare du kommer til \u00e5 ha i Norge. Hva kan vi hjelpe deg med? Opphenting av [&hellip;]<\/p>\n","protected":false},"author":2,"featured_media":0,"parent":14,"menu_order":6,"comment_status":"closed","ping_status":"closed","template":"","meta":{"footnotes":"","_links_to":"","_links_to_target":""},"class_list":["post-38","page","type-page","status-publish","hentry"],"_links":{"self":[{"href":"https:\/\/www.jetcarrier.com\/cms\/wp-json\/wp\/v2\/pages\/38","targetHints":{"allow":["GET"]}}],"collection":[{"href":"https:\/\/www.jetcarrier.com\/cms\/wp-json\/wp\/v2\/pages"}],"about":[{"href":"https:\/\/www.jetcarrier.com\/cms\/wp-json\/wp\/v2\/types\/page"}],"author":[{"embeddable":true,"href":"https:\/\/www.jetcarrier.com\/cms\/wp-json\/wp\/v2\/users\/2"}],"replies":[{"embeddable":true,"href":"https:\/\/www.jetcarrier.com\/cms\/wp-json\/wp\/v2\/comments?post=38"}],"version-history":[{"count":31,"href":"https:\/\/www.jetcarrier.com\/cms\/wp-json\/wp\/v2\/pages\/38\/revisions"}],"predecessor-version":[{"id":5313,"href":"https:\/\/www.jetcarrier.com\/cms\/wp-json\/wp\/v2\/pages\/38\/revisions\/5313"}],"up":[{"embeddable":true,"href":"https:\/\/www.jetcarrier.com\/cms\/wp-json\/wp\/v2\/pages\/14"}],"wp:attachment":[{"href":"https:\/\/www.jetcarrier.com\/cms\/wp-json\/wp\/v2\/media?parent=38"}],"curies":[{"name":"wp","href":"https:\/\/api.w.org\/{rel}","templated":true}]}}