{"id":34,"date":"2015-02-26T14:30:48","date_gmt":"2015-02-26T13:30:48","guid":{"rendered":"http:\/\/www.jetcarrier.com\/cms\/?page_id=34"},"modified":"2025-08-04T19:42:22","modified_gmt":"2025-08-04T18:42:22","slug":"bilfrakt","status":"publish","type":"page","link":"https:\/\/www.jetcarrier.com\/cms\/tjenester\/bilfrakt\/","title":{"rendered":"Bilfrakt"},"content":{"rendered":"<div class=\"upHeadline\"><strong>BILFRAKT FRA USA<\/strong><\/div>\n<p>Vi har over 30 \u00e5rs erfaring med import av kj\u00f8ret\u00f8y fra USA, vi kan hente biler i hele USA og benytter flere underleverand\u00f8rer for \u00e5 sikre rask og effektiv frakt. Bilene g\u00e5r ut fra n\u00e6rmeste havn, men jo n\u00e6rmere \u00f8stkysten du finner bilen du vil ha, jo rimligere og hurtigere er sj\u00f8frakten. Bilen din ankommer Drammen havn i Norge og du m\u00e5 enten hente den der eller be om tilbud for videre transport innad i Norge.<\/p>\n<p>Vi har en ogs\u00e5 &laquo;minisite&raquo; som omhandler frakt av Bil, den finner du <a href=\"https:\/\/cars.jetcarrier.com\" target=\"_blank\" rel=\"noopener noreferrer\">her<\/a>.<\/p>\n<p><span style=\"text-decoration: underline;\">Hva hjelper vi deg med?<\/span><br \/>\nOpphenting innenfor 48 stater (ikke Alaska eller Hawai) og levering til n\u00e6rmeste havn vi benytter.<\/p>\n<p>Eksport klarering av bil ut av USA.<br \/>\nRo-ro frakt til Drammen eller G\u00f8teborg for EU kunder<br \/>\nContainerfrakt av elbiler til Oslo.<br \/>\nFast avtalt pris.<br \/>\nTilleggsforsikring<\/p>\n<p><strong>Viktige dokumenter ved export<\/strong><br \/>\nF\u00f8lgende dokumenter m\u00e5 v\u00e6re p\u00e5 plass f\u00f8r vi kan eksportere en bil ut av USA. Mangler vi en eller flere dokumenter m\u00e5 bilen st\u00e5 p\u00e5 lager inntil dette er p\u00e5 plass. Mottatt bil kan fritt st\u00e5 p\u00e5 lager i USA inntil 7 dager i p\u00e5vente av at dokumenter kommer inn, etter 7 dager p\u00e5l\u00f8per det lagerleie.<br \/>\n\u2022 Original title. Eiernavnet p\u00e5 title m\u00e5 v\u00e6re det samme som selgeren p\u00e5 bill of sale. Kopi av title kan ikke brukes.<br \/>\n\u2022 Bill of sale (BOS) m\u00e5 v\u00e6re dataskrevet eller en kombinasjon av skjem og h\u00e5ndskrift, og kan gjerne v\u00e6re <a href=\"https:\/\/en.wikipedia.org\/wiki\/Notary_public\">notarized<\/a> selv om det ikke er et krav. Har ikke selgeren dette, s\u00e5 kan du laste ned en mal du kan bruke <a href=\"https:\/\/www.jetcarrier.com\/cms\/wp-content\/uploads\/2025\/03\/2025-BOS.pdf\">her<\/a>.<br \/>\n\u2022 Dokumentasjon p\u00e5 pengeoverf\u00f8ringen. Bankutskrift, PayPal utskrift eller lignende. Har du f\u00f8rst betalt depositum og deretter en bankoverf\u00f8ring trenger vi begge.<br \/>\n\u2022 Power of attorney m\u00e5 fylles ut og sendes til oss, sammen med en kopi av den siden i passet ditt som identifiserer deg. Klikk her for \u00e5 laste ned v\u00e5r <a href=\"https:\/\/www.jetcarrier.com\/cms\/wp-content\/uploads\/2025\/03\/JC-POA-CAR.pdf\">power of attorney<\/a>.<\/p>\n<p>Det er viktig at du oppretter en bilfrakt i systemet v\u00e5rt, n\u00e5r vi har den informasjonen vi trenger vil du f\u00e5 mer informasjon underveis.<\/p>\n<p>\u00d8nsker du et tilbud p\u00e5 bilfrakt:\u00a0<span style=\"color: #000000;\"><strong><a href=\"https:\/\/www.jetcarrier.com\/account\/\">logg deg inn<\/a><\/strong><\/span>,<br \/>\nEr\u00a0du ikke kunde s\u00e5\u00a0<a href=\"https:\/\/www.jetcarrier.com\/account\/\"><span style=\"color: #000000;\"><strong>opprett<\/strong>\u00a0<\/span><\/a>en konto, da kan du benytte v\u00e5rt prisforesp\u00f8rsel system.<\/p>\n<p><strong>NB!<\/strong> Ingen deler kan sendes med, eller inne i bilen n\u00e5r den sendes p\u00e5 ro-ro (roll on\/roll off). Kj\u00f8per du en bil hvor det f\u00f8lger med mange ekstra deler, m\u00e5 disse sendes separat til v\u00e5r terminal i Delaware og g\u00e5 med v\u00e5r vanlige containerfrakt. F\u00f8lger det med deler vil disse bli tatt ut av bilen av de som kontrollerer biler\u00a0p\u00e5 havnen og kastet. L\u00e5ste bagasjerom med separat n\u00f8kkel blir brutt opp.<\/p>\n","protected":false},"excerpt":{"rendered":"<p>BILFRAKT FRA USA Vi har over 30 \u00e5rs erfaring med import av kj\u00f8ret\u00f8y fra USA, vi kan hente biler i hele USA og benytter flere underleverand\u00f8rer for \u00e5 sikre rask og effektiv frakt. Bilene g\u00e5r ut fra n\u00e6rmeste havn, men jo n\u00e6rmere \u00f8stkysten du finner bilen du vil ha, jo rimligere og hurtigere er sj\u00f8frakten. [&hellip;]<\/p>\n","protected":false},"author":2,"featured_media":0,"parent":14,"menu_order":6,"comment_status":"closed","ping_status":"closed","template":"","meta":{"footnotes":"","_links_to":"","_links_to_target":""},"class_list":["post-34","page","type-page","status-publish","hentry"],"_links":{"self":[{"href":"https:\/\/www.jetcarrier.com\/cms\/wp-json\/wp\/v2\/pages\/34","targetHints":{"allow":["GET"]}}],"collection":[{"href":"https:\/\/www.jetcarrier.com\/cms\/wp-json\/wp\/v2\/pages"}],"about":[{"href":"https:\/\/www.jetcarrier.com\/cms\/wp-json\/wp\/v2\/types\/page"}],"author":[{"embeddable":true,"href":"https:\/\/www.jetcarrier.com\/cms\/wp-json\/wp\/v2\/users\/2"}],"replies":[{"embeddable":true,"href":"https:\/\/www.jetcarrier.com\/cms\/wp-json\/wp\/v2\/comments?post=34"}],"version-history":[{"count":21,"href":"https:\/\/www.jetcarrier.com\/cms\/wp-json\/wp\/v2\/pages\/34\/revisions"}],"predecessor-version":[{"id":5228,"href":"https:\/\/www.jetcarrier.com\/cms\/wp-json\/wp\/v2\/pages\/34\/revisions\/5228"}],"up":[{"embeddable":true,"href":"https:\/\/www.jetcarrier.com\/cms\/wp-json\/wp\/v2\/pages\/14"}],"wp:attachment":[{"href":"https:\/\/www.jetcarrier.com\/cms\/wp-json\/wp\/v2\/media?parent=34"}],"curies":[{"name":"wp","href":"https:\/\/api.w.org\/{rel}","templated":true}]}}