{"id":321,"date":"2015-03-19T12:47:18","date_gmt":"2015-03-19T11:47:18","guid":{"rendered":"http:\/\/www.jetcarrier.com\/cms\/?page_id=321"},"modified":"2024-07-02T10:26:03","modified_gmt":"2024-07-02T09:26:03","slug":"priskalkulator","status":"publish","type":"page","link":"https:\/\/www.jetcarrier.com\/cms\/priser\/priskalkulator\/","title":{"rendered":"Priskalkulator"},"content":{"rendered":"\n<p>Flypakker er priset hjem til deg og sj\u00f8pakker til v\u00e5r terminal i Halden. Pris p\u00e5 sluttfrakt av sj\u00f8gods innenfor Skandinavia varierer men du vil f\u00e5 et tilbud samtidig som godset sendes fra USA. Moms p\u00e5 vareverdi og eventuell toll tilkommer.<\/p>\n\n\n\n<!-- HTML BLOCK LEAVE FORM AS IS -->\n  <form id=\"calculator\" name=\"calculator\"> \n <table style=\"border:none;\" width=\"90%\" cellspacing=\"1\" cellpadding=\"1\">\n  <tr>\n   <td>\n    <strong>Choose your Home country:<\/strong><br>\n    <select id=\"country\" name=\"country\">\n     <option value=\"47\">Norway NOK<\/option>\n     <option value=\"45\">Denmark DKK<\/option>\n     <option value=\"46\">Sweden SEK<\/option>\n     <option value=\"358\">Finland EUR<\/option>\n    <\/select>\n   <\/td>\n   <td>\n     <input id=\"product\" class=\"product\" checked=\"checked\" name=\"product\" type=\"radio\" value=\"0\" data-dimweight=\"4.5\" data-prodname=\"AIR\"><strong>Show Air\n     Prices<\/strong><br><input id=\"product1\" class=\"product\" name=\"product\" type=\"radio\" value=\"1\" data-dimweight=\"1.00\" data-prodname=\"SEA\"><strong>Show Sea Prices<\/strong><\/td>\n   <td><input id=\"metric\" class=\"metric\" checked=\"checked\" name=\"metric\" type=\"radio\" value=\"0\" data-wf=\"1\" data-vf=\"1\"><strong>Metric: Kilo and cm<\/strong><br>\n     <!--input id=\"metric1\" class=\"metric\" name=\"metric\" type=\"radio\" value=\"1\" data-wf=\"0.454\" data-vf=\"16.387\"><strong>US: Lbs and Inches<\/strong-->\n1 inch = 2.54 cm, 1 lb = 0.454 kilo<\/td>\n  <\/tr>\n <\/table>\n\n <table style=\"border:none;\" width=\"90%\" cellspacing=\"1\" cellpadding=\"1\">\n  <tbody>\n   <thead>\n    <tr style=\"background-color: gainsboro;\">\n     <th>Weight<\/th>\n     <th>Length<\/th>\n     <th>Width<\/th>\n     <th>Height<\/th>\n     <th>Dm3<\/th>\n     <th>Chargeable<\/th>\n    <\/tr>\n   <\/thead>\n\n  <tbody>\n   <tr>\n     <td style=\"text-align: center;\">1\n       <input required id=\"weight1\" class=\"calc-weight\" min=\"0\" style=\"width: 120px;\" name=\"weight1\" type=\"number\" value=\"0\" data-rowid=\"1\">\n     <\/td>\n     <td>\n       <input required id=\"length1\" class=\"single-dim\" min=\"0\" style=\"width: 120px;\" name=\"length1\" type=\"number\" value=\"0\" data-rowid=\"1\">\n     <\/td>\n     <td>\n       <input required id=\"width1\" class=\"single-dim\" min=\"0\" style=\"width: 120px;\" name=\"width1\" type=\"number\" value=\"0\" data-rowid=\"1\">\n     <\/td>\n     <td>\n       <input id=\"height1\" class=\"single-dim\" min=\"0\" style=\"width: 120px;\" name=\"height1\" type=\"number\" value=\"0\" data-rowid=\"1\">\n     <\/td>\n     <td>\n       <input id=\"dims1\" class=\"calc-dims\" style=\"width: 120px;\" name=\"dims1\" readonly=\"readonly\" type=\"text\" value=\"0\" data-rowid=\"1\">\n     <\/td>\n     <td>\n       <input id=\"frv1\" class=\"chargewgt\" style=\"width: 120px;\" name=\"frv1\" readonly=\"readonly\" type=\"text\"  value=\"0\" data-rowid=\"1\">\n     <\/td>\n\n\n   <\/tr>\n   <tr>\n     <td style=\"text-align: center;\">2\n       <input id=\"weight2\" class=\"calc-weight\" min=\"0\" style=\"width: 120px;\" name=\"weight2\" type=\"number\" value=\"0\" data-rowid=\"2\">\n     <\/td>\n     <td>\n       <input id=\"length2\" class=\"single-dim\" min=\"0\" style=\"width: 120px;\" name=\"length2\" type=\"number\" value=\"0\" data-rowid=\"2\">\n     <\/td>\n     <td>\n       <input id=\"width2\" class=\"single-dim\" min=\"0\" style=\"width: 120px;\" name=\"width2\" type=\"number\" value=\"0\" data-rowid=\"2\">\n     <\/td>\n     <td>\n       <input id=\"height2\" class=\"single-dim\" min=\"0\" style=\"width: 120px;\" name=\"height2\" type=\"number\" value=\"0\" data-rowid=\"2\">\n     <\/td>\n     <td>\n       <input id=\"dims2\" class=\"calc-dims\" style=\"width: 120px;\" name=\"dims2\" readonly=\"readonly\" type=\"text\" value=\"0\" data-rowid=\"2\">\n     <\/td>\n     <td>\n       <input id=\"frv2\" class=\"chargewgt\" style=\"width: 120px;\" name=\"frv2\" readonly=\"readonly\" type=\"text\" value=\"0\" data-rowid=\"2\">\n     <\/td>\n   <\/tr>\n   <tr>\n     <td style=\"text-align: center;\">3\n       <input id=\"weight3\" class=\"calc-weight\" min=\"0\" style=\"width: 120px;\" name=\"weight3\" type=\"number\" value=\"0\" data-rowid=\"3\">\n     <\/td>\n     <td>\n       <input id=\"length3\" class=\"single-dim\" min=\"0\" style=\"width: 120px;\" name=\"length3\" type=\"number\" value=\"0\" data-rowid=\"3\">\n     <\/td>\n     <td>\n       <input id=\"width3\" class=\"single-dim\" min=\"0\" style=\"width: 120px;\" name=\"width3\"  type=\"number\" value=\"0\" data-rowid=\"3\">\n     <\/td>\n     <td>\n       <input id=\"height3\" class=\"single-dim\" min=\"0\" style=\"width: 120px;\" name=\"height3\" type=\"number\" value=\"0\" data-rowid=\"3\">\n     <\/td>\n     <td>\n       <input id=\"dims3\" class=\"calc-dims\" style=\"width: 120px;\" name=\"dims3\" readonly=\"readonly\" type=\"text\" value=\"0\" data-rowid=\"3\">\n     <\/td>\n     <td>\n       <input id=\"frv3\" class=\"chargewgt\" style=\"width: 120px;\" name=\"frv3\" readonly=\"readonly\" type=\"text\" value=\"0\" data-rowid=\"3\">     <\/td>\n   <\/tr>\n   <tr>\n     <td style=\"text-align: center;\">4\n       <input id=\"weight4\" class=\"calc-weight\" min=\"0\" style=\"width: 120px;\" name=\"weight4\" type=\"number\" value=\"0\" data-rowid=\"4\">\n     <\/td>\n     <td>\n       <input id=\"length4\" class=\"single-dim\" min=\"0\" style=\"width: 120px;\" name=\"length4\" type=\"number\" value=\"0\" data-rowid=\"4\">\n     <\/td>\n     <td>\n       <input id=\"width4\" class=\"single-dim\" min=\"0\" style=\"width: 120px;\" name=\"width4\" type=\"number\" value=\"0\" data-rowid=\"4\">\n     <\/td>\n     <td>\n       <input id=\"height4\" class=\"single-dim\" min=\"0\" style=\"width: 120px;\" name=\"height4\" type=\"number\" value=\"0\" data-rowid=\"4\">\n     <\/td>\n     <td>\n       <input id=\"dims4\" class=\"calc-dims\" style=\"width: 120px;\" name=\"dims4\" readonly=\"readonly\" type=\"text\" value=\"0\" data-rowid=\"4\">\n     <\/td>\n     <td>\n       <input id=\"frv4\" class=\"chargewgt\" style=\"width: 120px;\" name=\"frv4\" readonly=\"readonly\" type=\"text\" value=\"0\" data-rowid=\"4\">     <\/td>\n   <\/tr>\n   <tr>\n     <td style=\"text-align: center;\">5\n       <input id=\"weight5\" class=\"calc-weight\" min=\"0\" style=\"width: 120px;\" name=\"weight5\" type=\"number\" value=\"0\" data-rowid=\"5\">\n     <\/td>\n     <td>\n       <input id=\"length5\" class=\"single-dim\" min=\"0\" style=\"width: 120px;\" name=\"length5\" type=\"number\" value=\"0\" data-rowid=\"5\">\n     <\/td>\n     <td>\n       <input id=\"width5\" class=\"single-dim\" min=\"0\" style=\"width: 120px;\" name=\"width5\" type=\"number\" value=\"0\" data-rowid=\"5\">\n     <\/td>\n     <td>\n       <input id=\"height5\" class=\"single-dim\" min=\"0\" style=\"width: 120px;\" name=\"height5\" type=\"number\" value=\"0\" data-rowid=\"5\">\n     <\/td>\n     <td>\n       <input id=\"dims5\" class=\"calc-dims\" style=\"width: 120px;\" name=\"dims5\" readonly=\"readonly\" type=\"text\" value=\"0\" data-rowid=\"5\">\n     <\/td>\n     <td>\n       <input id=\"frv5\" class=\"chargewgt\" style=\"width: 120px;\" name=\"frv5\" readonly=\"readonly\" type=\"text\" value=\"0\" data-rowid=\"5\">     <\/td>\n   <\/tr>\n   <tr>\n     <td style=\"text-align: center;\">6\n       <input id=\"weight6\" class=\"calc-weight\" min=\"0\" style=\"width: 120px;\" name=\"weight6\" type=\"number\" value=\"0\" data-rowid=\"6\">\n     <\/td>\n     <td>\n       <input id=\"length6\" class=\"single-dim\" min=\"0\" style=\"width: 120px;\" name=\"length6\" type=\"number\" value=\"0\" data-rowid=\"6\">\n     <\/td>\n     <td>\n       <input id=\"width6\" class=\"single-dim\" min=\"0\" style=\"width: 120px;\" name=\"width6\" type=\"number\" value=\"0\" data-rowid=\"6\">\n     <\/td>\n     <td>\n       <input id=\"height6\" class=\"single-dim\" min=\"0\" style=\"width: 120px;\" name=\"height6\" type=\"number\" value=\"0\" data-rowid=\"6\">\n     <\/td>\n     <td>\n       <input id=\"dims6\" class=\"calc-dims\" style=\"width: 120px;\" name=\"dims6\" readonly=\"readonly\" type=\"text\" value=\"0\" data-rowid=\"6\">\n     <\/td>\n     <td>\n       <input id=\"frv6\" class=\"chargewgt\" style=\"width: 120px;\" name=\"frv6\" readonly=\"readonly\" type=\"text\" value=\"0\" data-rowid=\"6\">\n     <\/td>\n    <\/tr>\n   <tr style=\"background-color:gainsboro;\">\n    <th>Qty<\/th>\n    <th>Physical Weight Kg<\/th>\n    <th>Volume DM<sup>3<\/sup><\/th>\n    <th>Chargeable Weigth<\/th>\n    <\/tr>\n   <tr>\n    <td><input id=\"kolli\"  name=\"kolli\" style=\"width: 120px;\" readonly=\"readonly\" type=\"text\"  value=\"0\"><\/td>\n    <td><input id=\"sumweight\"  name=\"sumweight\" class=\"weight-sums\" style=\"width: 120px;\" readonly=\"readonly\" type=\"text\" value=\"0\"><\/td>\n    <td><input id=\"sumvolume\" name=\"sumvolume\" style=\"width: 120px;\" readonly=\"readonly\" type=\"text\" value=\"0\"><\/td>\n    <td><input id=\"sumcharge\" name=\"sumcharge\" class=\"weight-sums\" style=\"width: 120px;\" readonly=\"readonly\" type=\"text\" value=\"0\"><\/td>\n   <\/tr>\n   <tr>\n    <td colspan=\"2\"><input id=\"calcButton\" name=\"calcButton\" style=\"background-color: aquamarine;\" type=\"button\" value=\"Calculate\">\n    <\/td>\n    <td colspan=\"2\"><input name=\"reset\" type=\"reset\" style=\"background-color: orange;\" value=\"Reset\"><\/td>\n   <\/tr>\n  <\/tbody>\n <\/table>\n\n <table style=\"border:none;\" width=\"90%\" cellspacing=\"1\" cellpadding=\"1\">\n  <tbody>\n   <tr>\n    <td nowrap=\"nowrap\" width=\"10%\"><strong>Price for Freight:<\/strong><\/td>\n    <td><input id=\"estcost\" style=\"width: 120px;\" name=\"estcost\" readonly=\"readonly\" type=\"text\" value=\"\">\n    <\/td>\n   <\/tr>\n   <tr>\n    <td nowrap=\"nowrap\" width=\"10%\"><strong>Consolidation Cost:<\/strong><\/td>\n    <td><input id=\"sampakk\" style=\"width: 120px;\" name=\"sampakk\" readonly=\"readonly\" type=\"text\" value=\"\">\n    <\/td>\n   <\/tr>\n   <tr>\n    <td nowrap=\"nowrap\" width=\"10%\"><strong>Sum Total:<\/strong><\/td>\n    <td><input id=\"sumtot\" style=\"width: 120px;\" name=\"sumtot\" readonly=\"readonly\" type=\"text\" value=\"\">\n    <\/td>\n   <\/tr>\n  <\/tbody>\n <\/table>\n<\/form>\n<!-- END HTML BLOCK LEAVE FORM AS IS -->\n\n\n\n<p>Detta er et estimat, vi tar forbehold om evt. feil i kalkulatoren prislisten styrer.<\/p>\n\n\n\n<p>*Har du kun <strong>en<\/strong> sj\u00f8pakke under 5 kilo \/ 35 dm3 er prisen inkludert levering til ditt postkontor.<\/p>\n\n\n\n<p>Volumetrisk vekt, ogs\u00e5 kallet &laquo;dim&raquo; eller dimensjons vekt, benyttes n\u00e5r den plass en pakke tar i flyets lasterom er st\u00f8rre enn pakkens aktuelle vekt.<\/p>\n\n\n\n<p><br><b>For AIR gjelder:<\/b><br>Dimensjonsvekt = Lengde x Bredde x H\u00f8yde i centimeter \/ 4500 = Volumetrisk vekt i kilo.<br>Prisen oppgitt er frem til ditt postkontor og er inkludert fortolling.<\/p>\n\n\n\n<p><b>For SEA gjelder:<\/b><br>Dimensjonsvekt = Lengde x Bredde x H\u00f8yde i centimeter \/ 1000 = Volumetrisk vekt i kilo.<\/p>\n\n\n\n<p>Tips: 1 inch (tomme) = 2.54 cm, 1 ft (fot) = 12 inches, 1 lb (pound) = 0.454 kg, bruk punktum (.) for \u00e5 legge inn desimale verdier.<\/p>\n\n\n\n<p>Vi gj\u00f8r v\u00e5rt beste for at kalkulatoren er korrekt, men m\u00e5 ta forbehold om evt feil. Prislisten overstyrer kalkulatoren.<\/p>\n\n\n\n<p><alt=\"inland\" align=\"middle\"><\/alt=\"inland\"><\/p>\n\n\n\n<p><\/p>\n\n\n\n<p><script>calculate(document.getElementById(\"calc\"),1);<\/script><\/p>\n","protected":false},"excerpt":{"rendered":"<p>Flypakker er priset hjem til deg og sj\u00f8pakker til v\u00e5r terminal i Halden. Pris p\u00e5 sluttfrakt av sj\u00f8gods innenfor Skandinavia varierer men du vil f\u00e5 et tilbud samtidig som godset sendes fra USA. Moms p\u00e5 vareverdi og eventuell toll tilkommer. Choose your Home country: Norway NOKDenmark DKKSweden SEKFinland EUR Show Air PricesShow Sea Prices Metric: [&hellip;]<\/p>\n","protected":false},"author":2,"featured_media":0,"parent":46,"menu_order":2,"comment_status":"closed","ping_status":"closed","template":"","meta":{"footnotes":"","_links_to":"","_links_to_target":""},"class_list":["post-321","page","type-page","status-publish","hentry"],"_links":{"self":[{"href":"https:\/\/www.jetcarrier.com\/cms\/wp-json\/wp\/v2\/pages\/321","targetHints":{"allow":["GET"]}}],"collection":[{"href":"https:\/\/www.jetcarrier.com\/cms\/wp-json\/wp\/v2\/pages"}],"about":[{"href":"https:\/\/www.jetcarrier.com\/cms\/wp-json\/wp\/v2\/types\/page"}],"author":[{"embeddable":true,"href":"https:\/\/www.jetcarrier.com\/cms\/wp-json\/wp\/v2\/users\/2"}],"replies":[{"embeddable":true,"href":"https:\/\/www.jetcarrier.com\/cms\/wp-json\/wp\/v2\/comments?post=321"}],"version-history":[{"count":78,"href":"https:\/\/www.jetcarrier.com\/cms\/wp-json\/wp\/v2\/pages\/321\/revisions"}],"predecessor-version":[{"id":4993,"href":"https:\/\/www.jetcarrier.com\/cms\/wp-json\/wp\/v2\/pages\/321\/revisions\/4993"}],"up":[{"embeddable":true,"href":"https:\/\/www.jetcarrier.com\/cms\/wp-json\/wp\/v2\/pages\/46"}],"wp:attachment":[{"href":"https:\/\/www.jetcarrier.com\/cms\/wp-json\/wp\/v2\/media?parent=321"}],"curies":[{"name":"wp","href":"https:\/\/api.w.org\/{rel}","templated":true}]}}