{"id":28,"date":"2015-02-26T13:23:48","date_gmt":"2015-02-26T12:23:48","guid":{"rendered":"http:\/\/www.jetcarrier.com\/cms\/?page_id=28"},"modified":"2025-07-28T09:03:25","modified_gmt":"2025-07-28T08:03:25","slug":"club-jc","status":"publish","type":"page","link":"https:\/\/www.jetcarrier.com\/cms\/tjenester\/club-jc\/","title":{"rendered":"Club JC"},"content":{"rendered":"<p>Som medlem i Club JC f\u00e5r du en rekke fordeler. For en fast \u00e5rlig avgift kan du spare mye p\u00e5 frakt.<\/p>\n<p>Club JC medlemmer f\u00e5r fordeler som 30\u00a0dagers gratis oppbevaring av varer i Norge, mulighet for \u00e5 sette pakker i &laquo;Standby&raquo; i USA. Se n\u00e6rmere p\u00e5 tabellen under for fordelene man kan oppn\u00e5 med et medlemskap.<\/p>\n<p>Medlemskapet gjelder for 12 mnd og fornyes automatisk inntil det blir sagt opp. Se bildet under for hvor du finner linken for \u00e5 aktivere Club JC medlemskapet.<br \/><strong>NB!<\/strong> det kan ta opptil 1 hel arbeidsdag f\u00f8r medlemskapet er aktivt p\u00e5 din konto og du f\u00e5r en e-post fra oss n\u00e5r kontoen er klargjort for dine nye tjenester.<\/p>\n<p><img loading=\"lazy\" decoding=\"async\" class=\"alignleft size-full wp-image-4741\" src=\"https:\/\/www.jetcarrier.com\/cms\/wp-content\/uploads\/2023\/02\/activate-clubjc.jpg\" alt=\"\" width=\"1418\" height=\"638\" srcset=\"https:\/\/www.jetcarrier.com\/cms\/wp-content\/uploads\/2023\/02\/activate-clubjc.jpg 1418w, https:\/\/www.jetcarrier.com\/cms\/wp-content\/uploads\/2023\/02\/activate-clubjc-300x135.jpg 300w, https:\/\/www.jetcarrier.com\/cms\/wp-content\/uploads\/2023\/02\/activate-clubjc-1024x461.jpg 1024w, https:\/\/www.jetcarrier.com\/cms\/wp-content\/uploads\/2023\/02\/activate-clubjc-768x346.jpg 768w, https:\/\/www.jetcarrier.com\/cms\/wp-content\/uploads\/2023\/02\/activate-clubjc-624x281.jpg 624w\" sizes=\"auto, (max-width: 1418px) 100vw, 1418px\" \/><\/p>\n<\/p>\n<\/p>\n<p>\u00d8nsker du \u00e5 kansellere ditt medlemskap m\u00e5 du logge deg p\u00e5 din Paypal konto og avslutte det der. Det ligger inne som en &laquo;subscription&raquo; n\u00e5r du tegner det f\u00f8rste gangen. Du finner en enkel oppskrift p\u00e5 hvordan det gj\u00f8res <a href=\"http:\/\/www.jetcarrier.net\/support\/index.php?\/Knowledgebase\/Article\/View\/266\/1\/hvordan-avslutte-club-jc-medlemskapet\" target=\"_blank\" rel=\"noopener\">her<\/a>.<\/p>\n\n\n<div class=\"wp-block-columns is-layout-flex wp-container-core-columns-is-layout-9d6595d7 wp-block-columns-is-layout-flex\">\n<div class=\"wp-block-column is-layout-flow wp-block-column-is-layout-flow\" style=\"flex-basis:100%\">\n<div class=\"wp-block-columns is-layout-flex wp-container-core-columns-is-layout-9d6595d7 wp-block-columns-is-layout-flex\">\n<div class=\"wp-block-column is-layout-flow wp-block-column-is-layout-flow\" style=\"flex-basis:100%\">\n<div class=\"wp-block-group\"><div class=\"wp-block-group__inner-container is-layout-flow wp-block-group-is-layout-flow\">\n<figure class=\"wp-block-table is-style-stripes has-small-font-size\"><table class=\"has-dark-gray-color has-white-background-color has-text-color has-background\"><thead><tr><th><\/th><th>NORMAL<\/th><th>Club JC<\/th><\/tr><\/thead><tbody><tr><td>Medlemspris<\/td><td><strong>Gratis<\/strong><\/td><td><strong>49 USD\/\u00e5r<\/strong><\/td><\/tr><tr><td>Mailbox i Delaware<\/td><td><strong>\u221a<\/strong><\/td><td><strong>\u221a<\/strong><\/td><\/tr><tr><td>Hente pakker hos oss i Norge<\/td><td><strong>\u221a<\/strong><\/td><td><strong>\u221a<\/strong><\/td><\/tr><tr><td>7 dagers gratis oppbevaring i Norge<\/td><td><strong>\u221a<\/strong><\/td><td><strong>\u221a<\/strong><\/td><\/tr><tr><td>Mulighet for tilleggsforsikring<\/td><td><strong>\u221a<\/strong><\/td><td><strong>\u221a<\/strong><\/td><\/tr><tr><td>Pickuptjenester i USA (vi ordner opphenting)<\/td><td><strong>\u221a<\/strong><\/td><td><strong>\u221a<\/strong><\/td><\/tr><tr><td>Tilgang til <a href=\"https:\/\/www.jetcarrier.com\/cms\/tjenester\/club-jc\/standby-booking\/\" target=\"_blank\" rel=\"noreferrer noopener\">Standby<\/a> (oppsamling) tjenesten<\/td><td><strong>X<\/strong><\/td><td><strong>\u221a<\/strong><\/td><\/tr><tr><td>Opp til 30 dagers gratis oppbevaring i Norge<\/td><td><strong>X<\/strong><\/td><td><strong>\u221a<\/strong><\/td><\/tr><tr><td>Tilgang til <a href=\"https:\/\/www.jetcarrier.com\/cms\/tjenester\/club-jc\/brevpakke\/\" target=\"_blank\" rel=\"noreferrer noopener\">Club JC Parcel<\/a> produktet<\/td><td><strong>X<\/strong><\/td><td><strong>\u221a<\/strong><\/td><\/tr><\/tbody><\/table><\/figure>\n<\/div><\/div>\n\n\n\n<p><em>Club JC medlemskapet m\u00e5 aktiveres manuelt og kontoen m\u00e5 tilrettelegges for tilleggstjenestene. Dette tar fra ca. 12&nbsp;&#8211; 24&nbsp;timer etter at betalingen er registrert hos PayPal. Betaling av medlemskap etter 1800 p\u00e5 torsdager blir normalt ikke aktivert f\u00f8r p\u00e5 mandager.<\/em><\/p>\n<\/div>\n<\/div>\n<\/div>\n<\/div>\n","protected":false},"excerpt":{"rendered":"<p>Som medlem i Club JC f\u00e5r du en rekke fordeler. For en fast \u00e5rlig avgift kan du spare mye p\u00e5 frakt. Club JC medlemmer f\u00e5r fordeler som 30\u00a0dagers gratis oppbevaring av varer i Norge, mulighet for \u00e5 sette pakker i &laquo;Standby&raquo; i USA. Se n\u00e6rmere p\u00e5 tabellen under for fordelene man kan oppn\u00e5 med et [&hellip;]<\/p>\n","protected":false},"author":2,"featured_media":0,"parent":14,"menu_order":2,"comment_status":"closed","ping_status":"closed","template":"","meta":{"footnotes":"","_links_to":"","_links_to_target":""},"class_list":["post-28","page","type-page","status-publish","hentry"],"_links":{"self":[{"href":"https:\/\/www.jetcarrier.com\/cms\/wp-json\/wp\/v2\/pages\/28","targetHints":{"allow":["GET"]}}],"collection":[{"href":"https:\/\/www.jetcarrier.com\/cms\/wp-json\/wp\/v2\/pages"}],"about":[{"href":"https:\/\/www.jetcarrier.com\/cms\/wp-json\/wp\/v2\/types\/page"}],"author":[{"embeddable":true,"href":"https:\/\/www.jetcarrier.com\/cms\/wp-json\/wp\/v2\/users\/2"}],"replies":[{"embeddable":true,"href":"https:\/\/www.jetcarrier.com\/cms\/wp-json\/wp\/v2\/comments?post=28"}],"version-history":[{"count":18,"href":"https:\/\/www.jetcarrier.com\/cms\/wp-json\/wp\/v2\/pages\/28\/revisions"}],"predecessor-version":[{"id":5192,"href":"https:\/\/www.jetcarrier.com\/cms\/wp-json\/wp\/v2\/pages\/28\/revisions\/5192"}],"up":[{"embeddable":true,"href":"https:\/\/www.jetcarrier.com\/cms\/wp-json\/wp\/v2\/pages\/14"}],"wp:attachment":[{"href":"https:\/\/www.jetcarrier.com\/cms\/wp-json\/wp\/v2\/media?parent=28"}],"curies":[{"name":"wp","href":"https:\/\/api.w.org\/{rel}","templated":true}]}}