{"id":244,"date":"2015-03-19T09:24:35","date_gmt":"2015-03-19T08:24:35","guid":{"rendered":"http:\/\/www.jetcarrier.com\/cms\/?page_id=244"},"modified":"2015-09-04T12:42:52","modified_gmt":"2015-09-04T11:42:52","slug":"jetcarrier-vs-direktefrakt","status":"publish","type":"page","link":"https:\/\/www.jetcarrier.com\/cms\/nyttig-info\/jetcarrier-vs-direktefrakt\/","title":{"rendered":"JetCarrier vs. direktefrakt"},"content":{"rendered":"<p><b>Frakt gjennom JetCarrier er rimligst!<br \/>\n<\/b>Mange tror at s\u00e5 lenge frakten g\u00e5r gjennom JetCarrier s\u00e5 blir det et ekstra mellomledd, noe som igjen gir en dyrere frakt. Vi har sett p\u00e5 flere eksempler fra nettbutikker som sender direkte til Norge og summen av frakt og avgifter du som kunde betaler kan v\u00e6re det dobbelte av hva du kan f\u00e5 det til gjennom JetCarrier. I tillegg kommer andre fordeler pakkene dine har i JetCarrier-systemet, som at pakker mottatt innenfor samme uke blir samfakturert, noe som igjen f\u00e5r ned prisen ytterligere. Vi har kun valgt \u00e5 se p\u00e5 prisen pakke for pakke for \u00e5 f\u00e5 et balansert bilde, men har til slutt vist hva du ville spart i % ved \u00e5 sende de 4 gjenstandene samlet gjennom oss og ikke enkeltvis.<\/p>\n<p>Sjekk eksemplene nedenfor for hvorfor du absolutt <b>b\u00f8r<\/b> bruke JetCarrier (nesten) hver gang du handler fra USA.<\/p>\n<p>Grunnen til at vi sier nesten hver gang er rett og slett fordi alle varer som kan bli sendt som internasjonal brevpost (stort brev\/liten pakke rett i postkassen din) og har en verdi under 350 kroner vil fortsatt v\u00e6re rimligst \u00e5 f\u00e5 direktesendt. Ulempen er at du ikke f\u00e5r noen sporing, men for sm\u00e5ting fra f.eks. Kina s\u00e5 er det ikke noe \u00abmust\u00bb da ulempen veies opp av prisen.<\/p>\n<p><a href=\"http:\/\/www.jetcarrier.com\/cms\/wp-content\/uploads\/2015\/03\/laptop.jpg\" target=\"_blank\"><img loading=\"lazy\" decoding=\"async\" class=\" wp-image-288 size-medium alignright\" src=\"http:\/\/www.jetcarrier.com\/cms\/wp-content\/uploads\/2015\/03\/laptop-300x144.jpg\" alt=\"laptop\" width=\"300\" height=\"144\" srcset=\"https:\/\/www.jetcarrier.com\/cms\/wp-content\/uploads\/2015\/03\/laptop-300x144.jpg 300w, https:\/\/www.jetcarrier.com\/cms\/wp-content\/uploads\/2015\/03\/laptop-1024x491.jpg 1024w, https:\/\/www.jetcarrier.com\/cms\/wp-content\/uploads\/2015\/03\/laptop-624x299.jpg 624w, https:\/\/www.jetcarrier.com\/cms\/wp-content\/uploads\/2015\/03\/laptop.jpg 1189w\" sizes=\"auto, (max-width: 300px) 100vw, 300px\" \/><\/a><\/p>\n<p><b>Dell Laptop, pris p\u00e5 Ebay: 455 USD<br \/>\n<\/b>Direkteshipping: 55 USD (424 NOK)<br \/>\nFortollingsgebyr: 288 NOK<br \/>\nDenne pakken havner normalt i Posten Norge sitt system og da er fortolling mot privatperson priset til 140 for pakker med verdi under 1000 NOK og 288 for pakker med verdi over 1000 NOK<br \/>\nTotal frakt + fortolling: 712 NOK<\/p>\n<p><b>JetCarrier<\/b> shipping: 39 USD (305 NOK)<br \/>\nFortollingsgebyr: 0 NOK<br \/>\n<b>Total frakt + fortolling: 305 NOK <span style=\"color: #339966;\">(over 50% spart)<\/span><\/b><\/p>\n<p><a href=\"http:\/\/www.jetcarrier.com\/cms\/wp-content\/uploads\/2015\/03\/jacket.jpg\"><img loading=\"lazy\" decoding=\"async\" class=\" size-medium wp-image-289 alignright\" src=\"http:\/\/www.jetcarrier.com\/cms\/wp-content\/uploads\/2015\/03\/jacket-300x154.jpg\" alt=\"jacket\" width=\"300\" height=\"154\" srcset=\"https:\/\/www.jetcarrier.com\/cms\/wp-content\/uploads\/2015\/03\/jacket-300x154.jpg 300w, https:\/\/www.jetcarrier.com\/cms\/wp-content\/uploads\/2015\/03\/jacket-1024x527.jpg 1024w, https:\/\/www.jetcarrier.com\/cms\/wp-content\/uploads\/2015\/03\/jacket-624x321.jpg 624w, https:\/\/www.jetcarrier.com\/cms\/wp-content\/uploads\/2015\/03\/jacket.jpg 1260w\" sizes=\"auto, (max-width: 300px) 100vw, 300px\" \/><\/a><\/p>\n<p><b>North Face jakke, pris p\u00e5 Ebay 119 USD<br \/>\n<\/b>Direkteshipping: 31,42 USD (236 NOK)<br \/>\nImport charges: 62,18 USD (479 NOK)<br \/>\nImport charges er MVA og Toll samt fortollingsgebyr.<br \/>\nTotal frakt + import charges: 721 NOK<\/p>\n<p><b>JetCarrier<\/b> shipping: 23 USD (175 NOK)<br \/>\nImport charges: 46 USD (351 NOK)<br \/>\nImport charges er MVA og Toll samt fortollingsgebyr. MVA er 25% av jakkes verdi og det er 10,7% toll p\u00e5 jakker.<br \/>\n<b>Total frakt + import charges: 531 NOK <span style=\"color: #339966;\">(over 25% spart)<\/span><\/b><\/p>\n<p><a href=\"http:\/\/www.jetcarrier.com\/cms\/wp-content\/uploads\/2015\/03\/leafblower.jpg\"><img loading=\"lazy\" decoding=\"async\" class=\" size-medium wp-image-291 alignright\" src=\"http:\/\/www.jetcarrier.com\/cms\/wp-content\/uploads\/2015\/03\/leafblower-300x183.jpg\" alt=\"leafblower\" width=\"300\" height=\"183\" srcset=\"https:\/\/www.jetcarrier.com\/cms\/wp-content\/uploads\/2015\/03\/leafblower-300x183.jpg 300w, https:\/\/www.jetcarrier.com\/cms\/wp-content\/uploads\/2015\/03\/leafblower-624x381.jpg 624w, https:\/\/www.jetcarrier.com\/cms\/wp-content\/uploads\/2015\/03\/leafblower.jpg 946w\" sizes=\"auto, (max-width: 300px) 100vw, 300px\" \/><\/a><\/p>\n<p><b>L\u00f8vbl\u00e5ser fra Sears.com, pris 904 NOK<br \/>\n<\/b>Direkteshipping: 995 NOK<br \/>\nImport charges: 571 NOK<br \/>\nImport charges er MVA og Toll samt fortollingsgebyr.<br \/>\nTotal frakt + \u00a0import charges: 1566 NOK<\/p>\n<p><b>JetCarrier<\/b> shipping: 940 NOK<br \/>\nImport charges: 235 NOK<br \/>\n<b>Total frakt + import charges: 1175 NOK <span style=\"color: #339966;\">(25% spart)<\/span><\/b><\/p>\n<p><a href=\"http:\/\/www.jetcarrier.com\/cms\/wp-content\/uploads\/2015\/03\/veske.jpg\"><img loading=\"lazy\" decoding=\"async\" class=\" size-medium wp-image-290 alignright\" src=\"http:\/\/www.jetcarrier.com\/cms\/wp-content\/uploads\/2015\/03\/veske-300x250.jpg\" alt=\"veske\" width=\"300\" height=\"250\" srcset=\"https:\/\/www.jetcarrier.com\/cms\/wp-content\/uploads\/2015\/03\/veske-300x250.jpg 300w, https:\/\/www.jetcarrier.com\/cms\/wp-content\/uploads\/2015\/03\/veske-624x519.jpg 624w, https:\/\/www.jetcarrier.com\/cms\/wp-content\/uploads\/2015\/03\/veske.jpg 661w\" sizes=\"auto, (max-width: 300px) 100vw, 300px\" \/><\/a><\/p>\n<p><b>Veske fra Nordstrom.com, pris 2251 NOK<br \/>\n<\/b>Direkteshipping: 291 NOK<br \/>\nDuties &amp; taxes: 792 NOK<br \/>\nDuties &amp; taxes er MVA og Toll samt fortollingsgebyr.<br \/>\nTotal frakt + duties &amp; taxes: 1083 NOK<\/p>\n<p><b>JetCarrier<\/b> shipping: 305 NOK<br \/>\nDuties &amp; taxes: 563 NOK<br \/>\n<b>Total frakt + duties &amp; taxes: 868 NOK <span style=\"color: #339966;\">(20% spart)<\/span><\/b><\/p>\n<p>Samtlige produkter sendt samlet fra JetCarrier i en flybatch (ukesvis):\u00a0<span style=\"color: #339966;\"><b>ca. 40% spart!<\/b><\/span><\/p>\n","protected":false},"excerpt":{"rendered":"<p>Frakt gjennom JetCarrier er rimligst! Mange tror at s\u00e5 lenge frakten g\u00e5r gjennom JetCarrier s\u00e5 blir det et ekstra mellomledd, noe som igjen gir en dyrere frakt. Vi har sett p\u00e5 flere eksempler fra nettbutikker som sender direkte til Norge og summen av frakt og avgifter du som kunde betaler kan v\u00e6re det dobbelte av [&hellip;]<\/p>\n","protected":false},"author":2,"featured_media":0,"parent":100,"menu_order":12,"comment_status":"closed","ping_status":"closed","template":"page-templates\/full-width.php","meta":{"footnotes":"","_links_to":"","_links_to_target":""},"class_list":["post-244","page","type-page","status-publish","hentry"],"_links":{"self":[{"href":"https:\/\/www.jetcarrier.com\/cms\/wp-json\/wp\/v2\/pages\/244","targetHints":{"allow":["GET"]}}],"collection":[{"href":"https:\/\/www.jetcarrier.com\/cms\/wp-json\/wp\/v2\/pages"}],"about":[{"href":"https:\/\/www.jetcarrier.com\/cms\/wp-json\/wp\/v2\/types\/page"}],"author":[{"embeddable":true,"href":"https:\/\/www.jetcarrier.com\/cms\/wp-json\/wp\/v2\/users\/2"}],"replies":[{"embeddable":true,"href":"https:\/\/www.jetcarrier.com\/cms\/wp-json\/wp\/v2\/comments?post=244"}],"version-history":[{"count":8,"href":"https:\/\/www.jetcarrier.com\/cms\/wp-json\/wp\/v2\/pages\/244\/revisions"}],"predecessor-version":[{"id":772,"href":"https:\/\/www.jetcarrier.com\/cms\/wp-json\/wp\/v2\/pages\/244\/revisions\/772"}],"up":[{"embeddable":true,"href":"https:\/\/www.jetcarrier.com\/cms\/wp-json\/wp\/v2\/pages\/100"}],"wp:attachment":[{"href":"https:\/\/www.jetcarrier.com\/cms\/wp-json\/wp\/v2\/media?parent=244"}],"curies":[{"name":"wp","href":"https:\/\/api.w.org\/{rel}","templated":true}]}}