{"id":23,"date":"2015-02-26T13:04:12","date_gmt":"2015-02-26T12:04:12","guid":{"rendered":"http:\/\/www.jetcarrier.com\/cms\/?page_id=23"},"modified":"2024-12-06T13:49:26","modified_gmt":"2024-12-06T12:49:26","slug":"flyfrakt","status":"publish","type":"page","link":"https:\/\/www.jetcarrier.com\/cms\/tjenester\/flyfrakt\/","title":{"rendered":"Flyfrakt"},"content":{"rendered":"<p>Vi sender flyfrakt fra USA til Norden hver helg. Pga eksport og transitt blir intervallet vi samler fra Fredag til p\u00e5f\u00f8lgende Torsdag.<\/p>\n<p>Gods flys over i Helgen og p\u00e5 tirsdagen etter ca. 1700 er pakkene vanligvis sporbare via en av v\u00e5re underleverand\u00f8rer i ditt land.<\/p>\n<p><a href=\"http:\/\/www.jetcarrier.com\/cms\/wp-content\/uploads\/2015\/02\/air-cargo.jpg\"><img loading=\"lazy\" decoding=\"async\" class=\"alignnone size-full wp-image-145\" src=\"http:\/\/www.jetcarrier.com\/cms\/wp-content\/uploads\/2015\/02\/air-cargo.jpg\" alt=\"air-cargo\" width=\"800\" height=\"320\" srcset=\"https:\/\/www.jetcarrier.com\/cms\/wp-content\/uploads\/2015\/02\/air-cargo.jpg 800w, https:\/\/www.jetcarrier.com\/cms\/wp-content\/uploads\/2015\/02\/air-cargo-300x120.jpg 300w, https:\/\/www.jetcarrier.com\/cms\/wp-content\/uploads\/2015\/02\/air-cargo-624x250.jpg 624w\" sizes=\"auto, (max-width: 800px) 100vw, 800px\" \/><\/a><\/p>\n<p>Tjenesten best\u00e5r av:<\/p>\n<ul>\n<li>din egen mailbox adresse<\/li>\n<li>mottak av varer til denne<\/li>\n<li>frakt til Norge og tollbehandling<\/li>\n<li>sluttlevering til deg som kunde<\/li>\n<\/ul>\n<p>Denne tjenesten har v\u00e6rt i drift siden august 2000, og mange tusen skandinaviere benytter oss for v\u00e5re rimelige priser, hurtige frakter og gode fleksibilitet. Gods som ankommer terminalen i Delaware og er registrert inn f\u00f8r 12:00 amerikansk tid p\u00e5 torsdager skal normalt v\u00e6re med i helgesendingen, det kan v\u00e6re unntak fra det tidspunktet pga. krav om tidligere levering p\u00e5 flyplass el.l. Det er ogs\u00e5 mulig for oss \u00e5 samle pakker over lengre tid for deg, men dette krever et <a href=\"https:\/\/www.jetcarrier.com\/cms\/tjenester\/club-jc\/\">Club JC<\/a> medlemskap, og du m\u00e5 selv aktivt booke disse pakkene i en spesiell status.<\/p>\n<ul>\n<li>Faste priser, ingen skjulte avgifter<\/li>\n<li>Ingen begrensning p\u00e5 pakke dimensjoner<\/li>\n<\/ul>\n<p>Priser og tidtabeller finner du\u00a0<a href=\"http:\/\/www.jetcarrier.com\/cms\/priser\/prislister\/\">her<\/a>.<br \/>\nEnkelte varer og pakker kan f\u00e5 et tilleggsgebyr pga. varetype, lengde el.l., det gjelder i snitt under 4% av alle v\u00e5re sendinger, les mer om gebyrene <a href=\"https:\/\/www.jetcarrier.com\/cms\/priser\/prisliste-tilleggstjenester\/\">her<\/a>.<br \/>\nVil du ha mer informasjon om denne tjenesten?<br \/>\nLes\u00a0i v\u00e5r\u00a0<a href=\"http:\/\/www.jetcarrier.net\/support\/index.php?\/Knowledgebase\/List\">FAQ &#8211; Helpdesk<\/a>.<\/p>\n<p><strong>*<\/strong>\u00a0<em>En pakke regnes ikke som mottatt f\u00f8r vi har registrert den inn i systemet. Selv om UPS sin tracking viser at den ble levert 12:00 er den f\u00f8rst sikret en plass p\u00e5 flysendingen n\u00e5r terminalen i USA har registrert den inn p\u00e5 din konto. Grunnen til at det er slik er fordi mange fraktselskaper i USA &laquo;jukser&raquo; med tidsstemplingen og kan merke en pakke som levert allerede n\u00e5r den forlater fraktselskapet sin terminal, selv om fysisk levering kan skje flere timer senere.<\/em><\/p>\n","protected":false},"excerpt":{"rendered":"<p>Vi sender flyfrakt fra USA til Norden hver helg. Pga eksport og transitt blir intervallet vi samler fra Fredag til p\u00e5f\u00f8lgende Torsdag. Gods flys over i Helgen og p\u00e5 tirsdagen etter ca. 1700 er pakkene vanligvis sporbare via en av v\u00e5re underleverand\u00f8rer i ditt land. Tjenesten best\u00e5r av: din egen mailbox adresse mottak av varer [&hellip;]<\/p>\n","protected":false},"author":2,"featured_media":0,"parent":14,"menu_order":3,"comment_status":"closed","ping_status":"closed","template":"","meta":{"footnotes":"","_links_to":"","_links_to_target":""},"class_list":["post-23","page","type-page","status-publish","hentry"],"_links":{"self":[{"href":"https:\/\/www.jetcarrier.com\/cms\/wp-json\/wp\/v2\/pages\/23","targetHints":{"allow":["GET"]}}],"collection":[{"href":"https:\/\/www.jetcarrier.com\/cms\/wp-json\/wp\/v2\/pages"}],"about":[{"href":"https:\/\/www.jetcarrier.com\/cms\/wp-json\/wp\/v2\/types\/page"}],"author":[{"embeddable":true,"href":"https:\/\/www.jetcarrier.com\/cms\/wp-json\/wp\/v2\/users\/2"}],"replies":[{"embeddable":true,"href":"https:\/\/www.jetcarrier.com\/cms\/wp-json\/wp\/v2\/comments?post=23"}],"version-history":[{"count":25,"href":"https:\/\/www.jetcarrier.com\/cms\/wp-json\/wp\/v2\/pages\/23\/revisions"}],"predecessor-version":[{"id":5041,"href":"https:\/\/www.jetcarrier.com\/cms\/wp-json\/wp\/v2\/pages\/23\/revisions\/5041"}],"up":[{"embeddable":true,"href":"https:\/\/www.jetcarrier.com\/cms\/wp-json\/wp\/v2\/pages\/14"}],"wp:attachment":[{"href":"https:\/\/www.jetcarrier.com\/cms\/wp-json\/wp\/v2\/media?parent=23"}],"curies":[{"name":"wp","href":"https:\/\/api.w.org\/{rel}","templated":true}]}}