{"id":20,"date":"2015-02-26T13:00:04","date_gmt":"2015-02-26T12:00:04","guid":{"rendered":"http:\/\/www.jetcarrier.com\/cms\/?page_id=20"},"modified":"2020-05-05T07:53:30","modified_gmt":"2020-05-05T06:53:30","slug":"mailbox","status":"publish","type":"page","link":"https:\/\/www.jetcarrier.com\/cms\/tjenester\/mailbox\/","title":{"rendered":"Mailbox"},"content":{"rendered":"<p>N\u00e5r du registrer deg som kunde hos oss f\u00e5r du automatisk opprettet en egen adresse i USA. Adressen er gratis, det koster ingenting \u00e5 opprette denne.<\/p>\n<p><strong><a href=\"http:\/\/www.jetcarrier.com\/cms\/wp-content\/uploads\/2015\/02\/US-postkasse.jpg\"><img loading=\"lazy\" decoding=\"async\" class=\"alignnone size-medium wp-image-142\" src=\"http:\/\/www.jetcarrier.com\/cms\/wp-content\/uploads\/2015\/02\/US-postkasse-285x300.jpg\" alt=\"US-postkasse\" width=\"285\" height=\"300\" srcset=\"https:\/\/www.jetcarrier.com\/cms\/wp-content\/uploads\/2015\/02\/US-postkasse-285x300.jpg 285w, https:\/\/www.jetcarrier.com\/cms\/wp-content\/uploads\/2015\/02\/US-postkasse.jpg 350w\" sizes=\"auto, (max-width: 285px) 100vw, 285px\" \/><\/a><\/strong><\/p>\n<p><strong>Hvorfor en adresse i USA?<\/strong><br \/>\nAdressen, eller Mailbox&#8217;en som vi kaller den, befinner seg p\u00e5 v\u00e5r terminal i Delaware, USA.<br \/>\nHit kan du sende dine bestillinger av b\u00e5de nye og\u00a0brukte varer.<br \/>\nVi sender Flypakker fra USA en gang i uken, alt gods pakkes og sendes til Norge, Sverige eller Danmark for distribusjon.<br \/>\nStort sett hver uke sender vi ogs\u00e5 sj\u00f8gods i\u00a0containere, her er prisene lavere og vi har ingen vekt eller volum begrensninger, som eksempel sender vi stadig:\u00a0Bil, b\u00e5t og MC deler,\u00a0Trommesett,\u00a0Motorsykler,\u00a0M\u00f8bler,\u00a0Sn\u00f8scooter,\u00a0Maskiner mm<\/p>\n<ul>\n<li>Fortollingsgebyr er som oftest inkludert i frakten (gjeldende mva sats +evt tollsats tilkommer selvf\u00f8lgelig).<\/li>\n<\/ul>\n<ul>\n<li>Dine pakker\/gods videresendes til ditt n\u00e6rmeste utleveringsted eller leveres rett hjem for stort gods.<\/li>\n<\/ul>\n<p>Du kan bestille fra de aller fleste Amerikanske butikker eller privatpersoner.<br \/>\n<a title=\"Slik fungerer det\" href=\"http:\/\/www.jetcarrier.com\/cms\/?page_id=129\">Slik fungerer dette<\/a>, klikk for \u00e5 lese mer om hvordan du bruker din mailbox.<\/p>\n<p><a href=\"http:\/\/www.jetcarrier.com\/cms\/wp-content\/uploads\/2015\/08\/Din-pakke-NO.jpg\"><img loading=\"lazy\" decoding=\"async\" class=\"alignleft size-full wp-image-665\" src=\"http:\/\/www.jetcarrier.com\/cms\/wp-content\/uploads\/2015\/08\/Din-pakke-NO.jpg\" alt=\"Din-pakke-NO\" width=\"480\" height=\"249\" srcset=\"https:\/\/www.jetcarrier.com\/cms\/wp-content\/uploads\/2015\/08\/Din-pakke-NO.jpg 480w, https:\/\/www.jetcarrier.com\/cms\/wp-content\/uploads\/2015\/08\/Din-pakke-NO-300x156.jpg 300w\" sizes=\"auto, (max-width: 480px) 100vw, 480px\" \/><\/a><\/p>\n","protected":false},"excerpt":{"rendered":"<p>N\u00e5r du registrer deg som kunde hos oss f\u00e5r du automatisk opprettet en egen adresse i USA. Adressen er gratis, det koster ingenting \u00e5 opprette denne. Hvorfor en adresse i USA? Adressen, eller Mailbox&#8217;en som vi kaller den, befinner seg p\u00e5 v\u00e5r terminal i Delaware, USA. Hit kan du sende dine bestillinger av b\u00e5de nye [&hellip;]<\/p>\n","protected":false},"author":2,"featured_media":0,"parent":14,"menu_order":1,"comment_status":"closed","ping_status":"closed","template":"page-templates\/full-width.php","meta":{"footnotes":"","_links_to":"","_links_to_target":""},"class_list":["post-20","page","type-page","status-publish","hentry"],"_links":{"self":[{"href":"https:\/\/www.jetcarrier.com\/cms\/wp-json\/wp\/v2\/pages\/20","targetHints":{"allow":["GET"]}}],"collection":[{"href":"https:\/\/www.jetcarrier.com\/cms\/wp-json\/wp\/v2\/pages"}],"about":[{"href":"https:\/\/www.jetcarrier.com\/cms\/wp-json\/wp\/v2\/types\/page"}],"author":[{"embeddable":true,"href":"https:\/\/www.jetcarrier.com\/cms\/wp-json\/wp\/v2\/users\/2"}],"replies":[{"embeddable":true,"href":"https:\/\/www.jetcarrier.com\/cms\/wp-json\/wp\/v2\/comments?post=20"}],"version-history":[{"count":8,"href":"https:\/\/www.jetcarrier.com\/cms\/wp-json\/wp\/v2\/pages\/20\/revisions"}],"predecessor-version":[{"id":3875,"href":"https:\/\/www.jetcarrier.com\/cms\/wp-json\/wp\/v2\/pages\/20\/revisions\/3875"}],"up":[{"embeddable":true,"href":"https:\/\/www.jetcarrier.com\/cms\/wp-json\/wp\/v2\/pages\/14"}],"wp:attachment":[{"href":"https:\/\/www.jetcarrier.com\/cms\/wp-json\/wp\/v2\/media?parent=20"}],"curies":[{"name":"wp","href":"https:\/\/api.w.org\/{rel}","templated":true}]}}