{"id":129,"date":"2015-03-12T16:19:14","date_gmt":"2015-03-12T15:19:14","guid":{"rendered":"http:\/\/www.jetcarrier.com\/cms\/?page_id=129"},"modified":"2021-04-29T14:25:28","modified_gmt":"2021-04-29T13:25:28","slug":"slik-fungerer-det","status":"publish","type":"page","link":"https:\/\/www.jetcarrier.com\/cms\/tjenester\/mailbox\/slik-fungerer-det\/","title":{"rendered":"Slik fungerer det"},"content":{"rendered":"<p>Her kommer noen enkle tips og r\u00e5d du b\u00f8r ta med deg p\u00e5 veien. F\u00f8lger du disse grunnleggende instruksjonene legger du alt til rette for at vi kan h\u00e5ndtere frakten av din pakke s\u00e5 raskt som mulig.<\/p>\n<p>Etter at du har registrert en konto hos oss er du klar til \u00e5 begynne \u00e5 handle i USA. Du bruker da adressen du har hos JetCarrier som din &laquo;shipping&raquo; adresse.<\/p>\n<p><a href=\"http:\/\/www.jetcarrier.com\/cms\/wp-content\/uploads\/2018\/04\/Laptop-collage.jpg\"><img loading=\"lazy\" decoding=\"async\" class=\"alignnone size-full wp-image-137\" src=\"http:\/\/www.jetcarrier.com\/cms\/wp-content\/uploads\/2018\/04\/Laptop-collage.jpg\" alt=\"Laptop-collage\" width=\"944\" height=\"199\" \/><\/a><\/p>\n<p><strong>1)\u00a0Shop online i USA<\/strong><br \/>\nP\u00e5 det amerikanske online markedet finner du alt du kan dr\u00f8mme om og en god del mer. Mange nettbutikker tar norske kredittkort og amerikansk leveringsadresse. Du kan ogs\u00e5 med fordel benytte PayPal som betalingsmiddel. N\u00e5r du har handlet og betalt for varene er det viktig at du s\u00e5 raskt som mulig:<\/p>\n<p><strong>2) Booke en frakt p\u00e5 din konto hos <span style=\"color: red;\">Jet<\/span>Carrier<\/strong><br \/>\nHvorfor er det viktig? Jo, bookingen din forteller oss at du venter inn en pakke &#8211; samt hvilken m\u00e5te du vil ha den tilsendt p\u00e5. Vi tilbyr b\u00e5de FLY og SJ\u00d8frakt s\u00e5 det er lurt allerede n\u00e5 \u00e5 bestemme deg for fraktemetode basert p\u00e5 hvor stort\/tungt du tror dette vil v\u00e6re. Sjekk v\u00e5re prislister samt fraktkalkulator for \u00e5 gj\u00f8re egne beregninger p\u00e5 hva som l\u00f8nner seg mest for deg.<br \/>\nFor \u00e5 booke en frakt m\u00e5 du logge deg p\u00e5 din jetcarrier-konto og velge &laquo;Book flyfrakt&raquo; eller &laquo;Book sj\u00f8frakt&raquo; fra menyen, da kommer du til en tabell du fyller ut. N\u00e5r det er gjort vil du finne igjen frakten du nettopp booket under &laquo;Mine flypakker&raquo; eller &laquo;Mine sj\u00f8pakker&raquo;. Du m\u00e5 lage en booking for hvert sporingsnummer du f\u00e5r fra avsender, ser du at du f\u00e5r inn 4 pakker s\u00e5 m\u00e5 du enten booke 4 kolli p\u00e5 en gang eller legge til 3 ekstra kolli p\u00e5 din hovedbooking hvis du lagde bookingen f\u00f8r du du fikk sporingsnumre. Har du ikke mottatt sporingsnumre b\u00f8r du pr\u00f8ve \u00e5 anta hvor mange kolli dette kan bli, er du usikker b\u00f8r du kun booke 1 kolli til din ordre.<\/p>\n<p><strong>3) Laster opp eller oversende en kvittering<\/strong><br \/>\nN\u00e5r du har f\u00e5tt en ordrebekreftelse fra nettbutikken du kj\u00f8pte varen fra, vil vi gjerne ha en kopi av denne tilsendt digitalt. Vi trenger dette for \u00e5 korrekt kunne eksportere varene dine ut av USA, samt fortolle de inn til Norge. Kvitteringen b\u00f8r som minimum vise <strong>a)<\/strong> hvem som er mottaker (deg) <strong>b)<\/strong> hva du har bestilt <strong>c)<\/strong> verdien p\u00e5 det du har bestilt smt evt. frakt frem til terminalen i USA. Du finner informasjon om hvordan du sender en kvittering digitalt til oss p\u00e5 siden du kommer til etter at du har booket en pakke.<\/p>\n<p><strong>4) Betale fraktfakturaen fra din konto<\/strong><br \/>\nVi sender ikke ut fakturaer i brevpost, disse finner du inne p\u00e5 din konto. Du vil f\u00e5 en e-mail n\u00e5r fakturaen er generet, da kan du enkelt logge deg p\u00e5 og finne faktura og KID-detaljer. Du kan ogs\u00e5 printe ut en kopi til eget regnskap om du \u00f8nsker det. Flyfrakt faktureres som regel 2-3 dager etter at vi har sendt ut pakken innenlands i Norge, mens sj\u00f8frakt faktureres n\u00e5r pakken er underveis og ca. 10 dager f\u00f8r den kommer til Norge.<\/p>\n","protected":false},"excerpt":{"rendered":"<p>Her kommer noen enkle tips og r\u00e5d du b\u00f8r ta med deg p\u00e5 veien. F\u00f8lger du disse grunnleggende instruksjonene legger du alt til rette for at vi kan h\u00e5ndtere frakten av din pakke s\u00e5 raskt som mulig. Etter at du har registrert en konto hos oss er du klar til \u00e5 begynne \u00e5 handle i [&hellip;]<\/p>\n","protected":false},"author":2,"featured_media":0,"parent":20,"menu_order":0,"comment_status":"closed","ping_status":"closed","template":"page-templates\/full-width.php","meta":{"footnotes":"","_links_to":"","_links_to_target":""},"class_list":["post-129","page","type-page","status-publish","hentry"],"_links":{"self":[{"href":"https:\/\/www.jetcarrier.com\/cms\/wp-json\/wp\/v2\/pages\/129","targetHints":{"allow":["GET"]}}],"collection":[{"href":"https:\/\/www.jetcarrier.com\/cms\/wp-json\/wp\/v2\/pages"}],"about":[{"href":"https:\/\/www.jetcarrier.com\/cms\/wp-json\/wp\/v2\/types\/page"}],"author":[{"embeddable":true,"href":"https:\/\/www.jetcarrier.com\/cms\/wp-json\/wp\/v2\/users\/2"}],"replies":[{"embeddable":true,"href":"https:\/\/www.jetcarrier.com\/cms\/wp-json\/wp\/v2\/comments?post=129"}],"version-history":[{"count":11,"href":"https:\/\/www.jetcarrier.com\/cms\/wp-json\/wp\/v2\/pages\/129\/revisions"}],"predecessor-version":[{"id":4243,"href":"https:\/\/www.jetcarrier.com\/cms\/wp-json\/wp\/v2\/pages\/129\/revisions\/4243"}],"up":[{"embeddable":true,"href":"https:\/\/www.jetcarrier.com\/cms\/wp-json\/wp\/v2\/pages\/20"}],"wp:attachment":[{"href":"https:\/\/www.jetcarrier.com\/cms\/wp-json\/wp\/v2\/media?parent=129"}],"curies":[{"name":"wp","href":"https:\/\/api.w.org\/{rel}","templated":true}]}}