{"id":1284,"date":"2017-11-10T13:51:02","date_gmt":"2017-11-10T12:51:02","guid":{"rendered":"http:\/\/www.jetcarrier.com\/cms\/?page_id=1284"},"modified":"2017-11-10T13:57:43","modified_gmt":"2017-11-10T12:57:43","slug":"350-kalkulator","status":"publish","type":"page","link":"https:\/\/www.jetcarrier.com\/cms\/priser\/priskalkulator\/350-kalkulator\/","title":{"rendered":"350 kalkulator"},"content":{"rendered":"<p>Bruk v\u00e5r kalkulator til \u00e5 beregne om pakken din g\u00e5r over eller under 350 kroners grensen.<\/p>\n<style>@media (max-width:480px){#cp_calculatedfieldsf_pform_1{min-height:1091px;}}@media (max-width:1024px){#cp_calculatedfieldsf_pform_1{min-height:879px;}}@media (min-width:1024px){#cp_calculatedfieldsf_pform_1{min-height:879px;}}<\/style><form name=\"cp_calculatedfieldsf_pform_1\" id=\"cp_calculatedfieldsf_pform_1\" action=\"https:\/\/www.jetcarrier.com\/cms\/priser\/priskalkulator\/350-kalkulator\/\" method=\"post\" enctype=\"multipart\/form-data\" onsubmit=\"return fbuilderjQuery.fbuilder.doValidate(this);\" class=\"cff-form no-prefetch  cp_cff_letter\"  data-nonce=\"1ed719245d\">\n<input type=\"hidden\" name=\"cp_calculatedfieldsf_pform_psequence\" value=\"_1\" \/>\n<input type=\"hidden\" name=\"cp_calculatedfieldsf_id\" value=\"8\" \/>\n<input type=\"hidden\" name=\"cp_ref_page\" value=\"https:\/\/www.jetcarrier.com\/cms\" \/>\n<pre style=\"display:none !important;\"><script type=\"text\/javascript\">form_structure_1=[[{\"form_identifier\":\"\",\"name\":\"fieldname2\",\"shortlabel\":\"\",\"index\":0,\"ftype\":\"fnumber\",\"userhelp\":\"\",\"userhelpTooltip\":false,\"csslayout\":\"\",\"title\":\"Legg inn varens verdi i USD inkl. frakt til New Jersey\",\"predefined\":\"0\",\"predefinedClick\":false,\"required\":true,\"readonly\":false,\"size\":\"small\",\"thousandSeparator\":\"\",\"decimalSymbol\":\",\",\"min\":\"\",\"max\":\"\",\"formatDynamically\":false,\"dformat\":\"number\",\"formats\":[\"digits\",\"number\"],\"fBuild\":{},\"parent\":\"\"},{\"form_identifier\":\"\",\"name\":\"fieldname3\",\"shortlabel\":\"\",\"index\":1,\"ftype\":\"fnumber\",\"userhelp\":\"\",\"userhelpTooltip\":false,\"csslayout\":\"\",\"title\":\"Legg inn dollarkursen du finner p\\u00e5 \\u003Ca href=\\u0022http:\\\/\\\/www.toll.no\\\/no\\\/verktoy\\\/valutakurser\\u0022 target=\\u0022_blank\\u0022\\u003E Toll.no\\u003C\\\/a\\u003E\",\"predefined\":\"8,59\",\"predefinedClick\":false,\"required\":true,\"readonly\":false,\"size\":\"small\",\"thousandSeparator\":\"\",\"decimalSymbol\":\",\",\"min\":\"\",\"max\":\"\",\"formatDynamically\":false,\"dformat\":\"number\",\"formats\":[\"digits\",\"number\"],\"fBuild\":{},\"parent\":\"\"},{\"form_identifier\":\"\",\"name\":\"fieldname4\",\"shortlabel\":\"\",\"index\":2,\"ftype\":\"fnumber\",\"userhelp\":\"\",\"userhelpTooltip\":false,\"csslayout\":\"\",\"title\":\"Legg inn varens vekt i kilo.\",\"predefined\":\"0\",\"predefinedClick\":false,\"required\":true,\"readonly\":false,\"size\":\"small\",\"thousandSeparator\":\"\",\"decimalSymbol\":\",\",\"min\":\"\",\"max\":\"\",\"formatDynamically\":false,\"dformat\":\"number\",\"formats\":[\"digits\",\"number\"],\"fBuild\":{},\"parent\":\"\"},{\"form_identifier\":\"\",\"name\":\"fieldname5\",\"shortlabel\":\"\",\"index\":3,\"ftype\":\"fnumber\",\"userhelp\":\"\",\"userhelpTooltip\":false,\"csslayout\":\"\",\"title\":\"Legg inn antatt lengde p\\u00e5 pakken i cm.\",\"predefined\":\"0\",\"predefinedClick\":false,\"required\":true,\"readonly\":false,\"size\":\"small\",\"thousandSeparator\":\"\",\"decimalSymbol\":\".\",\"min\":\"0\",\"max\":\"99999\",\"formatDynamically\":false,\"dformat\":\"digits\",\"formats\":[\"digits\",\"number\"],\"fBuild\":{},\"parent\":\"\"},{\"form_identifier\":\"\",\"name\":\"fieldname6\",\"shortlabel\":\"\",\"index\":4,\"ftype\":\"fnumber\",\"userhelp\":\"\",\"userhelpTooltip\":false,\"csslayout\":\"\",\"title\":\"Legg inn antatt bredde p\\u00e5 pakken i cm.\",\"predefined\":\"0\",\"predefinedClick\":false,\"required\":true,\"readonly\":false,\"size\":\"small\",\"thousandSeparator\":\"\",\"decimalSymbol\":\".\",\"min\":\"0\",\"max\":\"99999\",\"formatDynamically\":false,\"dformat\":\"digits\",\"formats\":[\"digits\",\"number\"],\"fBuild\":{},\"parent\":\"\"},{\"form_identifier\":\"\",\"name\":\"fieldname7\",\"shortlabel\":\"\",\"index\":5,\"ftype\":\"fnumber\",\"userhelp\":\"\",\"userhelpTooltip\":false,\"csslayout\":\"\",\"title\":\"Legg inn antatt h\\u00f8yde p\\u00e5 pakken i cm.\",\"predefined\":\"0\",\"predefinedClick\":false,\"required\":true,\"readonly\":false,\"size\":\"small\",\"thousandSeparator\":\"\",\"decimalSymbol\":\".\",\"min\":\"0\",\"max\":\"99999\",\"formatDynamically\":false,\"dformat\":\"digits\",\"formats\":[\"digits\",\"number\"],\"fBuild\":{},\"parent\":\"\"},{\"dependencies\":[{\"rule\":\"\",\"complex\":false,\"fields\":[\"\"]}],\"form_identifier\":\"\",\"name\":\"fieldname13\",\"shortlabel\":\"\",\"index\":6,\"ftype\":\"fCalculated\",\"userhelp\":\"\",\"userhelpTooltip\":false,\"csslayout\":\"\",\"title\":\"Pakkens volum i dm3 (l x b x h)\",\"predefined\":\"\",\"required\":false,\"size\":\"small\",\"toolbar\":\"default|mathematical\",\"eq\":\"(fieldname5*fieldname6*fieldname7)\\\/1000\",\"suffix\":\"\",\"prefix\":\"\",\"decimalsymbol\":\",\",\"groupingsymbol\":\"\",\"readonly\":true,\"hidefield\":true,\"fBuild\":{},\"parent\":\"\"},{\"dependencies\":[{\"rule\":\"\",\"complex\":false,\"fields\":[\"\"]}],\"form_identifier\":\"\",\"name\":\"fieldname8\",\"shortlabel\":\"\",\"index\":7,\"ftype\":\"fCalculated\",\"userhelp\":\"\",\"userhelpTooltip\":false,\"csslayout\":\"\",\"title\":\"\\u003Cb\\u003ESender du pakken med v\\u00e5r flyfrakt vil den ha en tollverdi p\\u00e5:\\u003C\\\/b\\u003E\",\"predefined\":\"\",\"required\":false,\"size\":\"small\",\"toolbar\":\"default|mathematical\",\"eq\":\"fieldname10+(fieldname15*18)\",\"suffix\":\"\",\"prefix\":\"NOK  \",\"decimalsymbol\":\",\",\"groupingsymbol\":\"\",\"readonly\":true,\"hidefield\":false,\"fBuild\":{},\"parent\":\"\"},{\"dependencies\":[{\"rule\":\"\",\"complex\":false,\"fields\":[\"\"]}],\"form_identifier\":\"\",\"name\":\"fieldname9\",\"shortlabel\":\"\",\"index\":8,\"ftype\":\"fCalculated\",\"userhelp\":\"\",\"userhelpTooltip\":false,\"csslayout\":\"\",\"title\":\"\\u003Cb\\u003ESender du pakken med v\\u00e5r sj\\u00f8frakt vil den ha en tollverdi p\\u00e5:\\u003C\\\/b\\u003E\",\"predefined\":\"\",\"required\":false,\"size\":\"small\",\"toolbar\":\"default|mathematical\",\"eq\":\"fieldname10+(fieldname15*4.5)\",\"suffix\":\"\",\"prefix\":\"NOK  \",\"decimalsymbol\":\".\",\"groupingsymbol\":\"\",\"readonly\":true,\"hidefield\":false,\"fBuild\":{},\"parent\":\"\"},{\"dependencies\":[{\"rule\":\"\",\"complex\":false,\"fields\":[\"\"]}],\"form_identifier\":\"\",\"name\":\"fieldname10\",\"shortlabel\":\"\",\"index\":9,\"ftype\":\"fCalculated\",\"userhelp\":\"\",\"userhelpTooltip\":false,\"csslayout\":\"\",\"title\":\"regner ut verdi USD * kurs\",\"predefined\":\"\",\"required\":false,\"size\":\"medium\",\"toolbar\":\"default|mathematical\",\"eq\":\"fieldname2*fieldname3\",\"suffix\":\"\",\"prefix\":\"\",\"decimalsymbol\":\".\",\"groupingsymbol\":\"\",\"readonly\":true,\"hidefield\":true,\"fBuild\":{},\"parent\":\"\"},{\"dependencies\":[{\"rule\":\"\",\"complex\":false,\"fields\":[\"\"]}],\"form_identifier\":\"\",\"name\":\"fieldname11\",\"shortlabel\":\"\",\"index\":10,\"ftype\":\"fCalculated\",\"userhelp\":\"\",\"userhelpTooltip\":false,\"csslayout\":\"\",\"title\":\"regner ut kg pris p\\u00e5 fly\",\"predefined\":\"\",\"required\":false,\"size\":\"medium\",\"toolbar\":\"default|mathematical\",\"eq\":\"fieldname4*18\",\"suffix\":\"\",\"prefix\":\"\",\"decimalsymbol\":\".\",\"groupingsymbol\":\"\",\"readonly\":true,\"hidefield\":true,\"fBuild\":{},\"parent\":\"\"},{\"dependencies\":[{\"rule\":\"\",\"complex\":false,\"fields\":[\"\"]}],\"form_identifier\":\"\",\"name\":\"fieldname12\",\"shortlabel\":\"\",\"index\":11,\"ftype\":\"fCalculated\",\"userhelp\":\"\",\"userhelpTooltip\":false,\"csslayout\":\"\",\"title\":\"regner ut kg pris p\\u00e5 sj\\u00f8\",\"predefined\":\"\",\"required\":false,\"size\":\"medium\",\"toolbar\":\"default|mathematical\",\"eq\":\"fieldname4*1\",\"suffix\":\"\",\"prefix\":\"\",\"decimalsymbol\":\",\",\"groupingsymbol\":\"\",\"readonly\":true,\"hidefield\":true,\"fBuild\":{},\"parent\":\"\"},{\"dependencies\":[{\"rule\":\"\",\"complex\":false,\"fields\":[\"\"]}],\"form_identifier\":\"\",\"name\":\"fieldname14\",\"shortlabel\":\"\",\"index\":12,\"ftype\":\"fCalculated\",\"userhelp\":\"\",\"userhelpTooltip\":false,\"csslayout\":\"\",\"title\":\"regner ut vekt mot volum for fly\",\"predefined\":\"\",\"required\":false,\"size\":\"medium\",\"toolbar\":\"default|mathematical\",\"eq\":\"fieldname13\\\/4.5\",\"suffix\":\"\",\"prefix\":\"\",\"decimalsymbol\":\",\",\"groupingsymbol\":\"\",\"readonly\":true,\"hidefield\":true,\"fBuild\":{},\"parent\":\"\"},{\"dependencies\":[{\"rule\":\"\",\"complex\":false,\"fields\":[\"\"]}],\"form_identifier\":\"\",\"name\":\"fieldname15\",\"shortlabel\":\"\",\"index\":13,\"ftype\":\"fCalculated\",\"userhelp\":\"\",\"userhelpTooltip\":false,\"csslayout\":\"\",\"title\":\"Beregner st\\u00f8rrelsesforhold og valg av faktor\",\"predefined\":\"\",\"required\":false,\"size\":\"medium\",\"toolbar\":\"default|mathematical\",\"eq\":\"IF(fieldname12\\u003Efieldname14,fieldname12,fieldname14)\",\"suffix\":\"\",\"prefix\":\"\",\"decimalsymbol\":\".\",\"groupingsymbol\":\"\",\"readonly\":true,\"hidefield\":true,\"fBuild\":{},\"parent\":\"\"},{\"form_identifier\":\"\",\"name\":\"fieldname17\",\"shortlabel\":\"\",\"index\":14,\"ftype\":\"fCommentArea\",\"userhelp\":\"\",\"userhelpTooltip\":false,\"csslayout\":\"\",\"title\":\"Er tollverdien 350 kroner eller mindre vil pakken bli fritatt for MVA og Toll.\",\"fBuild\":{},\"parent\":\"\"},{\"form_identifier\":\"\",\"name\":\"fieldname16\",\"shortlabel\":\"\",\"index\":15,\"ftype\":\"fCommentArea\",\"userhelp\":\"Denne kalkulatoren beregner kun om pakken din kvalifiserer til fritak for MVA og TOLL etter 350 kroners regelen. \\u003Cbr\\u003EDen sier ingenting om endelig fraktkostnad, det finner du i egne tabeller p\\u00e5 jetcarrier.com. \\u003Cbr\\u003E\\n\\u003Ci\\u003EJetCarrier tar ikke ansvar for evt. feil i utregningen!\\u003C\\\/i\\u003E\",\"userhelpTooltip\":false,\"csslayout\":\"\",\"title\":\"NB!\",\"fBuild\":{},\"parent\":\"\"}],{\"0\":{\"title\":\"350 kalkulator\",\"description\":\"Bruk v\\u00e5r kalkulator til \\u00e5 estimere om pakken din kvalifiserer \\u003Cbr\\u003Etil MVA og Toll fritak basert p\\u00e5 350 kroners regelen\",\"formlayout\":\"top_aligned\",\"formtemplate\":\"cp_cff_letter\",\"evalequations\":1,\"autocomplete\":1,\"persistence\":0,\"customstyles\":\"\",\"evalequationsevent\":2},\"formid\":\"cp_calculatedfieldsf_pform_1\"}];<\/script><\/pre>\n<div id=\"fbuilder\">\n\t\t<div id=\"fbuilder_1\">\n\t\t<div id=\"formheader_1\"><\/div>\n\t\t<div id=\"fieldlist_1\"><\/div>\n\t\t<div class=\"clearer\"><\/div>\n\t<\/div>\n<\/div>\n\t<div id=\"cp_subbtn_1\" class=\"cp_subbtn\" style=\"display:none;\"><\/div><div class=\"clearer\"><\/div>\n\t<input type=\"hidden\" id=\"_cpcff_public_nonce\" name=\"_cpcff_public_nonce\" value=\"50d7824cb2\" \/><input type=\"hidden\" name=\"_wp_http_referer\" value=\"\/cms\/wp-json\/wp\/v2\/pages\/1284\" \/><\/form>\n\t\n","protected":false},"excerpt":{"rendered":"<p>Bruk v\u00e5r kalkulator til \u00e5 beregne om pakken din g\u00e5r over eller under 350 kroners grensen.<\/p>\n","protected":false},"author":2,"featured_media":0,"parent":321,"menu_order":0,"comment_status":"closed","ping_status":"closed","template":"","meta":{"footnotes":"","_links_to":"","_links_to_target":""},"class_list":["post-1284","page","type-page","status-publish","hentry"],"_links":{"self":[{"href":"https:\/\/www.jetcarrier.com\/cms\/wp-json\/wp\/v2\/pages\/1284","targetHints":{"allow":["GET"]}}],"collection":[{"href":"https:\/\/www.jetcarrier.com\/cms\/wp-json\/wp\/v2\/pages"}],"about":[{"href":"https:\/\/www.jetcarrier.com\/cms\/wp-json\/wp\/v2\/types\/page"}],"author":[{"embeddable":true,"href":"https:\/\/www.jetcarrier.com\/cms\/wp-json\/wp\/v2\/users\/2"}],"replies":[{"embeddable":true,"href":"https:\/\/www.jetcarrier.com\/cms\/wp-json\/wp\/v2\/comments?post=1284"}],"version-history":[{"count":2,"href":"https:\/\/www.jetcarrier.com\/cms\/wp-json\/wp\/v2\/pages\/1284\/revisions"}],"predecessor-version":[{"id":1286,"href":"https:\/\/www.jetcarrier.com\/cms\/wp-json\/wp\/v2\/pages\/1284\/revisions\/1286"}],"up":[{"embeddable":true,"href":"https:\/\/www.jetcarrier.com\/cms\/wp-json\/wp\/v2\/pages\/321"}],"wp:attachment":[{"href":"https:\/\/www.jetcarrier.com\/cms\/wp-json\/wp\/v2\/media?parent=1284"}],"curies":[{"name":"wp","href":"https:\/\/api.w.org\/{rel}","templated":true}]}}