{"id":102,"date":"2015-03-03T12:03:35","date_gmt":"2015-03-03T11:03:35","guid":{"rendered":"http:\/\/www.jetcarrier.com\/cms\/?page_id=102"},"modified":"2015-03-03T12:05:19","modified_gmt":"2015-03-03T11:05:19","slug":"toll-og-valuta","status":"publish","type":"page","link":"https:\/\/www.jetcarrier.com\/cms\/nyttig-info\/toll-og-valuta\/","title":{"rendered":"Toll og Valuta"},"content":{"rendered":"<p>Klikk p\u00e5 linkene under for \u00e5 komme til ut\u00f8vende myndigheter som har ansvaret for varef\u00f8rsel inn og ut av respektive land.<\/p>\n<p>Norge: <a href=\"http:\/\/www.toll.no\" target=\"_blank\">Tollvesenet<\/a><br \/>\nSverige: <a href=\"http:\/\/www.tullverket.se\" target=\"_blank\">Tullverket<\/a><br \/>\nDanmark: <a href=\"http:\/\/www.skat.dk\" target=\"_blank\">Skat og Told<\/a><\/p>\n<p><strong>Valutakurser<\/strong><br \/>\n<a href=\"http:\/\/www.norges-bank.no\/Statistikk\/Valutakurser\/\" target=\"_blank\">Norges banks vekslingskurser<\/a><br \/>\nOmregningskursene som brukes ved fortolling finner du p\u00e5 linkene\u00a0til Tollvesenet, Tullverket og Skat.<\/p>\n","protected":false},"excerpt":{"rendered":"<p>Klikk p\u00e5 linkene under for \u00e5 komme til ut\u00f8vende myndigheter som har ansvaret for varef\u00f8rsel inn og ut av respektive land. Norge: Tollvesenet Sverige: Tullverket Danmark: Skat og Told Valutakurser Norges banks vekslingskurser Omregningskursene som brukes ved fortolling finner du p\u00e5 linkene\u00a0til Tollvesenet, Tullverket og Skat.<\/p>\n","protected":false},"author":2,"featured_media":0,"parent":100,"menu_order":0,"comment_status":"closed","ping_status":"closed","template":"","meta":{"footnotes":"","_links_to":"","_links_to_target":""},"class_list":["post-102","page","type-page","status-publish","hentry"],"_links":{"self":[{"href":"https:\/\/www.jetcarrier.com\/cms\/wp-json\/wp\/v2\/pages\/102","targetHints":{"allow":["GET"]}}],"collection":[{"href":"https:\/\/www.jetcarrier.com\/cms\/wp-json\/wp\/v2\/pages"}],"about":[{"href":"https:\/\/www.jetcarrier.com\/cms\/wp-json\/wp\/v2\/types\/page"}],"author":[{"embeddable":true,"href":"https:\/\/www.jetcarrier.com\/cms\/wp-json\/wp\/v2\/users\/2"}],"replies":[{"embeddable":true,"href":"https:\/\/www.jetcarrier.com\/cms\/wp-json\/wp\/v2\/comments?post=102"}],"version-history":[{"count":1,"href":"https:\/\/www.jetcarrier.com\/cms\/wp-json\/wp\/v2\/pages\/102\/revisions"}],"predecessor-version":[{"id":103,"href":"https:\/\/www.jetcarrier.com\/cms\/wp-json\/wp\/v2\/pages\/102\/revisions\/103"}],"up":[{"embeddable":true,"href":"https:\/\/www.jetcarrier.com\/cms\/wp-json\/wp\/v2\/pages\/100"}],"wp:attachment":[{"href":"https:\/\/www.jetcarrier.com\/cms\/wp-json\/wp\/v2\/media?parent=102"}],"curies":[{"name":"wp","href":"https:\/\/api.w.org\/{rel}","templated":true}]}}