{"id":984,"date":"2016-05-23T15:19:09","date_gmt":"2016-05-23T14:19:09","guid":{"rendered":"http:\/\/www.jetcarrier.com\/cms\/sv\/?page_id=984"},"modified":"2016-05-23T15:19:09","modified_gmt":"2016-05-23T14:19:09","slug":"restriktionslista","status":"publish","type":"page","link":"https:\/\/www.jetcarrier.com\/cms\/sv\/infotavla\/frakt-och-restriktioner\/restriktionslista\/","title":{"rendered":"Restriktionslista"},"content":{"rendered":"<div class=\"list-col\">\n<p>Om du vill best\u00e4lla varor som \u00e4r listade p\u00e5 denna sida, m\u00e5ste du kontakta oss p\u00e5 v\u00e5ran helpdesk med mer information om varan. Vi kontrollerar om det \u00e4r m\u00f6jligt att exportera fr\u00e5n USA och importera till Sverige.<\/p>\n<ul>\n<li>Prescription medications, including dental &amp; veterinary<\/li>\n<li>Prescription medical devices<\/li>\n<li>Medical devices not FDA-approved<\/li>\n<li>Prohormones, Human Growth Hormones, stem cell treatments, steroids or synthetic versions<\/li>\n<li>The following items that are not labeled in English, or without FDA-approved labeling requirements:\n<ul>\n<li>Non-prescription medications<\/li>\n<li>Dietary supplements<\/li>\n<li>Cosmetics<\/li>\n<li>Food<\/li>\n<\/ul>\n<\/li>\n<li>Any food, supplement, drug or cosmetic that has been issued a Consumer Safety Advisory Warning<\/li>\n<li>Perishable products of any kind<\/li>\n<li>Lab reagents, biologics, cultures, medical specimens<\/li>\n<li>Poisonous substances<\/li>\n<li>Toxic substances, including inhalation hazards<\/li>\n<li>Infectious substances<\/li>\n<li>Explosives, fireworks, gun powder, flares or matches<\/li>\n<li>Gasoline, diesel or other fuels<\/li>\n<li>Lighters containing fuel<\/li>\n<li>Meals Ready to Eat (MRE)<\/li>\n<li>Pesticides, herbicides, fungicides<\/li>\n<li>Radioactive elements or products<\/li>\n<li>Self-balancing boards (hoverboards)<\/li>\n<\/ul>\n<\/div>\n<div class=\"list-col\">\n<ul>\n<li>Oxidizing agents<\/li>\n<li>Fire extinguishers<\/li>\n<li>Firearms, guns &amp; accessories, including replicas<\/li>\n<li>BB\/pellet\/airsoft\/paintball guns, parts and projectiles<\/li>\n<li>Ammunition, magazines &amp; bayonets<\/li>\n<li>Stun guns &amp; tasers<\/li>\n<li>Tear gas, mace &amp; pepper spray<\/li>\n<li>Gas masks &amp; gas mask filters<\/li>\n<li>Law enforcement striking weapons, including saps, batons &amp; billy clubs<\/li>\n<li>Handcuffs of any material, including plastic zip tie restraints &amp; straitjackets<\/li>\n<li>Body armor, helmets or personal protection articles with kevlar or ballistic ratings<\/li>\n<li>Military\/tactical\/police shields<\/li>\n<li>Government, police or military uniforms, IDs and Badges (real or replica)<\/li>\n<li>Military training equipment<\/li>\n<li>Military and\/or dual-use flight helmets and flight jumpsuits<\/li>\n<li>Military and law enforcement equipment<\/li>\n<li>Thermal imaging, InfraRed or other night vision devices<\/li>\n<li>Rifle scopes, laser pointing &amp; aiming devices for firearms<\/li>\n<li>Defense articles controlled under the US Munitions List as defined under the International Traffic in Arms Regulations<\/li>\n<li>Self-propelled vehicles<\/li>\n<\/ul>\n<\/div>\n<div class=\"list-col\">\n<ul>\n<li>Damaged batteries<\/li>\n<li>Any dual-use or commercial article controlled under the Commerce Control List (CCL) as defined under the Export Administration Regulations, where the control status requires a Bureau of Industry and Security (BIS) approved export license<\/li>\n<li>Counterfeit products<\/li>\n<li>Contraband or illegal substances<\/li>\n<li>Lottery tickets<\/li>\n<li>Gambling devices &amp; accessories<\/li>\n<li>Lock picking devices<\/li>\n<li>Rough diamonds<\/li>\n<li>Live or dead animals or insects<\/li>\n<li>Human remains<\/li>\n<li>Coral<\/li>\n<li>Brazilian rosewood<\/li>\n<li>Skin or leather of snakes, alligators, crocodiles, stingrays, and other reptiles or amphibians<\/li>\n<li>Skin, fur or leather of wolves, bears, elephants, rhinos and certain deer and foxes<\/li>\n<li>Sturgeon or Beluga caviar<\/li>\n<li>Agricultural products, including certain seeds, live or dead plants, unfinished or untreated wood &amp; soil<\/li>\n<li>Items containing animal products controlled under the Endangered Species Act, Marine Mammal Protection Act, or requiring a permit under CITES<\/li>\n<li>Any unidentifiable material, substance or chemical<\/li>\n<\/ul>\n<\/div>\n","protected":false},"excerpt":{"rendered":"<p>Om du vill best\u00e4lla varor som \u00e4r listade p\u00e5 denna sida, m\u00e5ste du kontakta oss p\u00e5 v\u00e5ran helpdesk med mer information om varan. Vi kontrollerar om det \u00e4r m\u00f6jligt att exportera fr\u00e5n USA och importera till Sverige. Prescription medications, including dental &amp; veterinary Prescription medical devices Medical devices not FDA-approved Prohormones, Human Growth Hormones, stem [&hellip;]<\/p>\n","protected":false},"author":2,"featured_media":0,"parent":501,"menu_order":9,"comment_status":"closed","ping_status":"closed","template":"","meta":{"footnotes":"","_links_to":"","_links_to_target":""},"class_list":["post-984","page","type-page","status-publish","hentry"],"_links":{"self":[{"href":"https:\/\/www.jetcarrier.com\/cms\/sv\/wp-json\/wp\/v2\/pages\/984","targetHints":{"allow":["GET"]}}],"collection":[{"href":"https:\/\/www.jetcarrier.com\/cms\/sv\/wp-json\/wp\/v2\/pages"}],"about":[{"href":"https:\/\/www.jetcarrier.com\/cms\/sv\/wp-json\/wp\/v2\/types\/page"}],"author":[{"embeddable":true,"href":"https:\/\/www.jetcarrier.com\/cms\/sv\/wp-json\/wp\/v2\/users\/2"}],"replies":[{"embeddable":true,"href":"https:\/\/www.jetcarrier.com\/cms\/sv\/wp-json\/wp\/v2\/comments?post=984"}],"version-history":[{"count":1,"href":"https:\/\/www.jetcarrier.com\/cms\/sv\/wp-json\/wp\/v2\/pages\/984\/revisions"}],"predecessor-version":[{"id":985,"href":"https:\/\/www.jetcarrier.com\/cms\/sv\/wp-json\/wp\/v2\/pages\/984\/revisions\/985"}],"up":[{"embeddable":true,"href":"https:\/\/www.jetcarrier.com\/cms\/sv\/wp-json\/wp\/v2\/pages\/501"}],"wp:attachment":[{"href":"https:\/\/www.jetcarrier.com\/cms\/sv\/wp-json\/wp\/v2\/media?parent=984"}],"curies":[{"name":"wp","href":"https:\/\/api.w.org\/{rel}","templated":true}]}}