{"id":750,"date":"2015-09-04T11:15:38","date_gmt":"2015-09-04T10:15:38","guid":{"rendered":"http:\/\/www.jetcarrier.com\/cms\/tjanster\/club-jc\/standby-booking\/"},"modified":"2017-01-09T15:06:10","modified_gmt":"2017-01-09T14:06:10","slug":"standby-booking","status":"publish","type":"page","link":"https:\/\/www.jetcarrier.com\/cms\/sv\/tjanster\/club-jc\/standby-booking\/","title":{"rendered":"StandBy booking"},"content":{"rendered":"<p><a href=\"http:\/\/www.jetcarrier.com\/cms\/wp-content\/uploads\/2015\/09\/shapeimage_2.png\"><img loading=\"lazy\" decoding=\"async\" class=\"size-full wp-image-747 alignnone\" src=\"http:\/\/www.jetcarrier.com\/cms\/wp-content\/uploads\/2015\/09\/shapeimage_2.png\" alt=\"shapeimage_2\" width=\"641\" height=\"432\" srcset=\"https:\/\/www.jetcarrier.com\/cms\/wp-content\/uploads\/2015\/09\/shapeimage_2.png 641w, https:\/\/www.jetcarrier.com\/cms\/wp-content\/uploads\/2015\/09\/shapeimage_2-300x202.png 300w, https:\/\/www.jetcarrier.com\/cms\/wp-content\/uploads\/2015\/09\/shapeimage_2-624x421.png 624w\" sizes=\"auto, (max-width: 641px) 100vw, 641px\" \/><\/a><\/p>\n<h3>Vad \u00e4r det, hur fungerar det och vad kostar det?<\/h3>\n<p><strong>Vad \u00e4r det?<\/strong><br \/>\nStandBybooking \u00e4r en ny frakttj\u00e4nst fr\u00e5n JetCarrier\u2122 f\u00f6r v\u00e5ra Club JC medlemmar. N\u00e4r du g\u00f6r en StandBybooking s\u00e5 v\u00e4ljer du att vi ska ta emot och h\u00e5lla p\u00e5 paketet i USA tills du ger besked n\u00e4r du vill ha det skickat. Det kan vara bra n\u00e4r du \u00f6nskar att samla flera paket till att skickas samlat till dig. P\u00e5 s\u00e5 vis kan du spara fraktkostnader, d\u00e5 alla paket du skickar samtidigt fr\u00e5n oss f\u00e5r en fraktkosnad som om det vore ett paket (vikter och volymer summerat).<\/p>\n<p class=\"Body\"><strong><span class=\"style_1\">Hur fungerar det?<br \/>\n<\/span><\/strong>Att booka ett StandBypaket \u00e4r lika l\u00e4tt som att booka ett vanligt paket. Det finns ett val som heter \u00abStandBy\u00bb i bookingf\u00f6nstret, om du kryssar av i StandBy f\u00e4ltet s\u00e5 h\u00e5ller vi igen dina paket i USA tills du ger oss besked n\u00e4r du vill att vi ska skicka de till dig. Du kan booka m\u00e5nga StandBy paket b\u00e5de p\u00e5 flyg och sj\u00f6.<\/p>\n<p class=\"Body\"><strong><span class=\"style_2\">Notera<\/span><\/strong>: StandBy booking \u00e4r din\u00a0<span class=\"style_2\">enda<\/span>\u00a0m\u00f6jlighet att h\u00e5lla igjen paket i USA.\u00a0 Efter lanseringen av StandBy s\u00e5 opererar JetCarrier med principen \u00abwhat comes in, goes out\u00bb. Det betyder att vi skickar de paket som kommer in s\u00e5 snabbt vi kan till dig, och inte baserat p\u00e5 container \u00abcut-off\u00bb datum.<\/p>\n<p class=\"Body\"><strong><span class=\"style_1\">Vad kostar det?<br \/>\n<\/span><\/strong>Prislista sj\u00f6 och flygpaket<br \/>\n<span class=\"Punkttegn\">\u2022<\/span>FLY StandBy:<br \/>\nL\u00f6pande kostnader: 0,25 USD pr. paket\u00a0pr. dag.<br \/>\nEng\u00e5ngskostnader: 0,05 USD pr. dm3 + 1 USD pr. paket.<br \/>\n<span class=\"Punkttegn\">\u2022<\/span>SJ\u00d8 StandBy:<br \/>\nL\u00f6pande kostnader: 0,1 USD pr. paket\u00a0pr. dag.<br \/>\nEng\u00e5ngskostnader: 0,05 USD pr. dm3 + 1 USD pr. paket.<\/p>\n<p class=\"paragraph_style_1\">Vi har utarbetat ett sett med regler f\u00f6r att hantera StandBy paket (endast p\u00e5 engelska).\u00a0<a href=\"http:\/\/www.jetcarrier.com\/cms\/tjanster\/club-jc\/standby-booking\/standby-rules\/?lang=sv\">Se till att du har l\u00e4st genom reglerna<\/a>.\u00a0Notera: Exempel 1 och 2 \u00e4r baserad p\u00e5 priser pr. 1.1.2013 och kan f\u00f6randra sig om v\u00e5ran priss\u00e4tting \u00e4ndrar sig, kolla derf\u00f6r ocks\u00e5 alltid v\u00e5ran prislista.<\/p>\n<p><b>Exempel 1 &#8211; <\/b><b>spara 25%<br \/>\n<\/b>Du har bookat 5 StandBy paket p\u00e5 <b>flyg<\/b>. 2 paket kommer fr\u00e5n Amazon, 1 kommer fr\u00e5n Backcountry och 2 kommer fr\u00e5n Summit Racing. Paketen ankommer med 10 dagars mellamrum. De har f\u00f6ljande vikter och volymer<\/p>\n<p>Paket 1, dag 1: 12 kg, 66 dm3<br \/>\nPaket 2, dag 5: 1 kg, 3 dm3<br \/>\nPaket 3, dag 5: 8 kg, 40 dm3<br \/>\nPaket 4, dag 8: 14 kg, 42 dm3<br \/>\nPaket 5, dag 10: 2 kg, 19 dm3<br \/>\n<b>Totalt 37 kg, 170 dm3<\/b><\/p>\n<p>Detta kommer kosta dig f\u00f6ljande StandBy kostnader:<br \/>\nPaket 1, dag 1: 1 USD<br \/>\n+ 0,25 x 10 dager = 2,5 USD<br \/>\n+ 0,05 x 66 dm3 = 3,3 USD<br \/>\n= 6,8 USD<\/p>\n<p>Paket 2, dag 5: 1 USD<br \/>\n+ 0,25 x 5 dager = 1,25 USD<br \/>\n+ 0,05 x 3 dm3 = 0,15 USD<br \/>\n= 2,4 USD<\/p>\n<p>Paket 3, dag 5: 1 USD<br \/>\n+ 0,25 x 5 dager = 1,25 USD<br \/>\n+ 0,05 x 40 dm3 = 2 USD<br \/>\n= 4,25 USD<\/p>\n<p>Paket 4, dag 8: 1 USD<br \/>\n+ 0,25 x 2 dager = 0,50 USD<br \/>\n+ 0,05 x 42 dm3 = 2,1 USD<br \/>\n= 3,6 USD<\/p>\n<p>Paket 5, dag 10: 1 USD<br \/>\n+ 0,25 x 1 dag = 0,25 USD<br \/>\n+ 0,05 x 19 dm3 = 0,95 USD<br \/>\n= 2,2 USD<br \/>\n<b>Totalt 19,25 USD<\/b><\/p>\n<p>I till\u00e4gg kommer flygfrakten och kolliavgiften.<br \/>\nFlygfrakt 37 kg\/266 dm3: 1534 SEK<br \/>\nKolliavgift (45 pr. pakke): 180 SEK<br \/>\nTotalt kostar det 1714 SEK og 15,8 USD att anv\u00e4nda StandBy booking.<\/p>\n<p>Om du inte hade anv\u00e4ndt StandBy, men bara skickat paketen fortl\u00f6pande s\u00e5 hade de kommit i 2 olika flygs\u00e4ndingar. Pakke 1, 2 och 3 i vecka 1, paket 4 och 5 i vecka 2. Detta hade kostat dig:<\/p>\n<p>Fraktpris vecka 1: 1340 SEK<br \/>\nFraktpris vecka 2: 1090 SEK<br \/>\nTotalt 2430 SEK<\/p>\n<p>I detta fall har du sparat 611 SEK med att anv\u00e4nda StandBy (dollarkurs 6,6).<br \/>\n<b>Detta blir 25% billigare i frakt!<\/b><\/p>\n<p><b>Exempel 2 &#8211; <\/b><b>spara 10%<br \/>\n<\/b>Du har bookat 12 StandBy paket p\u00e5 <b>sj\u00f6<\/b>. Tre paket kommer fr\u00e5n Summit Racing , 9 paket kommer fr\u00e5n Garrys Autoparts. Paketen ankommer med 24 dagars mellanrum. De har f\u00f6ljande vikter och volymer<\/p>\n<p>Pakke 1-5: 22 kg, 120 dm3 x 5<br \/>\nPakke 6: 3 kg, 12 dm3<br \/>\nPakke 7: 2 kg, 40 dm3<br \/>\nPakke 8-11: 16 kg, 250 dm3 x 4<br \/>\nPakke 12: 252 kg, 650 dm3<br \/>\n<b>Totalt 431 kg, 2302 dm3<\/b><\/p>\n<p>Detta kommer kosta dig f\u00f6ljande StandBy kostnader:<br \/>\nPaket 1-5, dag 1: 5 USD<br \/>\n+ 0,1 x 24 dagar = 2,4 USD<br \/>\n+ 0,05 x 600 = 30 USD<br \/>\n= 37,9 USD<\/p>\n<p>Paket 6, dag 5: 1 USD<br \/>\n+ 0,1 x 19 = 1,9 USD<br \/>\n+ 0,05 x 12 = 0,6 USD<br \/>\n= 3,5 USD<\/p>\n<p>Pakket 7, dag 8: 1 USD<br \/>\n+ 0,1 x 16 = 1,6 USD<br \/>\n+ 0,05 x 40 = 2 USD<br \/>\n= 4,6 USD<\/p>\n<p>Paket 8-11, dag 14: 4 USD<br \/>\n+ 0,1 x 10 = 1 USD<br \/>\n+ 0,05 x 1000 = 50 USD<br \/>\n= 55 USD<\/p>\n<p>Paket 12, dag 24: 1 USD<br \/>\n+ 0,25 x 1 = 0,1 USD<br \/>\n+ 0,05 x 650 = 32,5 USD<br \/>\n= 33,6 USD<br \/>\n<b>Totalt 134,6 USD<\/b><\/p>\n<p>I till\u00e4gg kommer sj\u00f6frakten och kolliavgiften:<br \/>\nSj\u00f6frakt 431 kg\/2302 dm3: 4098 SEK<br \/>\nKolliavgift (45 pr. paket): 495 SEK<br \/>\nTotalt kostar det 4593 SEK och 134,6 USD att anv\u00e4nda StandBy booking.<\/p>\n<p>Om du inte hade anv\u00e4ndt StandBy, men bara skickat paketen fortl\u00f6pande s\u00e5 hade de kommit i tre olika sj\u00f6s\u00e4ndningar.<\/p>\n<p>Paket 1-5 i vecka 1, paket 6-8 i vecka 3 och paket 9-12 i vecka 4. Detta hade kostat dig:<br \/>\nFraktpris vecka 1: 1755 SEK<br \/>\nFraktpris vecka 3: 999 SEK<br \/>\nFraktpris vecka 4: 3295 SEK<br \/>\nTotalt 6049 SEK<\/p>\n<p>I detta fall har du sparat 567 SEK med att anv\u00e4nda StandBy (dollarkurs 6,6).<br \/>\n<b>Detta blir nestan 10% billigare i frakt!<\/b><\/p>\n","protected":false},"excerpt":{"rendered":"<p>Vad \u00e4r det, hur fungerar det och vad kostar det? Vad \u00e4r det? StandBybooking \u00e4r en ny frakttj\u00e4nst fr\u00e5n JetCarrier\u2122 f\u00f6r v\u00e5ra Club JC medlemmar. N\u00e4r du g\u00f6r en StandBybooking s\u00e5 v\u00e4ljer du att vi ska ta emot och h\u00e5lla p\u00e5 paketet i USA tills du ger besked n\u00e4r du vill ha det skickat. Det [&hellip;]<\/p>\n","protected":false},"author":2,"featured_media":0,"parent":465,"menu_order":1,"comment_status":"closed","ping_status":"closed","template":"","meta":{"footnotes":"","_links_to":"","_links_to_target":""},"class_list":["post-750","page","type-page","status-publish","hentry"],"_links":{"self":[{"href":"https:\/\/www.jetcarrier.com\/cms\/sv\/wp-json\/wp\/v2\/pages\/750","targetHints":{"allow":["GET"]}}],"collection":[{"href":"https:\/\/www.jetcarrier.com\/cms\/sv\/wp-json\/wp\/v2\/pages"}],"about":[{"href":"https:\/\/www.jetcarrier.com\/cms\/sv\/wp-json\/wp\/v2\/types\/page"}],"author":[{"embeddable":true,"href":"https:\/\/www.jetcarrier.com\/cms\/sv\/wp-json\/wp\/v2\/users\/2"}],"replies":[{"embeddable":true,"href":"https:\/\/www.jetcarrier.com\/cms\/sv\/wp-json\/wp\/v2\/comments?post=750"}],"version-history":[{"count":4,"href":"https:\/\/www.jetcarrier.com\/cms\/sv\/wp-json\/wp\/v2\/pages\/750\/revisions"}],"predecessor-version":[{"id":1076,"href":"https:\/\/www.jetcarrier.com\/cms\/sv\/wp-json\/wp\/v2\/pages\/750\/revisions\/1076"}],"up":[{"embeddable":true,"href":"https:\/\/www.jetcarrier.com\/cms\/sv\/wp-json\/wp\/v2\/pages\/465"}],"wp:attachment":[{"href":"https:\/\/www.jetcarrier.com\/cms\/sv\/wp-json\/wp\/v2\/media?parent=750"}],"curies":[{"name":"wp","href":"https:\/\/api.w.org\/{rel}","templated":true}]}}