{"id":503,"date":"2015-06-04T14:08:11","date_gmt":"2015-06-04T13:08:11","guid":{"rendered":"http:\/\/www.jetcarrier.com\/cms\/?page_id=503"},"modified":"2015-06-05T13:48:27","modified_gmt":"2015-06-05T12:48:27","slug":"503-2","status":"publish","type":"page","link":"https:\/\/www.jetcarrier.com\/cms\/sv\/infotavla\/503-2\/","title":{"rendered":"JetCarrier vs direktefrakt"},"content":{"rendered":"<p><b>Leverans genom JetCarrier \u00e4r rimligst!<br \/>\n<\/b>M\u00e5nga t\u00e4nker\u00a0att s\u00e5 l\u00e4nge frakten g\u00e5r igenom JetCarrier blir det en ytterligare f\u00f6rmedlare, som i sin tur ger en dyrare frakt. Vi har sett flera exempel p\u00e5 n\u00e4tbutiker som skickar direkt till Sverige\u00a0och summan av gods och avgifter\u00a0kan vara dubbelt vad du kan f\u00e5 genom JetCarrier. Dessutom kan andra f\u00f6rm\u00e5ner dina paket har i JetCarrier-systemet vara extra gynsamma. T.ex. paket som tagits emot inom samma vecka blir\u00a0samfakturad, vilket i sin tur kommer att s\u00e4nka priset ytterligare. Vi har bara valt att titta p\u00e5 pris paket f\u00f6r paket f\u00f6r att f\u00e5 en balanserad bild.<\/p>\n<p>Kolla in exemplen p\u00e5\u00a0varf\u00f6r du absolut b\u00f6r anv\u00e4nda JetCarrier (n\u00e4stan) varje g\u00e5ng du handlar fr\u00e5n USA.<\/p>\n<p>Anledningen till att vi s\u00e4ger n\u00e4stan varje g\u00e5ng, \u00e4r helt enkelt eftersom alla paket\u00a0som kan skickas som en internationell brevpost (stort\u00a0brev\u00a0\/ lite paket direkt till din\u00a0brevl\u00e5da) fortfarande kommer att vara billigst med direktfrakt fr\u00e5n leverant\u00f6r\/fors\u00e4ljare. Nackdelen \u00e4r att du f\u00e5r inga trackingsm\u00f6jligheter, men f\u00f6r sm\u00e5saker fr\u00e5n exempelvis. Kina s\u00e5 uppv\u00e4gs nackdelen av priset. Vi har anv\u00e4nd en kurs p\u00e5 8,2 i exemplen.<\/p>\n<p><a href=\"http:\/\/www.jetcarrier.com\/cms\/wp-content\/uploads\/2015\/03\/laptop.jpg\" target=\"_blank\"><img loading=\"lazy\" decoding=\"async\" class=\" wp-image-288 size-medium alignright\" src=\"http:\/\/www.jetcarrier.com\/cms\/wp-content\/uploads\/2015\/03\/laptop-300x144.jpg\" alt=\"laptop\" width=\"300\" height=\"144\" srcset=\"https:\/\/www.jetcarrier.com\/cms\/wp-content\/uploads\/2015\/03\/laptop-300x144.jpg 300w, https:\/\/www.jetcarrier.com\/cms\/wp-content\/uploads\/2015\/03\/laptop-1024x491.jpg 1024w, https:\/\/www.jetcarrier.com\/cms\/wp-content\/uploads\/2015\/03\/laptop-624x299.jpg 624w, https:\/\/www.jetcarrier.com\/cms\/wp-content\/uploads\/2015\/03\/laptop.jpg 1189w\" sizes=\"auto, (max-width: 300px) 100vw, 300px\" \/><\/a><\/p>\n<p><b>Dell Laptop, pris p\u00e5 Ebay: 455 USD<br \/>\n<\/b>Direkteshipping: 55 USD (451 SEK)<br \/>\nFortullingsgebyr: 100\u00a0SEK<br \/>\nDetta\u00a0paket\u00a0kommer normalt till PostNord\u00a0sitt system och da \u00e4r tullhandlingar\u00a0mot privatperson prisad til 100 SEK.<br \/>\nTotal frakt + fortolling: 551\u00a0SEK<\/p>\n<p><b>JetCarrier<\/b>\u00a0shipping: 39 USD (320\u00a0SEK)<br \/>\nFortollingsgebyr: 0\u00a0SEK<br \/>\n<b>Total frakt + fortolling: 320 NOK\u00a0<span style=\"color: #339966;\">(\u00f6ver 50% sparad)<\/span><\/b><\/p>\n<p><a href=\"http:\/\/www.jetcarrier.com\/cms\/wp-content\/uploads\/2015\/03\/jacket.jpg\"><img loading=\"lazy\" decoding=\"async\" class=\" size-medium wp-image-289 alignright\" src=\"http:\/\/www.jetcarrier.com\/cms\/wp-content\/uploads\/2015\/03\/jacket-300x154.jpg\" alt=\"jacket\" width=\"300\" height=\"154\" srcset=\"https:\/\/www.jetcarrier.com\/cms\/wp-content\/uploads\/2015\/03\/jacket-300x154.jpg 300w, https:\/\/www.jetcarrier.com\/cms\/wp-content\/uploads\/2015\/03\/jacket-1024x527.jpg 1024w, https:\/\/www.jetcarrier.com\/cms\/wp-content\/uploads\/2015\/03\/jacket-624x321.jpg 624w, https:\/\/www.jetcarrier.com\/cms\/wp-content\/uploads\/2015\/03\/jacket.jpg 1260w\" sizes=\"auto, (max-width: 300px) 100vw, 300px\" \/><\/a><\/p>\n<p><b>North Face jacka, pris p\u00e5 Ebay 119 USD<br \/>\n<\/b>Direkteshipping: 31,42 USD (258\u00a0SEK)<br \/>\nImport charges: 62,18 USD (510\u00a0SEK)<br \/>\nImport charges \u00e4r MVA och Tull samt tullhandlingar.<br \/>\nTotal frakt + import charges: 768\u00a0SEK<\/p>\n<p><b>JetCarrier<\/b>\u00a0shipping: 23 USD (189\u00a0SEK)<br \/>\nImport charges: 46 USD (377 SEK)<br \/>\nImport charges er MVA og Toll samt fortollingsgebyr. MVA er 25% av jakkes verdi og det er 10,7% toll p\u00e5 jakker.<br \/>\n<b>Total frakt + import charges: 566\u00a0SEK\u00a0<span style=\"color: #339966;\">(over 30% sparad)<\/span><\/b><\/p>\n<p>&nbsp;<\/p>\n","protected":false},"excerpt":{"rendered":"<p>Leverans genom JetCarrier \u00e4r rimligst! M\u00e5nga t\u00e4nker\u00a0att s\u00e5 l\u00e4nge frakten g\u00e5r igenom JetCarrier blir det en ytterligare f\u00f6rmedlare, som i sin tur ger en dyrare frakt. Vi har sett flera exempel p\u00e5 n\u00e4tbutiker som skickar direkt till Sverige\u00a0och summan av gods och avgifter\u00a0kan vara dubbelt vad du kan f\u00e5 genom JetCarrier. Dessutom kan andra f\u00f6rm\u00e5ner [&hellip;]<\/p>\n","protected":false},"author":2,"featured_media":0,"parent":496,"menu_order":12,"comment_status":"closed","ping_status":"closed","template":"page-templates\/full-width.php","meta":{"footnotes":"","_links_to":"","_links_to_target":""},"class_list":["post-503","page","type-page","status-publish","hentry"],"_links":{"self":[{"href":"https:\/\/www.jetcarrier.com\/cms\/sv\/wp-json\/wp\/v2\/pages\/503","targetHints":{"allow":["GET"]}}],"collection":[{"href":"https:\/\/www.jetcarrier.com\/cms\/sv\/wp-json\/wp\/v2\/pages"}],"about":[{"href":"https:\/\/www.jetcarrier.com\/cms\/sv\/wp-json\/wp\/v2\/types\/page"}],"author":[{"embeddable":true,"href":"https:\/\/www.jetcarrier.com\/cms\/sv\/wp-json\/wp\/v2\/users\/2"}],"replies":[{"embeddable":true,"href":"https:\/\/www.jetcarrier.com\/cms\/sv\/wp-json\/wp\/v2\/comments?post=503"}],"version-history":[{"count":3,"href":"https:\/\/www.jetcarrier.com\/cms\/sv\/wp-json\/wp\/v2\/pages\/503\/revisions"}],"predecessor-version":[{"id":506,"href":"https:\/\/www.jetcarrier.com\/cms\/sv\/wp-json\/wp\/v2\/pages\/503\/revisions\/506"}],"up":[{"embeddable":true,"href":"https:\/\/www.jetcarrier.com\/cms\/sv\/wp-json\/wp\/v2\/pages\/496"}],"wp:attachment":[{"href":"https:\/\/www.jetcarrier.com\/cms\/sv\/wp-json\/wp\/v2\/media?parent=503"}],"curies":[{"name":"wp","href":"https:\/\/api.w.org\/{rel}","templated":true}]}}