{"id":499,"date":"2015-06-04T13:31:01","date_gmt":"2015-06-04T12:31:01","guid":{"rendered":"http:\/\/www.jetcarrier.com\/cms\/?page_id=499"},"modified":"2015-06-05T13:48:27","modified_gmt":"2015-06-05T12:48:27","slug":"tull-och-valuta","status":"publish","type":"page","link":"https:\/\/www.jetcarrier.com\/cms\/sv\/infotavla\/tull-och-valuta\/","title":{"rendered":"Tull och valuta"},"content":{"rendered":"<p>Klicka p\u00e5 l\u00e4nkarna nedan f\u00f6r att komma till verkst\u00e4llande myndigheter som ansvarar f\u00f6r f\u00f6rflyttning av varor till och fr\u00e5n varje land.<\/p>\n<p>Norge:\u00a0<a href=\"http:\/\/www.toll.no\" target=\"_blank\">Tollvesenet<\/a><br \/>\nSverige:\u00a0<a href=\"http:\/\/www.tullverket.se\" target=\"_blank\">Tullverket<\/a><br \/>\nDanmark:\u00a0<a href=\"http:\/\/www.skat.dk\" target=\"_blank\">Skat og Told<\/a><\/p>\n<p><strong>V\u00e4xlingskurser<\/strong><br \/>\n<a href=\"http:\/\/www.riksbank.se\" target=\"_blank\">Sveriges Riksbanks v\u00e4xlingskurser<\/a><br \/>\nKonverterings kurser som anv\u00e4nds av tullen hittar du l\u00e4nkar till Tollvesenet, Tullverket og Skat.<\/p>\n","protected":false},"excerpt":{"rendered":"<p>Klicka p\u00e5 l\u00e4nkarna nedan f\u00f6r att komma till verkst\u00e4llande myndigheter som ansvarar f\u00f6r f\u00f6rflyttning av varor till och fr\u00e5n varje land. Norge:\u00a0Tollvesenet Sverige:\u00a0Tullverket Danmark:\u00a0Skat og Told V\u00e4xlingskurser Sveriges Riksbanks v\u00e4xlingskurser Konverterings kurser som anv\u00e4nds av tullen hittar du l\u00e4nkar till Tollvesenet, Tullverket og Skat.<\/p>\n","protected":false},"author":2,"featured_media":0,"parent":496,"menu_order":0,"comment_status":"closed","ping_status":"closed","template":"","meta":{"footnotes":"","_links_to":"","_links_to_target":""},"class_list":["post-499","page","type-page","status-publish","hentry"],"_links":{"self":[{"href":"https:\/\/www.jetcarrier.com\/cms\/sv\/wp-json\/wp\/v2\/pages\/499","targetHints":{"allow":["GET"]}}],"collection":[{"href":"https:\/\/www.jetcarrier.com\/cms\/sv\/wp-json\/wp\/v2\/pages"}],"about":[{"href":"https:\/\/www.jetcarrier.com\/cms\/sv\/wp-json\/wp\/v2\/types\/page"}],"author":[{"embeddable":true,"href":"https:\/\/www.jetcarrier.com\/cms\/sv\/wp-json\/wp\/v2\/users\/2"}],"replies":[{"embeddable":true,"href":"https:\/\/www.jetcarrier.com\/cms\/sv\/wp-json\/wp\/v2\/comments?post=499"}],"version-history":[{"count":1,"href":"https:\/\/www.jetcarrier.com\/cms\/sv\/wp-json\/wp\/v2\/pages\/499\/revisions"}],"predecessor-version":[{"id":500,"href":"https:\/\/www.jetcarrier.com\/cms\/sv\/wp-json\/wp\/v2\/pages\/499\/revisions\/500"}],"up":[{"embeddable":true,"href":"https:\/\/www.jetcarrier.com\/cms\/sv\/wp-json\/wp\/v2\/pages\/496"}],"wp:attachment":[{"href":"https:\/\/www.jetcarrier.com\/cms\/sv\/wp-json\/wp\/v2\/media?parent=499"}],"curies":[{"name":"wp","href":"https:\/\/api.w.org\/{rel}","templated":true}]}}