{"id":494,"date":"2015-06-04T13:26:02","date_gmt":"2015-06-04T12:26:02","guid":{"rendered":"http:\/\/www.jetcarrier.com\/cms\/?page_id=494"},"modified":"2022-01-03T14:33:07","modified_gmt":"2022-01-03T13:33:07","slug":"kontakta-oss","status":"publish","type":"page","link":"https:\/\/www.jetcarrier.com\/cms\/sv\/support\/kontakta-oss\/","title":{"rendered":"Kontakta oss"},"content":{"rendered":"<p>Kolla v\u00e5ran\u00a0<a href=\"http:\/\/www.jetcarrier.net\/support\/index.php?\/Knowledgebase\/List\" target=\"_blank\" rel=\"noopener noreferrer\">FAQ<\/a>\u00a0innan du kontaktar oss, ofte hittar\u00a0du svar d\u00e4r. Kolla \u00e4ven v\u00e5ra <span style=\"color: #000000;\">operativa meddelanden<\/span> <strong><span style=\"color: #ff00ff;\"><a href=\"http:\/\/www.jetcarrier.com\/cms\/driftsmeldinger\/\">h\u00e4r<\/a><\/span><\/strong> och p\u00e5 <span style=\"color: #3366ff;\"><a style=\"color: #3366ff;\" href=\"https:\/\/www.facebook.com\/JetCarrier\" target=\"_blank\" rel=\"noopener noreferrer\">Facebook <\/a><\/span>om du letar efter\u00a0specifik information om en s\u00e4ndning.<\/p>\n<p>Vi finns\u00a0i Halden, ca. 2 km fr\u00e5n\u00a0E6\u00a0och ca. 8\u00a0km fr\u00e5n svenskegr\u00e4nsen p\u00e5 Svinesund. Terminalen \u00e4r ocks\u00e5\u00a0transitmottak f\u00f6r danska kunder.<\/p>\n<p><span style=\"color: #800000;\"><strong>Kontaktformul\u00e4r<\/strong><\/span><br \/>\nFyll i\u00a0<a href=\"http:\/\/www.jetcarrier.net\/support\/index.php?\/Tickets\/Submit\" target=\"_blank\" rel=\"noopener noreferrer\"><b>formul\u00e4ret<\/b><\/a>\u00a0om du vill kontakte\u00a0oss via\u00a0e-post.<\/p>\n<p><strong><img loading=\"lazy\" decoding=\"async\" class=\" size-medium wp-image-534 alignnone\" src=\"http:\/\/www.jetcarrier.com\/cms\/wp-content\/uploads\/2015\/03\/isebakkeveien75-300x200.jpg\" alt=\"isebakkeveien75\" width=\"300\" height=\"200\" srcset=\"https:\/\/www.jetcarrier.com\/cms\/wp-content\/uploads\/2015\/03\/isebakkeveien75-300x200.jpg 300w, https:\/\/www.jetcarrier.com\/cms\/wp-content\/uploads\/2015\/03\/isebakkeveien75.jpg 600w\" sizes=\"auto, (max-width: 300px) 100vw, 300px\" \/><\/strong><\/p>\n<p><strong>Adress<\/strong><br \/>\nJetCarrier AS<br \/>\nIsebakkeveien\u00a075\u00a0(<a href=\"http:\/\/kart.gulesider.no\/m\/kYbZz\" target=\"_blank\" rel=\"noopener noreferrer\">klicka f\u00f6r karta)<\/a><br \/>\n1788\u00a0Halden<\/p>\n<p><strong>Telefontider och\u00a0nummer<\/strong><br \/>\nV\u00e4xel, \u00f6ppetider<br \/>\n<del><\/del>Mandag &#8211; Torsdag:\u00a012:00 &#8211; 16:00<br \/>\nFredag:\u00a012:00 &#8211; 15:00.<\/p>\n<p>Fr\u00e5n Sverige &amp; Danmark: (+46) <strong>0526 659 800<\/strong><br \/>\nFr\u00e5n Norge: (+47) <strong>69 18 40 30<\/strong><\/p>\n","protected":false},"excerpt":{"rendered":"<p>Kolla v\u00e5ran\u00a0FAQ\u00a0innan du kontaktar oss, ofte hittar\u00a0du svar d\u00e4r. Kolla \u00e4ven v\u00e5ra operativa meddelanden h\u00e4r och p\u00e5 Facebook om du letar efter\u00a0specifik information om en s\u00e4ndning. Vi finns\u00a0i Halden, ca. 2 km fr\u00e5n\u00a0E6\u00a0och ca. 8\u00a0km fr\u00e5n svenskegr\u00e4nsen p\u00e5 Svinesund. Terminalen \u00e4r ocks\u00e5\u00a0transitmottak f\u00f6r danska kunder. Kontaktformul\u00e4r Fyll i\u00a0formul\u00e4ret\u00a0om du vill kontakte\u00a0oss via\u00a0e-post. Adress JetCarrier AS [&hellip;]<\/p>\n","protected":false},"author":2,"featured_media":0,"parent":490,"menu_order":2,"comment_status":"closed","ping_status":"closed","template":"","meta":{"footnotes":"","_links_to":"","_links_to_target":""},"class_list":["post-494","page","type-page","status-publish","hentry"],"_links":{"self":[{"href":"https:\/\/www.jetcarrier.com\/cms\/sv\/wp-json\/wp\/v2\/pages\/494","targetHints":{"allow":["GET"]}}],"collection":[{"href":"https:\/\/www.jetcarrier.com\/cms\/sv\/wp-json\/wp\/v2\/pages"}],"about":[{"href":"https:\/\/www.jetcarrier.com\/cms\/sv\/wp-json\/wp\/v2\/types\/page"}],"author":[{"embeddable":true,"href":"https:\/\/www.jetcarrier.com\/cms\/sv\/wp-json\/wp\/v2\/users\/2"}],"replies":[{"embeddable":true,"href":"https:\/\/www.jetcarrier.com\/cms\/sv\/wp-json\/wp\/v2\/comments?post=494"}],"version-history":[{"count":12,"href":"https:\/\/www.jetcarrier.com\/cms\/sv\/wp-json\/wp\/v2\/pages\/494\/revisions"}],"predecessor-version":[{"id":4450,"href":"https:\/\/www.jetcarrier.com\/cms\/sv\/wp-json\/wp\/v2\/pages\/494\/revisions\/4450"}],"up":[{"embeddable":true,"href":"https:\/\/www.jetcarrier.com\/cms\/sv\/wp-json\/wp\/v2\/pages\/490"}],"wp:attachment":[{"href":"https:\/\/www.jetcarrier.com\/cms\/sv\/wp-json\/wp\/v2\/media?parent=494"}],"curies":[{"name":"wp","href":"https:\/\/api.w.org\/{rel}","templated":true}]}}