{"id":492,"date":"2015-06-04T13:14:47","date_gmt":"2015-06-04T12:14:47","guid":{"rendered":"http:\/\/www.jetcarrier.com\/cms\/?page_id=492"},"modified":"2015-06-05T13:48:05","modified_gmt":"2015-06-05T12:48:05","slug":"helpdesk-och-faq","status":"publish","type":"page","link":"https:\/\/www.jetcarrier.com\/cms\/sv\/support\/helpdesk-och-faq\/","title":{"rendered":"Helpdesk och FAQ"},"content":{"rendered":"<p><strong>Anv\u00e4nd v\u00e5r helpdesk<\/strong> n\u00e4r du har\u00a0en f\u00f6rfr\u00e5gan till oss via webben. Du beh\u00f6ver inte registrera dig f\u00f6r att anv\u00e4nda den h\u00e4r tj\u00e4nsten, men om du vill se \u00f6ver dina \u00f6nskem\u00e5l och svar du har f\u00e5tt direkt p\u00e5 webben och inte i ditt e-postprogram, kan du g\u00f6ra detta. Alla f\u00f6rfr\u00e5gningar kommer att g\u00e5 fram och tillbaka mellan dig och JetCarrier som e-post direkt till e-post.<\/p>\n<p><strong>OBS!<\/strong> Om du v\u00e4ljer att registrera et\u00a0konto\u00a0p\u00e5 v\u00e5r helpdesk, s\u00e5 \u00e4r detta \u00e4r inte samma konto\u00a0som du anv\u00e4nder\u00a0n\u00e4r du skickar paket!<\/p>\n<p><strong>Direktelinker<\/strong><br \/>\n<a href=\"http:\/\/www.jetcarrier.net\/support\" target=\"_blank\">Helpdesk huvedsida<\/a><br \/>\n<a href=\"http:\/\/www.jetcarrier.net\/support\/index.php?\/Tickets\/Submit\" target=\"_blank\">Skicka en f\u00f6rfr\u00e5gan<\/a><\/p>\n<p><strong>Vad\u00a0\u00e4r en FAQ?<br \/>\n<\/strong>FAQ = frequently asked questions = vanliga fr\u00e5gor. I v\u00e5ran\u00a0<a href=\"http:\/\/www.jetcarrier.net\/support\/index.php?\/Knowledgebase\/List\" target=\"_blank\">FAQ<\/a>\u00a0hittar du svar p\u00e5 fr\u00e5gor vi f\u00e5r ofta. Kolla om\u00a0svaret du letar efter finns h\u00e4r innan du kontaktar oss.<\/p>\n<p><a href=\"http:\/\/www.jetcarrier.net\/support\/index.php?\/Knowledgebase\/List\" target=\"_blank\">FAQ hovedside<\/a><\/p>\n","protected":false},"excerpt":{"rendered":"<p>Anv\u00e4nd v\u00e5r helpdesk n\u00e4r du har\u00a0en f\u00f6rfr\u00e5gan till oss via webben. Du beh\u00f6ver inte registrera dig f\u00f6r att anv\u00e4nda den h\u00e4r tj\u00e4nsten, men om du vill se \u00f6ver dina \u00f6nskem\u00e5l och svar du har f\u00e5tt direkt p\u00e5 webben och inte i ditt e-postprogram, kan du g\u00f6ra detta. Alla f\u00f6rfr\u00e5gningar kommer att g\u00e5 fram och tillbaka [&hellip;]<\/p>\n","protected":false},"author":2,"featured_media":0,"parent":490,"menu_order":1,"comment_status":"closed","ping_status":"closed","template":"","meta":{"footnotes":"","_links_to":"","_links_to_target":""},"class_list":["post-492","page","type-page","status-publish","hentry"],"_links":{"self":[{"href":"https:\/\/www.jetcarrier.com\/cms\/sv\/wp-json\/wp\/v2\/pages\/492","targetHints":{"allow":["GET"]}}],"collection":[{"href":"https:\/\/www.jetcarrier.com\/cms\/sv\/wp-json\/wp\/v2\/pages"}],"about":[{"href":"https:\/\/www.jetcarrier.com\/cms\/sv\/wp-json\/wp\/v2\/types\/page"}],"author":[{"embeddable":true,"href":"https:\/\/www.jetcarrier.com\/cms\/sv\/wp-json\/wp\/v2\/users\/2"}],"replies":[{"embeddable":true,"href":"https:\/\/www.jetcarrier.com\/cms\/sv\/wp-json\/wp\/v2\/comments?post=492"}],"version-history":[{"count":1,"href":"https:\/\/www.jetcarrier.com\/cms\/sv\/wp-json\/wp\/v2\/pages\/492\/revisions"}],"predecessor-version":[{"id":493,"href":"https:\/\/www.jetcarrier.com\/cms\/sv\/wp-json\/wp\/v2\/pages\/492\/revisions\/493"}],"up":[{"embeddable":true,"href":"https:\/\/www.jetcarrier.com\/cms\/sv\/wp-json\/wp\/v2\/pages\/490"}],"wp:attachment":[{"href":"https:\/\/www.jetcarrier.com\/cms\/sv\/wp-json\/wp\/v2\/media?parent=492"}],"curies":[{"name":"wp","href":"https:\/\/api.w.org\/{rel}","templated":true}]}}