{"id":490,"date":"2015-06-04T13:10:07","date_gmt":"2015-06-04T12:10:07","guid":{"rendered":"http:\/\/www.jetcarrier.com\/cms\/?page_id=490"},"modified":"2016-04-15T08:52:38","modified_gmt":"2016-04-15T07:52:38","slug":"support","status":"publish","type":"page","link":"https:\/\/www.jetcarrier.com\/cms\/sv\/support\/","title":{"rendered":"Kontakta oss"},"content":{"rendered":"<p>Vi kan hj\u00e4lpa dig med m\u00e5nga saker, ibland r\u00e4cker det att l\u00e4sa en grundl\u00e4ggande guide, medan vid andra tillf\u00e4llen kontaktar du oss via webben eller telefon. P\u00e5 v\u00e5ra supportsidor hittar du en hel del information som kan vara v\u00e4rt att l\u00e4sa igenom innan du kontaktar oss.<\/p>\n<p>V\u00e4lj fr\u00e5n menyn eller klicka p\u00e5 l\u00e4nkarna nedan.<\/p>\n","protected":false},"excerpt":{"rendered":"<p>Vi kan hj\u00e4lpa dig med m\u00e5nga saker, ibland r\u00e4cker det att l\u00e4sa en grundl\u00e4ggande guide, medan vid andra tillf\u00e4llen kontaktar du oss via webben eller telefon. P\u00e5 v\u00e5ra supportsidor hittar du en hel del information som kan vara v\u00e4rt att l\u00e4sa igenom innan du kontaktar oss. V\u00e4lj fr\u00e5n menyn eller klicka p\u00e5 l\u00e4nkarna nedan.<\/p>\n","protected":false},"author":2,"featured_media":0,"parent":0,"menu_order":4,"comment_status":"closed","ping_status":"closed","template":"","meta":{"footnotes":"","_links_to":"","_links_to_target":""},"class_list":["post-490","page","type-page","status-publish","hentry"],"_links":{"self":[{"href":"https:\/\/www.jetcarrier.com\/cms\/sv\/wp-json\/wp\/v2\/pages\/490","targetHints":{"allow":["GET"]}}],"collection":[{"href":"https:\/\/www.jetcarrier.com\/cms\/sv\/wp-json\/wp\/v2\/pages"}],"about":[{"href":"https:\/\/www.jetcarrier.com\/cms\/sv\/wp-json\/wp\/v2\/types\/page"}],"author":[{"embeddable":true,"href":"https:\/\/www.jetcarrier.com\/cms\/sv\/wp-json\/wp\/v2\/users\/2"}],"replies":[{"embeddable":true,"href":"https:\/\/www.jetcarrier.com\/cms\/sv\/wp-json\/wp\/v2\/comments?post=490"}],"version-history":[{"count":2,"href":"https:\/\/www.jetcarrier.com\/cms\/sv\/wp-json\/wp\/v2\/pages\/490\/revisions"}],"predecessor-version":[{"id":944,"href":"https:\/\/www.jetcarrier.com\/cms\/sv\/wp-json\/wp\/v2\/pages\/490\/revisions\/944"}],"wp:attachment":[{"href":"https:\/\/www.jetcarrier.com\/cms\/sv\/wp-json\/wp\/v2\/media?parent=490"}],"curies":[{"name":"wp","href":"https:\/\/api.w.org\/{rel}","templated":true}]}}