{"id":488,"date":"2015-06-04T13:08:04","date_gmt":"2015-06-04T12:08:04","guid":{"rendered":"http:\/\/www.jetcarrier.com\/cms\/?page_id=488"},"modified":"2020-05-05T08:15:42","modified_gmt":"2020-05-05T07:15:42","slug":"batfrakt","status":"publish","type":"page","link":"https:\/\/www.jetcarrier.com\/cms\/sv\/tjanster\/batfrakt\/","title":{"rendered":"B\u00e5tfrakt"},"content":{"rendered":"<p>Det kan ofta vara l\u00f6nsamt att k\u00f6pa en b\u00e5t i USA, men var medveten om kraven f\u00f6r\u00a0<a href=\"http:\/\/www.sjofartsdir.no\/no\/Sjofolk\/CE-merking_av_fritidsbater\/\" target=\"_blank\" rel=\"noopener noreferrer\">CE merking<\/a> av b\u00e5tar mellan 2,5 och 24 meter.<\/p>\n<p>B\u00e5tar transporteras i container\u00a0(mindre b\u00e5tar) eller med ro-ro-gods och export\u00a0ur hamn i Newark, Brunswick GA, Galveston TX och Long Beach CA. B\u00e5tar som f\u00e5r plats i container kommer till v\u00e5rat lager i Halden, medan b\u00e5tar som g\u00e5r ro \/ ro g\u00e5 till hamnen i G\u00f6teborg.<\/p>\n<p><a href=\"http:\/\/www.jetcarrier.com\/cms\/wp-content\/uploads\/2015\/02\/boaat-cargo.jpg\"><img loading=\"lazy\" decoding=\"async\" class=\"alignnone size-full wp-image-158\" src=\"http:\/\/www.jetcarrier.com\/cms\/wp-content\/uploads\/2015\/02\/boaat-cargo.jpg\" alt=\"boaat-cargo\" width=\"800\" height=\"320\" srcset=\"https:\/\/www.jetcarrier.com\/cms\/wp-content\/uploads\/2015\/02\/boaat-cargo.jpg 800w, https:\/\/www.jetcarrier.com\/cms\/wp-content\/uploads\/2015\/02\/boaat-cargo-300x120.jpg 300w, https:\/\/www.jetcarrier.com\/cms\/wp-content\/uploads\/2015\/02\/boaat-cargo-624x250.jpg 624w\" sizes=\"auto, (max-width: 800px) 100vw, 800px\" \/><\/a><\/p>\n<p align=\"left\"><strong>Vad kan vi hj\u00e4lpa dig med?<\/strong><br \/>\nExportklarering med b\u00e5t ut ur\u00a0USA.<br \/>\nPickup<span style=\"color: #800080;\"><strong>*<\/strong><\/span> i 48 stater och frakt\u00a0till n\u00e4rmaste hamn som vi anv\u00e4nder.<br \/>\nTill\u00e4ggsf\u00f6rs\u00e4kring p\u00e5 b\u00e5ten under \u00f6verfarten.<br \/>\nSt\u00f6d f\u00f6r att k\u00f6pa\u00a0i USA.<\/p>\n<p align=\"left\"><span style=\"color: #800080;\"><strong>*<\/strong><\/span> Vi samordnar och plocka upp b\u00e5tar p\u00e5 en sl\u00e4pvagn eller kranlastbilar s\u00e5 att de kommer i god tid f\u00f6re avresan. B\u00e5tar som st\u00e5r p\u00e5 oregistrerade sl\u00e4p m\u00e5ste h\u00e4mtas\u00a0in av \u00f6ppen lastbil eller lastbil med kran. Detta \u00e4r ca. 2-3 g\u00e5nger dyrare\u00a0enn b\u00e5tar som st\u00e5r p\u00e5 registrerade sl\u00e4pk\u00e4rror.<\/p>\n<p><strong>Exportpapper<\/strong><br \/>\nV\u00e5r exportavdelning i Delaware m\u00e5ste f\u00e5 den ursprungliga titeln och en kopia av k\u00f6pebrevet (bill of sale). Dessa papper skickas amerikanska tullen f\u00f6r export.<br \/>\nOBSERVERA: Originalhandlingar ska inte skickas direkt hem till dig!<\/p>\n<p>Du startar en f\u00f6rfr\u00e5gan\u00a0om b\u00e5tfrakt genom att logga in p\u00e5 ditt konto p\u00e5 jetcarrier.com och anv\u00e4nda s\u00e4rskild formul\u00e4r\u00a0f\u00f6r b\u00e5tfrakt.<\/p>\n","protected":false},"excerpt":{"rendered":"<p>Det kan ofta vara l\u00f6nsamt att k\u00f6pa en b\u00e5t i USA, men var medveten om kraven f\u00f6r\u00a0CE merking av b\u00e5tar mellan 2,5 och 24 meter. B\u00e5tar transporteras i container\u00a0(mindre b\u00e5tar) eller med ro-ro-gods och export\u00a0ur hamn i Newark, Brunswick GA, Galveston TX och Long Beach CA. B\u00e5tar som f\u00e5r plats i container kommer till v\u00e5rat [&hellip;]<\/p>\n","protected":false},"author":2,"featured_media":0,"parent":18,"menu_order":7,"comment_status":"closed","ping_status":"closed","template":"","meta":{"footnotes":"","_links_to":"","_links_to_target":""},"class_list":["post-488","page","type-page","status-publish","hentry"],"_links":{"self":[{"href":"https:\/\/www.jetcarrier.com\/cms\/sv\/wp-json\/wp\/v2\/pages\/488","targetHints":{"allow":["GET"]}}],"collection":[{"href":"https:\/\/www.jetcarrier.com\/cms\/sv\/wp-json\/wp\/v2\/pages"}],"about":[{"href":"https:\/\/www.jetcarrier.com\/cms\/sv\/wp-json\/wp\/v2\/types\/page"}],"author":[{"embeddable":true,"href":"https:\/\/www.jetcarrier.com\/cms\/sv\/wp-json\/wp\/v2\/users\/2"}],"replies":[{"embeddable":true,"href":"https:\/\/www.jetcarrier.com\/cms\/sv\/wp-json\/wp\/v2\/comments?post=488"}],"version-history":[{"count":3,"href":"https:\/\/www.jetcarrier.com\/cms\/sv\/wp-json\/wp\/v2\/pages\/488\/revisions"}],"predecessor-version":[{"id":3890,"href":"https:\/\/www.jetcarrier.com\/cms\/sv\/wp-json\/wp\/v2\/pages\/488\/revisions\/3890"}],"up":[{"embeddable":true,"href":"https:\/\/www.jetcarrier.com\/cms\/sv\/wp-json\/wp\/v2\/pages\/18"}],"wp:attachment":[{"href":"https:\/\/www.jetcarrier.com\/cms\/sv\/wp-json\/wp\/v2\/media?parent=488"}],"curies":[{"name":"wp","href":"https:\/\/api.w.org\/{rel}","templated":true}]}}