{"id":486,"date":"2015-06-04T13:00:41","date_gmt":"2015-06-04T12:00:41","guid":{"rendered":"http:\/\/www.jetcarrier.com\/cms\/?page_id=486"},"modified":"2026-03-05T08:37:53","modified_gmt":"2026-03-05T07:37:53","slug":"mc-frakt","status":"publish","type":"page","link":"https:\/\/www.jetcarrier.com\/cms\/sv\/tjanster\/mc-frakt\/","title":{"rendered":"MC frakt"},"content":{"rendered":"<p>Det finns bra md pengar att spara p\u00e5 att importera din egen motorcykel fr\u00e5n USA och s\u00e4rskilt bra &#8221;dealer&#8221; finns p\u00e5 Harley Davidson motorcyklar eftersom dom \u00e4r tillverkad i USA. Dessutom kan du hitta precis den unika MC-en som kanske bara du kommer att ha\u00a0i\u00a0Sverige.<\/p>\n<p><strong>Vad kan vi hj\u00e4lpa dig med?<\/strong><br \/>\nUph\u00e4mtning av\u00a0MC i 48 stater (ej Alaska eller Hawaii).<br \/>\nExportklarering av MC ut ur\u00a0USA.<br \/>\nTr\u00e4l\u00e5dor (crate) av MC f\u00f6r sj\u00f6frakt.<\/p>\n<p>Vi kan ocks\u00e5 erbjuda k\u00f6ps- och betalningshj\u00e4lp p\u00e5\u00a0motorcycker.<br \/>\nDetta \u00e4r en till\u00e4ggstj\u00e4nst och pris kan hittas <a href=\"http:\/\/www.jetcarrier.com\/cms\/priser-och-villkor\/prislista-tillaggstjanster\/?lang=sv\">h\u00e4r<\/a>.<\/p>\n<p><img loading=\"lazy\" decoding=\"async\" class=\"alignnone wp-image-151 size-full\" src=\"http:\/\/www.jetcarrier.com\/cms\/wp-content\/uploads\/2015\/02\/building-a-crate.jpg\" alt=\"building-a-crate\" width=\"800\" height=\"131\" srcset=\"https:\/\/www.jetcarrier.com\/cms\/wp-content\/uploads\/2015\/02\/building-a-crate.jpg 800w, https:\/\/www.jetcarrier.com\/cms\/wp-content\/uploads\/2015\/02\/building-a-crate-300x49.jpg 300w, https:\/\/www.jetcarrier.com\/cms\/wp-content\/uploads\/2015\/02\/building-a-crate-624x102.jpg 624w\" sizes=\"auto, (max-width: 800px) 100vw, 800px\" \/><\/p>\n<p>Fast sj\u00f6frakt pris p\u00e5 alle MC med 2 hjul \u00e4r <strong>SEK 15 000, inc. crating.<\/strong><br \/>\nPriset \u00e4r fast och gj\u00e4ldande f\u00f6r MC upp till standard Harley Davidson storlek, t.ex. HD Fatboy.<br \/>\nPriset f\u00f6ruts\u00e4tter at bensintank \u00e4r t\u00f6md och batteriet \u00e4r fr\u00e5nkoplat, extrakostnad kan tillkomma med SEK 2500 om bensintanken ej \u00e4r t\u00f6md eller batteriet inte \u00e4r fr\u00e5nkoplat.<\/p>\n<p>Alla MC m\u00e5ste &#8221;cratas&#8221; vid sj\u00f6frakt, med &#8221;crating&#8221; menar vi att det byggs en tr\u00e4l\u00e5da \u00f6ver MC-en f\u00f6r att f\u00f6rhindra den fr\u00e5n att v\u00e4lta eller at andra varor kan skada den under transporten.<\/p>\n<p><strong>Viktige dokumenter ved export<\/strong><br \/>\nF\u00f8lgende dokumenter m\u00e5ste vara p\u00e5 plats innan\u00a0vi kan exportere MC ut ur USA. Saknar\u00a0vi en eller flera dokumenter m\u00e5ste MC st\u00e5 kvar p\u00e5 lager inntil detta \u00e4r p\u00e5 plats. Mottagit MC kan fritt st\u00e5 p\u00e5 lager i USA inntil 14 dagar i p\u00e5v\u00e4ntan av at dokumenter kommer inn, efter 14 dager tilkommer\u00a0det lagerhyre enligt\u00a0prislistan.<br \/>\n\u2022 Original title. \u00c4garnamnet p\u00e5 title m\u00e5ste vara det samma som s\u00e4ljaren p\u00e5 bill of sale. Kopia av title kan ej\u00a0anv\u00e4ndas vid export.<br \/>\n\u2022 Bill of sale (BOS) m\u00e5ste vara dataskreven, signerad och sedan\u00a0<a href=\"https:\/\/en.wikipedia.org\/wiki\/Notary_public\">notarized<\/a>. Har inte\u00a0s\u00e4ljaren en, s\u00e5 kan du ladda ner en\u00a0<a href=\"http:\/\/www.dmv.org\/images\/bill-of-sale.pdf\" target=\"_blank\" rel=\"noopener noreferrer\">h\u00e4r<\/a>.<br \/>\n\u2022 Dokumentation p\u00e5 pengafl\u00f6det. Bankutskrift, PayPal utskrift eller liknande. Har du f\u00f6rst betald depositum och senare\u00a0en bank\u00f6verf\u00f6rning beh\u00f6ver\u00a0vi\u00a0b\u00e5da.<br \/>\n\u2022 Power of attorney m\u00e5ste fyllas ur och skickas til v\u00e5ran kundtj\u00e4nst, tillsammans med en kopia av den sidan i passet ditt som identifierar dig. Klikka h\u00e4r f\u00f6r att lada ner v\u00e5ran\u00a0<a href=\"http:\/\/www.jetcarrier.com\/cms\/wp-content\/uploads\/2018\/06\/JC-POA.pdf\">power of attorney<\/a>.<\/p>\n<p><strong>OBS!<\/strong>\u00a0grunnet eksport- och dokumentationskrav\u00a0f\u00f6r MC og liknande fordon\u00a0s\u00e5 m\u00e5ste man kalkulera 8-12 veckor\u00a0total frakttid fr\u00e5n fordonet\u00a0kommer till terminal i USA. Amerikanska tullen kan sitta kvar\u00a0p\u00e5 title og BOS\u00a0i upptil 3 veckor.<\/p>\n<p><strong>Upph\u00e4mtning\u00a0av MC<\/strong><br \/>\nKontakta oss f\u00f6r en pris offert p\u00e5 upph\u00e4mtning av MC. Vi beh\u00f6ver address och ZIP koden f\u00f6r att prisa upph\u00e4mtningen. Det kan\u00a0i enstaka\u00a0tilf\u00e4llen tilkomma extra kostnader, men da endast\u00a0om din MC-en visar sig at\u00a0vara sv\u00e5rflyttad, eller om\u00a0upph\u00e4mtningssplassen \u00e4r l\u00e5ngt utenf\u00f6r normala transporstreckor. NB! offerten gj\u00e4ller f\u00f6r MC med bas upptil 270 cm (se teckning).<\/p>\n<p><a href=\"http:\/\/www.jetcarrier.com\/cms\/wp-content\/uploads\/2015\/06\/wheelbase-MC.jpg\"><img loading=\"lazy\" decoding=\"async\" class=\"size-full wp-image-791 alignnone\" src=\"http:\/\/www.jetcarrier.com\/cms\/wp-content\/uploads\/2015\/06\/wheelbase-MC.jpg\" alt=\"wheelbase-MC\" width=\"372\" height=\"227\" srcset=\"https:\/\/www.jetcarrier.com\/cms\/wp-content\/uploads\/2015\/06\/wheelbase-MC.jpg 372w, https:\/\/www.jetcarrier.com\/cms\/wp-content\/uploads\/2015\/06\/wheelbase-MC-300x183.jpg 300w\" sizes=\"auto, (max-width: 372px) 100vw, 372px\" \/><\/a><\/p>\n","protected":false},"excerpt":{"rendered":"<p>Det finns bra md pengar att spara p\u00e5 att importera din egen motorcykel fr\u00e5n USA och s\u00e4rskilt bra &#8221;dealer&#8221; finns p\u00e5 Harley Davidson motorcyklar eftersom dom \u00e4r tillverkad i USA. Dessutom kan du hitta precis den unika MC-en som kanske bara du kommer att ha\u00a0i\u00a0Sverige. Vad kan vi hj\u00e4lpa dig med? Uph\u00e4mtning av\u00a0MC i 48 [&hellip;]<\/p>\n","protected":false},"author":2,"featured_media":0,"parent":18,"menu_order":6,"comment_status":"closed","ping_status":"closed","template":"","meta":{"footnotes":"","_links_to":"","_links_to_target":""},"class_list":["post-486","page","type-page","status-publish","hentry"],"_links":{"self":[{"href":"https:\/\/www.jetcarrier.com\/cms\/sv\/wp-json\/wp\/v2\/pages\/486","targetHints":{"allow":["GET"]}}],"collection":[{"href":"https:\/\/www.jetcarrier.com\/cms\/sv\/wp-json\/wp\/v2\/pages"}],"about":[{"href":"https:\/\/www.jetcarrier.com\/cms\/sv\/wp-json\/wp\/v2\/types\/page"}],"author":[{"embeddable":true,"href":"https:\/\/www.jetcarrier.com\/cms\/sv\/wp-json\/wp\/v2\/users\/2"}],"replies":[{"embeddable":true,"href":"https:\/\/www.jetcarrier.com\/cms\/sv\/wp-json\/wp\/v2\/comments?post=486"}],"version-history":[{"count":26,"href":"https:\/\/www.jetcarrier.com\/cms\/sv\/wp-json\/wp\/v2\/pages\/486\/revisions"}],"predecessor-version":[{"id":5316,"href":"https:\/\/www.jetcarrier.com\/cms\/sv\/wp-json\/wp\/v2\/pages\/486\/revisions\/5316"}],"up":[{"embeddable":true,"href":"https:\/\/www.jetcarrier.com\/cms\/sv\/wp-json\/wp\/v2\/pages\/18"}],"wp:attachment":[{"href":"https:\/\/www.jetcarrier.com\/cms\/sv\/wp-json\/wp\/v2\/media?parent=486"}],"curies":[{"name":"wp","href":"https:\/\/api.w.org\/{rel}","templated":true}]}}