{"id":479,"date":"2015-06-04T11:51:21","date_gmt":"2015-06-04T10:51:21","guid":{"rendered":"http:\/\/www.jetcarrier.com\/cms\/?page_id=479"},"modified":"2022-08-25T15:03:35","modified_gmt":"2022-08-25T14:03:35","slug":"sjofrakt","status":"publish","type":"page","link":"https:\/\/www.jetcarrier.com\/cms\/sv\/tjanster\/sjofrakt\/","title":{"rendered":"Sj\u00f6frakt"},"content":{"rendered":"<p>Vi erbjuder sj\u00f8fraktsendiger fr\u00e5n USA till Skandinavien. Det finns inga restriktioner f\u00f6r storlek eller vikt och detta \u00e4r et rimligere alternativ \u00e4n flygfrakt.<br \/>\nFaktor f\u00f6r vikt och volym \u00e4r 1 till 1, f\u00f6r att hitta priset p\u00e5 en s\u00e4ndning m\u00e5ste du veta vikt och volym av s\u00e4ndningen. Det st\u00f6rsta antalet kommer att vara avg\u00f6rande f\u00f6r priset.<br \/>\nPrislistan hittar\u00a0du\u00a0<span style=\"color: #ff00ff;\"><strong><a href=\"http:\/\/www.jetcarrier.com\/cms\/priser-och-villkor\/prislista\/?lang=sv\">h\u00e4r<\/a><\/strong><\/span>, pris f\u00f6r sj\u00f6frakt \u00e4r som anges\u00a0i prislistan till v\u00e5ran terminal i Halden,\u00a0Norge. Pris fr\u00e5n Halden och hem till dig\/n\u00e4rmaste post el. post i butik i Sverige, f\u00e5r du ett erbjudande n\u00e4r paketen \u00e4r p\u00e5 v\u00e4g \u00f6ver Atlanteren och\u00a0vi har kontrollerad vikt och volym.<\/p>\n<p><a href=\"http:\/\/www.jetcarrier.com\/cms\/wp-content\/uploads\/2015\/02\/sea-cargo.jpg\"><img loading=\"lazy\" decoding=\"async\" class=\"alignnone size-full wp-image-147\" src=\"http:\/\/www.jetcarrier.com\/cms\/wp-content\/uploads\/2015\/02\/sea-cargo.jpg\" alt=\"sea-cargo\" width=\"800\" height=\"320\" srcset=\"https:\/\/www.jetcarrier.com\/cms\/wp-content\/uploads\/2015\/02\/sea-cargo.jpg 800w, https:\/\/www.jetcarrier.com\/cms\/wp-content\/uploads\/2015\/02\/sea-cargo-300x120.jpg 300w, https:\/\/www.jetcarrier.com\/cms\/wp-content\/uploads\/2015\/02\/sea-cargo-624x250.jpg 624w\" sizes=\"auto, (max-width: 800px) 100vw, 800px\" \/><\/a><\/p>\n<p><strong>Sj\u00f6gods fr\u00e5n USA<\/strong><br \/>\nVi har ingen garanterad leveranstid f\u00f6r sj\u00f6frakt, men erfarenheten visar att det g\u00e5r i snitt\u00a021 dagar fr\u00e5n b\u00e5ten g\u00e5r fr\u00e5n hamn i USA tills vi har varorna redo f\u00f6r utskick.<br \/>\n***NB. Helt sedan Korona pandemien varierer dette mycket, vi ser nu fr\u00e5n 30-60 dagars transittider.***<\/p>\n<p>Vi reserverar oss\u00a0f\u00f6r of\u00f6rutsedda h\u00e4ndelser och andra f\u00f6rem\u00e5l som kan skapa f\u00f6rseningar. Notera att 21 dagar \u00e4r en uppskattning baseras p\u00e5 genomsnittliga transporttider. Det kommer alltid att vara st\u00f6rre eller mindre sv\u00e4ngningar i sj\u00f6transport\u00a0vs.\u00a0flygfrakt.<br \/>\nPris fr\u00e5n terminalen och hem till dig varierar beroende p\u00e5 f\u00f6rs\u00e4ndelsens vikt (fraktber\u00e4kningsvikt) och ditt postnummer.<\/p>\n<p><strong>Cut off tider<\/strong><br \/>\nVi har inga\u00a0cut off tider f\u00f6r v\u00e5ran sj\u00f6frakt. Det betyder att n\u00e4r\u00a0containeren \u00e4r full bliver den skickad. \u00d6nskar du att styra frakt av dina paket\u00a0m\u00e5ste\u00a0du har et\u00a0<a href=\"http:\/\/www.jetcarrier.com\/cms\/sv\/tjanster\/club-jc\/\">Club JC<\/a>\u00a0medlemskap og anv\u00e4nda\u00a0dig av\u00a0<a href=\"http:\/\/www.jetcarrier.com\/cms\/sv\/tjanster\/club-jc\/standby-booking\/\">StandBy<\/a>\u00a0bookningar. Da kan du sj\u00e4lv\u00a0bestemma n\u00e4r du vill at sj\u00f6 (och flyg) gods skal skickas\u00a0fr\u00e5n USA.<\/p>\n<p><strong>Container sizes<\/strong><\/p>\n<p><b>20 fot DV<\/b><br \/>\nOuter measures &#8211; L x B x H: 6058 x 2438 x 2591.<br \/>\nInner measures &#8211; L x B x H: 5900 x 2350 x 2370.<br \/>\nFloor &#8211; 14 kvm<br \/>\nVolume &#8211; 33 kbm<br \/>\nWeight &#8211; 2200 kg<br \/>\nLoading capacity &#8211; 21800 kg<\/p>\n<p><b>40 \u00a0fot DV<\/b><br \/>\nOuter measures &#8211; L x B x H: 12192 x 2438 x 2591.<br \/>\nInner measures &#8211; L x B x H: 12050 x 2350 x 2370.<br \/>\nFloor &#8211; 28 kvm<br \/>\nVolume &#8211; 67 kbm<br \/>\nWeight &#8211; 3900 kg<br \/>\nLoading capacity &#8211; 26600 kg<\/p>\n<p><b>40 fot HC<\/b><br \/>\nOuter measures &#8211; L x B x H: 12192 x 2438 x 2896.<br \/>\nInner measures &#8211; L x B x H: 12050 x 2350 x 2670.<br \/>\nFloor &#8211; 28 kvm<br \/>\nVolume &#8211; 75 kbm<br \/>\nWeight &#8211; 4400 kg<br \/>\nLoading capacity &#8211; 26100 kg<\/p>\n","protected":false},"excerpt":{"rendered":"<p>Vi erbjuder sj\u00f8fraktsendiger fr\u00e5n USA till Skandinavien. Det finns inga restriktioner f\u00f6r storlek eller vikt och detta \u00e4r et rimligere alternativ \u00e4n flygfrakt. Faktor f\u00f6r vikt och volym \u00e4r 1 till 1, f\u00f6r att hitta priset p\u00e5 en s\u00e4ndning m\u00e5ste du veta vikt och volym av s\u00e4ndningen. Det st\u00f6rsta antalet kommer att vara avg\u00f6rande f\u00f6r [&hellip;]<\/p>\n","protected":false},"author":2,"featured_media":0,"parent":18,"menu_order":4,"comment_status":"closed","ping_status":"closed","template":"","meta":{"footnotes":"","_links_to":"","_links_to_target":""},"class_list":["post-479","page","type-page","status-publish","hentry"],"_links":{"self":[{"href":"https:\/\/www.jetcarrier.com\/cms\/sv\/wp-json\/wp\/v2\/pages\/479","targetHints":{"allow":["GET"]}}],"collection":[{"href":"https:\/\/www.jetcarrier.com\/cms\/sv\/wp-json\/wp\/v2\/pages"}],"about":[{"href":"https:\/\/www.jetcarrier.com\/cms\/sv\/wp-json\/wp\/v2\/types\/page"}],"author":[{"embeddable":true,"href":"https:\/\/www.jetcarrier.com\/cms\/sv\/wp-json\/wp\/v2\/users\/2"}],"replies":[{"embeddable":true,"href":"https:\/\/www.jetcarrier.com\/cms\/sv\/wp-json\/wp\/v2\/comments?post=479"}],"version-history":[{"count":8,"href":"https:\/\/www.jetcarrier.com\/cms\/sv\/wp-json\/wp\/v2\/pages\/479\/revisions"}],"predecessor-version":[{"id":4658,"href":"https:\/\/www.jetcarrier.com\/cms\/sv\/wp-json\/wp\/v2\/pages\/479\/revisions\/4658"}],"up":[{"embeddable":true,"href":"https:\/\/www.jetcarrier.com\/cms\/sv\/wp-json\/wp\/v2\/pages\/18"}],"wp:attachment":[{"href":"https:\/\/www.jetcarrier.com\/cms\/sv\/wp-json\/wp\/v2\/media?parent=479"}],"curies":[{"name":"wp","href":"https:\/\/api.w.org\/{rel}","templated":true}]}}