{"id":474,"date":"2015-06-04T10:39:28","date_gmt":"2015-06-04T09:39:28","guid":{"rendered":"http:\/\/www.jetcarrier.com\/cms\/?page_id=474"},"modified":"2021-04-29T14:27:14","modified_gmt":"2021-04-29T13:27:14","slug":"sa-har-fungerar-detta","status":"publish","type":"page","link":"https:\/\/www.jetcarrier.com\/cms\/sv\/tjanster\/mailbox\/sa-har-fungerar-detta\/","title":{"rendered":"S\u00e5 h\u00e4r fungerar detta"},"content":{"rendered":"<p>H\u00e4r \u00e4r n\u00e5gra enkla tips och r\u00e5d som du b\u00f6r ta med dig p\u00e5 v\u00e4gen. Om du f\u00f6ljer dessa grundl\u00e4ggande instruktioner, s\u00e5 l\u00e4gger du allt till r\u00e4tta f\u00f6r att vi kan hantera leverans av ditt paket s\u00e5 fort som m\u00f6jligt.<\/p>\n<p>N\u00e4r du har registrerat ett konto hos oss \u00e4r du redo att b\u00f6rja handla i USA. Du anv\u00e4nder adressen som du har med JetCarrier som din &#8221;shipping&#8221; adress.<\/p>\n<p><a href=\"http:\/\/www.jetcarrier.com\/cms\/wp-content\/uploads\/2018\/04\/Laptop-collage.jpg\"><img loading=\"lazy\" decoding=\"async\" class=\"alignnone size-full wp-image-137\" src=\"http:\/\/www.jetcarrier.com\/cms\/wp-content\/uploads\/2018\/04\/Laptop-collage.jpg\" alt=\"Laptop-collage\" width=\"944\" height=\"199\" \/><\/a><\/p>\n<p><strong>1) Handla online i USA<\/strong><br \/>\nP\u00e5 den amerikanska online-marknaden hittar du allt du kan dr\u00f6mma om och mycket mer. M\u00e5nga \u00e5terf\u00f6rs\u00e4ljare online tar svenska\u00a0kreditkort och amerikansk leveransadress. Du kan ocks\u00e5 med f\u00f6rdel anv\u00e4nda PayPal som betalningsmedel. N\u00e4r du har handlat och betalat f\u00f6r varor, \u00e4r det viktigt att du s\u00e5 fort som m\u00f6jligt:<\/p>\n<p><strong>2) Bookar en frakt p\u00e5 ditt <span style=\"color: red;\">Jet<\/span>Carrier\u00a0konto<\/strong><br \/>\nVarf\u00f6r \u00e4r det viktigt? Din bokning ber\u00e4tta att du v\u00e4ntar ett paket och p\u00e5 hvilket\u00a0s\u00e4tt du vill att det ska skickas. Vi erbjuder b\u00e5de flyg- och sj\u00f6frakt s\u00e5 det \u00e4r klokt att redan nu best\u00e4mma transports\u00e4tt beroende p\u00e5 hur stort \/ tungt du tror att detta kommer att vara. Kolla v\u00e5ra prislistor och kalkylator f\u00f6r att g\u00f6ra dina egna ber\u00e4kningar p\u00e5 hvilket pris du vill betala.<br \/>\nF\u00f6r att boka en frakt m\u00e5ste du\u00a0logga dig in p\u00e5 ditt jetcarrier konto och v\u00e4lja &#8221;Booka flygfrakt&#8221; eller &#8221;Booka sj\u00f6frakt&#8221; i menyn, fyll senn ut info om bookningen. N\u00e4r det \u00e4r klart hittar du igen frakten du bookad under &#8221;Mina flygpaket&#8221; eller &#8221;Mina sj\u00f6paket&#8221;. Kontrollera \u00e4ven v\u00e5ra utbildningsvideor f\u00f6r mer information. Du m\u00e5ste booke et paket f\u00f6r varje sp\u00e5rningsnummer du f\u00e5r fr\u00e5n din leverant\u00f6r, kom i h\u00e5g att l\u00e4gge inn sp\u00e5rningsnumrena i bookningen.<\/p>\n<p><strong>3) Ladda upp eller skicka ett kvitto<\/strong><br \/>\nN\u00e4r du har f\u00e5tt en bekr\u00e4ftelse fr\u00e5n onlinebutiken du k\u00f6per fr\u00e5n, skulle vi vilja ha en kopia av denna handelsfaktura. Vi beh\u00f6ver detta f\u00f6r att p\u00e5 r\u00e4tt s\u00e4tt kunna exportera dina varor fr\u00e5n USA, och importera till Sverige. Kvittot ska som ett minimum visa\u00a0a) mottagarens identitet (du) b) vad du har best\u00e4llt c) v\u00e4rdet av vad du har best\u00e4llt. F\u00f6r information om hur man l\u00e4mnar ett kvitto digitalt till oss finns p\u00e5 sidan du kommer till efter\u00a0at\u00a0du har bookad ditt\u00a0paket.<\/p>\n<p><strong>4) Betala fakturan fr\u00e5n ditt konto<\/strong><br \/>\nVi skickar inte ut fakturor med snigelpost, dom hittar du p\u00e5 ditt JetCarrier konto. Du kommer att f\u00e5 ett e-postmeddelande n\u00e4r fakturan \u00e4r klar, s\u00e5 kan du enkelt logga in och hitta faktura och OCR\u00a0detaljer. Du kan ocks\u00e5 skriva ut en kopia f\u00f6r ditt eget rekenskap om du vill. Flygfrakt faktureras vanligtvis 2-3 dagar efter att vi skickat ut paketet till dig, medan sj\u00f6frakt faktureras n\u00e4r paketet \u00e4r p\u00e5 g\u00e5ng och ca. 10 dagar f\u00f6re ankomsten till Sverige.<\/p>\n","protected":false},"excerpt":{"rendered":"<p>H\u00e4r \u00e4r n\u00e5gra enkla tips och r\u00e5d som du b\u00f6r ta med dig p\u00e5 v\u00e4gen. Om du f\u00f6ljer dessa grundl\u00e4ggande instruktioner, s\u00e5 l\u00e4gger du allt till r\u00e4tta f\u00f6r att vi kan hantera leverans av ditt paket s\u00e5 fort som m\u00f6jligt. N\u00e4r du har registrerat ett konto hos oss \u00e4r du redo att b\u00f6rja handla i [&hellip;]<\/p>\n","protected":false},"author":2,"featured_media":0,"parent":472,"menu_order":0,"comment_status":"closed","ping_status":"closed","template":"page-templates\/full-width.php","meta":{"footnotes":"","_links_to":"","_links_to_target":""},"class_list":["post-474","page","type-page","status-publish","hentry"],"_links":{"self":[{"href":"https:\/\/www.jetcarrier.com\/cms\/sv\/wp-json\/wp\/v2\/pages\/474","targetHints":{"allow":["GET"]}}],"collection":[{"href":"https:\/\/www.jetcarrier.com\/cms\/sv\/wp-json\/wp\/v2\/pages"}],"about":[{"href":"https:\/\/www.jetcarrier.com\/cms\/sv\/wp-json\/wp\/v2\/types\/page"}],"author":[{"embeddable":true,"href":"https:\/\/www.jetcarrier.com\/cms\/sv\/wp-json\/wp\/v2\/users\/2"}],"replies":[{"embeddable":true,"href":"https:\/\/www.jetcarrier.com\/cms\/sv\/wp-json\/wp\/v2\/comments?post=474"}],"version-history":[{"count":5,"href":"https:\/\/www.jetcarrier.com\/cms\/sv\/wp-json\/wp\/v2\/pages\/474\/revisions"}],"predecessor-version":[{"id":4244,"href":"https:\/\/www.jetcarrier.com\/cms\/sv\/wp-json\/wp\/v2\/pages\/474\/revisions\/4244"}],"up":[{"embeddable":true,"href":"https:\/\/www.jetcarrier.com\/cms\/sv\/wp-json\/wp\/v2\/pages\/472"}],"wp:attachment":[{"href":"https:\/\/www.jetcarrier.com\/cms\/sv\/wp-json\/wp\/v2\/media?parent=474"}],"curies":[{"name":"wp","href":"https:\/\/api.w.org\/{rel}","templated":true}]}}