{"id":465,"date":"2015-06-04T10:11:15","date_gmt":"2015-06-04T09:11:15","guid":{"rendered":"http:\/\/www.jetcarrier.com\/cms\/?page_id=465"},"modified":"2022-12-16T08:49:45","modified_gmt":"2022-12-16T07:49:45","slug":"club-jc","status":"publish","type":"page","link":"https:\/\/www.jetcarrier.com\/cms\/sv\/tjanster\/club-jc\/","title":{"rendered":"Club JC"},"content":{"rendered":"\n<p>Som medlem i Club JC, f\u00e5r du en hel del f\u00f6rdelar. F\u00f6r en fast \u00e5rlig avgift, kan du spara en hel del p\u00e5 frakt.<\/p>\n\n\n\n<p>Club JC medlemmar f\u00e5r f\u00f6rdelar som 30 dagars kostnadsfri lagring av varor i Norge, m\u00f6jligheten att l\u00e4gga paket&nbsp;i &#8221;Standby&#8221; i USA. Kolla in tabellen f\u00f6r de f\u00f6rdelar som kan uppn\u00e5s med ett medlemskap.<\/p>\n\n\n\n<p>Medlemskapet \u00e4r giltig i 12 m\u00e5nader och f\u00f6rnyas automatiskt tills det avslutas. Vill du avsluta ditt medlemskap, m\u00e5ste du logga in p\u00e5 ditt Paypal-konto och avsluta det d\u00e4r. Den \u00e4r byggd som en &#8221;prenumeration&#8221; n\u00e4r du ritar den f\u00f6rsta g\u00e5ngen. Du hittar ett enkelt recept f\u00f6r hur man g\u00f6r <a href=\"http:\/\/www.jetcarrier.net\/support\/index.php?\/Knowledgebase\/Article\/View\/266\/1\/hvordan-avslutte-club-jc-medlemskapet\" target=\"_blank\" rel=\"noopener\">h\u00e4r<\/a>.<\/p>\n\n\n\n<figure class=\"wp-block-table\"><table><thead><tr><th><\/th><th>Normal<\/th><th>Club JC<\/th><\/tr><\/thead><tbody><tr><td>Medlemspris<\/td><td>\u221a<\/td><td>\u221a<\/td><\/tr><tr><td>Mailbox i Delaware<\/td><td>\u221a<\/td><td>\u221a<\/td><\/tr><tr><td>H\u00e4mta paket hos oss i Norge<\/td><td>\u221a<\/td><td>\u221a<\/td><\/tr><tr><td>7 dagars gratis uppbevaring i Norge<\/td><td>\u221a<\/td><td>\u221a<\/td><\/tr><tr><td>M\u00f6jlighet f\u00f6r till\u00e4ggsf\u00f6rs\u00e4kring<\/td><td>\u221a<\/td><td>\u221a<\/td><\/tr><tr><td>Pickup tj\u00e4nster i USA (vi ordnar upph\u00e4mtning)<\/td><td>\u221a<\/td><td>\u221a<\/td><\/tr><tr><td>Tilg\u00e5ng till <a href=\"https:\/\/www.jetcarrier.com\/cms\/sv\/tjanster\/club-jc\/standby-booking\/\" target=\"_blank\" rel=\"noreferrer noopener\">Standby<\/a> (uppsamling) tj\u00e4nsten<\/td><td>X<\/td><td>\u221a<\/td><\/tr><tr><td>Upp till 30 dagars gratis uppbevaring i Norge<\/td><td>X<\/td><td>\u221a<\/td><\/tr><tr><td>Tilg\u00e5ng til <a href=\"https:\/\/www.jetcarrier.com\/cms\/wp-admin\/post.php?lang=sv&amp;action=edit&amp;post_type=page&amp;post=1244\" target=\"_blank\" rel=\"noreferrer noopener\">brevpaket<\/a> produktet<\/td><td>X<\/td><td>\u221a<\/td><\/tr><\/tbody><\/table><\/figure>\n\n\n\n<p><em>Club JC medlemskapet m\u00e5ste vi aktivera manuelt och kontoen m\u00e5ste klargj\u00f6ras&nbsp;f\u00f6r till\u00e4ggstjensterna. Detta tar ca. 12&nbsp;&#8211; 24&nbsp;timer efter att betalningen \u00e4r registrerad hos PayPal. Betaling av medlemskap efter 1800 p\u00e5 torsdagar \u00e4r normalt inte aktiverad f\u00f6r p\u00e5 m\u00e5ndagar.<\/em><\/p>\n","protected":false},"excerpt":{"rendered":"<p>Som medlem i Club JC, f\u00e5r du en hel del f\u00f6rdelar. F\u00f6r en fast \u00e5rlig avgift, kan du spara en hel del p\u00e5 frakt. Club JC medlemmar f\u00e5r f\u00f6rdelar som 30 dagars kostnadsfri lagring av varor i Norge, m\u00f6jligheten att l\u00e4gga paket&nbsp;i &#8221;Standby&#8221; i USA. Kolla in tabellen f\u00f6r de f\u00f6rdelar som kan uppn\u00e5s med [&hellip;]<\/p>\n","protected":false},"author":2,"featured_media":0,"parent":18,"menu_order":2,"comment_status":"closed","ping_status":"closed","template":"","meta":{"footnotes":"","_links_to":"","_links_to_target":""},"class_list":["post-465","page","type-page","status-publish","hentry"],"_links":{"self":[{"href":"https:\/\/www.jetcarrier.com\/cms\/sv\/wp-json\/wp\/v2\/pages\/465","targetHints":{"allow":["GET"]}}],"collection":[{"href":"https:\/\/www.jetcarrier.com\/cms\/sv\/wp-json\/wp\/v2\/pages"}],"about":[{"href":"https:\/\/www.jetcarrier.com\/cms\/sv\/wp-json\/wp\/v2\/types\/page"}],"author":[{"embeddable":true,"href":"https:\/\/www.jetcarrier.com\/cms\/sv\/wp-json\/wp\/v2\/users\/2"}],"replies":[{"embeddable":true,"href":"https:\/\/www.jetcarrier.com\/cms\/sv\/wp-json\/wp\/v2\/comments?post=465"}],"version-history":[{"count":9,"href":"https:\/\/www.jetcarrier.com\/cms\/sv\/wp-json\/wp\/v2\/pages\/465\/revisions"}],"predecessor-version":[{"id":4714,"href":"https:\/\/www.jetcarrier.com\/cms\/sv\/wp-json\/wp\/v2\/pages\/465\/revisions\/4714"}],"up":[{"embeddable":true,"href":"https:\/\/www.jetcarrier.com\/cms\/sv\/wp-json\/wp\/v2\/pages\/18"}],"wp:attachment":[{"href":"https:\/\/www.jetcarrier.com\/cms\/sv\/wp-json\/wp\/v2\/media?parent=465"}],"curies":[{"name":"wp","href":"https:\/\/api.w.org\/{rel}","templated":true}]}}