{"id":452,"date":"2015-05-12T09:58:38","date_gmt":"2015-05-12T08:58:38","guid":{"rendered":"http:\/\/www.jetcarrier.com\/cms\/?page_id=452"},"modified":"2026-02-06T09:23:06","modified_gmt":"2026-02-06T08:23:06","slug":"prislista-tillaggstjanster","status":"publish","type":"page","link":"https:\/\/www.jetcarrier.com\/cms\/sv\/priser-och-villkor\/prislista-tillaggstjanster\/","title":{"rendered":"Prislista till\u00e4ggstj\u00e4nster"},"content":{"rendered":"<p>JetCarrier f\u00f6rs\u00f6ker s\u00e5 l\u00e5ngt som m\u00f6jligt\u00a0att ge ett pris som \u00e4r &#8221;all inclusive&#8221;. Vanliga paket med &#8221;normalt&#8221; inneh\u00e5ll till privata\u00a0\u00e4r i allm\u00e4nhet fri f\u00f6r\u00a0alla till\u00e4gg som du hittar p\u00e5 den h\u00e4r sidan.<\/p>\n<p><em>Det g\u00f6r det enkelt f\u00f6r<\/em><br \/>\n<em>: oss att fakturera<\/em><br \/>\n<em>: dig att\u00a0kontrollera<\/em><\/p>\n<p>Det finns tyv\u00e4rr n\u00e5gra undantag d\u00e4r vi m\u00e5ste ber\u00e4kna en till\u00e4ggsavgift. Dom\u00a0\u00e4r listade h\u00e4r och ber\u00f6r i genomsnitt mindre \u00e4n 10% av alla godstransporter vi skickar pr.\u00a0\u00e5r. Pristill\u00e4ggen tillkommer ut\u00f6ver normala fraktkostnader.<\/p>\n<p><strong>Priserna \u00e4r uppdaterad pr. 6.2.2026<\/strong><br \/>\nFordon:<br \/>\nTullhandlingar p\u00e5 Bilar, MC, ATV, sn\u00f6skoter, vattenskotrar, etc.: <strong>995 SEK<br \/>\n<\/strong>F\u00f6retag som ej \u00e4r momsregistrerad hos skatteverket: <strong>4%<\/strong> p\u00e5 moms utl\u00e4gg, <strong>min 45 SEK<\/strong>.<br \/>\nF\u00f6retag utan tullkredit hos Tullverket: <strong>4%<\/strong> p\u00e5 tull utl\u00e4gg, min 45 SEK.<br \/>\nTullhandlingar f\u00f6r f\u00f6retagskunder:\u00a0<strong>175 SEK<\/strong>\u00a0(oftast) och upp till <strong>295 SEK<\/strong> (m\u00e5nga varulinjer)<br \/>\nTullhandlingar\u00a0godis eller livsmedel: <strong>295 SEK\u00a0<\/strong>och upp\u00e5t i dom fall vi kan genomf\u00f6ra uppdraget.<br \/>\n<del>Tullhandlingar alkohol: <strong>295 SEK<\/strong> beror p\u00e5 m\u00e4ngden och komplexiteten<\/del> (alkohol er ej m\u00f6jligt att importera till Sverige)<br \/>\nTullhandlingar silver\/guld\/\u00e4delmetaller och giltiga bet. medel (frim\u00e4rken, gift cards etc.): <strong>295 SEK<\/strong> beror p\u00e5 m\u00e4ngden och komplexiteten.<br \/>\nTullhandlingar flyttgods: <strong>495 SEK<\/strong> beror p\u00e5 m\u00e4ngden och komplexiteten.<br \/>\nTullhandlingar privatperson: <strong>295 SEK<\/strong> endast f\u00f6r privatpersoner som kr\u00e4ver att alla importer ska fortullas p\u00e5 mottagare och ej v\u00e5rat moms\/tull ombud Jetcarrier AB.<br \/>\nDestruktionssavgift: paket &lt; 35 kg \/ 250 dm3 <strong>200 SEK<\/strong> + kr 3 per kg.<br \/>\nPalett <strong>1400 SEK <\/strong>per pall + kr 3 per kg. Destruktion av paket och pall sker i Norge och priserna \u00e4r d\u00e4rf\u00f6r ej MVA pliktiga.<br \/>\nTill\u00e4gg kan f\u00f6rekomma om det \u00e4r s\u00e4rskilda regleringar p\u00e5 produkten som ska destrueras<br \/>\nReturfrakt:\u00a0<strong>200 SEK<\/strong>\u00a0ink. mva pr. paket, \u00f6nskas paketet\u00a0utskickad p\u00e5 ny \u00e4r priset\u00a0<strong>350 SEK\u00a0<\/strong>totalt (ink. mva) pr. paket f\u00f6r paket\u00a0upp til\u00a030 kg\/150 dm3. Skrymande gods prisas separat.<br \/>\nRetur motagit paket i USA:\u00a0<strong>250 SEK<\/strong>\u00a0+ evt. returkostnader om detta inte\u00a0t\u00e4cks av avs\u00e4ndare. Endast f\u00f6r\u00a0paket som er motagit p\u00e5 terminalen i USA och\u00a0som mottagare i Sverige\u00a0ej \u00f6nskar hemskickat.<br \/>\nSpecialgods Sj\u00f6frakt (L-B-H \u00f6ver 240 cm): <strong>inntil 40%<\/strong> pris\u00f6kning p\u00e5 frakten.<br \/>\nSpecialgods Flygfrakt (L-B \u00f6ver 240 cm, H \u00f6ver 150 cm): <strong>inntil 300%<\/strong> pris\u00f6kning p\u00e5 frakten. Kontakta oss f\u00f6r en prisoffert om du har specialgods p\u00e5 flyg.<br \/>\nTungt gods, \u00f6ver 1000kg\/pall\/enhet:\u00a0upp till\u00a0<strong>40%<\/strong>\u00a0prisp\u00e5slag p\u00e5 frakt (endast om skrymmande).<br \/>\nLagring hyra* normalt lager <strong>100 SEK<\/strong>\u00a0pr. vecka pr. m3, min. 25 SEK<br \/>\nLagring hyra* tullager <strong>200 SEK<\/strong>\u00a0pr. vecka pr. m3, min. 50\u00a0SEK<br \/>\nK\u00f6pshj\u00e4lp p\u00e5 bil, MC och annet: fr\u00e5n <strong>495\u00a0USD<\/strong>\u00a0och upp mot<strong> 995 USD\u00a0<\/strong>&#8211; priset beror\u00a0p\u00e5 hur\u00a0kompliserad\u00a0uppdraget \u00e4r, ta kontakt f\u00f6r mera info.<br \/>\nKansellera\u00a0Club JC medlemskap**:\u00a0<strong>4\u00a0USD<\/strong>\u00a0pr. p\u00e5b\u00f6rjade\u00a0m\u00e5nad och\u00a0<strong>10 USD<\/strong>\u00a0i administration fee.<\/p>\n<p>* Ordin\u00e4ra kunder har 7 dagars gratis lagring p\u00e5 ordin\u00e4rt lager, medan JC Club medlemmar har 30 dagars gratis lagring p\u00e5 ordin\u00e4rt lager. F\u00f6r tullager \u00e4r priset detsamma f\u00f6r alla kunder och det inng\u00e5r ingen gratis lagringstid. Lagerhyra faktureras endast f\u00f6r hela veckor. Det inneb\u00e4r 1-7 dagar = 1 vecka, 8 till 14 dagar = 2 veckor etc.<\/p>\n<p>**Avslutar\u00a0du sj\u00e4lv\u00a0din Club JC prenumerering\u00a0p\u00e5 PayPal innan det fornys s\u00e5 tilkommer inga\u00a0avgiftene. Det er endast\u00a0om du \u00f6nskar att kansellera efter\u00a0att det \u00e4r automatisk f\u00f6rnyad att det tilkommer kostnader.<\/p>\n","protected":false},"excerpt":{"rendered":"<p>JetCarrier f\u00f6rs\u00f6ker s\u00e5 l\u00e5ngt som m\u00f6jligt\u00a0att ge ett pris som \u00e4r &#8221;all inclusive&#8221;. Vanliga paket med &#8221;normalt&#8221; inneh\u00e5ll till privata\u00a0\u00e4r i allm\u00e4nhet fri f\u00f6r\u00a0alla till\u00e4gg som du hittar p\u00e5 den h\u00e4r sidan. Det g\u00f6r det enkelt f\u00f6r : oss att fakturera : dig att\u00a0kontrollera Det finns tyv\u00e4rr n\u00e5gra undantag d\u00e4r vi m\u00e5ste ber\u00e4kna en till\u00e4ggsavgift. [&hellip;]<\/p>\n","protected":false},"author":2,"featured_media":0,"parent":447,"menu_order":5,"comment_status":"closed","ping_status":"closed","template":"","meta":{"footnotes":"","_links_to":"","_links_to_target":""},"class_list":["post-452","page","type-page","status-publish","hentry"],"_links":{"self":[{"href":"https:\/\/www.jetcarrier.com\/cms\/sv\/wp-json\/wp\/v2\/pages\/452","targetHints":{"allow":["GET"]}}],"collection":[{"href":"https:\/\/www.jetcarrier.com\/cms\/sv\/wp-json\/wp\/v2\/pages"}],"about":[{"href":"https:\/\/www.jetcarrier.com\/cms\/sv\/wp-json\/wp\/v2\/types\/page"}],"author":[{"embeddable":true,"href":"https:\/\/www.jetcarrier.com\/cms\/sv\/wp-json\/wp\/v2\/users\/2"}],"replies":[{"embeddable":true,"href":"https:\/\/www.jetcarrier.com\/cms\/sv\/wp-json\/wp\/v2\/comments?post=452"}],"version-history":[{"count":34,"href":"https:\/\/www.jetcarrier.com\/cms\/sv\/wp-json\/wp\/v2\/pages\/452\/revisions"}],"predecessor-version":[{"id":5296,"href":"https:\/\/www.jetcarrier.com\/cms\/sv\/wp-json\/wp\/v2\/pages\/452\/revisions\/5296"}],"up":[{"embeddable":true,"href":"https:\/\/www.jetcarrier.com\/cms\/sv\/wp-json\/wp\/v2\/pages\/447"}],"wp:attachment":[{"href":"https:\/\/www.jetcarrier.com\/cms\/sv\/wp-json\/wp\/v2\/media?parent=452"}],"curies":[{"name":"wp","href":"https:\/\/api.w.org\/{rel}","templated":true}]}}