{"id":449,"date":"2015-05-12T09:43:14","date_gmt":"2015-05-12T08:43:14","guid":{"rendered":"http:\/\/www.jetcarrier.com\/cms\/?page_id=449"},"modified":"2026-04-17T10:29:40","modified_gmt":"2026-04-17T09:29:40","slug":"prislista","status":"publish","type":"page","link":"https:\/\/www.jetcarrier.com\/cms\/sv\/priser-och-villkor\/prislista\/","title":{"rendered":"Prislista"},"content":{"rendered":"\n<p>Den h\u00e4r sidan inneh\u00e5ller de flesta av v\u00e5ra prislistor. Det finns separata tabeller f\u00f6r flyg- och sj\u00f6frakt samt separat f\u00f6rteckning f\u00f6r till\u00e4ggstj\u00e4nster. M\u00e5nga tycker att det \u00e4r sv\u00e5rt att relatera till b\u00e5de vikt och volym, d\u00e4rf\u00f6r gjorde vi en separat rapport om detta <a href=\"http:\/\/www.jetcarrier.com\/cms\/priser-och-villkor\/vikt-och-volym\/?lang=sv\">h\u00e4r<\/a>.<\/p>\n\n\n\n<p><strong>Flygfrakt prislista<\/strong><\/p>\n\n\n\n<table id=\"tablepress-1\" class=\"tablepress tablepress-id-1\">\n<thead>\n<tr class=\"row-1\">\n\t<td class=\"column-1\"><\/td><td class=\"column-2\"><\/td><td class=\"column-3\"><\/td><th class=\"column-4\">NORWAY<\/th><th class=\"column-5\">SWEDEN<\/th><th class=\"column-6\">DENMARK<\/th><th class=\"column-7\">FINLAND<\/th>\n<\/tr>\n<\/thead>\n<tbody class=\"row-striping row-hover\">\n<tr class=\"row-2\">\n\t<td class=\"column-1\">Weight (kg)<\/td><td class=\"column-2\">To Weight (kg)<\/td><td class=\"column-3\">Max Volume (dm3)<\/td><td class=\"column-4\">Price NOK<\/td><td class=\"column-5\">Price SEK<\/td><td class=\"column-6\">Price DKK<\/td><td class=\"column-7\">Price EUR<\/td>\n<\/tr>\n<tr class=\"row-3\">\n\t<td class=\"column-1\">0<\/td><td class=\"column-2\">3<\/td><td class=\"column-3\">13,5<\/td><td class=\"column-4\"><a href=\"https:\/\/www.jetcarrier.com\/cms\/tjenester\/club-jc\/brevpakke\/\">149**<\/a><\/td><td class=\"column-5\"><a href=\"https:\/\/www.jetcarrier.com\/cms\/wp-admin\/post.php?post=1244&amp;action=edit&amp;lang=sv\">149**<\/a><\/td><td class=\"column-6\">Not available<\/td><td class=\"column-7\">Not available<\/td>\n<\/tr>\n<tr class=\"row-4\">\n\t<td class=\"column-1\">0<\/td><td class=\"column-2\">1<\/td><td class=\"column-3\">4,5<\/td><td class=\"column-4\">215<\/td><td class=\"column-5\">215<\/td><td class=\"column-6\">175<\/td><td class=\"column-7\">24<\/td>\n<\/tr>\n<tr class=\"row-5\">\n\t<td class=\"column-1\">1<\/td><td class=\"column-2\">2<\/td><td class=\"column-3\">9<\/td><td class=\"column-4\">325<\/td><td class=\"column-5\">325<\/td><td class=\"column-6\">269<\/td><td class=\"column-7\">32<\/td>\n<\/tr>\n<tr class=\"row-6\">\n\t<td class=\"column-1\">2<\/td><td class=\"column-2\">3<\/td><td class=\"column-3\">13,5<\/td><td class=\"column-4\">395<\/td><td class=\"column-5\">395<\/td><td class=\"column-6\">319<\/td><td class=\"column-7\">42<\/td>\n<\/tr>\n<tr class=\"row-7\">\n\t<td class=\"column-1\">3<\/td><td class=\"column-2\">4<\/td><td class=\"column-3\">18<\/td><td class=\"column-4\">450<\/td><td class=\"column-5\">450<\/td><td class=\"column-6\">369<\/td><td class=\"column-7\">49<\/td>\n<\/tr>\n<tr class=\"row-8\">\n\t<td class=\"column-1\">4<\/td><td class=\"column-2\">5<\/td><td class=\"column-3\">22,5<\/td><td class=\"column-4\">495<\/td><td class=\"column-5\">495<\/td><td class=\"column-6\">412<\/td><td class=\"column-7\">57<\/td>\n<\/tr>\n<tr class=\"row-9\">\n\t<td class=\"column-1\">5<\/td><td class=\"column-2\">7<\/td><td class=\"column-3\">31,5<\/td><td class=\"column-4\">575<\/td><td class=\"column-5\">575<\/td><td class=\"column-6\">525<\/td><td class=\"column-7\">64<\/td>\n<\/tr>\n<tr class=\"row-10\">\n\t<td class=\"column-1\">7<\/td><td class=\"column-2\">10<\/td><td class=\"column-3\">45<\/td><td class=\"column-4\">680<\/td><td class=\"column-5\">680<\/td><td class=\"column-6\">599<\/td><td class=\"column-7\">72<\/td>\n<\/tr>\n<tr class=\"row-11\">\n\t<td class=\"column-1\">10<\/td><td class=\"column-2\">12<\/td><td class=\"column-3\">54<\/td><td class=\"column-4\">820<\/td><td class=\"column-5\">820<\/td><td class=\"column-6\">725<\/td><td class=\"column-7\">86<\/td>\n<\/tr>\n<tr class=\"row-12\">\n\t<td class=\"column-1\">12<\/td><td class=\"column-2\">15<\/td><td class=\"column-3\">67,5<\/td><td class=\"column-4\">1010<\/td><td class=\"column-5\">1010<\/td><td class=\"column-6\">820<\/td><td class=\"column-7\">99<\/td>\n<\/tr>\n<tr class=\"row-13\">\n\t<td class=\"column-1\">15<\/td><td class=\"column-2\">20<\/td><td class=\"column-3\">90<\/td><td class=\"column-4\">1150<\/td><td class=\"column-5\">1150<\/td><td class=\"column-6\">965<\/td><td class=\"column-7\">110<\/td>\n<\/tr>\n<tr class=\"row-14\">\n\t<td class=\"column-1\">20<\/td><td class=\"column-2\">25<\/td><td class=\"column-3\">112,5<\/td><td class=\"column-4\">1290<\/td><td class=\"column-5\">1290<\/td><td class=\"column-6\">1110<\/td><td class=\"column-7\">128<\/td>\n<\/tr>\n<tr class=\"row-15\">\n\t<td class=\"column-1\">25<\/td><td class=\"column-2\">30<\/td><td class=\"column-3\">135<\/td><td class=\"column-4\">1480<\/td><td class=\"column-5\">1480<\/td><td class=\"column-6\">1199<\/td><td class=\"column-7\">138<\/td>\n<\/tr>\n<tr class=\"row-16\">\n\t<td class=\"column-1\">30<\/td><td class=\"column-2\">35<\/td><td class=\"column-3\">157,5<\/td><td class=\"column-4\">1690<\/td><td class=\"column-5\">1690<\/td><td class=\"column-6\">1300<\/td><td class=\"column-7\">149<\/td>\n<\/tr>\n<tr class=\"row-17\">\n\t<td class=\"column-1\">35+ *<\/td><td class=\"column-2\">100 000 *<\/td><td class=\"column-3\">4,5 *<\/td><td class=\"column-4\">47 *<\/td><td class=\"column-5\">47 *<\/td><td class=\"column-6\">39 *<\/td><td class=\"column-7\">5 *<br \/>\n<\/td>\n<\/tr>\n<\/tbody>\n<\/table>\n<!-- #tablepress-1 from cache -->\n\n\n<p>* The price is per kg\/4,5 dm3 above 35 kg, whichever is the largest.<br>** The 149 NOK\/SEK parcel is only available in Norway and Sweden for Club JC members.<\/p>\n\n\n\n<p><strong>Information flygfrakt<\/strong><br>Vi anv\u00e4nder&nbsp;vikt \/ volymber\u00e4kning. H\u00e4r anv\u00e4nds faktorn 4,5. Detta inneb\u00e4r att f\u00f6rpackningen kan ha 4,5 g\u00e5nger s\u00e5 stor volymvikt.<br>Exempel: ett paket v\u00e4ger 10 kg och \u00e4r p\u00e5 50 liter, detta paket vill bli fakturerad som f\u00f6r 11 kilo. &nbsp;(50 \/ 4,5 = 11,11).<\/p>\n\n\n\n<p><strong>Sj\u00f6frakt prislista<\/strong><\/p>\n\n\n\n<table id=\"tablepress-2\" class=\"tablepress tablepress-id-2\">\n<thead>\n<tr class=\"row-1\">\n\t<td class=\"column-1\"><\/td><td class=\"column-2\"><\/td><td class=\"column-3\"><\/td><th class=\"column-4\">NORWAY<\/th><th class=\"column-5\">SWEDEN<\/th><th class=\"column-6\">DENMARK<\/th><th class=\"column-7\">FINLAND<\/th>\n<\/tr>\n<\/thead>\n<tbody class=\"row-striping row-hover\">\n<tr class=\"row-2\">\n\t<td class=\"column-1\">Weight (kg)<\/td><td class=\"column-2\">To Weight (kg)<\/td><td class=\"column-3\">Max Volume (dm3)<\/td><td class=\"column-4\">Price NOK<\/td><td class=\"column-5\">Price SEK<\/td><td class=\"column-6\">Price DKK<\/td><td class=\"column-7\">Price EUR<\/td>\n<\/tr>\n<tr class=\"row-3\">\n\t<td class=\"column-1\">0<\/td><td class=\"column-2\">3<\/td><td class=\"column-3\">13,5<\/td><td class=\"column-4\"><a href=\"https:\/\/www.jetcarrier.com\/cms\/tjenester\/club-jc\/brevpakke\/\">149****<\/a><\/td><td class=\"column-5\"><a href=\"https:\/\/www.jetcarrier.com\/cms\/wp-admin\/post.php?post=1244&amp;action=edit&amp;lang=sv\">149****<\/a><\/td><td class=\"column-6\">Not available<\/td><td class=\"column-7\">Not available<\/td>\n<\/tr>\n<tr class=\"row-4\">\n\t<td class=\"column-1\">0<\/td><td class=\"column-2\">1<\/td><td class=\"column-3\">10<\/td><td class=\"column-4\">210 *<\/td><td class=\"column-5\">210 *<\/td><td class=\"column-6\">190 *<\/td><td class=\"column-7\">20 *<\/td>\n<\/tr>\n<tr class=\"row-5\">\n\t<td class=\"column-1\">1<\/td><td class=\"column-2\">2<\/td><td class=\"column-3\">20<\/td><td class=\"column-4\">280 *<\/td><td class=\"column-5\">280 *<\/td><td class=\"column-6\">250 *<\/td><td class=\"column-7\">25 *<\/td>\n<\/tr>\n<tr class=\"row-6\">\n\t<td class=\"column-1\">2<\/td><td class=\"column-2\">5<\/td><td class=\"column-3\">50<\/td><td class=\"column-4\">330 *<\/td><td class=\"column-5\">330 *<\/td><td class=\"column-6\">280 *<\/td><td class=\"column-7\">28 *<\/td>\n<\/tr>\n<tr class=\"row-7\">\n\t<td class=\"column-1\">5<\/td><td class=\"column-2\">25<\/td><td class=\"column-3\">100<\/td><td class=\"column-4\">399 **<\/td><td class=\"column-5\">399 **<\/td><td class=\"column-6\">350 **<\/td><td class=\"column-7\">35 **<\/td>\n<\/tr>\n<tr class=\"row-8\">\n\t<td class=\"column-1\">25<\/td><td class=\"column-2\">50<\/td><td class=\"column-3\">125<\/td><td class=\"column-4\">470 **<\/td><td class=\"column-5\">470 **<\/td><td class=\"column-6\">432 **<\/td><td class=\"column-7\">43 **<\/td>\n<\/tr>\n<tr class=\"row-9\">\n\t<td class=\"column-1\">50<\/td><td class=\"column-2\">75<\/td><td class=\"column-3\">150<\/td><td class=\"column-4\">567 **<\/td><td class=\"column-5\">567 **<\/td><td class=\"column-6\">490 **<\/td><td class=\"column-7\">49 **<\/td>\n<\/tr>\n<tr class=\"row-10\">\n\t<td class=\"column-1\">75<\/td><td class=\"column-2\">100<\/td><td class=\"column-3\">175<\/td><td class=\"column-4\">630 **<\/td><td class=\"column-5\">630 **<\/td><td class=\"column-6\">540 **<\/td><td class=\"column-7\">54 **<\/td>\n<\/tr>\n<tr class=\"row-11\">\n\t<td class=\"column-1\">100<\/td><td class=\"column-2\">200<\/td><td class=\"column-3\">200<\/td><td class=\"column-4\">905 **<\/td><td class=\"column-5\">905 **<\/td><td class=\"column-6\">770 **<\/td><td class=\"column-7\">77 **<\/td>\n<\/tr>\n<tr class=\"row-12\">\n\t<td class=\"column-1\">200<\/td><td class=\"column-2\">250<\/td><td class=\"column-3\">250<\/td><td class=\"column-4\">1060 **<\/td><td class=\"column-5\">1060 **<\/td><td class=\"column-6\">940 **<\/td><td class=\"column-7\">92 **<\/td>\n<\/tr>\n<tr class=\"row-13\">\n\t<td class=\"column-1\">250<\/td><td class=\"column-2\">300<\/td><td class=\"column-3\">300<\/td><td class=\"column-4\">1242 **<\/td><td class=\"column-5\">1242 **<\/td><td class=\"column-6\">1026 **<\/td><td class=\"column-7\">99 **<\/td>\n<\/tr>\n<tr class=\"row-14\">\n\t<td class=\"column-1\">300<\/td><td class=\"column-2\">500<\/td><td class=\"column-3\">500<\/td><td class=\"column-4\">3 ***<\/td><td class=\"column-5\">3 ***<\/td><td class=\"column-6\">2,8 ***<\/td><td class=\"column-7\">0,3 ***<\/td>\n<\/tr>\n<tr class=\"row-15\">\n\t<td class=\"column-1\">500<\/td><td class=\"column-2\">1000<\/td><td class=\"column-3\">1000<\/td><td class=\"column-4\">2,9<\/td><td class=\"column-5\">2,9<\/td><td class=\"column-6\">2,7<\/td><td class=\"column-7\">0,29<\/td>\n<\/tr>\n<tr class=\"row-16\">\n\t<td class=\"column-1\">1000<\/td><td class=\"column-2\">1500<\/td><td class=\"column-3\">1500<\/td><td class=\"column-4\">2,7<\/td><td class=\"column-5\">2,7<\/td><td class=\"column-6\">2,5<\/td><td class=\"column-7\">0,27<\/td>\n<\/tr>\n<tr class=\"row-17\">\n\t<td class=\"column-1\">1500<\/td><td class=\"column-2\">2000<\/td><td class=\"column-3\">2000<\/td><td class=\"column-4\">2,5<\/td><td class=\"column-5\">2,5<\/td><td class=\"column-6\">2,3<\/td><td class=\"column-7\">0,25<\/td>\n<\/tr>\n<tr class=\"row-18\">\n\t<td class=\"column-1\">2000<\/td><td class=\"column-2\">3000<\/td><td class=\"column-3\">3000<\/td><td class=\"column-4\">2,3<\/td><td class=\"column-5\">2,3<\/td><td class=\"column-6\">2,1<\/td><td class=\"column-7\">0,23<\/td>\n<\/tr>\n<tr class=\"row-19\">\n\t<td class=\"column-1\">3000<\/td><td class=\"column-2\">5000<\/td><td class=\"column-3\">5000<\/td><td class=\"column-4\">2,1<\/td><td class=\"column-5\">2,1<\/td><td class=\"column-6\">1,9<\/td><td class=\"column-7\">0,22<\/td>\n<\/tr>\n<tr class=\"row-20\">\n\t<td class=\"column-1\">5000<\/td><td class=\"column-2\">7500<\/td><td class=\"column-3\">7500<\/td><td class=\"column-4\">2<\/td><td class=\"column-5\">2<\/td><td class=\"column-6\">1,8<\/td><td class=\"column-7\">0,21<\/td>\n<\/tr>\n<tr class=\"row-21\">\n\t<td class=\"column-1\">7500<\/td><td class=\"column-2\">10000<\/td><td class=\"column-3\">10000<\/td><td class=\"column-4\">1,9<\/td><td class=\"column-5\">1,9<\/td><td class=\"column-6\">1,6<\/td><td class=\"column-7\">0,19<\/td>\n<\/tr>\n<tr class=\"row-22\">\n\t<td class=\"column-1\">10000<\/td><td class=\"column-2\">20000<\/td><td class=\"column-3\">20000<\/td><td class=\"column-4\">1,7<\/td><td class=\"column-5\">1,7<\/td><td class=\"column-6\">1,5<\/td><td class=\"column-7\">0,17<\/td>\n<\/tr>\n<tr class=\"row-23\">\n\t<td class=\"column-1\">20000<\/td><td class=\"column-2\">50000<\/td><td class=\"column-3\">50000<\/td><td class=\"column-4\">1,6<\/td><td class=\"column-5\">1,6<\/td><td class=\"column-6\">1,3<\/td><td class=\"column-7\">0,14<\/td>\n<\/tr>\n<tr class=\"row-24\">\n\t<td class=\"column-1\">50000<\/td><td class=\"column-2\">100000<\/td><td class=\"column-3\">100000<\/td><td class=\"column-4\">1,5<\/td><td class=\"column-5\">1,5<\/td><td class=\"column-6\">1,3<\/td><td class=\"column-7\">0,13<\/td>\n<\/tr>\n<\/tbody>\n<\/table>\n<!-- #tablepress-2 from cache -->\n\n\n<p>* Inland rate included.<br>** Fixed rate intervals<br>*** from 300kg\/300dm3 price per kg\/dm3 whichever is largest.<br>**** The 149 NOK\/SEK parcel is only available in Norway and Sweden for Club JC members.<\/p>\n\n\n\n<p><strong>Information sj\u00f6frakt<\/strong><br>Sj\u00f6raterna i tabellen \u00e4r till Halden, Norge.<\/p>\n\n\n\n<p><span style=\"font-size: revert;\">Dom tre minsta sj\u00f6paketen&nbsp;(max 5 kilo \/ 50 cm3) gjelder endast f\u00f6r ett paket och \u00e4r inklusive leverans till postkontor\/post i butik. Ditt paket kan fortfarande f\u00e5 extra kostnader (t.ex. om det \u00e4r \u00f6ver 120cm) Kolla v\u00e5ran prislista f\u00f6r tilleggstj\u00e4nster f\u00f6r en \u00f6versikt.<\/span><\/p>\n\n\n\n<p>Faktor f\u00f6r vikt och volym \u00e4r 1 till 1, och f\u00f6r att hitta priset p\u00e5 en s\u00e4ndning m\u00e5ste ni veta vikt och volym av s\u00e4ndningen. Det st\u00f6rsta talet&nbsp;kommer att vara avg\u00f6rande f\u00f6r priset.<br>Mer information om sj\u00f6frakt kan hittas h\u00e4r.<\/p>\n\n\n\n<p><strong>F\u00f6rdelar med gemensam fakturering<\/strong><br>Alla paket som tas emot i samma s\u00e4ndning (batch) faktureras samlat. Vi skiller&nbsp;p\u00e5 flyg- och sj\u00f8batcher, dessa faktureras naturligtvis separata fr\u00e5n varann. Vi ber\u00e4knar en totalvikt \/ volym f\u00f6r alla dina paket, och det \u00e4r denna pris du&nbsp;betalar f\u00f6r sj\u00f6frakten. F\u00f6r dig som kund \u00e4r detta en stor f\u00f6rdel om du lyckas samla s\u00e5 m\u00e5nga som m\u00f6jligt paket i samma f\u00f6rs\u00e4ndelse.<\/p>\n","protected":false},"excerpt":{"rendered":"<p>Den h\u00e4r sidan inneh\u00e5ller de flesta av v\u00e5ra prislistor. Det finns separata tabeller f\u00f6r flyg- och sj\u00f6frakt samt separat f\u00f6rteckning f\u00f6r till\u00e4ggstj\u00e4nster. M\u00e5nga tycker att det \u00e4r sv\u00e5rt att relatera till b\u00e5de vikt och volym, d\u00e4rf\u00f6r gjorde vi en separat rapport om detta h\u00e4r. Flygfrakt prislista * The price is per kg\/4,5 dm3 above 35 [&hellip;]<\/p>\n","protected":false},"author":2,"featured_media":0,"parent":447,"menu_order":1,"comment_status":"closed","ping_status":"closed","template":"","meta":{"footnotes":"","_links_to":"","_links_to_target":""},"class_list":["post-449","page","type-page","status-publish","hentry"],"_links":{"self":[{"href":"https:\/\/www.jetcarrier.com\/cms\/sv\/wp-json\/wp\/v2\/pages\/449","targetHints":{"allow":["GET"]}}],"collection":[{"href":"https:\/\/www.jetcarrier.com\/cms\/sv\/wp-json\/wp\/v2\/pages"}],"about":[{"href":"https:\/\/www.jetcarrier.com\/cms\/sv\/wp-json\/wp\/v2\/types\/page"}],"author":[{"embeddable":true,"href":"https:\/\/www.jetcarrier.com\/cms\/sv\/wp-json\/wp\/v2\/users\/2"}],"replies":[{"embeddable":true,"href":"https:\/\/www.jetcarrier.com\/cms\/sv\/wp-json\/wp\/v2\/comments?post=449"}],"version-history":[{"count":34,"href":"https:\/\/www.jetcarrier.com\/cms\/sv\/wp-json\/wp\/v2\/pages\/449\/revisions"}],"predecessor-version":[{"id":5344,"href":"https:\/\/www.jetcarrier.com\/cms\/sv\/wp-json\/wp\/v2\/pages\/449\/revisions\/5344"}],"up":[{"embeddable":true,"href":"https:\/\/www.jetcarrier.com\/cms\/sv\/wp-json\/wp\/v2\/pages\/447"}],"wp:attachment":[{"href":"https:\/\/www.jetcarrier.com\/cms\/sv\/wp-json\/wp\/v2\/media?parent=449"}],"curies":[{"name":"wp","href":"https:\/\/api.w.org\/{rel}","templated":true}]}}