{"id":447,"date":"2015-05-12T09:04:08","date_gmt":"2015-05-12T08:04:08","guid":{"rendered":"http:\/\/www.jetcarrier.com\/cms\/?page_id=447"},"modified":"2018-03-07T12:40:53","modified_gmt":"2018-03-07T11:40:53","slug":"priser-och-villkor","status":"publish","type":"page","link":"https:\/\/www.jetcarrier.com\/cms\/sv\/priser-och-villkor\/","title":{"rendered":"Priser och villkor"},"content":{"rendered":"<p>H\u00e4r finner du till\u00e4ggsinformation om priser och villkor. Du kan ocks\u00e5 anv\u00e4nda v\u00e5r fraktkalkulator och andra hj\u00e4lpmedel. V\u00e4lj fr\u00e5n menyn eller tryck p\u00e5 l\u00e4nkarna nedan.<\/p>\n<p><a href=\"http:\/\/www.jetcarrier.com\/cms\/priser-och-villkor\/prislista\/?lang=sv\">Prislista<\/a>\u00a0&#8211; <a href=\"http:\/\/www.jetcarrier.com\/cms\/priser-och-villkor\/prislista-tillaggstjanster\/?lang=sv\">Prislista till\u00e4ggstj\u00e4nster<\/a>\u00a0&#8211; <a href=\"http:\/\/www.jetcarrier.com\/cms\/priser-och-villkor\/vikt-och-volym\/?lang=sv\">Vikt och volym<\/a>\u00a0&#8211; <a href=\"http:\/\/www.jetcarrier.com\/cms\/priser-och-villkor\/villkor\/?lang=sv\">Villkor<\/a><\/p>\n","protected":false},"excerpt":{"rendered":"<p>H\u00e4r finner du till\u00e4ggsinformation om priser och villkor. Du kan ocks\u00e5 anv\u00e4nda v\u00e5r fraktkalkulator och andra hj\u00e4lpmedel. V\u00e4lj fr\u00e5n menyn eller tryck p\u00e5 l\u00e4nkarna nedan. Prislista\u00a0&#8211; Prislista till\u00e4ggstj\u00e4nster\u00a0&#8211; Vikt och volym\u00a0&#8211; Villkor<\/p>\n","protected":false},"author":2,"featured_media":0,"parent":0,"menu_order":2,"comment_status":"closed","ping_status":"closed","template":"","meta":{"footnotes":"","_links_to":"","_links_to_target":""},"class_list":["post-447","page","type-page","status-publish","hentry"],"_links":{"self":[{"href":"https:\/\/www.jetcarrier.com\/cms\/sv\/wp-json\/wp\/v2\/pages\/447","targetHints":{"allow":["GET"]}}],"collection":[{"href":"https:\/\/www.jetcarrier.com\/cms\/sv\/wp-json\/wp\/v2\/pages"}],"about":[{"href":"https:\/\/www.jetcarrier.com\/cms\/sv\/wp-json\/wp\/v2\/types\/page"}],"author":[{"embeddable":true,"href":"https:\/\/www.jetcarrier.com\/cms\/sv\/wp-json\/wp\/v2\/users\/2"}],"replies":[{"embeddable":true,"href":"https:\/\/www.jetcarrier.com\/cms\/sv\/wp-json\/wp\/v2\/comments?post=447"}],"version-history":[{"count":6,"href":"https:\/\/www.jetcarrier.com\/cms\/sv\/wp-json\/wp\/v2\/pages\/447\/revisions"}],"predecessor-version":[{"id":1564,"href":"https:\/\/www.jetcarrier.com\/cms\/sv\/wp-json\/wp\/v2\/pages\/447\/revisions\/1564"}],"wp:attachment":[{"href":"https:\/\/www.jetcarrier.com\/cms\/sv\/wp-json\/wp\/v2\/media?parent=447"}],"curies":[{"name":"wp","href":"https:\/\/api.w.org\/{rel}","templated":true}]}}