{"id":18,"date":"2015-02-26T12:45:05","date_gmt":"2015-02-26T11:45:05","guid":{"rendered":"http:\/\/www.jetcarrier.com\/cms\/?page_id=18"},"modified":"2018-04-17T13:54:03","modified_gmt":"2018-04-17T12:54:03","slug":"tjanster","status":"publish","type":"page","link":"https:\/\/www.jetcarrier.com\/cms\/sv\/tjanster\/","title":{"rendered":"Tj\u00e4nster"},"content":{"rendered":"<p><strong><font color=\"red\">Jet<\/font>Carrier<\/strong> erbjuder ett brett utbud av tj\u00e4nster inom transport, logistik och spedition.<br \/>\nV\u00e4lj \u00f6nskad tj\u00e4nst i menyn eller klicka p\u00e5 l\u00e4nkarna nedan f\u00f6r att l\u00e4sa lite mer om var och en av dom.<\/p>\n<p><a href=\"http:\/\/www.jetcarrier.com\/cms\/tjanster\/mailbox\/?lang=sv\">Mailbox<\/a> \u2022 <a href=\"http:\/\/www.jetcarrier.com\/cms\/tjanster\/flygfrakt\/?lang=sv\">Flygfrakt<\/a> \u2022 <a href=\"http:\/\/www.jetcarrier.com\/cms\/tjanster\/sjofrakt\/?lang=sv\">Sj\u00f6frakt<\/a> \u2022 <a href=\"http:\/\/www.jetcarrier.com\/cms\/tjanster\/club-jc\/?lang=sv\">Club JC<\/a> \u2022 <a href=\"http:\/\/www.jetcarrier.com\/cms\/tjanster\/483-2\/?lang=sv\">Bilfrakt<\/a> \u2022 <a href=\"http:\/\/www.jetcarrier.com\/cms\/tjanster\/mc-frakt\/?lang=sv\">MC frakt<\/a>\u00a0\u2022\u00a0<a href=\"http:\/\/www.jetcarrier.com\/cms\/tjanster\/batfrakt\/?lang=sv\">B\u00e5tfrakt<\/a><\/p>\n","protected":false},"excerpt":{"rendered":"<p>JetCarrier erbjuder ett brett utbud av tj\u00e4nster inom transport, logistik och spedition. V\u00e4lj \u00f6nskad tj\u00e4nst i menyn eller klicka p\u00e5 l\u00e4nkarna nedan f\u00f6r att l\u00e4sa lite mer om var och en av dom. Mailbox \u2022 Flygfrakt \u2022 Sj\u00f6frakt \u2022 Club JC \u2022 Bilfrakt \u2022 MC frakt\u00a0\u2022\u00a0B\u00e5tfrakt<\/p>\n","protected":false},"author":2,"featured_media":0,"parent":0,"menu_order":1,"comment_status":"closed","ping_status":"closed","template":"page-templates\/full-width.php","meta":{"footnotes":"","_links_to":"","_links_to_target":""},"class_list":["post-18","page","type-page","status-publish","hentry"],"_links":{"self":[{"href":"https:\/\/www.jetcarrier.com\/cms\/sv\/wp-json\/wp\/v2\/pages\/18","targetHints":{"allow":["GET"]}}],"collection":[{"href":"https:\/\/www.jetcarrier.com\/cms\/sv\/wp-json\/wp\/v2\/pages"}],"about":[{"href":"https:\/\/www.jetcarrier.com\/cms\/sv\/wp-json\/wp\/v2\/types\/page"}],"author":[{"embeddable":true,"href":"https:\/\/www.jetcarrier.com\/cms\/sv\/wp-json\/wp\/v2\/users\/2"}],"replies":[{"embeddable":true,"href":"https:\/\/www.jetcarrier.com\/cms\/sv\/wp-json\/wp\/v2\/comments?post=18"}],"version-history":[{"count":6,"href":"https:\/\/www.jetcarrier.com\/cms\/sv\/wp-json\/wp\/v2\/pages\/18\/revisions"}],"predecessor-version":[{"id":2192,"href":"https:\/\/www.jetcarrier.com\/cms\/sv\/wp-json\/wp\/v2\/pages\/18\/revisions\/2192"}],"wp:attachment":[{"href":"https:\/\/www.jetcarrier.com\/cms\/sv\/wp-json\/wp\/v2\/media?parent=18"}],"curies":[{"name":"wp","href":"https:\/\/api.w.org\/{rel}","templated":true}]}}