{"id":1262,"date":"2017-09-12T08:14:32","date_gmt":"2017-09-12T07:14:32","guid":{"rendered":"http:\/\/www.jetcarrier.com\/cms\/?page_id=1262"},"modified":"2017-09-25T09:47:13","modified_gmt":"2017-09-25T08:47:13","slug":"standby-guide","status":"publish","type":"page","link":"https:\/\/www.jetcarrier.com\/cms\/sv\/tjanster\/club-jc\/standby-booking\/standby-guide\/","title":{"rendered":"Standby guide"},"content":{"rendered":"<p>H\u00e4r hittar du v\u00e5ran enkla guide f\u00f6r att anv\u00e4nda StandBy funktionen som f\u00f6ljer med i din ClubJC prenumeration. StandBy gjer dig m\u00f6jligheten att sj\u00e4lv v\u00e4lja n\u00e4r du vil ha dina paket skickad fr\u00e5n USA. Det kan vara praktisk och prisv\u00e4rd at ni f\u00e5r flera paket i samma batch\/f\u00f6rsendelse.<\/p>\n<ol>\n<li>\n<h3>Laga en bookning<\/h3>\n<p>Efter at ni har gjord en order online, s\u00e5 logga dig inn p\u00e5 ditt JetCarrier konto och klikka p\u00e5 &#8221;Boka s\u00e4ndning&#8221;. Fyll i information om inneh\u00e5llet i paketet, v\u00e4rde och annat och kom ih\u00e5g att klicka p\u00e5 alternativet &#8221;Standby&#8221;<br \/>\n<img loading=\"lazy\" decoding=\"async\" class=\"alignleft size-full wp-image-1251\" src=\"http:\/\/www.jetcarrier.com\/cms\/wp-content\/uploads\/2017\/09\/standby1.gif\" alt=\"\" width=\"1056\" height=\"332\" \/><\/li>\n<li>\n<h3>Se dina aktive paket<\/h3>\n<p>Genom att klicka p\u00e5 &#8221;Mina s\u00e4ndningar&#8221; och i detta fall &#8221;Aktiva flygs\u00e4ndningar&#8221; ser du att paketet du just bokat \u00e4r i StandBy.<br \/>\n<img loading=\"lazy\" decoding=\"async\" class=\"alignleft size-full wp-image-1252\" src=\"http:\/\/www.jetcarrier.com\/cms\/wp-content\/uploads\/2017\/09\/standby2.gif\" alt=\"\" width=\"1076\" height=\"330\" \/><\/li>\n<li>\n<h3>Betala standbyavgiften och skicka dem hem<\/h3>\n<p>N\u00e4r alla paket du vill ha skickad tillsammans \u00e4r mottagna i USA, kan du skicka dom. I det h\u00e4r fallet finns 1 paket som har mottagits och finns under toppl\u00e4nken &#8221;Mina s\u00e4ndningar&#8221; och &#8221;Aktiva flygs\u00e4ndningar&#8221;. Klicka p\u00e5 &#8221;Ship Standby&#8221; -knappen och du skickas sedan till PayPal f\u00f6r att betala StandBy-avgiften.<br \/>\n<img loading=\"lazy\" decoding=\"async\" class=\"alignleft size-full wp-image-1259\" src=\"http:\/\/www.jetcarrier.com\/cms\/wp-content\/uploads\/2017\/09\/standby3.gif\" alt=\"\" width=\"1073\" height=\"758\" \/><\/li>\n<li>\n<h3>Status uppdaterad<\/h3>\n<p>N\u00e4r vi f\u00e5r information om att betalningen har mottagits kommer vi att \u00e4ndra status f\u00f6r dina paket. D\u00e5 ser du att dom \u00e4r &#8221;Released&#8221; p\u00e5 din sida n\u00e4r du \u00e4r inloggad p\u00e5 ditt konto. Observera att vi bara \u00e4ndrar statusen innom normal arbetstid (i Sverige), s\u00e5 om du betalar in p\u00e5 fredag efter 1500, kommer dina paket troligtvis inte att uppdateras innan m\u00e5ndag morgon.<img loading=\"lazy\" decoding=\"async\" class=\"alignleft size-full wp-image-1265\" src=\"http:\/\/www.jetcarrier.com\/cms\/wp-content\/uploads\/2017\/09\/standby5.gif\" alt=\"\" width=\"1073\" height=\"239\" \/><\/li>\n<\/ol>\n","protected":false},"excerpt":{"rendered":"<p>H\u00e4r hittar du v\u00e5ran enkla guide f\u00f6r att anv\u00e4nda StandBy funktionen som f\u00f6ljer med i din ClubJC prenumeration. StandBy gjer dig m\u00f6jligheten att sj\u00e4lv v\u00e4lja n\u00e4r du vil ha dina paket skickad fr\u00e5n USA. Det kan vara praktisk och prisv\u00e4rd at ni f\u00e5r flera paket i samma batch\/f\u00f6rsendelse. Laga en bookning Efter at ni har [&hellip;]<\/p>\n","protected":false},"author":2,"featured_media":0,"parent":750,"menu_order":0,"comment_status":"closed","ping_status":"closed","template":"","meta":{"footnotes":"","_links_to":"","_links_to_target":""},"class_list":["post-1262","page","type-page","status-publish","hentry"],"_links":{"self":[{"href":"https:\/\/www.jetcarrier.com\/cms\/sv\/wp-json\/wp\/v2\/pages\/1262","targetHints":{"allow":["GET"]}}],"collection":[{"href":"https:\/\/www.jetcarrier.com\/cms\/sv\/wp-json\/wp\/v2\/pages"}],"about":[{"href":"https:\/\/www.jetcarrier.com\/cms\/sv\/wp-json\/wp\/v2\/types\/page"}],"author":[{"embeddable":true,"href":"https:\/\/www.jetcarrier.com\/cms\/sv\/wp-json\/wp\/v2\/users\/2"}],"replies":[{"embeddable":true,"href":"https:\/\/www.jetcarrier.com\/cms\/sv\/wp-json\/wp\/v2\/comments?post=1262"}],"version-history":[{"count":3,"href":"https:\/\/www.jetcarrier.com\/cms\/sv\/wp-json\/wp\/v2\/pages\/1262\/revisions"}],"predecessor-version":[{"id":1268,"href":"https:\/\/www.jetcarrier.com\/cms\/sv\/wp-json\/wp\/v2\/pages\/1262\/revisions\/1268"}],"up":[{"embeddable":true,"href":"https:\/\/www.jetcarrier.com\/cms\/sv\/wp-json\/wp\/v2\/pages\/750"}],"wp:attachment":[{"href":"https:\/\/www.jetcarrier.com\/cms\/sv\/wp-json\/wp\/v2\/media?parent=1262"}],"curies":[{"name":"wp","href":"https:\/\/api.w.org\/{rel}","templated":true}]}}