{"id":1244,"date":"2016-06-07T08:54:49","date_gmt":"2016-06-07T07:54:49","guid":{"rendered":"http:\/\/www.jetcarrier.com\/cms\/tjanster\/club-jc\/brevpakke\/"},"modified":"2025-07-28T10:32:07","modified_gmt":"2025-07-28T09:32:07","slug":"brevpakke","status":"publish","type":"page","link":"https:\/\/www.jetcarrier.com\/cms\/sv\/tjanster\/club-jc\/brevpakke\/","title":{"rendered":"Club JC parcel"},"content":{"rendered":"<p>Club JC parcel \u00e4r v\u00e5ran rimligaste paket.<\/p>\n<p><strong>F\u00f6r endast kronor 149 f\u00e5r ni:<\/strong><strong><img loading=\"lazy\" decoding=\"async\" class=\"wp-image-957 size-medium alignleft\" src=\"http:\/\/www.jetcarrier.com\/cms\/wp-content\/uploads\/2016\/04\/pakke-leveres-i-postkasse-270x300.jpg\" alt=\"pakke-leveres-i-postkasse\" width=\"270\" height=\"300\" srcset=\"https:\/\/www.jetcarrier.com\/cms\/wp-content\/uploads\/2016\/04\/pakke-leveres-i-postkasse-270x300.jpg 270w, https:\/\/www.jetcarrier.com\/cms\/wp-content\/uploads\/2016\/04\/pakke-leveres-i-postkasse.jpg 450w\" sizes=\"auto, (max-width: 270px) 100vw, 270px\" \/><\/strong><br \/>\n\u2022 signering och mottag i USA<br \/>\n\u2022 frakt til Sverige inkl. fortullning.<\/p>\n<p>F\u00f6r att anv\u00e4nda denna tj\u00e4nst m\u00e5ste ni ha en giltigt\u00a0<a href=\"http:\/\/www.jetcarrier.com\/cms\/sv\/tjanster\/club-jc\/\">Club JC prenumeration<\/a>. Krysse senn av n\u00e4r ni bookar i v\u00e5rat system att du vill ha detta paket tilskickad som Club JC parcel.<\/p>\n<p><strong>Produktvillkor<\/strong><br \/>\n1) paketet kan ha desse maksimumsv\u00e4rden f\u00f6r at kvalifisera.<br \/>\nVikt max. 3 kg, max volym 13,5 dm3.<br \/>\n2) Kolliavgift fr\u00e5n och med paket nummer 2 i samme f\u00f6rs\u00e4ndelse gjelder ocks\u00e5 f\u00f6r dette produktet.<\/p>\n<p>*Kostnadsfri fortullning g\u00e4ller endast f\u00f6r IOSS varor.<\/p>\n","protected":false},"excerpt":{"rendered":"<p>Club JC parcel \u00e4r v\u00e5ran rimligaste paket. F\u00f6r endast kronor 149 f\u00e5r ni: \u2022 signering och mottag i USA \u2022 frakt til Sverige inkl. fortullning. F\u00f6r att anv\u00e4nda denna tj\u00e4nst m\u00e5ste ni ha en giltigt\u00a0Club JC prenumeration. Krysse senn av n\u00e4r ni bookar i v\u00e5rat system att du vill ha detta paket tilskickad som Club [&hellip;]<\/p>\n","protected":false},"author":2,"featured_media":0,"parent":465,"menu_order":4,"comment_status":"closed","ping_status":"closed","template":"","meta":{"footnotes":"","_links_to":"","_links_to_target":""},"class_list":["post-1244","page","type-page","status-publish","hentry"],"_links":{"self":[{"href":"https:\/\/www.jetcarrier.com\/cms\/sv\/wp-json\/wp\/v2\/pages\/1244","targetHints":{"allow":["GET"]}}],"collection":[{"href":"https:\/\/www.jetcarrier.com\/cms\/sv\/wp-json\/wp\/v2\/pages"}],"about":[{"href":"https:\/\/www.jetcarrier.com\/cms\/sv\/wp-json\/wp\/v2\/types\/page"}],"author":[{"embeddable":true,"href":"https:\/\/www.jetcarrier.com\/cms\/sv\/wp-json\/wp\/v2\/users\/2"}],"replies":[{"embeddable":true,"href":"https:\/\/www.jetcarrier.com\/cms\/sv\/wp-json\/wp\/v2\/comments?post=1244"}],"version-history":[{"count":3,"href":"https:\/\/www.jetcarrier.com\/cms\/sv\/wp-json\/wp\/v2\/pages\/1244\/revisions"}],"predecessor-version":[{"id":5200,"href":"https:\/\/www.jetcarrier.com\/cms\/sv\/wp-json\/wp\/v2\/pages\/1244\/revisions\/5200"}],"up":[{"embeddable":true,"href":"https:\/\/www.jetcarrier.com\/cms\/sv\/wp-json\/wp\/v2\/pages\/465"}],"wp:attachment":[{"href":"https:\/\/www.jetcarrier.com\/cms\/sv\/wp-json\/wp\/v2\/media?parent=1244"}],"curies":[{"name":"wp","href":"https:\/\/api.w.org\/{rel}","templated":true}]}}