{"id":2231,"date":"2018-04-25T08:59:48","date_gmt":"2018-04-25T07:59:48","guid":{"rendered":"http:\/\/www.jetcarrier.com\/cms\/priser-vilkar\/vilkar\/gdpr\/"},"modified":"2022-01-03T14:43:57","modified_gmt":"2022-01-03T13:43:57","slug":"gdpr","status":"publish","type":"page","link":"https:\/\/www.jetcarrier.com\/cms\/fi\/priser-vilkar\/vilkar\/gdpr\/","title":{"rendered":"GDPR"},"content":{"rendered":"<p class=\"western\"><span style=\"font-family: 'Century Gothic', sans-serif;\">GDPR f\u00f6r Jetcarrier AB<\/span><\/p>\n<p class=\"western\"><strong><span style=\"font-family: 'Century Gothic', sans-serif;\"><span style=\"font-size: medium;\">Behandlingsansvarig<\/span><\/span><\/strong><\/p>\n<p>Verkst\u00e4llande direkt\u00f6r ansvarar f\u00f6r behandling av personuppgifter av Jetcarrier AB.<\/p>\n<p><strong>\u00c4ndam\u00e5l<\/strong><\/p>\n<p>Syftet med behandlingen \u00e4r att s\u00e4kerst\u00e4lla att fraktordren kommer till kunden eller till den adress kunden \u00f6nskar varorna levereras till. Syftet med behandlingen av personnummeret \u00e4r att s\u00e4kerst\u00e4lla mottagarens identitet ifbm. deklarationer.<\/p>\n<p><strong>Grunden f\u00f6r behandlingen.<\/strong><\/p>\n<p>Information om namn, adress, telefon, e-postadress anv\u00e4nds f\u00f6r att uppfylla k\u00f6peavtalet. Grunden f\u00f6r denna behandling \u00e4r artikel 6 (b) GDPR f\u00f6rordningen.<\/p>\n<p>D\u00e4r du samtyckt kommer informationen ocks\u00e5 att anv\u00e4ndas f\u00f6r att ge dig information, erbjudanden och tj\u00e4nster i samband med ditt k\u00f6p via e-post, telefon och SMS. Grunden f\u00f6r denna behandling \u00e4r sekretessbest\u00e4mmelserna Art 6 (a). Du kan n\u00e4r som helst reservera dig f\u00f6r detta.<\/p>\n<p><strong>Personlig information lagrad<\/strong><\/p>\n<p>Vi lagrar f\u00f6ljande personliga uppgifter om v\u00e5ra kunder;<\/p>\n<p>Namn, adress (er), telefonnummer, e-postadress, f\u00f6delsedatum och l\u00f6senord f\u00f6r inloggning till &#8221;min sida&#8221;.<\/p>\n<p>Vi lagrar ocks\u00e5 ink\u00f6ps- och frakthistorik samt kopior av kommersiella fakturor, eftersom vi enligt lag \u00e4r skyldiga att beh\u00e5lla denna information i samband med deklarationer mot svenska tullmyndigheter.<\/p>\n<p><strong>Var kommer informationen fr\u00e5n<\/strong><\/p>\n<p>Alternativ 1: Vi lagrar den personliga information du har tillhandah\u00e5llit p\u00e5 v\u00e5r webbplats n\u00e4r du skapar ditt konto.<\/p>\n<p>Alternativ 2: Vi lagrar de personuppgifter du har l\u00e4mnat till v\u00e5ra anst\u00e4llda vid hanteringen av dina best\u00e4llningar.<\/p>\n<p>Vi anv\u00e4nder cookies \/ cookies p\u00e5 v\u00e5r hemsida f\u00f6r att ge dig den b\u00e4sta kundupplevelse och service sida. Lagen om elektronisk kommunikation kr\u00e4ver att vi informerar v\u00e5ra bes\u00f6kare om anv\u00e4ndningen av cookies.<\/p>\n<p><strong>Syftet med behandlingen<\/strong><\/p>\n<p>Vi behandlar informationen f\u00f6r att uppfylla v\u00e5ra f\u00f6rpliktelser med dig och med de svenska myndigheterna i samband med tullklarering av varor.<\/p>\n<p>Vi anv\u00e4nder ocks\u00e5 informationen f\u00f6r att ge dig viktig information om ditt kundrelation, via e-post, SMS och mail.<\/p>\n<p><strong>Upplysande av information till tredje part<\/strong><\/p>\n<p>Vi delar inte, s\u00e4ljer, \u00f6verf\u00f6r eller p\u00e5 annat s\u00e4tt avsl\u00f6jar personuppgifter till andra om vi inte \u00e4r lagligen skyldiga att g\u00f6ra det.<\/p>\n<p>F\u00f6r att uppfylla v\u00e5ra skyldigheter enligt avtalet \u00e4r n\u00f6dv\u00e4ndig information tillg\u00e4nglig f\u00f6r v\u00e5ra partner PostNord.<\/p>\n<p><strong>Radering av personuppgifter<\/strong><\/p>\n<p>Information som vi mottog i samband med dina best\u00e4llningar lagras i v\u00e5rt aktiva kundkonto.<\/p>\n<p>Information som vi m\u00e5ste lagra enligt f\u00f6rvaltningslagen lagras i minst 5 \u00e5r, i enlighet med lagens krav.<\/p>\n<p><strong>R\u00e4ttigheter<\/strong><\/p>\n<p>Vi behandlar din personliga information i enlighet med personuppgiftslagen och g\u00e4llande best\u00e4mmelser. Vi upplyser om att du har fri tillg\u00e5ng till din egen personliga information genom &#8221;Mitt konto&#8221; och kan kr\u00e4va korrigering eller radering av information. Vissa data inte kan raderas om det st\u00e5r i konflikt med den information vi enligt lag skyldiga att lagra i en viss tid.<\/p>\n<p><strong>Information Security<\/strong><\/p>\n<p>Vi s\u00e4kerst\u00e4ller din personliga information genom b\u00e5de fysisk och virtuell \u00e5tkomst och \u00e5tkomstkontroll, samt genom att kryptera k\u00e4nsliga delar av informationen som tillhandah\u00e5lls.<\/p>\n<p><strong>Kontakta<\/strong><\/p>\n<p>F\u00f6rfr\u00e5gningar om vilken information som registreras kan kunden se p\u00e5 eget konto efter inloggning. Korrigering och radering av data som kunden inte kan \u00e4ndra, v\u00e4nligen kontakta v\u00e5r helpdesk p\u00e5 www.jetcarrier.net\/support.<\/p>\n","protected":false},"excerpt":{"rendered":"<p>GDPR f\u00f6r Jetcarrier AB Behandlingsansvarig Verkst\u00e4llande direkt\u00f6r ansvarar f\u00f6r behandling av personuppgifter av Jetcarrier AB. \u00c4ndam\u00e5l Syftet med behandlingen \u00e4r att s\u00e4kerst\u00e4lla att fraktordren kommer till kunden eller till den adress kunden \u00f6nskar varorna levereras till. Syftet med behandlingen av personnummeret \u00e4r att s\u00e4kerst\u00e4lla mottagarens identitet ifbm. deklarationer. Grunden f\u00f6r behandlingen. Information om namn, adress, [&hellip;]<\/p>\n","protected":false},"author":2,"featured_media":0,"parent":1325,"menu_order":0,"comment_status":"closed","ping_status":"closed","template":"","meta":{"footnotes":"","_links_to":"","_links_to_target":""},"class_list":["post-2231","page","type-page","status-publish","hentry"],"_links":{"self":[{"href":"https:\/\/www.jetcarrier.com\/cms\/fi\/wp-json\/wp\/v2\/pages\/2231","targetHints":{"allow":["GET"]}}],"collection":[{"href":"https:\/\/www.jetcarrier.com\/cms\/fi\/wp-json\/wp\/v2\/pages"}],"about":[{"href":"https:\/\/www.jetcarrier.com\/cms\/fi\/wp-json\/wp\/v2\/types\/page"}],"author":[{"embeddable":true,"href":"https:\/\/www.jetcarrier.com\/cms\/fi\/wp-json\/wp\/v2\/users\/2"}],"replies":[{"embeddable":true,"href":"https:\/\/www.jetcarrier.com\/cms\/fi\/wp-json\/wp\/v2\/comments?post=2231"}],"version-history":[{"count":3,"href":"https:\/\/www.jetcarrier.com\/cms\/fi\/wp-json\/wp\/v2\/pages\/2231\/revisions"}],"predecessor-version":[{"id":4461,"href":"https:\/\/www.jetcarrier.com\/cms\/fi\/wp-json\/wp\/v2\/pages\/2231\/revisions\/4461"}],"up":[{"embeddable":true,"href":"https:\/\/www.jetcarrier.com\/cms\/fi\/wp-json\/wp\/v2\/pages\/1325"}],"wp:attachment":[{"href":"https:\/\/www.jetcarrier.com\/cms\/fi\/wp-json\/wp\/v2\/media?parent=2231"}],"curies":[{"name":"wp","href":"https:\/\/api.w.org\/{rel}","templated":true}]}}