{"id":1339,"date":"2017-11-20T15:51:22","date_gmt":"2017-11-20T14:51:22","guid":{"rendered":"http:\/\/www.jetcarrier.com\/cms\/?page_id=1339"},"modified":"2026-03-27T10:14:08","modified_gmt":"2026-03-27T09:14:08","slug":"frakt-og-restriksjoner","status":"publish","type":"page","link":"https:\/\/www.jetcarrier.com\/cms\/fi\/infotavle\/frakt-og-restriksjoner\/","title":{"rendered":"Frakt og restriksjoner"},"content":{"rendered":"<p><a href=\"http:\/\/www.jetcarrier.com\/cms\/wp-content\/uploads\/2015\/03\/pictogrammer-farlig-gods.gif\"><img loading=\"lazy\" decoding=\"async\" class=\"size-full wp-image-841 alignnone\" src=\"http:\/\/www.jetcarrier.com\/cms\/wp-content\/uploads\/2015\/03\/pictogrammer-farlig-gods.gif\" alt=\"pictogrammer-farlig-gods\" width=\"600\" height=\"306\" \/><\/a><\/p>\n<p><strong>O\u00f6nskade och problematiska produkter.<\/strong><br \/>\nSom kund hos JetCarrier finns det\u00a0vissa varor\u00a0som du inte kan skickas med oss. Du \u00e4r pliktig\u00a0som kund att s\u00e4tta dig in i lagfarten\u00a0innan du best\u00e4ller s\u00e5dana varor. Om det ankommer\u00a0varor som vi inte fraktar kan\u00a0dessa varor nekas vid mottaget p\u00e5 terminalen i USA. Det f\u00f6ruts\u00e4tter att det \u00e4r m\u00f6jligt att se varotyp\u00a0vid mottaget.<br \/>\nKommer\u00a0o\u00f6nskade varor till Norge, kommer dessa att stoppas. Varorna levereras tullen i sin helhet eller skickas f\u00f6r destruktion efter avtal med Tullverket. Detta g\u00e4ller oavsett om det \u00e4r bara en liten del av totalpaketet som inneh\u00e5ller de produkter vi inte fraktar.<br \/>\nYtterligare kostnader n\u00e4r du f\u00f6rs\u00f6ker importera f\u00f6rbjudna varor kommer att faktureras, \u00e4ven om kunden inte kommer att f\u00e5 sina varor.<\/p>\n<p><strong>F\u00f6ljande varor<\/strong> finns det transportrestriktioner eller f\u00f6rbjudet att transportera via JetCarrier.<br \/>\n<strong>F\u00d6RBJUDET<\/strong>: Mediciner och liknande produkter som har som f\u00f6rem\u00e5l att l\u00e4ka. S\u00e5dana produkter skickas f\u00f6r destruktion utan undantag. Det spelar ingen roll om du har ett l\u00e4karintyg f\u00f6r den produkt du vill ha. Du m\u00e5ste hitta en annan transport\u00f6r som tar\u00a0denna typen av uppdrag.<\/p>\n<p><strong>BEGR\u00c4NSNINGAR<\/strong>: mat, h\u00e4lsokost, godis, kaffe, te, konserver, etc. Alla typer av livsmedel \/ drycker till b\u00e5de m\u00e4nniskor och djur.<\/p>\n<p><strong>Individer<\/strong>:<br \/>\nChoklad och andra s\u00f6tsaker kan importeras av privatpersoner f\u00f6r eget bruk. H\u00e4lsokost kan ha h\u00f6gre v\u00e4rden p\u00e5 inneh\u00e5ll enn vad som \u00e4r lagligt att importera. Kontrollera noga att produkter du best\u00e4ller kan importeras innan du best\u00e4ller.<br \/>\nLivsmedelsprodukter till privatpersoner som ej kan importeras kommer att f\u00f6rst\u00f6ras p\u00e5 mottagarens bekostnad. Alla <strong>animaliska<\/strong> produkter \u00e4r f\u00f6rbjudna, ref: Livsmedelsverkets webbplats.<\/p>\n<p><strong>F\u00f6retag<\/strong>:<br \/>\nLicensierad entrepren\u00f6r med myndighet f\u00f6r att importera st\u00f6rre m\u00e4ngder choklad, konfektyr, dryck kosttillskott, drycker och torrfoder kan till\u00e5tas. F\u00f6ruts\u00e4ttning \u00e4r att f\u00f6retaget \u00e4r registrerad med riktiga koder\u00a0och att f\u00f6retaget\u00a0skickar en kopia av tillst\u00e5ndet och orderinformation via helpdesk.<\/p>\n<p>Det \u00e4r kundens ansvar att se till att best\u00e4llda produkter \u00e4r enligt reglerna. Det tilkommer ocks\u00e5 egna avgifter f\u00f6r tullklarering och hantering av s\u00e5dana produkter. Se v\u00e5r prislista f\u00f6r mer information.<\/p>\n<p><strong>FARLIGT GODS<\/strong><br \/>\nBEGR\u00c4NSNINGAR: Kemikalier, olja, rost produkter, fr\u00e4tande, l\u00e4ttant\u00e4ndliga, farliga och liknande produkter. Privatpersoner och f\u00f6retag h\u00e4nvisas till v\u00e5r\u00a0<a style=\"line-height: 1.714285714; font-size: 1rem;\" href=\"http:\/\/www.jetcarrier.net\/support\/index.php?\/Knowledgebase\/Article\/View\/53\/0\/farlig-gods-og-vasker-lakk-maling-olje-gass-under-trykk-mm\" target=\"_blank\" rel=\"noopener noreferrer\">FAQ<\/a><span style=\"line-height: 1.714285714; font-size: 1rem;\">\u00a0for mer info om farlig gods.<\/span><\/p>\n<p><strong>VAPEN och Vapendelar<\/strong><br \/>\nVi skickar inte denne typ produkter till svenske, danska eller finska kunder. Det ges inga undantag. Paket som inte stoppas i USA fast kommer till v\u00e5ran terminal i Norge levereras till destruktion.<\/p>\n<p><strong>BEGR\u00c4NSNINGAR<\/strong>:\u00a0Annat<br \/>\nLevande djur: vi fraktar ej\u00a0levande djur.<br \/>\nV\u00e4rme, kyl- och frysgods: vi\u00a0garantar ej\u00a0f\u00f6r produkter som krevs\u00a0denne typ av transport. Kan skickas, men p\u00e5 mottagars\u00a0risk. Fors\u00e4kras ej.<br \/>\nEdla metaller\/myntar\/barar: Guld, silver, diamanter, \u00e4delstener och lignende produkter kan skickas, men mottagar\u00a0m\u00e5ste sj\u00e4lv\u00a0k\u00f6pa fors\u00e4kring p\u00e5 godset. Vi tar inga ansvar f\u00f6r godset under n\u00e5gon\u00a0del av frakten.<br \/>\nGlasvaror: vi f\u00f6rs\u00e4krar inte varor av glas, \u00e4ven om det \u00e4r teknisk m\u00f6jligt att teckna detta vid bookning s\u00e5 vil inte glasvaror (d\u00f6r, f\u00f6nster, speglar etc.) t\u00e4ckas av en f\u00f6rs\u00e4kring. Andra varor som skickas tillsammans med glasvaror vil vara f\u00f6rs\u00e4krat.<\/p>\n<p><a href=\"https:\/\/www.jetcarrier.com\/cms\/fi\/infotavle\/frakt-og-restriksjoner\/restriksjonsliste\/\">Lista \u00f6ver varor med ytterligare restriktioner hittar du h\u00e4r<\/a>.<\/p>\n","protected":false},"excerpt":{"rendered":"<p>O\u00f6nskade och problematiska produkter. Som kund hos JetCarrier finns det\u00a0vissa varor\u00a0som du inte kan skickas med oss. Du \u00e4r pliktig\u00a0som kund att s\u00e4tta dig in i lagfarten\u00a0innan du best\u00e4ller s\u00e5dana varor. Om det ankommer\u00a0varor som vi inte fraktar kan\u00a0dessa varor nekas vid mottaget p\u00e5 terminalen i USA. Det f\u00f6ruts\u00e4tter att det \u00e4r m\u00f6jligt att se [&hellip;]<\/p>\n","protected":false},"author":2,"featured_media":0,"parent":1335,"menu_order":3,"comment_status":"closed","ping_status":"closed","template":"","meta":{"footnotes":"","_links_to":"","_links_to_target":""},"class_list":["post-1339","page","type-page","status-publish","hentry"],"_links":{"self":[{"href":"https:\/\/www.jetcarrier.com\/cms\/fi\/wp-json\/wp\/v2\/pages\/1339","targetHints":{"allow":["GET"]}}],"collection":[{"href":"https:\/\/www.jetcarrier.com\/cms\/fi\/wp-json\/wp\/v2\/pages"}],"about":[{"href":"https:\/\/www.jetcarrier.com\/cms\/fi\/wp-json\/wp\/v2\/types\/page"}],"author":[{"embeddable":true,"href":"https:\/\/www.jetcarrier.com\/cms\/fi\/wp-json\/wp\/v2\/users\/2"}],"replies":[{"embeddable":true,"href":"https:\/\/www.jetcarrier.com\/cms\/fi\/wp-json\/wp\/v2\/comments?post=1339"}],"version-history":[{"count":3,"href":"https:\/\/www.jetcarrier.com\/cms\/fi\/wp-json\/wp\/v2\/pages\/1339\/revisions"}],"predecessor-version":[{"id":5332,"href":"https:\/\/www.jetcarrier.com\/cms\/fi\/wp-json\/wp\/v2\/pages\/1339\/revisions\/5332"}],"up":[{"embeddable":true,"href":"https:\/\/www.jetcarrier.com\/cms\/fi\/wp-json\/wp\/v2\/pages\/1335"}],"wp:attachment":[{"href":"https:\/\/www.jetcarrier.com\/cms\/fi\/wp-json\/wp\/v2\/media?parent=1339"}],"curies":[{"name":"wp","href":"https:\/\/api.w.org\/{rel}","templated":true}]}}