{"id":1329,"date":"2017-11-20T15:46:59","date_gmt":"2017-11-20T14:46:59","guid":{"rendered":"http:\/\/www.jetcarrier.com\/cms\/?page_id=1329"},"modified":"2018-03-26T11:59:49","modified_gmt":"2018-03-26T10:59:49","slug":"helpdesk-og-faq","status":"publish","type":"page","link":"https:\/\/www.jetcarrier.com\/cms\/fi\/kontakt-oss\/helpdesk-og-faq\/","title":{"rendered":"Asiakastuki ja yleiset kysymykset"},"content":{"rendered":"<p><strong>K\u00e4yt\u00e4 asiakastukeamme<\/strong>\u00a0kun haluat tehd\u00e4 tukipyynn\u00f6n netiss\u00e4. Sinun <strong>ei tarvitse<\/strong>\u00a0rekister\u00f6ity\u00e4 k\u00e4ytt\u00e4\u00e4ksesi palvelua, mutta jos haluat seurata tiedusteluhistoriaasi ja saada vastaukset online palvelussa eik\u00e4 henkil\u00f6kohtaiseen s\u00e4hk\u00f6postiisi, niin voit kirjautua palveluun. Yleisimm\u00e4t kysymykset ja vastaukset l\u00f6ytyv\u00e4t allaolevasta linkist\u00e4. Voi olla hy\u00f6dyllist\u00e4 tarkistaa t\u00e4m\u00e4 kohta ennenkuin otat meihin yhteytt\u00e4.<\/p>\n<p><strong>HUOM!<\/strong>\u00a0Jos rekister\u00f6idyt asiakaspalvelumme k\u00e4ytt\u00e4j\u00e4ksi, t\u00e4m\u00e4\u00a0<strong>ei<\/strong>\u00a0oikeuta pakettien l\u00e4hett\u00e4miseen Yhdysvalloista!<\/p>\n<p><strong>Suoralinkit<\/strong><br \/>\n<a href=\"http:\/\/www.jetcarrier.net\/support\" target=\"_blank\" rel=\"noopener\">Asiakastuki p\u00e4\u00e4sivu<\/a><br \/>\n<a href=\"http:\/\/www.jetcarrier.net\/support\/index.php?\/Tickets\/Submit\" target=\"_blank\" rel=\"noopener\">J\u00e4t\u00e4 tukipyynt\u00f6<\/a><\/p>\n<p><a href=\"http:\/\/www.jetcarrier.net\/support\/index.php?\/Knowledgebase\/List\" target=\"_blank\" rel=\"noopener\">Yleiset kysymykset<\/a><\/p>\n","protected":false},"excerpt":{"rendered":"<p>K\u00e4yt\u00e4 asiakastukeamme\u00a0kun haluat tehd\u00e4 tukipyynn\u00f6n netiss\u00e4. Sinun ei tarvitse\u00a0rekister\u00f6ity\u00e4 k\u00e4ytt\u00e4\u00e4ksesi palvelua, mutta jos haluat seurata tiedusteluhistoriaasi ja saada vastaukset online palvelussa eik\u00e4 henkil\u00f6kohtaiseen s\u00e4hk\u00f6postiisi, niin voit kirjautua palveluun. Yleisimm\u00e4t kysymykset ja vastaukset l\u00f6ytyv\u00e4t allaolevasta linkist\u00e4. Voi olla hy\u00f6dyllist\u00e4 tarkistaa t\u00e4m\u00e4 kohta ennenkuin otat meihin yhteytt\u00e4. HUOM!\u00a0Jos rekister\u00f6idyt asiakaspalvelumme k\u00e4ytt\u00e4j\u00e4ksi, t\u00e4m\u00e4\u00a0ei\u00a0oikeuta pakettien l\u00e4hett\u00e4miseen Yhdysvalloista! Suoralinkit Asiakastuki [&hellip;]<\/p>\n","protected":false},"author":2,"featured_media":0,"parent":1327,"menu_order":1,"comment_status":"closed","ping_status":"closed","template":"","meta":{"footnotes":"","_links_to":"","_links_to_target":""},"class_list":["post-1329","page","type-page","status-publish","hentry"],"_links":{"self":[{"href":"https:\/\/www.jetcarrier.com\/cms\/fi\/wp-json\/wp\/v2\/pages\/1329","targetHints":{"allow":["GET"]}}],"collection":[{"href":"https:\/\/www.jetcarrier.com\/cms\/fi\/wp-json\/wp\/v2\/pages"}],"about":[{"href":"https:\/\/www.jetcarrier.com\/cms\/fi\/wp-json\/wp\/v2\/types\/page"}],"author":[{"embeddable":true,"href":"https:\/\/www.jetcarrier.com\/cms\/fi\/wp-json\/wp\/v2\/users\/2"}],"replies":[{"embeddable":true,"href":"https:\/\/www.jetcarrier.com\/cms\/fi\/wp-json\/wp\/v2\/comments?post=1329"}],"version-history":[{"count":4,"href":"https:\/\/www.jetcarrier.com\/cms\/fi\/wp-json\/wp\/v2\/pages\/1329\/revisions"}],"predecessor-version":[{"id":2010,"href":"https:\/\/www.jetcarrier.com\/cms\/fi\/wp-json\/wp\/v2\/pages\/1329\/revisions\/2010"}],"up":[{"embeddable":true,"href":"https:\/\/www.jetcarrier.com\/cms\/fi\/wp-json\/wp\/v2\/pages\/1327"}],"wp:attachment":[{"href":"https:\/\/www.jetcarrier.com\/cms\/fi\/wp-json\/wp\/v2\/media?parent=1329"}],"curies":[{"name":"wp","href":"https:\/\/api.w.org\/{rel}","templated":true}]}}