{"id":1327,"date":"2017-11-20T15:46:37","date_gmt":"2017-11-20T14:46:37","guid":{"rendered":"http:\/\/www.jetcarrier.com\/cms\/?page_id=1327"},"modified":"2018-03-26T11:29:19","modified_gmt":"2018-03-26T10:29:19","slug":"kontakt-oss","status":"publish","type":"page","link":"https:\/\/www.jetcarrier.com\/cms\/fi\/kontakt-oss\/","title":{"rendered":"Ota yhteytt\u00e4"},"content":{"rendered":"<p>Voimme auttaa monessa asiassa, joskus ohjeiden lukeminen riitt\u00e4\u00e4. Mutta joskus lis\u00e4ohjeet ovat tarpeen, silloin voit l\u00e4hett\u00e4\u00e4 meille s\u00e4hk\u00f6postia tai soittaa. Asiakastukisivuillamme l\u00f6yd\u00e4t paljon tietoa joka voi olla arvokasta luettavaa ennenkuin otat yhteytt\u00e4.<\/p>\n<p>Klikkaa allaolevia linkkej\u00e4 tai k\u00e4yt\u00e4 valikkoa.<br \/>\n<a href=\"http:\/\/www.jetcarrier.com\/cms\/support\/helpdesk\/\">Asiakastuki ja yleiset kysymykset<\/a>\u00a0&#8211; <a href=\"http:\/\/www.jetcarrier.com\/cms\/support\/kontakt-oss\/\">Ota yhteytt\u00e4<\/a><\/p>\n","protected":false},"excerpt":{"rendered":"<p>Voimme auttaa monessa asiassa, joskus ohjeiden lukeminen riitt\u00e4\u00e4. Mutta joskus lis\u00e4ohjeet ovat tarpeen, silloin voit l\u00e4hett\u00e4\u00e4 meille s\u00e4hk\u00f6postia tai soittaa. Asiakastukisivuillamme l\u00f6yd\u00e4t paljon tietoa joka voi olla arvokasta luettavaa ennenkuin otat yhteytt\u00e4. Klikkaa allaolevia linkkej\u00e4 tai k\u00e4yt\u00e4 valikkoa. Asiakastuki ja yleiset kysymykset\u00a0&#8211; Ota yhteytt\u00e4<\/p>\n","protected":false},"author":2,"featured_media":0,"parent":0,"menu_order":4,"comment_status":"closed","ping_status":"closed","template":"","meta":{"footnotes":"","_links_to":"","_links_to_target":""},"class_list":["post-1327","page","type-page","status-publish","hentry"],"_links":{"self":[{"href":"https:\/\/www.jetcarrier.com\/cms\/fi\/wp-json\/wp\/v2\/pages\/1327","targetHints":{"allow":["GET"]}}],"collection":[{"href":"https:\/\/www.jetcarrier.com\/cms\/fi\/wp-json\/wp\/v2\/pages"}],"about":[{"href":"https:\/\/www.jetcarrier.com\/cms\/fi\/wp-json\/wp\/v2\/types\/page"}],"author":[{"embeddable":true,"href":"https:\/\/www.jetcarrier.com\/cms\/fi\/wp-json\/wp\/v2\/users\/2"}],"replies":[{"embeddable":true,"href":"https:\/\/www.jetcarrier.com\/cms\/fi\/wp-json\/wp\/v2\/comments?post=1327"}],"version-history":[{"count":5,"href":"https:\/\/www.jetcarrier.com\/cms\/fi\/wp-json\/wp\/v2\/pages\/1327\/revisions"}],"predecessor-version":[{"id":2007,"href":"https:\/\/www.jetcarrier.com\/cms\/fi\/wp-json\/wp\/v2\/pages\/1327\/revisions\/2007"}],"wp:attachment":[{"href":"https:\/\/www.jetcarrier.com\/cms\/fi\/wp-json\/wp\/v2\/media?parent=1327"}],"curies":[{"name":"wp","href":"https:\/\/api.w.org\/{rel}","templated":true}]}}