{"id":1325,"date":"2017-11-20T15:46:11","date_gmt":"2017-11-20T14:46:11","guid":{"rendered":"http:\/\/www.jetcarrier.com\/cms\/?page_id=1325"},"modified":"2023-11-09T15:23:16","modified_gmt":"2023-11-09T14:23:16","slug":"vilkar","status":"publish","type":"page","link":"https:\/\/www.jetcarrier.com\/cms\/fi\/priser-vilkar\/vilkar\/","title":{"rendered":"Ehdot"},"content":{"rendered":"<p>Rekister\u00f6itym\u00e4ll\u00e4 saat k\u00e4ytt\u00f6\u00f6si postiosoitteen JetCarrierin terminaalissa Delaware ja hyv\u00e4ksyt k\u00e4ytt\u00f6ehtomme.<\/p>\n<p><strong>Laskutus<br \/>\n<\/strong><span style=\"line-height: 1.714285714; font-size: 1rem;\">Lentorahti: 1-3 p\u00e4iv\u00e4\u00e4 siit\u00e4 kun pakettisi on saapunut Norjaan on se seurattavissa jakeluverkostossamme, l\u00e4het\u00e4mme tuolloin sinulle s\u00e4hk\u00f6postin saapuvista l\u00e4hetyksist\u00e4si. Huomoithan ett\u00e4 emme l\u00e4het\u00e4 lainkaan paperilaskuja, vaan sinun on tarvittaessa tulostettava ne omalta k\u00e4ytt\u00e4j\u00e4tililit\u00e4si kohdasta &#8221;Avoimet laskut&#8221;.<\/span><\/p>\n<p>Merirahti: Laskutamme noin 14 p\u00e4iv\u00e4\u00e4 ennenkuin tavarat saapuvat terminaaliimme. Kaikki merirahtil\u00e4hetykset on maksettava ennenkuin ne l\u00e4hetet\u00e4\u00e4n toimituspisteeseesi.<\/p>\n<p>Tiedoksesi allaoleva tiedot koskevat paketteja jotka saapuvat meille ilman rahtivarausta<br \/>\n\u2022 JetCarrier INC Yhdysvalloissa yritt\u00e4\u00e4 selvitt\u00e4\u00e4 jos kyseess\u00e4 on j\u00e4lkitoimitus tavarantoimittajalta, jos t\u00e4m\u00e4 onnistuu niin tavarasi l\u00e4hetet\u00e4\u00e4n samalla rahditavalla kuin p\u00e4\u00e4toimitus.<br \/>\n\u2022 Yrit\u00e4mme l\u00f6yt\u00e4\u00e4 halvimman rahdin sinulle.<br \/>\n\u2022 P\u00e4\u00e4t\u00f6ksemme ilman varausta olevia paketteja kohtaan on pysyv\u00e4.<br \/>\n\u2022 Pid\u00e4t\u00e4mme oikeuden vaatia ennakkomaksu uusilta asiakkailta ensimm\u00e4iselt\u00e4 tilaukselta.<br \/>\n<em>Vinkki: VARAA RAHTI VIIPYM\u00c4TT\u00c4!<\/em><\/p>\n<p><strong>Varastovuokra \/ Tullivarastovuokra<\/strong><br \/>\nNormaali viikkovuokra on 11 \u20ac \/ m3 \/ vko ja 23 \u20ac \/ m3 \/ vko koskien tullivarastoa. Minimihinta pakettien varastointiin on 3 \u20ac ja 6 \u20ac koskien tullivarastoa, riippumatta painosta \/ tilavuudesta.<\/p>\n<p>Tavallisilla asiakkailla on 7 p\u00e4iv\u00e4n ilmainen varastointi, ja Club JC j\u00e4senill\u00e4 on 30 p\u00e4iv\u00e4n ilmainen varastointi joka koskee tavallista varastoa. Tullivarastoon p\u00e4tee samat hinnat kaikille asiakkaille. Tullivaraston vuokra laskutetaan ainoastaan koko viikolta. T\u00e4m\u00e4 tarkoittaa ett\u00e4 1-7 p\u00e4iv\u00e4\u00e4 = 1 vko, 8-14 p\u00e4iv\u00e4\u00e4 = 2 vko jne.<\/p>\n<p><strong>Paketin tuhoaminen ja maksamattomat tuotteet<\/strong><br \/>\nPaketit jotka j\u00e4\u00e4v\u00e4t tullivarastoon makaamaan yli 6 kuukautta, ilman ett\u00e4 asiakas yritt\u00e4\u00e4 auttaa tullausmenettelyss\u00e4, tullaan l\u00e4hett\u00e4m\u00e4\u00e4n tuhottavaksi. Asiakkaille l\u00e4hetet\u00e4\u00e4n t\u00e4st\u00e4 varoitus 14 p\u00e4iv\u00e4\u00e4 ennen, niin ett\u00e4 asiakas voi hoitaa asian kuntoon. Tuhoamisen hinnan l\u00f6yd\u00e4t <a href=\"http:\/\/www.jetcarrier.com\/cms\/priser\/prisliste-tilleggstjenester\/\">t\u00e4\u00e4lt\u00e4.<\/a><br \/>\nTuhoaminen tapahtuu tulliviranomaisen valvonnan alaisena.<\/p>\n<p><strong>Vakuutus ja vaatimukset (krav)<\/strong><br \/>\nVarauksen yhteydess\u00e4 voit sopia erillisen rahtivakuutuksen, joka vastaa toivottua summaa. Summa ei voi olla korkeampi kuin tavaran k\u00e4yp\u00e4 arvo.<br \/>\nICC A for\u00a0<a href=\"http:\/\/www.jetcarrier.com\/PDF\/ICC_A.pdf\" target=\"_new\" rel=\"noopener noreferrer\">new goods<\/a><br \/>\nICC C for\u00a0<a href=\"http:\/\/www.jetcarrier.com\/PDF\/ICC_C.pdf\" target=\"_new\" rel=\"noopener noreferrer\">used goods<\/a><br \/>\nTavaran on oltava riitt\u00e4v\u00e4n hyvin pakattu, t\u00e4m\u00e4 on niin l\u00e4hett\u00e4j\u00e4n kuin vastaanottajan vastuulla. Jos pakkauksen suojaus on puutteellinen voi se \u00e4\u00e4ritapauksissa tarkoittaa sit\u00e4 ett\u00e4 vakuutus ei korvaa mahdollista vahinkoa. Tavaran pakkaus on aina teht\u00e4v\u00e4 vastaamaan rahdin pituutta. Jos rahditus alkaa toisesta maanosasta ja p\u00e4\u00e4tyy monen terminaalin j\u00e4lkeen Skandinaviaan on sen oltava eritt\u00e4in hyvin pakattu. Vaikeasti k\u00e4sitelt\u00e4v\u00e4 tai painava tavara joka ei ole lavalla on pakattava erityisen tarkasti. On ostajan vastuulla tiedoittaa t\u00e4m\u00e4nlaisista erikoistarpeista. Minimihinta paketin vakutuukselle on 12 \u20ac.\u00a0 \u00a0 \u00a0 \u00a0 \u00a0 \u00a0 \u00a0 \u00a0 \u00a0 \u00a0 \u00a0 \u00a0 \u00a0 \u00a0 \u00a0 \u00a0 \u00a0 \u00a0 \u00a0 \u00a0 \u00a0 \u00a0 \u00a0 \u00a0 \u00a0 \u00a0 \u00a0 \u00a0 \u00a0 \u00a0 \u00a0 \u00a0 \u00a0 \u00a0 \u00a0 \u00a0 \u00a0 \u00a0 \u00a0 <em>Omavastuu on ajoneuvoissa 690 \u20ac, paketeissa ja kappaletavarassa 29 \u20ac ja lavassa 109 \u20ac.\u00a0\u00a0<\/em><\/p>\n<p><strong>Kaikki toimeksiannot suoritetaan noudattaen Incoterms \/ NSAB 2000.<\/strong><br \/>\n1. Vastuu. JetCarrier vastuu riippuu kyseisen maan kuljetussopimuslains\u00e4\u00e4d\u00e4nn\u00f6st\u00e4\u00a0Incoterms \/ NSAB 2000. Tiekuljetuslain ja NSAB 2000 mukaan\u00a0JetCarrier \u00a0on vastuussa vaurioista tai menetyksest\u00e4 8,33 SDR asti ja rahdin arvosta mik\u00e4li tavara my\u00f6h\u00e4styy. Vaastuurajoitukset NSAB 2000 p\u00e4tee my\u00f6s sopimusrikkotapauksissa jotka eiv\u00e4t kuulu kuljetuslains\u00e4\u00e4d\u00e4nt\u00f6\u00f6n tai Incoterms \/ NSAB 2000. JetCarrier katsoo tavaran my\u00f6h\u00e4styneeksi jos lentorahdin kesto on kokonaisuudessaan yli 6 viikkoa tai merirahdin kesto yli 16 viikkoa. Toimitusaika lasketaan siit\u00e4 kun tavara on rekister\u00f6ity j\u00e4rjestelm\u00e4\u00e4mme Yhdysvalloissa.<br \/>\n2. Kun k\u00e4yt\u00e4t JetCarrier.com palvelua vastaa JetCarrier tavaran vastaanottamisesta, vientiselvityksest\u00e4 ja rahdista. JetCarrier kuittaa tavaran vastaanotetuksi, ottaa samalla juridisen vastuun tavarasta Delaware ja sen rahdituksesta sinun postiosoitteeseen. JetCarrier INC in Delaware ei laske tavaraa vastaanotetuksi ennenkuin se on rekister\u00f6ity JetCarrier j\u00e4rjestelm\u00e4\u00e4n, se ett\u00e4 tavara on kuitattu ei viel\u00e4 vastaa varsinaista vastaanottamista.\u00a0 3. Reklamaatiotapaukset. Asiakas joka haluaa korvauksen<br \/>\n<span style=\"line-height: 1.714285714; font-size: 1rem;\">(a) n\u00e4kyv\u00e4st\u00e4 vauriosta tai puutteesta, on teht\u00e4v\u00e4 ilmoitus JetCarrier Inc \u00a0pikimmiten ja selvitett\u00e4v\u00e4 miss\u00e4 kunnossa tavara on vastaanotettu. Jos tavara on vaurioitunut esim. PostNordin toimituksessa on siit\u00e4 noteerattava vaurio heid\u00e4n j\u00e4rjestelm\u00e4\u00e4ns\u00e4.<br \/>\n<\/span><span style=\"line-height: 1.714285714; font-size: 1rem;\">(b) ei n\u00e4kyv\u00e4 vaurio tai puute, on ilmoitettava JetCarrier Inc \u00a0kirjallisesti viimeist\u00e4\u00e4n 4 tuntia toimituksesta. PostNordin j\u00e4rjestelm\u00e4\u00e4n on t\u00e4ss\u00e4kin tapauksessa noteerattava heid\u00e4n j\u00e4rjestelm\u00e4\u00e4n ett\u00e4 tavarassa oli vaurio tai puute joka ei ollut n\u00e4kyv\u00e4.<br \/>\n<\/span><span style=\"line-height: 1.714285714; font-size: 1rem;\">(c) my\u00f6h\u00e4stynyt toimitus, on ilmoitettava JetCarrier Inc \u00a0kirjallisesti 7 p\u00e4iv\u00e4\u00e4 siit\u00e4 kun tavara on k\u00e4ytett\u00e4viss\u00e4. Muuten korvauspyynt\u00f6\u00e4 ei hyv\u00e4ksyt\u00e4.\u00a0 Jos kuljetuasiakirjaan ei ole tehty merkint\u00f6j\u00e4 vastaanottaessa, on tavara oletettavasti vastaanotettu kunnossa, ellei asiakas voi todistaa muuta.\u00a0<\/span>Reklamaatiot koskien laskutusta on teht\u00e4v\u00e4 niin ik\u00e4\u00e4n viipym\u00e4tt\u00e4, ja viimeist\u00e4\u00e4n ennen er\u00e4\u00e4ntymisp\u00e4iv\u00e4\u00e4.<br \/>\n4. (Mahdolliset vaatimukset asiakkaalle sopimusajan sis\u00e4ll\u00e4 oikeuttaa JetCarrier \u00a0pid\u00e4tt\u00e4m\u00e4\u00e4n\/panttaamaan l\u00e4hetyksen kunnes maksuvaatimus on suoritettu. )<\/p>\n<p>5. Asiakkaan maksuvelvollisuus: Huolimatta siit\u00e4, mit\u00e4 asiakkaan muut sopimukset koskien maksu- ja kuljetuspalveluita koskevat, on asiakas velvollinen maksamaan palveuistaan\u00a0 JetCarrier \u00a0oikeita dokumentteja vastaan jos n\u00e4in pyydet\u00e4\u00e4n.\u00a0 \u00a0 \u00a0 \u00a0 \u00a0 \u00a0 \u00a0 \u00a0 \u00a0 \u00a0 \u00a0 \u00a06. Mahdolliset riitatapaukset on olosuhteista ja paikallisista sopimuksista johtuen selvitett\u00e4v\u00e4 paikallisesti tapahtumapaikkana Haldenin k\u00e4r\u00e4j\u00e4oikeus.<br \/>\n7. Avaamalla k\u00e4ytt\u00e4j\u00e4tilin meill\u00e4, hyv\u00e4ksyt ehdot joilla Jetcarrier AS hoitaa tavarasi tullauksen sinulle ilmoitetuin hinnoin.<\/p>\n<p><a href=\"https:\/\/www.finlex.fi\/fi\/laki\/ajantasa\/1979\/19790345\" target=\"_blank\" rel=\"noopener noreferrer\">Tiekuljetussopimuslaki<\/a><\/p>\n<ul>\n<li style=\"list-style-type: none;\">\n<ul>NSAB2015<\/ul>\n<\/li>\n<\/ul>\n<ul>\n<li><a href=\"http:\/\/www.jetcarrier.com\/cms\/wp-content\/uploads\/2018\/08\/NSAB-Final-ENGLISH-20151027.pdf\" target=\"_blank\" rel=\"noopener noreferrer\">English<\/a><\/li>\n<\/ul>\n<p><a href=\"http:\/\/www.iccwbo.org\/incoterms\/\" target=\"incot\" rel=\"noopener noreferrer\">Incoterms<\/a><\/p>\n<p><a href=\"http:\/\/www.jetcarrier.com\/cms\/fi\/priser-vilkar\/vilkar\/gdpr\/\">GDPR<\/a><\/p>\n<p><em>Pid\u00e4t\u00e4mme oikeuden mahdollisiin kirjoitusvirheisiin nettisivuillamme. N\u00e4m\u00e4 sivut sis\u00e4lt\u00e4v\u00e4t lyhennetyn version ehdoista. T\u00e4ydelliset ehdot l\u00e4hetet\u00e4\u00e4n sinulle pyynn\u00f6st\u00e4.<\/em><\/p>\n","protected":false},"excerpt":{"rendered":"<p>Rekister\u00f6itym\u00e4ll\u00e4 saat k\u00e4ytt\u00f6\u00f6si postiosoitteen JetCarrierin terminaalissa Delaware ja hyv\u00e4ksyt k\u00e4ytt\u00f6ehtomme. Laskutus Lentorahti: 1-3 p\u00e4iv\u00e4\u00e4 siit\u00e4 kun pakettisi on saapunut Norjaan on se seurattavissa jakeluverkostossamme, l\u00e4het\u00e4mme tuolloin sinulle s\u00e4hk\u00f6postin saapuvista l\u00e4hetyksist\u00e4si. Huomoithan ett\u00e4 emme l\u00e4het\u00e4 lainkaan paperilaskuja, vaan sinun on tarvittaessa tulostettava ne omalta k\u00e4ytt\u00e4j\u00e4tililit\u00e4si kohdasta &#8221;Avoimet laskut&#8221;. Merirahti: Laskutamme noin 14 p\u00e4iv\u00e4\u00e4 ennenkuin tavarat saapuvat [&hellip;]<\/p>\n","protected":false},"author":2,"featured_media":0,"parent":1315,"menu_order":19,"comment_status":"closed","ping_status":"closed","template":"","meta":{"footnotes":"","_links_to":"","_links_to_target":""},"class_list":["post-1325","page","type-page","status-publish","hentry"],"_links":{"self":[{"href":"https:\/\/www.jetcarrier.com\/cms\/fi\/wp-json\/wp\/v2\/pages\/1325","targetHints":{"allow":["GET"]}}],"collection":[{"href":"https:\/\/www.jetcarrier.com\/cms\/fi\/wp-json\/wp\/v2\/pages"}],"about":[{"href":"https:\/\/www.jetcarrier.com\/cms\/fi\/wp-json\/wp\/v2\/types\/page"}],"author":[{"embeddable":true,"href":"https:\/\/www.jetcarrier.com\/cms\/fi\/wp-json\/wp\/v2\/users\/2"}],"replies":[{"embeddable":true,"href":"https:\/\/www.jetcarrier.com\/cms\/fi\/wp-json\/wp\/v2\/comments?post=1325"}],"version-history":[{"count":17,"href":"https:\/\/www.jetcarrier.com\/cms\/fi\/wp-json\/wp\/v2\/pages\/1325\/revisions"}],"predecessor-version":[{"id":4886,"href":"https:\/\/www.jetcarrier.com\/cms\/fi\/wp-json\/wp\/v2\/pages\/1325\/revisions\/4886"}],"up":[{"embeddable":true,"href":"https:\/\/www.jetcarrier.com\/cms\/fi\/wp-json\/wp\/v2\/pages\/1315"}],"wp:attachment":[{"href":"https:\/\/www.jetcarrier.com\/cms\/fi\/wp-json\/wp\/v2\/media?parent=1325"}],"curies":[{"name":"wp","href":"https:\/\/api.w.org\/{rel}","templated":true}]}}