{"id":1323,"date":"2017-11-20T15:45:58","date_gmt":"2017-11-20T14:45:58","guid":{"rendered":"http:\/\/www.jetcarrier.com\/cms\/?page_id=1323"},"modified":"2026-02-09T09:08:55","modified_gmt":"2026-02-09T08:08:55","slug":"prisliste-tilleggstjenester","status":"publish","type":"page","link":"https:\/\/www.jetcarrier.com\/cms\/fi\/priser-vilkar\/prisliste-tilleggstjenester\/","title":{"rendered":"Hinnasto lis\u00e4palvelut"},"content":{"rendered":"<p><strong>JetCarrier<\/strong>\u00a0pyrkii mahdollisimman pitk\u00e4lle tarjoamaan &#8221;all inclusive&#8221; hintaa, mik\u00e4li se on taloudellisesti mahdollista. Tavalliset paketit miss\u00e4 on &#8221;normaali&#8221; sis\u00e4lt\u00f6, ovat p\u00e4\u00e4s\u00e4\u00e4nt\u00f6isesti vapaita lis\u00e4maksuista joita l\u00f6yd\u00e4t t\u00e4ll\u00e4 sivulla.<\/p>\n<p><em>T\u00e4m\u00e4 helpottaa<\/em><br \/>\n<em>: meid\u00e4n laskutusta\u00a0<\/em><br \/>\n<em>: sinun valvontaa<\/em><\/p>\n<p>Jossain tapauksissa joudumme valitettavasti laskemaan lis\u00e4maksun, esimerkeiss\u00e4 jotka listataan alla. Maksu lis\u00e4t\u00e4\u00e4n tavalliseen rahtihintaan.<\/p>\n<h4><strong>Updated Price List &#8211; 6.2.2026<\/strong><\/h4>\n<ul>\n<li><span style=\"color: #000000;\">Disbursement fee\u00a0for business clients:<strong> 4.0% <\/strong>of MVA\/duty cost, min 45 NOK.<\/span><\/li>\n<li>Customs clearance for business customers:<strong> 16 EUR <\/strong>(usually) and up to <strong>79 EUR <\/strong>(complex customs clearance)<\/li>\n<li>Customs clearance of Cars, MC, ATV, snowmobile, watercraft, etc.: <strong>99 EUR<\/strong> (complex paperworks)<\/li>\n<li>Customs clearance of candy or food: <strong>25 EUR<\/strong>.<\/li>\n<li>Customs clearance of gold\/silver, etc.: <strong>29 EUR<\/strong><\/li>\n<li>Return Handling:\u00a0<strong>20 EUR <\/strong>, if you want the package reshipped, the price is\u00a0<strong>40 EUR<\/strong>\u00a0total (inc. mva) pr. package\u00a0for packages\u00a0up to 30 kg\/150 dm<sup>3<\/sup>. Oversized goods will be priced separately.<\/li>\n<li>Return received\u00a0package in USA:\u00a0<strong>25 EUR<\/strong> + return cost if this is not covered by the sender. Only for parcels that are on its way (and not yet received) to the terminal in USA. You must have a valid booking for this parcel and contacted us in advance of arrival of the parcel.<\/li>\n<li>Oversized goods:<br \/>\nSEA Freight (L-B-H over 240 cm): <strong>up to 100%<\/strong> increase on our price list.<br \/>\nAIR Freight (L-B over 240 cm, H over 150 cm): <strong>up to 300%<\/strong> increase on our price list.<br \/>\nHeavy items, over 1000kg\/pallet or unit: up to <strong>40%<\/strong> increase on our price list.<br \/>\nContact us for a price offer if you are sending oversized goods via AIR.<\/li>\n<li>Storage rental* ordinary storage: <strong>10 EUR<\/strong> per week per m<sup>3<\/sup>, minimum 25 NOK<\/li>\n<li>Storage rental* customs clearance: <strong>20 EUR<\/strong>\u00a0per week per m<sup>3<\/sup>, minimum. 50\u00a0NOK<\/li>\n<li>Cancel Club JC subscription: <strong>4 USD<\/strong> pr. started month and <strong>10 USD<\/strong> administration fee<\/li>\n<\/ul>\n<p><strong>*<\/strong> Regular customers have 7 days storage free of charge, while <strong>Club JC<\/strong> members have 30 days storage free of charge.<br \/>\nThe price for Customs Clearance is the same for all customers, and there is no free storage. Storage rent is invoiced on full weeks.<br \/>\nThat means at 1-7 days overdue you will be charged for 1 full week, and after 8-14 days, you will charged for 2 weeks, etc.<\/p>\n<p><strong>**<\/strong> If you cancel your <strong>Club JC<\/strong> subscription before it is renewed, there will be no additional costs. These costs only apply if you want to cancel after the automatic renewal process has been done by PayPal.<\/p>\n<p><strong>***<\/strong> If you are planning on buying gun parts and related items, you\u00a0must make sure the seller sends us their <a href=\"http:\/\/www.ecfr.gov\/cgi-bin\/text-idx?SID=86008bdffd1fb2e79cc5df41a180750a&amp;node=22:1.0.1.13.58&amp;rgn=div5\" target=\"_blank\" rel=\"noopener noreferrer\">export license<\/a> for the item(s) you have ordered, in advance of your package arriving to our terminal in USA. Failure to meet this requirements will result in return of your\u00a0goods.<\/p>\n","protected":false},"excerpt":{"rendered":"<p>JetCarrier\u00a0pyrkii mahdollisimman pitk\u00e4lle tarjoamaan &#8221;all inclusive&#8221; hintaa, mik\u00e4li se on taloudellisesti mahdollista. Tavalliset paketit miss\u00e4 on &#8221;normaali&#8221; sis\u00e4lt\u00f6, ovat p\u00e4\u00e4s\u00e4\u00e4nt\u00f6isesti vapaita lis\u00e4maksuista joita l\u00f6yd\u00e4t t\u00e4ll\u00e4 sivulla. T\u00e4m\u00e4 helpottaa : meid\u00e4n laskutusta\u00a0 : sinun valvontaa Jossain tapauksissa joudumme valitettavasti laskemaan lis\u00e4maksun, esimerkeiss\u00e4 jotka listataan alla. Maksu lis\u00e4t\u00e4\u00e4n tavalliseen rahtihintaan. Updated Price List &#8211; 6.2.2026 Disbursement fee\u00a0for [&hellip;]<\/p>\n","protected":false},"author":2,"featured_media":0,"parent":1315,"menu_order":5,"comment_status":"closed","ping_status":"closed","template":"","meta":{"footnotes":"","_links_to":"","_links_to_target":""},"class_list":["post-1323","page","type-page","status-publish","hentry"],"_links":{"self":[{"href":"https:\/\/www.jetcarrier.com\/cms\/fi\/wp-json\/wp\/v2\/pages\/1323","targetHints":{"allow":["GET"]}}],"collection":[{"href":"https:\/\/www.jetcarrier.com\/cms\/fi\/wp-json\/wp\/v2\/pages"}],"about":[{"href":"https:\/\/www.jetcarrier.com\/cms\/fi\/wp-json\/wp\/v2\/types\/page"}],"author":[{"embeddable":true,"href":"https:\/\/www.jetcarrier.com\/cms\/fi\/wp-json\/wp\/v2\/users\/2"}],"replies":[{"embeddable":true,"href":"https:\/\/www.jetcarrier.com\/cms\/fi\/wp-json\/wp\/v2\/comments?post=1323"}],"version-history":[{"count":17,"href":"https:\/\/www.jetcarrier.com\/cms\/fi\/wp-json\/wp\/v2\/pages\/1323\/revisions"}],"predecessor-version":[{"id":5299,"href":"https:\/\/www.jetcarrier.com\/cms\/fi\/wp-json\/wp\/v2\/pages\/1323\/revisions\/5299"}],"up":[{"embeddable":true,"href":"https:\/\/www.jetcarrier.com\/cms\/fi\/wp-json\/wp\/v2\/pages\/1315"}],"wp:attachment":[{"href":"https:\/\/www.jetcarrier.com\/cms\/fi\/wp-json\/wp\/v2\/media?parent=1323"}],"curies":[{"name":"wp","href":"https:\/\/api.w.org\/{rel}","templated":true}]}}