{"id":1317,"date":"2017-11-20T15:42:21","date_gmt":"2017-11-20T14:42:21","guid":{"rendered":"http:\/\/www.jetcarrier.com\/cms\/?page_id=1317"},"modified":"2025-07-29T13:27:39","modified_gmt":"2025-07-29T12:27:39","slug":"prislister","status":"publish","type":"page","link":"https:\/\/www.jetcarrier.com\/cms\/fi\/priser-vilkar\/prislister\/","title":{"rendered":"Hinnastomme"},"content":{"rendered":"\n<p>T\u00e4lt\u00e4 sivulta l\u00f6yd\u00e4t hinnastomme. Lento- ja merirahdille on omat hinnastot, niinkuin my\u00f6s lis\u00e4palveluille. Monen mielest\u00e4 on vaikeata ottaa huomioon niin paino kuin tilavuus, siksi l\u00f6yd\u00e4t tarvittaessa tiivistelm\u00e4n aiheesta&nbsp;<strong><span style=\"color: #ff00ff;\"><a href=\"http:\/\/www.jetcarrier.com\/cms\/priser\/vekt-og-volum\/\">t\u00e4\u00e4lt\u00e4<\/a><\/span><\/strong>.<\/p>\n\n\n\n<p><strong>AIR shipment pricelist pr. 1.7.2025<\/strong><\/p>\n\n\n\n<table id=\"tablepress-1\" class=\"tablepress tablepress-id-1\">\n<thead>\n<tr class=\"row-1\">\n\t<td class=\"column-1\"><\/td><td class=\"column-2\"><\/td><td class=\"column-3\"><\/td><th class=\"column-4\">NORWAY<\/th><th class=\"column-5\">SWEDEN<\/th><th class=\"column-6\">DENMARK<\/th><th class=\"column-7\">FINLAND<\/th>\n<\/tr>\n<\/thead>\n<tbody class=\"row-striping row-hover\">\n<tr class=\"row-2\">\n\t<td class=\"column-1\">Weight (kg)<\/td><td class=\"column-2\">To Weight (kg)<\/td><td class=\"column-3\">Max Volume (dm3)<\/td><td class=\"column-4\">Price NOK<\/td><td class=\"column-5\">Price SEK<\/td><td class=\"column-6\">Price DKK<\/td><td class=\"column-7\">Price EUR<\/td>\n<\/tr>\n<tr class=\"row-3\">\n\t<td class=\"column-1\">0<\/td><td class=\"column-2\">3<\/td><td class=\"column-3\">13,5<\/td><td class=\"column-4\"><a href=\"https:\/\/www.jetcarrier.com\/cms\/tjenester\/club-jc\/brevpakke\/\">149**<\/a><\/td><td class=\"column-5\"><a href=\"https:\/\/www.jetcarrier.com\/cms\/wp-admin\/post.php?post=1244&amp;action=edit&amp;lang=sv\">149**<\/a><\/td><td class=\"column-6\">Not available<\/td><td class=\"column-7\">Not available<\/td>\n<\/tr>\n<tr class=\"row-4\">\n\t<td class=\"column-1\">0<\/td><td class=\"column-2\">1<\/td><td class=\"column-3\">4,5<\/td><td class=\"column-4\">215<\/td><td class=\"column-5\">215<\/td><td class=\"column-6\">175<\/td><td class=\"column-7\">24<\/td>\n<\/tr>\n<tr class=\"row-5\">\n\t<td class=\"column-1\">1<\/td><td class=\"column-2\">2<\/td><td class=\"column-3\">9<\/td><td class=\"column-4\">325<\/td><td class=\"column-5\">325<\/td><td class=\"column-6\">269<\/td><td class=\"column-7\">32<\/td>\n<\/tr>\n<tr class=\"row-6\">\n\t<td class=\"column-1\">2<\/td><td class=\"column-2\">3<\/td><td class=\"column-3\">13,5<\/td><td class=\"column-4\">395<\/td><td class=\"column-5\">395<\/td><td class=\"column-6\">319<\/td><td class=\"column-7\">42<\/td>\n<\/tr>\n<tr class=\"row-7\">\n\t<td class=\"column-1\">3<\/td><td class=\"column-2\">4<\/td><td class=\"column-3\">18<\/td><td class=\"column-4\">450<\/td><td class=\"column-5\">450<\/td><td class=\"column-6\">369<\/td><td class=\"column-7\">49<\/td>\n<\/tr>\n<tr class=\"row-8\">\n\t<td class=\"column-1\">4<\/td><td class=\"column-2\">5<\/td><td class=\"column-3\">22,5<\/td><td class=\"column-4\">495<\/td><td class=\"column-5\">495<\/td><td class=\"column-6\">412<\/td><td class=\"column-7\">57<\/td>\n<\/tr>\n<tr class=\"row-9\">\n\t<td class=\"column-1\">5<\/td><td class=\"column-2\">7<\/td><td class=\"column-3\">31,5<\/td><td class=\"column-4\">575<\/td><td class=\"column-5\">575<\/td><td class=\"column-6\">525<\/td><td class=\"column-7\">64<\/td>\n<\/tr>\n<tr class=\"row-10\">\n\t<td class=\"column-1\">7<\/td><td class=\"column-2\">10<\/td><td class=\"column-3\">45<\/td><td class=\"column-4\">680<\/td><td class=\"column-5\">680<\/td><td class=\"column-6\">599<\/td><td class=\"column-7\">72<\/td>\n<\/tr>\n<tr class=\"row-11\">\n\t<td class=\"column-1\">10<\/td><td class=\"column-2\">12<\/td><td class=\"column-3\">54<\/td><td class=\"column-4\">820<\/td><td class=\"column-5\">820<\/td><td class=\"column-6\">725<\/td><td class=\"column-7\">86<\/td>\n<\/tr>\n<tr class=\"row-12\">\n\t<td class=\"column-1\">12<\/td><td class=\"column-2\">15<\/td><td class=\"column-3\">67,5<\/td><td class=\"column-4\">1010<\/td><td class=\"column-5\">1010<\/td><td class=\"column-6\">820<\/td><td class=\"column-7\">99<\/td>\n<\/tr>\n<tr class=\"row-13\">\n\t<td class=\"column-1\">15<\/td><td class=\"column-2\">20<\/td><td class=\"column-3\">90<\/td><td class=\"column-4\">1150<\/td><td class=\"column-5\">1150<\/td><td class=\"column-6\">965<\/td><td class=\"column-7\">110<\/td>\n<\/tr>\n<tr class=\"row-14\">\n\t<td class=\"column-1\">20<\/td><td class=\"column-2\">25<\/td><td class=\"column-3\">112,5<\/td><td class=\"column-4\">1290<\/td><td class=\"column-5\">1290<\/td><td class=\"column-6\">1110<\/td><td class=\"column-7\">128<\/td>\n<\/tr>\n<tr class=\"row-15\">\n\t<td class=\"column-1\">25<\/td><td class=\"column-2\">30<\/td><td class=\"column-3\">135<\/td><td class=\"column-4\">1480<\/td><td class=\"column-5\">1480<\/td><td class=\"column-6\">1199<\/td><td class=\"column-7\">138<\/td>\n<\/tr>\n<tr class=\"row-16\">\n\t<td class=\"column-1\">30<\/td><td class=\"column-2\">35<\/td><td class=\"column-3\">157,5<\/td><td class=\"column-4\">1690<\/td><td class=\"column-5\">1690<\/td><td class=\"column-6\">1300<\/td><td class=\"column-7\">149<\/td>\n<\/tr>\n<tr class=\"row-17\">\n\t<td class=\"column-1\">35+ *<\/td><td class=\"column-2\">100 000 *<\/td><td class=\"column-3\">4,5 *<\/td><td class=\"column-4\">47 *<\/td><td class=\"column-5\">47 *<\/td><td class=\"column-6\">39 *<\/td><td class=\"column-7\">5 *<br \/>\n<\/td>\n<\/tr>\n<\/tbody>\n<\/table>\n\n\n\n<p>* The price is per kg\/4,5 dm3 above 35 kg, whichever is the largest.<br>** The 149 NOK\/SEK parcel is only available in Norway and Sweden for Club JC members.<\/p>\n\n\n\n<p><strong><b>Tiedot lentorahdin laskemiselle<\/b><br><\/strong>Sovellamme paino\/tilavuus laskelmaa. T\u00e4ss\u00e4 k\u00e4yt\u00e4mme suhdetta 4,5. T\u00e4m\u00e4 tarkoittaa sit\u00e4 pakettisi voi olla tilavuudeltaan 4,5 kertaa suurempi kuin sen paino. Jos t\u00e4m\u00e4 suhde ylittyy, laskemme hinnan tilavuuden mukaan.<\/p>\n\n\n\n<p><em>Esimerkki: paketti painaa 10 kg ja sen tilavuus on 50 litraa, silloin se lasketaan 11 kilon paketiksi (50 \/ 4,5= 11,11).<\/em><\/p>\n\n\n\n<p><em>Lis\u00e4tietoja lentorahdista l\u00f6yd\u00e4t&nbsp;<a href=\"http:\/\/www.jetcarrier.com\/cms\/tjenester\/flyfrakt\/\">t\u00e4\u00e4lt\u00e4<\/a>.<\/em><\/p>\n\n\n\n<p><em><br><\/em><strong>Hinnasto merirahdille pr. 1.7.2025<\/strong><\/p>\n\n\n\n<table id=\"tablepress-2\" class=\"tablepress tablepress-id-2\">\n<thead>\n<tr class=\"row-1\">\n\t<td class=\"column-1\"><\/td><td class=\"column-2\"><\/td><td class=\"column-3\"><\/td><th class=\"column-4\">NORWAY<\/th><th class=\"column-5\">SWEDEN<\/th><th class=\"column-6\">DENMARK<\/th><th class=\"column-7\">FINLAND<\/th>\n<\/tr>\n<\/thead>\n<tbody class=\"row-striping row-hover\">\n<tr class=\"row-2\">\n\t<td class=\"column-1\">Weight (kg)<\/td><td class=\"column-2\">To Weight (kg)<\/td><td class=\"column-3\">Max Volume (dm3)<\/td><td class=\"column-4\">Price NOK<\/td><td class=\"column-5\">Price SEK<\/td><td class=\"column-6\">Price DKK<\/td><td class=\"column-7\">Price EUR<\/td>\n<\/tr>\n<tr class=\"row-3\">\n\t<td class=\"column-1\">0<\/td><td class=\"column-2\">3<\/td><td class=\"column-3\">13,5<\/td><td class=\"column-4\"><a href=\"https:\/\/www.jetcarrier.com\/cms\/tjenester\/club-jc\/brevpakke\/\">149****<\/a><\/td><td class=\"column-5\"><a href=\"https:\/\/www.jetcarrier.com\/cms\/wp-admin\/post.php?post=1244&amp;action=edit&amp;lang=sv\">149****<\/a><\/td><td class=\"column-6\">Not available<\/td><td class=\"column-7\">Not available<\/td>\n<\/tr>\n<tr class=\"row-4\">\n\t<td class=\"column-1\">0<\/td><td class=\"column-2\">1<\/td><td class=\"column-3\">10<\/td><td class=\"column-4\">210 *<\/td><td class=\"column-5\">210 *<\/td><td class=\"column-6\">190 *<\/td><td class=\"column-7\">20 *<\/td>\n<\/tr>\n<tr class=\"row-5\">\n\t<td class=\"column-1\">1<\/td><td class=\"column-2\">2<\/td><td class=\"column-3\">20<\/td><td class=\"column-4\">280 *<\/td><td class=\"column-5\">280 *<\/td><td class=\"column-6\">250 *<\/td><td class=\"column-7\">25 *<\/td>\n<\/tr>\n<tr class=\"row-6\">\n\t<td class=\"column-1\">2<\/td><td class=\"column-2\">5<\/td><td class=\"column-3\">50<\/td><td class=\"column-4\">330 *<\/td><td class=\"column-5\">330 *<\/td><td class=\"column-6\">280 *<\/td><td class=\"column-7\">28 *<\/td>\n<\/tr>\n<tr class=\"row-7\">\n\t<td class=\"column-1\">5<\/td><td class=\"column-2\">25<\/td><td class=\"column-3\">100<\/td><td class=\"column-4\">399 **<\/td><td class=\"column-5\">399 **<\/td><td class=\"column-6\">350 **<\/td><td class=\"column-7\">35 **<\/td>\n<\/tr>\n<tr class=\"row-8\">\n\t<td class=\"column-1\">25<\/td><td class=\"column-2\">50<\/td><td class=\"column-3\">125<\/td><td class=\"column-4\">470 **<\/td><td class=\"column-5\">470 **<\/td><td class=\"column-6\">432 **<\/td><td class=\"column-7\">43 **<\/td>\n<\/tr>\n<tr class=\"row-9\">\n\t<td class=\"column-1\">50<\/td><td class=\"column-2\">75<\/td><td class=\"column-3\">150<\/td><td class=\"column-4\">567 **<\/td><td class=\"column-5\">567 **<\/td><td class=\"column-6\">490 **<\/td><td class=\"column-7\">49 **<\/td>\n<\/tr>\n<tr class=\"row-10\">\n\t<td class=\"column-1\">75<\/td><td class=\"column-2\">100<\/td><td class=\"column-3\">175<\/td><td class=\"column-4\">630 **<\/td><td class=\"column-5\">630 **<\/td><td class=\"column-6\">540 **<\/td><td class=\"column-7\">54 **<\/td>\n<\/tr>\n<tr class=\"row-11\">\n\t<td class=\"column-1\">100<\/td><td class=\"column-2\">200<\/td><td class=\"column-3\">200<\/td><td class=\"column-4\">905 **<\/td><td class=\"column-5\">905 **<\/td><td class=\"column-6\">770 **<\/td><td class=\"column-7\">77 **<\/td>\n<\/tr>\n<tr class=\"row-12\">\n\t<td class=\"column-1\">200<\/td><td class=\"column-2\">250<\/td><td class=\"column-3\">250<\/td><td class=\"column-4\">1060 **<\/td><td class=\"column-5\">1060 **<\/td><td class=\"column-6\">940 **<\/td><td class=\"column-7\">92 **<\/td>\n<\/tr>\n<tr class=\"row-13\">\n\t<td class=\"column-1\">250<\/td><td class=\"column-2\">300<\/td><td class=\"column-3\">300<\/td><td class=\"column-4\">1242 **<\/td><td class=\"column-5\">1242 **<\/td><td class=\"column-6\">1026 **<\/td><td class=\"column-7\">99 **<\/td>\n<\/tr>\n<tr class=\"row-14\">\n\t<td class=\"column-1\">300<\/td><td class=\"column-2\">500<\/td><td class=\"column-3\">500<\/td><td class=\"column-4\">3 ***<\/td><td class=\"column-5\">3 ***<\/td><td class=\"column-6\">2,8 ***<\/td><td class=\"column-7\">0,3 ***<\/td>\n<\/tr>\n<tr class=\"row-15\">\n\t<td class=\"column-1\">500<\/td><td class=\"column-2\">1000<\/td><td class=\"column-3\">1000<\/td><td class=\"column-4\">2,9<\/td><td class=\"column-5\">2,9<\/td><td class=\"column-6\">2,7<\/td><td class=\"column-7\">0,29<\/td>\n<\/tr>\n<tr class=\"row-16\">\n\t<td class=\"column-1\">1000<\/td><td class=\"column-2\">1500<\/td><td class=\"column-3\">1500<\/td><td class=\"column-4\">2,7<\/td><td class=\"column-5\">2,7<\/td><td class=\"column-6\">2,5<\/td><td class=\"column-7\">0,27<\/td>\n<\/tr>\n<tr class=\"row-17\">\n\t<td class=\"column-1\">1500<\/td><td class=\"column-2\">2000<\/td><td class=\"column-3\">2000<\/td><td class=\"column-4\">2,5<\/td><td class=\"column-5\">2,5<\/td><td class=\"column-6\">2,3<\/td><td class=\"column-7\">0,25<\/td>\n<\/tr>\n<tr class=\"row-18\">\n\t<td class=\"column-1\">2000<\/td><td class=\"column-2\">3000<\/td><td class=\"column-3\">3000<\/td><td class=\"column-4\">2,3<\/td><td class=\"column-5\">2,3<\/td><td class=\"column-6\">2,1<\/td><td class=\"column-7\">0,23<\/td>\n<\/tr>\n<tr class=\"row-19\">\n\t<td class=\"column-1\">3000<\/td><td class=\"column-2\">5000<\/td><td class=\"column-3\">5000<\/td><td class=\"column-4\">2,1<\/td><td class=\"column-5\">2,1<\/td><td class=\"column-6\">1,9<\/td><td class=\"column-7\">0,22<\/td>\n<\/tr>\n<tr class=\"row-20\">\n\t<td class=\"column-1\">5000<\/td><td class=\"column-2\">7500<\/td><td class=\"column-3\">7500<\/td><td class=\"column-4\">2<\/td><td class=\"column-5\">2<\/td><td class=\"column-6\">1,8<\/td><td class=\"column-7\">0,21<\/td>\n<\/tr>\n<tr class=\"row-21\">\n\t<td class=\"column-1\">7500<\/td><td class=\"column-2\">10000<\/td><td class=\"column-3\">10000<\/td><td class=\"column-4\">1,9<\/td><td class=\"column-5\">1,9<\/td><td class=\"column-6\">1,6<\/td><td class=\"column-7\">0,19<\/td>\n<\/tr>\n<tr class=\"row-22\">\n\t<td class=\"column-1\">10000<\/td><td class=\"column-2\">20000<\/td><td class=\"column-3\">20000<\/td><td class=\"column-4\">1,7<\/td><td class=\"column-5\">1,7<\/td><td class=\"column-6\">1,5<\/td><td class=\"column-7\">0,17<\/td>\n<\/tr>\n<tr class=\"row-23\">\n\t<td class=\"column-1\">20000<\/td><td class=\"column-2\">50000<\/td><td class=\"column-3\">50000<\/td><td class=\"column-4\">1,6<\/td><td class=\"column-5\">1,6<\/td><td class=\"column-6\">1,3<\/td><td class=\"column-7\">0,14<\/td>\n<\/tr>\n<tr class=\"row-24\">\n\t<td class=\"column-1\">50000<\/td><td class=\"column-2\">100000<\/td><td class=\"column-3\">100000<\/td><td class=\"column-4\">1,5<\/td><td class=\"column-5\">1,5<\/td><td class=\"column-6\">1,3<\/td><td class=\"column-7\">0,13<\/td>\n<\/tr>\n<\/tbody>\n<\/table>\n\n\n\n<p>* Inland rate included.<br>** Fixed rate intervals<br>*** from 300kg\/300dm3 price per kg\/dm3 whichever is largest.<br>**** The 149 NOK\/SEK parcel is only available in Norway and Sweden for Club JC members.<\/p>\n\n\n\n<p><b>Tiedot merirahdin laksemiselle<br><\/b>Merirahti ilmoitetaan t\u00e4ss\u00e4 taulukossa toimitettuna terminaaliimme Haldenissa, Norjassa. Saat rahtihinnan kotiin, kun olemme mitanneet ja punninneet tavarasi. Jos k\u00e4yt\u00e4t omaa kuljetusyrityst\u00e4 voi tavarasi seist\u00e4 varastossamme 7 p\u00e4iv\u00e4\u00e4 kunnes viikkovuokra alkaa juosta.<\/p>\n\n\n\n<p>*Pienimm\u00e4t merirahti tuotteet sis\u00e4lt\u00e4v\u00e4t toimituksen l\u00e4himp\u00e4\u00e4n PostNord toimituspisteeseesi.<\/p>\n\n\n\n<p>Painon ja tilavuuden suhde on 1:1, ja tarvitset siis painon ja pakettisi tilavuuden. Suurempi luku m\u00e4\u00e4r\u00e4\u00e4 hinnan. Lis\u00e4tietoja merirahdista l\u00f6yd\u00e4t&nbsp;<a href=\"http:\/\/www.jetcarrier.com\/cms\/tjenester\/sjofrakt\/\">t\u00e4\u00e4lt\u00e4<\/a>.<\/p>\n\n\n\n<p><strong>Hinta lis\u00e4paketeista<\/strong><br>Lis\u00e4\u00e4mme kiinte\u00e4n 5 \u20ac summan jos vastaanotat lis\u00e4paketteja samaan l\u00e4hetykseen. Sama summa p\u00e4tee niin lento- kuin merirahdissa. Lis\u00e4maksu kattaa rekister\u00f6innin ja k\u00e4sittelyn.<\/p>\n\n\n\n<p><strong>Etuja yhteislaskutuksessa&nbsp;<\/strong><br>Kaikki paketit jotka vastaanotat samaan l\u00e4hetykseen (batch) laskutetaan kootusti. Erotamme tietenkin lento- ja merirahtil\u00e4hetykset ja n\u00e4m\u00e4 laskutetaan erikseen toisistaan. Laskemme pakettiesi paino\/tilavuus suhteesta riippuen kokonaissumman, joka muodostaa maksamasi rahtimaksun.&nbsp; Sinulle asiakkaana on edullisempaa l\u00e4hett\u00e4\u00e4 useita paketteja samassa l\u00e4hetyksess\u00e4.<\/p>\n\n\n\n<p><em>Esimerkki: Jos vastaanotat 3 pakettia samaan lentorahtiin. Paketti 1 on 1 kg\/2 dm3, paketti 2&nbsp; on 5 kg\/40 dm3 ja paketti 3 on 9 kg\/65 dm3. Taulukosta n\u00e4et pakettien yksitt\u00e4iset hinnat:<\/em><\/p>\n\n\n\n<p><em>Paketti 1: 21 \u20ac<\/em><br><em>Paketti 2: 62 \u20ac<\/em><br><em>Paketti 3: 92 \u20ac<\/em><br><em>Yhteens\u00e4: 175 \u20ac<\/em><br><em>Laskemmekin t\u00e4ss\u00e4 tapauksessa kaikkien 3 paketin yhteenlaskettu paino\/tilavuus joka 15 kg\/107dm3. Taulukosta voimme my\u00f6s n\u00e4hd\u00e4 tilavuuden olevan suurempi ja rahtihinnan on t\u00e4ll\u00f6in 122 \u20ac + kaksi kertaa 5 \u20ac kollimaksu =&nbsp;<\/em><em>132 \u20ac. <strong>S\u00e4\u00e4st\u00f6 on l\u00e4hes 25%!<\/strong><\/em><\/p>\n","protected":false},"excerpt":{"rendered":"<p>T\u00e4lt\u00e4 sivulta l\u00f6yd\u00e4t hinnastomme. Lento- ja merirahdille on omat hinnastot, niinkuin my\u00f6s lis\u00e4palveluille. Monen mielest\u00e4 on vaikeata ottaa huomioon niin paino kuin tilavuus, siksi l\u00f6yd\u00e4t tarvittaessa tiivistelm\u00e4n aiheesta&nbsp;t\u00e4\u00e4lt\u00e4. AIR shipment pricelist pr. 1.7.2025 * The price is per kg\/4,5 dm3 above 35 kg, whichever is the largest.** The 149 NOK\/SEK parcel is only available in [&hellip;]<\/p>\n","protected":false},"author":2,"featured_media":0,"parent":1315,"menu_order":1,"comment_status":"closed","ping_status":"closed","template":"","meta":{"footnotes":"","_links_to":"","_links_to_target":""},"class_list":["post-1317","page","type-page","status-publish","hentry"],"_links":{"self":[{"href":"https:\/\/www.jetcarrier.com\/cms\/fi\/wp-json\/wp\/v2\/pages\/1317","targetHints":{"allow":["GET"]}}],"collection":[{"href":"https:\/\/www.jetcarrier.com\/cms\/fi\/wp-json\/wp\/v2\/pages"}],"about":[{"href":"https:\/\/www.jetcarrier.com\/cms\/fi\/wp-json\/wp\/v2\/types\/page"}],"author":[{"embeddable":true,"href":"https:\/\/www.jetcarrier.com\/cms\/fi\/wp-json\/wp\/v2\/users\/2"}],"replies":[{"embeddable":true,"href":"https:\/\/www.jetcarrier.com\/cms\/fi\/wp-json\/wp\/v2\/comments?post=1317"}],"version-history":[{"count":24,"href":"https:\/\/www.jetcarrier.com\/cms\/fi\/wp-json\/wp\/v2\/pages\/1317\/revisions"}],"predecessor-version":[{"id":5224,"href":"https:\/\/www.jetcarrier.com\/cms\/fi\/wp-json\/wp\/v2\/pages\/1317\/revisions\/5224"}],"up":[{"embeddable":true,"href":"https:\/\/www.jetcarrier.com\/cms\/fi\/wp-json\/wp\/v2\/pages\/1315"}],"wp:attachment":[{"href":"https:\/\/www.jetcarrier.com\/cms\/fi\/wp-json\/wp\/v2\/media?parent=1317"}],"curies":[{"name":"wp","href":"https:\/\/api.w.org\/{rel}","templated":true}]}}