{"id":1315,"date":"2017-11-20T15:42:03","date_gmt":"2017-11-20T14:42:03","guid":{"rendered":"http:\/\/www.jetcarrier.com\/cms\/?page_id=1315"},"modified":"2018-03-07T12:48:18","modified_gmt":"2018-03-07T11:48:18","slug":"priser-vilkar","status":"publish","type":"page","link":"https:\/\/www.jetcarrier.com\/cms\/fi\/priser-vilkar\/","title":{"rendered":"Hinnat &#038; ehdot"},"content":{"rendered":"<p>N\u00e4ilt\u00e4 sivuilta l\u00f6yd\u00e4t lis\u00e4tietoja hinnoittelusta ja toimitusehdoista. L\u00f6yd\u00e4t my\u00f6s rahtilaskurimme ja muita apuv\u00e4lineit\u00e4. Klikkaa valikosta tai valitse allaolevista linkeist\u00e4.<\/p>\n<p><a title=\"Prislister\" href=\"http:\/\/www.jetcarrier.com\/cms\/?page_id=48\">Hinnasto\u00a0<\/a>&#8211; <a title=\"Prisliste tilleggstjenester\" href=\"http:\/\/www.jetcarrier.com\/cms\/?page_id=61\">Lis\u00e4palvelut hinnasto<\/a>\u00a0&#8211; <a title=\"Vekt og volum?\" href=\"http:\/\/www.jetcarrier.com\/cms\/?page_id=72\">Paino ja tilavuus<\/a>\u00a0&#8211; <a title=\"Vilk\u00e5r\" href=\"http:\/\/www.jetcarrier.com\/cms\/?page_id=111\">Ehdot<\/a><\/p>\n","protected":false},"excerpt":{"rendered":"<p>N\u00e4ilt\u00e4 sivuilta l\u00f6yd\u00e4t lis\u00e4tietoja hinnoittelusta ja toimitusehdoista. L\u00f6yd\u00e4t my\u00f6s rahtilaskurimme ja muita apuv\u00e4lineit\u00e4. Klikkaa valikosta tai valitse allaolevista linkeist\u00e4. Hinnasto\u00a0&#8211; Lis\u00e4palvelut hinnasto\u00a0&#8211; Paino ja tilavuus\u00a0&#8211; Ehdot<\/p>\n","protected":false},"author":2,"featured_media":0,"parent":0,"menu_order":2,"comment_status":"closed","ping_status":"closed","template":"","meta":{"footnotes":"","_links_to":"","_links_to_target":""},"class_list":["post-1315","page","type-page","status-publish","hentry"],"_links":{"self":[{"href":"https:\/\/www.jetcarrier.com\/cms\/fi\/wp-json\/wp\/v2\/pages\/1315","targetHints":{"allow":["GET"]}}],"collection":[{"href":"https:\/\/www.jetcarrier.com\/cms\/fi\/wp-json\/wp\/v2\/pages"}],"about":[{"href":"https:\/\/www.jetcarrier.com\/cms\/fi\/wp-json\/wp\/v2\/types\/page"}],"author":[{"embeddable":true,"href":"https:\/\/www.jetcarrier.com\/cms\/fi\/wp-json\/wp\/v2\/users\/2"}],"replies":[{"embeddable":true,"href":"https:\/\/www.jetcarrier.com\/cms\/fi\/wp-json\/wp\/v2\/comments?post=1315"}],"version-history":[{"count":3,"href":"https:\/\/www.jetcarrier.com\/cms\/fi\/wp-json\/wp\/v2\/pages\/1315\/revisions"}],"predecessor-version":[{"id":1565,"href":"https:\/\/www.jetcarrier.com\/cms\/fi\/wp-json\/wp\/v2\/pages\/1315\/revisions\/1565"}],"wp:attachment":[{"href":"https:\/\/www.jetcarrier.com\/cms\/fi\/wp-json\/wp\/v2\/media?parent=1315"}],"curies":[{"name":"wp","href":"https:\/\/api.w.org\/{rel}","templated":true}]}}