{"id":1311,"date":"2017-11-20T15:40:25","date_gmt":"2017-11-20T14:40:25","guid":{"rendered":"http:\/\/www.jetcarrier.com\/cms\/?page_id=1311"},"modified":"2022-08-25T15:04:26","modified_gmt":"2022-08-25T14:04:26","slug":"sjofrakt","status":"publish","type":"page","link":"https:\/\/www.jetcarrier.com\/cms\/fi\/tjenester\/sjofrakt\/","title":{"rendered":"Merirahti"},"content":{"rendered":"<p>Tarjoamme merirahtia Yhdysvalloista Pohjoismaihin. Koolla ja painolla ei ole rajoituksia, lis\u00e4ksi merirahti on edullisempi. JetCarrierilla voit l\u00e4hett\u00e4\u00e4 pienimmist\u00e4 paketeista kaikkein suurimpiin kolleihin edullisin hinnoin.<\/p>\n<p>Saadaksesi hinnan l\u00e4hetyksellesi sinun on ilmoitettava paino ja tilavuus, paino \/ tilavuus suhde on 1:1. Suurempi luku m\u00e4\u00e4r\u00e4\u00e4 hinnan.<\/p>\n<p>Hinnaston l\u00f6yd\u00e4t\u00a0<a href=\"http:\/\/www.jetcarrier.com\/cms\/priser\/prislister\/\">t\u00e4\u00e4lt\u00e4<\/a>, hinta merirahdille on muutoin kuten imoitettu vastaanotettuna terminaaliimme\u00a0 Haldeniin,\u00a0Norge.<\/p>\n<p><a href=\"http:\/\/www.jetcarrier.com\/cms\/wp-content\/uploads\/2015\/02\/sea-cargo.jpg\"><img loading=\"lazy\" decoding=\"async\" class=\"alignnone size-full wp-image-147\" src=\"http:\/\/www.jetcarrier.com\/cms\/wp-content\/uploads\/2015\/02\/sea-cargo.jpg\" alt=\"sea-cargo\" width=\"800\" height=\"320\" srcset=\"https:\/\/www.jetcarrier.com\/cms\/wp-content\/uploads\/2015\/02\/sea-cargo.jpg 800w, https:\/\/www.jetcarrier.com\/cms\/wp-content\/uploads\/2015\/02\/sea-cargo-300x120.jpg 300w, https:\/\/www.jetcarrier.com\/cms\/wp-content\/uploads\/2015\/02\/sea-cargo-624x250.jpg 624w\" sizes=\"auto, (max-width: 800px) 100vw, 800px\" \/><\/a><\/p>\n<p><strong>Merirahti Yhdysvalloista<br \/>\n<\/strong>Meill\u00e4 ei ole takuuta toimitusaikaan liittyen, mutta kokemuksesta arvioimme laivan l\u00e4ht\u00f6ajasta noin 21 p\u00e4iv\u00e4\u00e4 siihen kunnes tavarat l\u00e4hetet\u00e4\u00e4n j\u00e4lleen tullattuna meilt\u00e4.<br \/>\n***NB. Koronapandemian j\u00e4lkeen t\u00e4m\u00e4 on vaihdellut paljon, nyt n\u00e4hd\u00e4\u00e4n kulkuajat 30-60 p\u00e4iv\u00e4\u00e4.***<\/p>\n<p>Pid\u00e4t\u00e4mme oikeuden muutoksiin ja siihen ett\u00e4 merirahtiin liittyy monia tekij\u00f6it\u00e4 jotka voivat pident\u00e4\u00e4 arvioitua saapumisaikaa. P\u00e4\u00e4s\u00e4\u00e4nt\u00f6sesti merirahtiin liittyy enemm\u00e4n vaihteluita kuin lentorahtiin. Hinta terminaalimme ja kotiosoitteesi rahdille riippuu l\u00e4hetyksen painosta sek\u00e4 postinumerosta johon pakettisi l\u00e4hetet\u00e4\u00e4n. Yritysasiakas voi tilata loppurahdituksen my\u00f6s itse.<\/p>\n<p><strong>&#8221;Cut off&#8221; ajat<\/strong><br \/>\nMeill\u00e4 ei ole &#8221;cut off&#8221; aikoja merirahdille. T\u00e4m\u00e4 tarkoittaa sit\u00e4 ett\u00e4 kun merikontti on t\u00e4ynn\u00e4, se laivataan. Jos haluat ohjata pakettejasi jotka kulkevat merirahdilla sinun tulee liitty\u00e4\u00a0<a href=\"http:\/\/www.jetcarrier.com\/cms\/tjenester\/club-jc\/\">Club JC<\/a> j\u00e4seneksi ja k\u00e4ytt\u00e4\u00e4\u00a0<a href=\"http:\/\/www.jetcarrier.com\/cms\/tjenester\/club-jc\/standby-booking\/\">StandBy<\/a> varauksia. Silloin voit itse p\u00e4\u00e4tt\u00e4\u00e4 milloin meri (ja lento) l\u00e4hetyksesi laivataan Yhdysvalloista.<\/p>\n<p><strong>Container sizes<\/strong><\/p>\n<p><b>20 fot DV<\/b><br \/>\nOuter measures &#8211; L x B x H: 6058 x 2438 x 2591.<br \/>\nInner measures &#8211; L x B x H: 5900 x 2350 x 2370.<br \/>\nFloor &#8211; 14 kvm<br \/>\nVolume &#8211; 33 kbm<br \/>\nWeight &#8211; 2200 kg<br \/>\nLoading capacity &#8211; 21800 kg<\/p>\n<p><b>40 \u00a0fot DV<\/b><br \/>\nOuter measures &#8211; L x B x H: 12192 x 2438 x 2591.<br \/>\nInner measures &#8211; L x B x H: 12050 x 2350 x 2370.<br \/>\nFloor &#8211; 28 kvm<br \/>\nVolume &#8211; 67 kbm<br \/>\nWeight &#8211; 3900 kg<br \/>\nLoading capacity &#8211; 26600 kg<\/p>\n<p><b>40 fot HC<\/b><br \/>\nOuter measures &#8211; L x B x H: 12192 x 2438 x 2896.<br \/>\nInner measures &#8211; L x B x H: 12050 x 2350 x 2670.<br \/>\nFloor &#8211; 28 kvm<br \/>\nVolume &#8211; 75 kbm<br \/>\nWeight &#8211; 4400 kg<br \/>\nLoading capacity &#8211; 26100 kg<\/p>\n","protected":false},"excerpt":{"rendered":"<p>Tarjoamme merirahtia Yhdysvalloista Pohjoismaihin. Koolla ja painolla ei ole rajoituksia, lis\u00e4ksi merirahti on edullisempi. JetCarrierilla voit l\u00e4hett\u00e4\u00e4 pienimmist\u00e4 paketeista kaikkein suurimpiin kolleihin edullisin hinnoin. Saadaksesi hinnan l\u00e4hetyksellesi sinun on ilmoitettava paino ja tilavuus, paino \/ tilavuus suhde on 1:1. Suurempi luku m\u00e4\u00e4r\u00e4\u00e4 hinnan. Hinnaston l\u00f6yd\u00e4t\u00a0t\u00e4\u00e4lt\u00e4, hinta merirahdille on muutoin kuten imoitettu vastaanotettuna terminaaliimme\u00a0 Haldeniin,\u00a0Norge. Merirahti [&hellip;]<\/p>\n","protected":false},"author":2,"featured_media":0,"parent":1292,"menu_order":4,"comment_status":"closed","ping_status":"closed","template":"","meta":{"footnotes":"","_links_to":"","_links_to_target":""},"class_list":["post-1311","page","type-page","status-publish","hentry"],"_links":{"self":[{"href":"https:\/\/www.jetcarrier.com\/cms\/fi\/wp-json\/wp\/v2\/pages\/1311","targetHints":{"allow":["GET"]}}],"collection":[{"href":"https:\/\/www.jetcarrier.com\/cms\/fi\/wp-json\/wp\/v2\/pages"}],"about":[{"href":"https:\/\/www.jetcarrier.com\/cms\/fi\/wp-json\/wp\/v2\/types\/page"}],"author":[{"embeddable":true,"href":"https:\/\/www.jetcarrier.com\/cms\/fi\/wp-json\/wp\/v2\/users\/2"}],"replies":[{"embeddable":true,"href":"https:\/\/www.jetcarrier.com\/cms\/fi\/wp-json\/wp\/v2\/comments?post=1311"}],"version-history":[{"count":7,"href":"https:\/\/www.jetcarrier.com\/cms\/fi\/wp-json\/wp\/v2\/pages\/1311\/revisions"}],"predecessor-version":[{"id":4659,"href":"https:\/\/www.jetcarrier.com\/cms\/fi\/wp-json\/wp\/v2\/pages\/1311\/revisions\/4659"}],"up":[{"embeddable":true,"href":"https:\/\/www.jetcarrier.com\/cms\/fi\/wp-json\/wp\/v2\/pages\/1292"}],"wp:attachment":[{"href":"https:\/\/www.jetcarrier.com\/cms\/fi\/wp-json\/wp\/v2\/media?parent=1311"}],"curies":[{"name":"wp","href":"https:\/\/api.w.org\/{rel}","templated":true}]}}