{"id":1309,"date":"2017-11-20T15:40:10","date_gmt":"2017-11-20T14:40:10","guid":{"rendered":"http:\/\/www.jetcarrier.com\/cms\/?page_id=1309"},"modified":"2020-06-16T10:04:21","modified_gmt":"2020-06-16T09:04:21","slug":"flyfrakt","status":"publish","type":"page","link":"https:\/\/www.jetcarrier.com\/cms\/fi\/tjenester\/flyfrakt\/","title":{"rendered":"Lentorahti"},"content":{"rendered":"<p><strong>Due to the Covid-19 situation air freight is usually delayed 2-5 days, it is impossible to have an exact arrival day at the moment. We are very often forced to have cut-off on thursday to secure space on the cargo freighter, so it may vary from week to week if goods delivered on fridays will make the weekend shipment.<\/strong><\/p>\n<p>L\u00e4het\u00e4mme lentorahtia Yhdysvalloista Pohjoismaihin joka viikonloppu. Tiistaisin noin kello 17:00 j\u00e4lkeen paketit ovat j\u00e4lleen seurattavissa alihankkijoidemme toimesta.<\/p>\n<p><del><span style=\"color: #800000;\"><strong>Winter Schedule<\/strong><\/span>: October 22th will be the first day of Winter Schedules. Air Freights will leave USA on Sundays, land in Norway on Mondays, and be scanned and Customs-Cleared on Tuesdays.<\/del><\/p>\n<p><a href=\"http:\/\/www.jetcarrier.com\/cms\/wp-content\/uploads\/2015\/02\/air-cargo.jpg\"><img loading=\"lazy\" decoding=\"async\" class=\"alignnone size-full wp-image-145\" src=\"http:\/\/www.jetcarrier.com\/cms\/wp-content\/uploads\/2015\/02\/air-cargo.jpg\" alt=\"air-cargo\" width=\"800\" height=\"320\" srcset=\"https:\/\/www.jetcarrier.com\/cms\/wp-content\/uploads\/2015\/02\/air-cargo.jpg 800w, https:\/\/www.jetcarrier.com\/cms\/wp-content\/uploads\/2015\/02\/air-cargo-300x120.jpg 300w, https:\/\/www.jetcarrier.com\/cms\/wp-content\/uploads\/2015\/02\/air-cargo-624x250.jpg 624w\" sizes=\"auto, (max-width: 800px) 100vw, 800px\" \/><\/a><\/p>\n<p>Palveluun sis\u00e4ltyy:<\/p>\n<ul>\n<li>oma postilaatikko osoite<\/li>\n<li>tavaroiden vastaanotto<\/li>\n<li>rahti ja tullaus EU:n<\/li>\n<li>toimitus asiakaspalvelupisteeseesi<\/li>\n<\/ul>\n<p>Palvelu on ollut toiminnassa vuodesta 2000 ja monet pohjoismaalaiset k\u00e4ytt\u00e4v\u00e4t edullisia hintojamme, nopeita toimituksia ja joustavaa palveluamme<\/p>\n<ul>\n<li>Kiinte\u00e4t hinnat, ei piilotettuja kuluja<\/li>\n<li>Ei rajoituksia paketin kokoon<\/li>\n<\/ul>\n<p>Hinnat ja aikataulut l\u00f6ytyv\u00e4t\u00a0<a href=\"http:\/\/www.jetcarrier.com\/cms\/priser\/prislister\/\">t\u00e4\u00e4lt\u00e4<\/a>.<br \/>\nHaluatko lis\u00e4tietoja palvelusta?<br \/>\nLue\u00a0<a href=\"http:\/\/www.jetcarrier.net\/support\/index.php?\/Knowledgebase\/List\">FAQ &#8211; Helpdesk<\/a>.<\/p>\n<p><strong>*<\/strong>\u00a0<em>Paketti ei ole vastaanotettu tilassa ennekuin olemme rekister\u00f6ineet sit\u00e4 j\u00e4rjestelm\u00e4\u00e4mme. Vaikka UPS seuranta ilmoittaa ett\u00e4 pakettisi on toimitettu terminaaliimme Yhdsyvalloissa, on sille varaus lentorahdissa kun se n\u00e4kyy rekister\u00f6ityn\u00e4 tilill\u00e4si. Syy on yksinkertaisesti se ett\u00e4 Yhdysvalloissa kuittaus voidaan tehd\u00e4 rahtiliikkeen toimesta toimituksen alkaessa, vaikka tavara saapuukin fyysisesti meid\u00e4n varastollemme vasta tuntien p\u00e4\u00e4st\u00e4.\u00a0<\/em><\/p>\n","protected":false},"excerpt":{"rendered":"<p>Due to the Covid-19 situation air freight is usually delayed 2-5 days, it is impossible to have an exact arrival day at the moment. We are very often forced to have cut-off on thursday to secure space on the cargo freighter, so it may vary from week to week if goods delivered on fridays will [&hellip;]<\/p>\n","protected":false},"author":2,"featured_media":0,"parent":1292,"menu_order":3,"comment_status":"closed","ping_status":"closed","template":"","meta":{"footnotes":"","_links_to":"","_links_to_target":""},"class_list":["post-1309","page","type-page","status-publish","hentry"],"_links":{"self":[{"href":"https:\/\/www.jetcarrier.com\/cms\/fi\/wp-json\/wp\/v2\/pages\/1309","targetHints":{"allow":["GET"]}}],"collection":[{"href":"https:\/\/www.jetcarrier.com\/cms\/fi\/wp-json\/wp\/v2\/pages"}],"about":[{"href":"https:\/\/www.jetcarrier.com\/cms\/fi\/wp-json\/wp\/v2\/types\/page"}],"author":[{"embeddable":true,"href":"https:\/\/www.jetcarrier.com\/cms\/fi\/wp-json\/wp\/v2\/users\/2"}],"replies":[{"embeddable":true,"href":"https:\/\/www.jetcarrier.com\/cms\/fi\/wp-json\/wp\/v2\/comments?post=1309"}],"version-history":[{"count":10,"href":"https:\/\/www.jetcarrier.com\/cms\/fi\/wp-json\/wp\/v2\/pages\/1309\/revisions"}],"predecessor-version":[{"id":3935,"href":"https:\/\/www.jetcarrier.com\/cms\/fi\/wp-json\/wp\/v2\/pages\/1309\/revisions\/3935"}],"up":[{"embeddable":true,"href":"https:\/\/www.jetcarrier.com\/cms\/fi\/wp-json\/wp\/v2\/pages\/1292"}],"wp:attachment":[{"href":"https:\/\/www.jetcarrier.com\/cms\/fi\/wp-json\/wp\/v2\/media?parent=1309"}],"curies":[{"name":"wp","href":"https:\/\/api.w.org\/{rel}","templated":true}]}}