{"id":1303,"date":"2017-11-20T15:38:06","date_gmt":"2017-11-20T14:38:06","guid":{"rendered":"http:\/\/www.jetcarrier.com\/cms\/?page_id=1303"},"modified":"2017-12-06T09:29:38","modified_gmt":"2017-12-06T08:29:38","slug":"standby-guide","status":"publish","type":"page","link":"https:\/\/www.jetcarrier.com\/cms\/fi\/tjenester\/club-jc\/standby-booking\/standby-guide\/","title":{"rendered":"Standby guide"},"content":{"rendered":"<p>Dette er v\u00e5r enkle guide til \u00e5 bruke StandBy funksjonen som f\u00f8lger med i ClubJC medlemskapet ditt. StandBy gir deg muligheten til \u00e5 selv velge n\u00e5r du vil ha pakkene dine tilsendt fra USA. Dette kan v\u00e6re praktisk og prisbesparende ved at du f\u00e5r flere pakker innenfor samme sending, og drar da fordelen av en lavere fraktpris pr. kg sammenlignet med \u00e5 sende de over flere batcher\/sendinger.<\/p>\n<ol>\n<li>\n<h3>Lag en booking<\/h3>\n<p>Etter at du har bestilt en vare online, s\u00e5 logger du deg p\u00e5 din JetCarrier konto og klikker p\u00e5 &#8221;Book forsendelse&#8221;. Fyll ut informasjon om pakkens innhold, verdi og annet og husk p\u00e5 \u00e5 klikke p\u00e5 valget &#8221;Standby&#8221;<br \/>\n<img loading=\"lazy\" decoding=\"async\" class=\"alignleft size-full wp-image-1251\" src=\"http:\/\/www.jetcarrier.com\/cms\/wp-content\/uploads\/2017\/09\/standby1.gif\" alt=\"\" width=\"1056\" height=\"332\" \/><\/li>\n<li>\n<h3>Se dine aktive pakker<\/h3>\n<p>Klikker du p\u00e5 &#8221;Mine forsendelser&#8221; og i dette tilfellet &#8221;Aktive flysendinger&#8221; s\u00e5 vil du se at pakken du nettopp booket ligger der med status StandBy.<br \/>\n<img loading=\"lazy\" decoding=\"async\" class=\"alignleft size-full wp-image-1252\" src=\"http:\/\/www.jetcarrier.com\/cms\/wp-content\/uploads\/2017\/09\/standby2.gif\" alt=\"\" width=\"1076\" height=\"330\" \/><\/li>\n<li>\n<h3>Betal standby avgiften og send de hjem<\/h3>\n<p>Etterhvert som pakkene dine kommer inn, velger du selv n\u00e5r du vil sende dine pakker. I dette tilfellet er det 1 pakke som er kommet inn og den finner du igjen under topplinken &#8221;Mine forsendelser&#8221; og &#8221;Aktive flysendinger&#8221;. Her kan du f\u00f8lge med og vente inntil du har f\u00e5tt inn alle pakkene du vil ha sendt samlet. N\u00e5r du er klar til \u00e5 f\u00e5 de sendt hjem s\u00e5 klikker du p\u00e5 &#8221;Ship Standby&#8221; knappen og du sendes da videre til PayPal for \u00e5 betale StandBy avgiften.<br \/>\n<img loading=\"lazy\" decoding=\"async\" class=\"alignleft size-full wp-image-1259\" src=\"http:\/\/www.jetcarrier.com\/cms\/wp-content\/uploads\/2017\/09\/standby3.gif\" alt=\"\" width=\"1073\" height=\"758\" \/><\/li>\n<li>\n<h3>Oppdatert status<\/h3>\n<p>N\u00e5r vi mottar informasjon om at betalingen er mottatt vil vi endre status p\u00e5 pakkene dine. Du vil da se at det st\u00e5r &#8221;Released&#8221; p\u00e5 din side n\u00e5r du er p\u00e5logget din konto. V\u00e6r obs p\u00e5 at vi endrer kun status p\u00e5 normal arbeidstid (i Norge), s\u00e5 hvis du betaler inn p\u00e5 fredag etter 1500 s\u00e5 vil pakkene dine mest sannsynlig ikke v\u00e6re oppdatert f\u00f8r p\u00e5 mandag formiddag.<\/p>\n<p><img loading=\"lazy\" decoding=\"async\" class=\"alignleft size-full wp-image-1265\" src=\"http:\/\/www.jetcarrier.com\/cms\/wp-content\/uploads\/2017\/09\/standby5.gif\" alt=\"\" width=\"1073\" height=\"239\" \/><\/li>\n<\/ol>\n","protected":false},"excerpt":{"rendered":"<p>Dette er v\u00e5r enkle guide til \u00e5 bruke StandBy funksjonen som f\u00f8lger med i ClubJC medlemskapet ditt. StandBy gir deg muligheten til \u00e5 selv velge n\u00e5r du vil ha pakkene dine tilsendt fra USA. Dette kan v\u00e6re praktisk og prisbesparende ved at du f\u00e5r flere pakker innenfor samme sending, og drar da fordelen av en [&hellip;]<\/p>\n","protected":false},"author":2,"featured_media":0,"parent":1300,"menu_order":0,"comment_status":"closed","ping_status":"closed","template":"","meta":{"footnotes":"","_links_to":"","_links_to_target":""},"class_list":["post-1303","page","type-page","status-publish","hentry"],"_links":{"self":[{"href":"https:\/\/www.jetcarrier.com\/cms\/fi\/wp-json\/wp\/v2\/pages\/1303","targetHints":{"allow":["GET"]}}],"collection":[{"href":"https:\/\/www.jetcarrier.com\/cms\/fi\/wp-json\/wp\/v2\/pages"}],"about":[{"href":"https:\/\/www.jetcarrier.com\/cms\/fi\/wp-json\/wp\/v2\/types\/page"}],"author":[{"embeddable":true,"href":"https:\/\/www.jetcarrier.com\/cms\/fi\/wp-json\/wp\/v2\/users\/2"}],"replies":[{"embeddable":true,"href":"https:\/\/www.jetcarrier.com\/cms\/fi\/wp-json\/wp\/v2\/comments?post=1303"}],"version-history":[{"count":1,"href":"https:\/\/www.jetcarrier.com\/cms\/fi\/wp-json\/wp\/v2\/pages\/1303\/revisions"}],"predecessor-version":[{"id":1304,"href":"https:\/\/www.jetcarrier.com\/cms\/fi\/wp-json\/wp\/v2\/pages\/1303\/revisions\/1304"}],"up":[{"embeddable":true,"href":"https:\/\/www.jetcarrier.com\/cms\/fi\/wp-json\/wp\/v2\/pages\/1300"}],"wp:attachment":[{"href":"https:\/\/www.jetcarrier.com\/cms\/fi\/wp-json\/wp\/v2\/media?parent=1303"}],"curies":[{"name":"wp","href":"https:\/\/api.w.org\/{rel}","templated":true}]}}