{"id":1300,"date":"2017-11-20T15:36:52","date_gmt":"2017-11-20T14:36:52","guid":{"rendered":"http:\/\/www.jetcarrier.com\/cms\/?page_id=1300"},"modified":"2018-03-09T14:57:58","modified_gmt":"2018-03-09T13:57:58","slug":"standby-booking","status":"publish","type":"page","link":"https:\/\/www.jetcarrier.com\/cms\/fi\/tjenester\/club-jc\/standby-booking\/","title":{"rendered":"StandBy booking"},"content":{"rendered":"<p><a href=\"http:\/\/www.jetcarrier.com\/cms\/wp-content\/uploads\/2015\/09\/shapeimage_2.png\"><img loading=\"lazy\" decoding=\"async\" class=\"size-full wp-image-747 alignnone\" src=\"http:\/\/www.jetcarrier.com\/cms\/wp-content\/uploads\/2015\/09\/shapeimage_2.png\" alt=\"shapeimage_2\" width=\"641\" height=\"432\" srcset=\"https:\/\/www.jetcarrier.com\/cms\/wp-content\/uploads\/2015\/09\/shapeimage_2.png 641w, https:\/\/www.jetcarrier.com\/cms\/wp-content\/uploads\/2015\/09\/shapeimage_2-300x202.png 300w, https:\/\/www.jetcarrier.com\/cms\/wp-content\/uploads\/2015\/09\/shapeimage_2-624x421.png 624w\" sizes=\"auto, (max-width: 641px) 100vw, 641px\" \/><\/a><\/p>\n<h3>Mik\u00e4 se on, miten se toimii ja paljonko se maksaa?<\/h3>\n<p class=\"paragraph_style\"><strong>Mik\u00e4 se on?<\/strong><br \/>\nStandBy booking on JetCarrier\u2122 palvelu Club JC j\u00e4senillemme. Kun teet Standby varauksen valitset paketin s\u00e4ilytyksest\u00e4 Yhdysvaltain terminaalissamme. T\u00e4m\u00e4 voi olla hy\u00f6dyksi, jos odotat useita paketteja samalta tavarantoimittajalta, tai haluat ker\u00e4t\u00e4 mahdollisimman monta pakettia saadaksesi edullisemman rahtihinnan.<\/p>\n<p class=\"Body\"><span class=\"style_1\"><strong>Miten se toimii?<\/strong><br \/>\n<\/span>StandBy paketin varaaminen on yht\u00e4 helppoa kuin tavallisen varauksen tekeminen. L\u00f6yd\u00e4t varausvalikosta\u00a0\u00abStandBy\u00bb painikkeen ja kun rastitat sen s\u00e4il\u00f6mmepakettiasi kunnes ilmoitat\u00a0 toisin. Voit varata monta StandBy pakettia kerrallaan, ja ne voivat olla niin lento- kuin merirahtia.<\/p>\n<p class=\"Body\"><span class=\"style_2\"><strong>HUOM!<\/strong>\u00a0<\/span><em>StandBy paketti on ainoa tapa s\u00e4il\u00f6\u00e4 paketteja jotka ovat merirahtia. T\u00e4m\u00e4n palvelun lanseerauksen j\u00e4lkeen merirahti on toiminut periaatteella\u00a0<\/em><em>\u00abwhat comes in, goes out\u00bb, eli merikontin t\u00e4yttyess\u00e4 se laivataan, eik\u00e4 siihen vaikuta\u00a0<\/em><em>\u00abcut-off\u00bb p\u00e4iv\u00e4ykset.<\/em><\/p>\n<p class=\"Body\"><span class=\"style_1\"><strong>Paljonko se maksaa?<\/strong><br \/>\n<\/span>Hinnasto MERI- ja LENTO-paketit<br \/>\n<span class=\"Punkttegn\">\u2022LENTO<\/span>\u00a0StandBy:<br \/>\nJuoksevat kustannukset: 0,25 USD \/paketti\/pv.<br \/>\nKertamaksu: 0,05 USD \/dm3 + 1 USD \/paketti.<br \/>\n<span class=\"Punkttegn\">\u2022<\/span>MERI StandBy:<br \/>\nJuoksevat kustannukset: 0,1 USD \/paketti\/pv.<br \/>\nKertamaksu: 0,05 USD \/dm3 + 1 USD \/paketti.<\/p>\n<p class=\"paragraph_style_3\">Olemme s\u00e4\u00e4t\u00e4neet seuraavat s\u00e4\u00e4nn\u00f6t liittyen StandBy paketteja, tutustuthan tarkasti niihin. <a href=\"http:\/\/www.jetcarrier.com\/cms\/tjenester\/club-jc\/standby-booking\/standby-rules\/\">Voit lukea enemm\u00e4n t\u00e4\u00e4lt\u00e4<\/a>\u00a0(englanniksi). <strong>HUOM:<\/strong> Esimerkki 1 ja 2 perustuvat hinnat ovat voimassa 1.1.2015 l\u00e4htien ja ovat voineet muuttua, tarkistathan aina my\u00f6s\u00a0<a href=\"http:\/\/www.jetcarrier.com\/cms\/priser\/prislister\/\">hinnastomme<\/a>.<\/p>\n<p><em>Esimerkki 1:<\/em><br \/>\nOlet valinnut 5 StandBy pakettia <b>lentorahtiin<\/b>. 2 pakettia saapuu Amazonista, 1 saapuu Backcountrysta ja 2 saapuu Summit Racingist\u00e4. Paketit saapuvat 10 p\u00e4iv\u00e4n aikana siit\u00e4 kun ensimm\u00e4inen on vastaanotettu. Pakettien koko ja tilavuus ovat kuten alla:<\/p>\n<p>Paketti 1, p\u00e4iv\u00e4 1: 12 kg, 66 dm3<br \/>\nPaketti 2, p\u00e4iv\u00e4 5: 1 kg, 3 dm3<br \/>\nPaketti 3, p\u00e4iv\u00e4 5: 8 kg, 40 dm3<br \/>\nPaketti 4, p\u00e4iv\u00e4 8: 14 kg, 42 dm3<br \/>\nPaketti 5, p\u00e4iv\u00e4 10: 2 kg, 19 dm3<br \/>\n<b>Yhteens\u00e4 37 kg, 170 dm3<\/b><\/p>\n<p>T\u00e4m\u00e4 maksaa StandBy-kustannuksissa:<br \/>\nPaketti 1, p\u00e4iv\u00e4 1: 1 USD<br \/>\n+ 0,25 x 10 p\u00e4iv\u00e4\u00e4 = 2,5 USD<br \/>\n+ 0,05 x 66 dm3 = 3,3 USD<br \/>\n= 6,8 USD<\/p>\n<p>Paketti 2, p\u00e4iv\u00e4 5: 1 USD<br \/>\n+ 0,25 x 5 p\u00e4iv\u00e4\u00e4 = 1,25 USD<br \/>\n+ 0,05 x 3 dm3 = 0,15 USD<br \/>\n= 2,4 USD<\/p>\n<p>Paketti 3, p\u00e4iv\u00e4 5: 1 USD<br \/>\n+ 0,25 x 5 p\u00e4iv\u00e4\u00e4 = 1,25 USD<br \/>\n+ 0,05 x 40 dm3 = 2 USD<br \/>\n= 4,25 USD<\/p>\n<p>Paketti 4, p\u00e4iv\u00e4 8: 1 USD<br \/>\n+ 0,25 x 2 p\u00e4iv\u00e4\u00e4 = 0,50 USD<br \/>\n+ 0,05 x 42 dm3 = 2,1 USD<br \/>\n= 3,6 USD<\/p>\n<p>Paketti 5, p\u00e4iv\u00e4 10: 1 USD<br \/>\n+ 0,25 x 1 p\u00e4iv\u00e4\u00e4 = 0,25 USD<br \/>\n+ 0,05 x 19 dm3 = 0,95 USD<br \/>\n= 2,2 USD<br \/>\n<b>Yhteens\u00e4 19,25 USD<\/b><\/p>\n<p>Lis\u00e4ksi tulee lentorahti ja kollimaksu.<br \/>\nLentorahti 37 kg\/266 dm3: 155 \u20ac<br \/>\nKollimaksu (5 \u20ac \/ paketti): 21 \u20ac<br \/>\nYhteens\u00e4 Standby booking maksaa sinulle 176 \u20ac ja 15,8 USD.<\/p>\n<p>Jos\u00a0<b>et<\/b>\u00a0k\u00e4yt\u00e4 StandBy booking palvelua, vaan l\u00e4het\u00e4t paketit niiden saapuessa terminaaliin l\u00e4hetet\u00e4\u00e4n ne t\u00e4ss\u00e4 tapauksessa kahdessa eri lentorahdissa. Esim. jos 1-3 paketit tulevat vko 1 ja paketit 4-5 tulevat i vko 2 lasketaan hinta:<br \/>\nRahtihinta vko 1: 126 \u20ac<br \/>\nRahtihinta vko 2: 111 \u20ac<br \/>\nYhteens\u00e4 237 \u20ac<\/p>\n<p>T\u00e4ss\u00e4 tapauksessa on s\u00e4\u00e4st\u00f6si StandBy paketeille yli 50 \u20ac. <b>T\u00e4m\u00e4 tarkoittaa noin 20% s\u00e4\u00e4st\u00f6\u00e4!<\/b><\/p>\n<p><em>Esimerkki 2<br \/>\n<\/em>Sinulla on 12 StandBy pakettia\u00a0<b>merirahdille<\/b>. 3 pakettia Summit Racingilt\u00e4, 9 pakettia Garrys Autopartsilta. Paketit saapuvat 24 p\u00e4iv\u00e4n aikana ensimm\u00e4isen saapumisesta. Pakettien paino ja tilavuus ovat kuten alla:<\/p>\n<p>Paketti 1-5: 22 kg, 120 dm3 x 5<br \/>\nPaketti 6: 3 kg, 12 dm3<br \/>\nPaketti 7: 2 kg, 40 dm3<br \/>\nPaketti 8-11: 16 kg, 250 dm3 x 4<br \/>\nPaketti 12: 252 kg, 650 dm3<br \/>\n<b>Yhteens\u00e4 431 kg, 2302 dm3<\/b><\/p>\n<p>T\u00e4st\u00e4 koituu seuraavanlaisia StandBy-maksuja:<br \/>\nPaketti 1-5, p\u00e4iv\u00e4 1: 5 USD<br \/>\n+ 0,1 x 24 p\u00e4iv\u00e4\u00e4 = 2,4 USD<br \/>\n+ 0,05 x 600 = 30 USD<br \/>\n= 37,9 USD<\/p>\n<p>Paketti 6, p\u00e4iv\u00e4 5: 1 USD<br \/>\n+ 0,1 x 19 = 1,9 USD<br \/>\n+ 0,05 x 12 = 0,6 USD<br \/>\n= 3,5 USD<\/p>\n<p>Paketti 7, p\u00e4iv\u00e4 8: 1 USD<br \/>\n+ 0,1 x 16 = 1,6 USD<br \/>\n+ 0,05 x 40 = 2 USD<br \/>\n= 4,6 USD<\/p>\n<p>Paketti 8-11, p\u00e4iv\u00e4 14: 4 USD<br \/>\n+ 0,1 x 10 = 1 USD<br \/>\n+ 0,05 x 1000 = 50 USD<br \/>\n= 55 USD<\/p>\n<p>Paketti 12, p\u00e4iv\u00e4 24: 1 USD<br \/>\n+ 0,25 x 1 = 0,1 USD<br \/>\n+ 0,05 x 650 = 32,5 USD<br \/>\n= 33,6 USD<br \/>\n<b>Yhteens\u00e4 134,6 USD<\/b><\/p>\n<p>Lis\u00e4ksi tulee merirahti ja kollimaksu.\u00a0Merirahti 431 kg\/2302 dm3:\u00a0 471 \u20ac Kollimaksu (5 \u20ac \/ pkt.)\u00a0 yhteens\u00e4 60 \u20ac.<\/p>\n<p>Yhteens\u00e4 paketit maksavat 528 \u20ac ja 134,6 USD kun k\u00e4yt\u00e4t StandBy booking palvelua.<\/p>\n<p>Jos et <b>et<\/b>\u00a0k\u00e4yt\u00e4 StandBy booking palvelua, vaan l\u00e4het\u00e4t paketit niiden saapuessa terminaaliin l\u00e4hetet\u00e4\u00e4n ne t\u00e4ss\u00e4 tapauksessa kolmessa eri laival\u00e4hetyksess\u00e4. Esim. jos paketit 1-5 saapuvat vko 1, paketit 6-8 vko 3 ja paketit 9-12 vko 4 lasketaan hinta:<\/p>\n<p>Rahtihinta vko 1: 202 \u20ac<br \/>\nRahtihinta vko 3: 115 \u20ac<br \/>\nRahtihinta vko 4: 379 \u20ac<br \/>\nYhteens\u00e4 696 \u20ac<\/p>\n<p>T\u00e4ss\u00e4 tapauksessa on s\u00e4\u00e4st\u00f6si StandBy paketeille yli 79 \u20ac. <b>T\u00e4m\u00e4 tarkoittaa yli 10% s\u00e4\u00e4st\u00f6\u00e4!<\/b><\/p>\n<p>&nbsp;<\/p>\n","protected":false},"excerpt":{"rendered":"<p>Mik\u00e4 se on, miten se toimii ja paljonko se maksaa? Mik\u00e4 se on? StandBy booking on JetCarrier\u2122 palvelu Club JC j\u00e4senillemme. Kun teet Standby varauksen valitset paketin s\u00e4ilytyksest\u00e4 Yhdysvaltain terminaalissamme. T\u00e4m\u00e4 voi olla hy\u00f6dyksi, jos odotat useita paketteja samalta tavarantoimittajalta, tai haluat ker\u00e4t\u00e4 mahdollisimman monta pakettia saadaksesi edullisemman rahtihinnan. Miten se toimii? StandBy paketin varaaminen [&hellip;]<\/p>\n","protected":false},"author":2,"featured_media":0,"parent":1298,"menu_order":1,"comment_status":"closed","ping_status":"closed","template":"","meta":{"footnotes":"","_links_to":"","_links_to_target":""},"class_list":["post-1300","page","type-page","status-publish","hentry"],"_links":{"self":[{"href":"https:\/\/www.jetcarrier.com\/cms\/fi\/wp-json\/wp\/v2\/pages\/1300","targetHints":{"allow":["GET"]}}],"collection":[{"href":"https:\/\/www.jetcarrier.com\/cms\/fi\/wp-json\/wp\/v2\/pages"}],"about":[{"href":"https:\/\/www.jetcarrier.com\/cms\/fi\/wp-json\/wp\/v2\/types\/page"}],"author":[{"embeddable":true,"href":"https:\/\/www.jetcarrier.com\/cms\/fi\/wp-json\/wp\/v2\/users\/2"}],"replies":[{"embeddable":true,"href":"https:\/\/www.jetcarrier.com\/cms\/fi\/wp-json\/wp\/v2\/comments?post=1300"}],"version-history":[{"count":12,"href":"https:\/\/www.jetcarrier.com\/cms\/fi\/wp-json\/wp\/v2\/pages\/1300\/revisions"}],"predecessor-version":[{"id":1598,"href":"https:\/\/www.jetcarrier.com\/cms\/fi\/wp-json\/wp\/v2\/pages\/1300\/revisions\/1598"}],"up":[{"embeddable":true,"href":"https:\/\/www.jetcarrier.com\/cms\/fi\/wp-json\/wp\/v2\/pages\/1298"}],"wp:attachment":[{"href":"https:\/\/www.jetcarrier.com\/cms\/fi\/wp-json\/wp\/v2\/media?parent=1300"}],"curies":[{"name":"wp","href":"https:\/\/api.w.org\/{rel}","templated":true}]}}